{"id":984,"date":"2024-03-25T15:27:38","date_gmt":"2024-03-25T14:27:38","guid":{"rendered":"https:\/\/www.deesse23.fr\/TestWPDS\/?page_id=984"},"modified":"2026-02-16T15:22:20","modified_gmt":"2026-02-16T14:22:20","slug":"310-moisdon-la-riviere","status":"publish","type":"page","link":"https:\/\/www.deesse23.fr\/index.php\/310-moisdon-la-riviere\/","title":{"rendered":"310 &#8211; Moisdon-la-Rivi\u00e8re"},"content":{"rendered":"<style>.wp-block-kadence-spacer.kt-block-spacer-984_81e27b-a9 .kt-block-spacer{height:100px;}.wp-block-kadence-spacer.kt-block-spacer-984_81e27b-a9 .kt-divider{border-top-width:1px;height:1px;border-top-color:#eee;width:80%;border-top-style:solid;}<\/style>\n<div class=\"wp-block-kadence-spacer aligncenter kt-block-spacer-984_81e27b-a9\"><div class=\"kt-block-spacer kt-block-spacer-halign-center\"><hr class=\"kt-divider\"\/><\/div><\/div>\n\n\n\n<div class=\"wp-block-essential-blocks-advanced-heading  root-eb-advance-heading-8g1j1\"><div class=\"eb-parent-wrapper eb-parent-eb-advance-heading-8g1j1 \"><div class=\"eb-advance-heading-wrapper eb-advance-heading-8g1j1 button-1 undefined\" data-id=\"eb-advance-heading-8g1j1\"><h2 class=\"eb-ah-title\"><span class=\"first-title\">Centre d&rsquo;Intervention Routier \u00e0 Moisdon-la-Rivi\u00e8re (44)<\/span><\/h2><\/div><\/div><\/div>\n\n\n<style>.kb-row-layout-id984_984ea6-c5 > .kt-row-column-wrap{align-content:start;}:where(.kb-row-layout-id984_984ea6-c5 > .kt-row-column-wrap) > .wp-block-kadence-column{justify-content:start;}.kb-row-layout-id984_984ea6-c5 > .kt-row-column-wrap{column-gap:var(--global-kb-gap-md, 2rem);row-gap:var(--global-kb-gap-md, 2rem);padding-top:var(--global-kb-spacing-sm, 1.5rem);padding-right:var(--global-kb-spacing-lg, 3rem);padding-bottom:var(--global-kb-spacing-sm, 1.5rem);padding-left:var(--global-kb-spacing-lg, 3rem);grid-template-columns:repeat(2, minmax(0, 1fr));}.kb-row-layout-id984_984ea6-c5 > .kt-row-layout-overlay{opacity:0.30;}@media all and (max-width: 1024px){.kb-row-layout-id984_984ea6-c5 > .kt-row-column-wrap{grid-template-columns:repeat(2, minmax(0, 1fr));}}@media all and (max-width: 767px){.kb-row-layout-id984_984ea6-c5 > .kt-row-column-wrap{padding-right:0px;padding-left:0px;grid-template-columns:minmax(0, 1fr);}}<\/style><div class=\"kb-row-layout-wrap kb-row-layout-id984_984ea6-c5 alignnone wp-block-kadence-rowlayout\"><div class=\"kt-row-column-wrap kt-has-2-columns kt-row-layout-equal kt-tab-layout-inherit kt-mobile-layout-row kt-row-valign-top\">\n<style>.kadence-column984_800b91-29 > .kt-inside-inner-col,.kadence-column984_800b91-29 > .kt-inside-inner-col:before{border-top-left-radius:0px;border-top-right-radius:0px;border-bottom-right-radius:0px;border-bottom-left-radius:0px;}.kadence-column984_800b91-29 > .kt-inside-inner-col{column-gap:var(--global-kb-gap-sm, 1rem);}.kadence-column984_800b91-29 > .kt-inside-inner-col{flex-direction:column;}.kadence-column984_800b91-29 > .kt-inside-inner-col > .aligncenter{width:100%;}.kadence-column984_800b91-29 > .kt-inside-inner-col:before{opacity:0.3;}.kadence-column984_800b91-29{position:relative;}@media all and (max-width: 1024px){.kadence-column984_800b91-29 > .kt-inside-inner-col{flex-direction:column;justify-content:center;}}@media all and (max-width: 767px){.kadence-column984_800b91-29 > .kt-inside-inner-col{flex-direction:column;justify-content:center;}}<\/style>\n<div class=\"wp-block-kadence-column kadence-column984_800b91-29\"><div class=\"kt-inside-inner-col\">\n<p><strong>Ma\u00eetrise d&rsquo;Ouvrage <\/strong>: Conseil D\u00e9partemental &#8211; Direction G\u00e9n\u00e9rale Territoire Service Am\u00e9nagement<br><strong>Surface <\/strong>: 1 160 m\u00b2<br><strong>Co\u00fbt des travaux<\/strong> : 1,9M\u20ac HT<br><strong>Statut <\/strong>: Etude en cours<br><strong>Ma\u00eetrise d&rsquo;\u0153uvre<\/strong> : D\u00c9ESSE 23 <em>architecte mandataire<\/em>, CAIRN ing\u00e9nierie <em>BE structure-fluides<\/em>, CdLP <em>\u00e9conomiste<\/em>, Antea Group <em>BE amiante<\/em><br><strong>Perspective<\/strong> : D\u00c9ESSE 23 architectes<\/p>\n<\/div><\/div>\n\n\n<style>.kadence-column984_a1de41-f8 > .kt-inside-inner-col,.kadence-column984_a1de41-f8 > .kt-inside-inner-col:before{border-top-left-radius:0px;border-top-right-radius:0px;border-bottom-right-radius:0px;border-bottom-left-radius:0px;}.kadence-column984_a1de41-f8 > .kt-inside-inner-col{column-gap:var(--global-kb-gap-sm, 1rem);}.kadence-column984_a1de41-f8 > .kt-inside-inner-col{flex-direction:column;}.kadence-column984_a1de41-f8 > .kt-inside-inner-col > .aligncenter{width:100%;}.kadence-column984_a1de41-f8 > .kt-inside-inner-col:before{opacity:0.3;}.kadence-column984_a1de41-f8{position:relative;}@media all and (max-width: 1024px){.kadence-column984_a1de41-f8 > .kt-inside-inner-col{flex-direction:column;justify-content:center;}}@media all and (max-width: 767px){.kadence-column984_a1de41-f8 > .kt-inside-inner-col{flex-direction:column;justify-content:center;}}<\/style>\n<div class=\"wp-block-kadence-column kadence-column984_a1de41-f8\"><div class=\"kt-inside-inner-col\"><\/div><\/div>\n\n<\/div><\/div>\n\n<style>.wp-block-kadence-advancedgallery.kb-gallery-wrap-id-984_660355-ea{padding-right:var(--global-kb-spacing-lg, 3rem);padding-left:var(--global-kb-spacing-lg, 3rem);}.wp-block-kadence-advancedgallery .kb-gallery-type-masonry.kb-gallery-id-984_660355-ea{margin:-5px;}.kb-gallery-type-masonry.kb-gallery-id-984_660355-ea .kadence-blocks-gallery-item{padding:5px;}.kb-gallery-id-984_660355-ea .kadence-blocks-gallery-item .kb-gal-image-radius, .kb-gallery-id-984_660355-ea .kb-slide-item .kb-gal-image-radius img{border-radius:0px 0px 0px 0px;;}@media all and (max-width: 767px){.wp-block-kadence-advancedgallery.kb-gallery-wrap-id-984_660355-ea{padding-right:0px;padding-left:0px;}}<\/style><div class=\"kb-gallery-wrap-id-984_660355-ea alignnone wp-block-kadence-advancedgallery\"><ul class=\"kb-gallery-ul kb-gallery-non-static kb-gallery-type-masonry kb-masonry-init kb-gallery-id-984_660355-ea kb-gallery-caption-style-bottom-hover kb-gallery-filter-none kb-gallery-magnific-init\" data-image-filter=\"none\" data-item-selector=\".kadence-blocks-gallery-item\" data-lightbox-caption=\"true\" data-columns-xxl=\"2\" data-columns-xl=\"2\" data-columns-md=\"2\" data-columns-sm=\"2\" data-columns-xs=\"1\" data-columns-ss=\"1\"><li class=\"kadence-blocks-gallery-item\"><div class=\"kadence-blocks-gallery-item-inner\"><figure class=\"kb-gallery-figure kb-gallery-item-has-link kadence-blocks-gallery-item-hide-caption\"><a href=\"https:\/\/www.deesse23.fr\/wp-content\/uploads\/2024\/03\/CIR-Moisdon_Perspective-site-modifs-1.jpg\" data-description=\"CIR de Moisdon-la-Rivi\u00e8re (44)\" class=\"kb-gallery-item-link\"   role=\"button\" aria-haspopup=\"dialog\"><div class=\"kb-gal-image-radius\" style=\"max-width:2500px;\"><div class=\"kb-gallery-image-contain kadence-blocks-gallery-intrinsic\" style=\"padding-bottom:49%;\"><img fetchpriority=\"high\" decoding=\"async\" src=\"https:\/\/www.deesse23.fr\/wp-content\/uploads\/2024\/03\/CIR-Moisdon_Perspective-site-modifs-1.jpg\" width=\"2500\" height=\"1248\" alt=\"\" data-full-image=\"https:\/\/www.deesse23.fr\/wp-content\/uploads\/2024\/03\/CIR-Moisdon_Perspective-site-modifs-1.jpg\" data-light-image=\"https:\/\/www.deesse23.fr\/wp-content\/uploads\/2024\/03\/CIR-Moisdon_Perspective-site-modifs-1.jpg\" data-id=\"1101\" class=\"wp-image-1101\" srcset=\"https:\/\/www.deesse23.fr\/wp-content\/uploads\/2024\/03\/CIR-Moisdon_Perspective-site-modifs-1.jpg 2500w, https:\/\/www.deesse23.fr\/wp-content\/uploads\/2024\/03\/CIR-Moisdon_Perspective-site-modifs-1-300x150.jpg 300w, https:\/\/www.deesse23.fr\/wp-content\/uploads\/2024\/03\/CIR-Moisdon_Perspective-site-modifs-1-1024x511.jpg 1024w, https:\/\/www.deesse23.fr\/wp-content\/uploads\/2024\/03\/CIR-Moisdon_Perspective-site-modifs-1-768x383.jpg 768w, https:\/\/www.deesse23.fr\/wp-content\/uploads\/2024\/03\/CIR-Moisdon_Perspective-site-modifs-1-1536x767.jpg 1536w, https:\/\/www.deesse23.fr\/wp-content\/uploads\/2024\/03\/CIR-Moisdon_Perspective-site-modifs-1-2048x1022.jpg 2048w\" sizes=\"(max-width: 2500px) 100vw, 2500px\" \/><\/div><\/div><\/a><\/figure><\/div><\/li><li class=\"kadence-blocks-gallery-item\"><div class=\"kadence-blocks-gallery-item-inner\"><figure class=\"kb-gallery-figure kb-gallery-item-has-link kadence-blocks-gallery-item-hide-caption\"><a href=\"https:\/\/www.deesse23.fr\/wp-content\/uploads\/2024\/03\/310d-AXO-Couleur-1.jpg\" data-description=\"CIR de Moisdon-la-Rivi\u00e8re (44)\" class=\"kb-gallery-item-link\"   role=\"button\" aria-haspopup=\"dialog\"><div class=\"kb-gal-image-radius\" style=\"max-width:2500px;\"><div class=\"kb-gallery-image-contain kadence-blocks-gallery-intrinsic\" style=\"padding-bottom:69%;\"><img decoding=\"async\" src=\"https:\/\/www.deesse23.fr\/wp-content\/uploads\/2024\/03\/310d-AXO-Couleur-1.jpg\" width=\"2500\" height=\"1748\" alt=\"\" data-full-image=\"https:\/\/www.deesse23.fr\/wp-content\/uploads\/2024\/03\/310d-AXO-Couleur-1.jpg\" data-light-image=\"https:\/\/www.deesse23.fr\/wp-content\/uploads\/2024\/03\/310d-AXO-Couleur-1.jpg\" data-id=\"1100\" class=\"wp-image-1100\" srcset=\"https:\/\/www.deesse23.fr\/wp-content\/uploads\/2024\/03\/310d-AXO-Couleur-1.jpg 2500w, https:\/\/www.deesse23.fr\/wp-content\/uploads\/2024\/03\/310d-AXO-Couleur-1-300x210.jpg 300w, https:\/\/www.deesse23.fr\/wp-content\/uploads\/2024\/03\/310d-AXO-Couleur-1-1024x716.jpg 1024w, https:\/\/www.deesse23.fr\/wp-content\/uploads\/2024\/03\/310d-AXO-Couleur-1-768x537.jpg 768w, https:\/\/www.deesse23.fr\/wp-content\/uploads\/2024\/03\/310d-AXO-Couleur-1-1536x1074.jpg 1536w, https:\/\/www.deesse23.fr\/wp-content\/uploads\/2024\/03\/310d-AXO-Couleur-1-2048x1432.jpg 2048w\" sizes=\"(max-width: 2500px) 100vw, 2500px\" \/><\/div><\/div><\/a><\/figure><\/div><\/li><li class=\"kadence-blocks-gallery-item\"><div class=\"kadence-blocks-gallery-item-inner\"><figure class=\"kb-gallery-figure kb-gallery-item-has-link kadence-blocks-gallery-item-hide-caption\"><a href=\"https:\/\/www.deesse23.fr\/wp-content\/uploads\/2024\/03\/Reconstruction-du-CIR-a-Moisdon-la-Riviere-01-PERMIS-PDF-8-modif-1.jpg\" data-description=\"CIR de Moisdon-la-Rivi\u00e8re (44)\" class=\"kb-gallery-item-link\"   role=\"button\" aria-haspopup=\"dialog\"><div class=\"kb-gal-image-radius\" style=\"max-width:2500px;\"><div class=\"kb-gallery-image-contain kadence-blocks-gallery-intrinsic\" style=\"padding-bottom:73%;\"><img decoding=\"async\" src=\"https:\/\/www.deesse23.fr\/wp-content\/uploads\/2024\/03\/Reconstruction-du-CIR-a-Moisdon-la-Riviere-01-PERMIS-PDF-8-modif-1.jpg\" width=\"2500\" height=\"1833\" alt=\"\" data-full-image=\"https:\/\/www.deesse23.fr\/wp-content\/uploads\/2024\/03\/Reconstruction-du-CIR-a-Moisdon-la-Riviere-01-PERMIS-PDF-8-modif-1.jpg\" data-light-image=\"https:\/\/www.deesse23.fr\/wp-content\/uploads\/2024\/03\/Reconstruction-du-CIR-a-Moisdon-la-Riviere-01-PERMIS-PDF-8-modif-1.jpg\" data-id=\"1102\" class=\"wp-image-1102\" srcset=\"https:\/\/www.deesse23.fr\/wp-content\/uploads\/2024\/03\/Reconstruction-du-CIR-a-Moisdon-la-Riviere-01-PERMIS-PDF-8-modif-1.jpg 2500w, https:\/\/www.deesse23.fr\/wp-content\/uploads\/2024\/03\/Reconstruction-du-CIR-a-Moisdon-la-Riviere-01-PERMIS-PDF-8-modif-1-300x220.jpg 300w, https:\/\/www.deesse23.fr\/wp-content\/uploads\/2024\/03\/Reconstruction-du-CIR-a-Moisdon-la-Riviere-01-PERMIS-PDF-8-modif-1-1024x751.jpg 1024w, https:\/\/www.deesse23.fr\/wp-content\/uploads\/2024\/03\/Reconstruction-du-CIR-a-Moisdon-la-Riviere-01-PERMIS-PDF-8-modif-1-768x563.jpg 768w, https:\/\/www.deesse23.fr\/wp-content\/uploads\/2024\/03\/Reconstruction-du-CIR-a-Moisdon-la-Riviere-01-PERMIS-PDF-8-modif-1-1536x1126.jpg 1536w, https:\/\/www.deesse23.fr\/wp-content\/uploads\/2024\/03\/Reconstruction-du-CIR-a-Moisdon-la-Riviere-01-PERMIS-PDF-8-modif-1-2048x1502.jpg 2048w\" sizes=\"(max-width: 2500px) 100vw, 2500px\" \/><\/div><\/div><\/a><\/figure><\/div><\/li><\/ul><\/div>","protected":false},"excerpt":{"rendered":"<p>Ma\u00eetrise d&rsquo;Ouvrage : Conseil D\u00e9partemental &#8211; Direction G\u00e9n\u00e9rale Territoire Service Am\u00e9nagementSurface : 1 160 m\u00b2Co\u00fbt des travaux : 1,9M\u20ac HTStatut : Etude en coursMa\u00eetrise d&rsquo;\u0153uvre : D\u00c9ESSE 23 architecte mandataire, CAIRN ing\u00e9nierie BE structure-fluides, CdLP \u00e9conomiste, Antea Group BE amiantePerspective : D\u00c9ESSE 23 architectes<\/p>\n","protected":false},"author":1,"featured_media":0,"parent":0,"menu_order":0,"comment_status":"closed","ping_status":"closed","template":"","meta":{"_eb_attr":"","_kadence_starter_templates_imported_post":false,"_kad_post_transparent":"","_kad_post_title":"","_kad_post_layout":"","_kad_post_sidebar_id":"","_kad_post_content_style":"","_kad_post_vertical_padding":"","_kad_post_feature":"","_kad_post_feature_position":"","_kad_post_header":false,"_kad_post_footer":false,"footnotes":""},"class_list":["post-984","page","type-page","status-publish","hentry"],"_links":{"self":[{"href":"https:\/\/www.deesse23.fr\/index.php\/wp-json\/wp\/v2\/pages\/984","targetHints":{"allow":["GET"]}}],"collection":[{"href":"https:\/\/www.deesse23.fr\/index.php\/wp-json\/wp\/v2\/pages"}],"about":[{"href":"https:\/\/www.deesse23.fr\/index.php\/wp-json\/wp\/v2\/types\/page"}],"author":[{"embeddable":true,"href":"https:\/\/www.deesse23.fr\/index.php\/wp-json\/wp\/v2\/users\/1"}],"replies":[{"embeddable":true,"href":"https:\/\/www.deesse23.fr\/index.php\/wp-json\/wp\/v2\/comments?post=984"}],"version-history":[{"count":13,"href":"https:\/\/www.deesse23.fr\/index.php\/wp-json\/wp\/v2\/pages\/984\/revisions"}],"predecessor-version":[{"id":2680,"href":"https:\/\/www.deesse23.fr\/index.php\/wp-json\/wp\/v2\/pages\/984\/revisions\/2680"}],"wp:attachment":[{"href":"https:\/\/www.deesse23.fr\/index.php\/wp-json\/wp\/v2\/media?parent=984"}],"curies":[{"name":"wp","href":"https:\/\/api.w.org\/{rel}","templated":true}]}}