{"id":952,"date":"2024-03-25T11:53:43","date_gmt":"2024-03-25T10:53:43","guid":{"rendered":"https:\/\/www.deesse23.fr\/TestWPDS\/?page_id=952"},"modified":"2026-02-16T12:23:07","modified_gmt":"2026-02-16T11:23:07","slug":"195-rennes","status":"publish","type":"page","link":"https:\/\/www.deesse23.fr\/index.php\/195-rennes\/","title":{"rendered":"195 &#8211; Rennes"},"content":{"rendered":"<style>.wp-block-kadence-spacer.kt-block-spacer-952_58f867-37 .kt-block-spacer{height:100px;}.wp-block-kadence-spacer.kt-block-spacer-952_58f867-37 .kt-divider{border-top-width:1px;height:1px;border-top-color:#eee;width:80%;border-top-style:solid;}<\/style>\n<div class=\"wp-block-kadence-spacer aligncenter kt-block-spacer-952_58f867-37\"><div class=\"kt-block-spacer kt-block-spacer-halign-center\"><hr class=\"kt-divider\"\/><\/div><\/div>\n\n\n\n<div class=\"wp-block-essential-blocks-advanced-heading  root-eb-advance-heading-prmlg\"><div class=\"eb-parent-wrapper eb-parent-eb-advance-heading-prmlg \"><div class=\"eb-advance-heading-wrapper eb-advance-heading-prmlg button-1 undefined\" data-id=\"eb-advance-heading-prmlg\"><h2 class=\"eb-ah-title\"><span class=\"first-title\">Espace socio-culturel Beauregard \u00e0 Rennes (35)<\/span><\/h2><\/div><\/div><\/div>\n\n\n<style>.kb-row-layout-id952_1bf509-00 > .kt-row-column-wrap{align-content:start;}:where(.kb-row-layout-id952_1bf509-00 > .kt-row-column-wrap) > .wp-block-kadence-column{justify-content:start;}.kb-row-layout-id952_1bf509-00 > .kt-row-column-wrap{column-gap:var(--global-kb-gap-md, 2rem);row-gap:var(--global-kb-gap-md, 2rem);padding-top:var(--global-kb-spacing-sm, 1.5rem);padding-right:var(--global-kb-spacing-lg, 3rem);padding-bottom:var(--global-kb-spacing-sm, 1.5rem);padding-left:var(--global-kb-spacing-lg, 3rem);grid-template-columns:repeat(2, minmax(0, 1fr));}.kb-row-layout-id952_1bf509-00 > .kt-row-layout-overlay{opacity:0.30;}@media all and (max-width: 1024px){.kb-row-layout-id952_1bf509-00 > .kt-row-column-wrap{grid-template-columns:repeat(2, minmax(0, 1fr));}}@media all and (max-width: 767px){.kb-row-layout-id952_1bf509-00 > .kt-row-column-wrap{padding-right:0px;padding-left:0px;grid-template-columns:minmax(0, 1fr);}}<\/style><div class=\"kb-row-layout-wrap kb-row-layout-id952_1bf509-00 alignnone wp-block-kadence-rowlayout\"><div class=\"kt-row-column-wrap kt-has-2-columns kt-row-layout-equal kt-tab-layout-inherit kt-mobile-layout-row kt-row-valign-top\">\n<style>.kadence-column952_a18669-0d > .kt-inside-inner-col,.kadence-column952_a18669-0d > .kt-inside-inner-col:before{border-top-left-radius:0px;border-top-right-radius:0px;border-bottom-right-radius:0px;border-bottom-left-radius:0px;}.kadence-column952_a18669-0d > .kt-inside-inner-col{column-gap:var(--global-kb-gap-sm, 1rem);}.kadence-column952_a18669-0d > .kt-inside-inner-col{flex-direction:column;}.kadence-column952_a18669-0d > .kt-inside-inner-col > .aligncenter{width:100%;}.kadence-column952_a18669-0d > .kt-inside-inner-col:before{opacity:0.3;}.kadence-column952_a18669-0d{position:relative;}@media all and (max-width: 1024px){.kadence-column952_a18669-0d > .kt-inside-inner-col{flex-direction:column;justify-content:center;}}@media all and (max-width: 767px){.kadence-column952_a18669-0d > .kt-inside-inner-col{flex-direction:column;justify-content:center;}}<\/style>\n<div class=\"wp-block-kadence-column kadence-column952_a18669-0d\"><div class=\"kt-inside-inner-col\">\n<p><strong>Ma\u00eetrise d&rsquo;Ouvrage <\/strong>: Ville de Rennes<br><strong>Surface <\/strong>: 1 380 m\u00b2<br><strong>Co\u00fbt des travaux<\/strong> : 2,59M\u20ac HT<br><strong>Statut <\/strong>: Livraison 2014<br><strong>Ma\u00eetrise d&rsquo;\u0153uvre<\/strong> : D\u00c9ESSE 23 <em>architecte mandataire<\/em>, Nicolas Gautron <em>signal\u00e9tique ext\u00e9rieure<\/em>, GRONTMIJ-ISATEG <em>BE structure-fluides<\/em>, BEGC <em>cuisiniste<\/em>, ITAC <em>acoustique<\/em><br><strong>Photographie <\/strong>: D\u00c9ESSE 23 architectes<br><\/p>\n<\/div><\/div>\n\n\n<style>.kadence-column952_a14814-7f > .kt-inside-inner-col{padding-right:var(--global-kb-spacing-lg, 3rem);padding-left:var(--global-kb-spacing-lg, 3rem);}.kadence-column952_a14814-7f > .kt-inside-inner-col,.kadence-column952_a14814-7f > .kt-inside-inner-col:before{border-top-left-radius:0px;border-top-right-radius:0px;border-bottom-right-radius:0px;border-bottom-left-radius:0px;}.kadence-column952_a14814-7f > .kt-inside-inner-col{column-gap:var(--global-kb-gap-sm, 1rem);}.kadence-column952_a14814-7f > .kt-inside-inner-col{flex-direction:column;}.kadence-column952_a14814-7f > .kt-inside-inner-col > .aligncenter{width:100%;}.kadence-column952_a14814-7f > .kt-inside-inner-col:before{opacity:0.3;}.kadence-column952_a14814-7f{position:relative;}@media all and (max-width: 1024px){.kadence-column952_a14814-7f > .kt-inside-inner-col{flex-direction:column;justify-content:center;}}@media all and (max-width: 767px){.kadence-column952_a14814-7f > .kt-inside-inner-col{padding-right:0px;padding-left:0px;flex-direction:column;justify-content:center;}}<\/style>\n<div class=\"wp-block-kadence-column kadence-column952_a14814-7f\"><div class=\"kt-inside-inner-col\">\n<p>Situ\u00e9 dans le quartier Beauregard \u00e0 Rennes, cet espace socio-culturel a pour vocation d\u2019\u00eatre <strong>un lieu d\u2019accueil<\/strong>, de <strong>solidarit\u00e9<\/strong>, de <strong>rencontres<\/strong> et d\u2019<strong>\u00e9changes<\/strong> pour tous les habitants du quartier. Il contribuera \u00e0 la vie sociale du quartier, afin que les gens se connaissent et s\u2019entraident. <br>Il nous a sembl\u00e9 indispensable de faire de cet \u00e9quipement&nbsp;<strong>un espace ouvert et g\u00e9n\u00e9reux<\/strong>, <strong>un projet r\u00e9v\u00e9lateur de son ambition sociale et solidaire<\/strong>. Le projet r\u00e9v\u00e8le ainsi les diff\u00e9rentes fonctions qu\u2019il contient, les \u00ab\u00a0boites \u00e0 outils\u00a0\u00bb qu\u2019il propose&nbsp;: les activit\u00e9s qui s\u2019y d\u00e9roulent s\u2019affichent en fa\u00e7ade. Il affirme la multiplicit\u00e9 des usages \u00e0 travers une architecture explicite, de vari\u00e9t\u00e9s d\u2019espaces et de lumi\u00e8res, de mat\u00e9riaux et de couleurs.<br>Cette diversit\u00e9 est contenue et r\u00e9unifi\u00e9e par une double peau en r\u00e9sille m\u00e9tallique qui donne toute sa lisibilit\u00e9 \u00e0 l\u2019\u00e9quipement. <strong>Une enveloppe qui contient tout en r\u00e9v\u00e9lant.<\/strong><\/p>\n<\/div><\/div>\n\n<\/div><\/div>\n\n<style>.wp-block-kadence-advancedgallery.kb-gallery-wrap-id-952_94443a-13{padding-right:var(--global-kb-spacing-lg, 3rem);padding-left:var(--global-kb-spacing-lg, 3rem);}.wp-block-kadence-advancedgallery .kb-gallery-type-masonry.kb-gallery-id-952_94443a-13{margin:-15px;}.kb-gallery-type-masonry.kb-gallery-id-952_94443a-13 .kadence-blocks-gallery-item{padding:15px;}.kb-gallery-id-952_94443a-13 .kadence-blocks-gallery-item .kb-gal-image-radius, .kb-gallery-id-952_94443a-13 .kb-slide-item .kb-gal-image-radius img{border-radius:0px 0px 0px 0px;;}@media all and (max-width: 767px){.wp-block-kadence-advancedgallery.kb-gallery-wrap-id-952_94443a-13{padding-right:0px;padding-left:0px;}}<\/style><div class=\"kb-gallery-wrap-id-952_94443a-13 alignnone wp-block-kadence-advancedgallery\"><ul class=\"kb-gallery-ul kb-gallery-non-static kb-gallery-type-masonry kb-masonry-init kb-gallery-id-952_94443a-13 kb-gallery-caption-style-bottom-hover kb-gallery-filter-none kb-gallery-magnific-init\" data-image-filter=\"none\" data-item-selector=\".kadence-blocks-gallery-item\" data-lightbox-caption=\"true\" data-columns-xxl=\"2\" data-columns-xl=\"2\" data-columns-md=\"2\" data-columns-sm=\"2\" data-columns-xs=\"1\" data-columns-ss=\"1\"><li class=\"kadence-blocks-gallery-item\"><div class=\"kadence-blocks-gallery-item-inner\"><figure class=\"kb-gallery-figure kb-gallery-item-has-link kadence-blocks-gallery-item-hide-caption\"><a href=\"https:\/\/www.deesse23.fr\/wp-content\/uploads\/2024\/03\/01b-plan-Masse-modifs-1.jpg\" data-description=\"Equipement socio-culturel Beauregard de Rennes (35)\" class=\"kb-gallery-item-link\"   role=\"button\" aria-haspopup=\"dialog\"><div class=\"kb-gal-image-radius\" style=\"max-width:2370px;\"><div class=\"kb-gallery-image-contain kadence-blocks-gallery-intrinsic\" style=\"padding-bottom:105%;\"><img fetchpriority=\"high\" decoding=\"async\" src=\"https:\/\/www.deesse23.fr\/wp-content\/uploads\/2024\/03\/01b-plan-Masse-modifs-1.jpg\" width=\"2370\" height=\"2500\" alt=\"\" data-full-image=\"https:\/\/www.deesse23.fr\/wp-content\/uploads\/2024\/03\/01b-plan-Masse-modifs-1.jpg\" data-light-image=\"https:\/\/www.deesse23.fr\/wp-content\/uploads\/2024\/03\/01b-plan-Masse-modifs-1.jpg\" data-id=\"1111\" class=\"wp-image-1111\" srcset=\"https:\/\/www.deesse23.fr\/wp-content\/uploads\/2024\/03\/01b-plan-Masse-modifs-1.jpg 2370w, https:\/\/www.deesse23.fr\/wp-content\/uploads\/2024\/03\/01b-plan-Masse-modifs-1-284x300.jpg 284w, https:\/\/www.deesse23.fr\/wp-content\/uploads\/2024\/03\/01b-plan-Masse-modifs-1-971x1024.jpg 971w, https:\/\/www.deesse23.fr\/wp-content\/uploads\/2024\/03\/01b-plan-Masse-modifs-1-768x810.jpg 768w, https:\/\/www.deesse23.fr\/wp-content\/uploads\/2024\/03\/01b-plan-Masse-modifs-1-1456x1536.jpg 1456w, https:\/\/www.deesse23.fr\/wp-content\/uploads\/2024\/03\/01b-plan-Masse-modifs-1-1942x2048.jpg 1942w\" sizes=\"(max-width: 2370px) 100vw, 2370px\" \/><\/div><\/div><\/a><\/figure><\/div><\/li><li class=\"kadence-blocks-gallery-item\"><div class=\"kadence-blocks-gallery-item-inner\"><figure class=\"kb-gallery-figure kb-gallery-item-has-link kadence-blocks-gallery-item-hide-caption\"><a href=\"https:\/\/www.deesse23.fr\/wp-content\/uploads\/2024\/03\/RENNES_10b-1.jpg\" data-description=\"Equipement socio-culturel Beauregard de Rennes (35)\" class=\"kb-gallery-item-link\"   role=\"button\" aria-haspopup=\"dialog\"><div class=\"kb-gal-image-radius\" style=\"max-width:2500px;\"><div class=\"kb-gallery-image-contain kadence-blocks-gallery-intrinsic\" style=\"padding-bottom:50%;\"><img decoding=\"async\" src=\"https:\/\/www.deesse23.fr\/wp-content\/uploads\/2024\/03\/RENNES_10b-1.jpg\" width=\"2500\" height=\"1250\" alt=\"\" data-full-image=\"https:\/\/www.deesse23.fr\/wp-content\/uploads\/2024\/03\/RENNES_10b-1.jpg\" data-light-image=\"https:\/\/www.deesse23.fr\/wp-content\/uploads\/2024\/03\/RENNES_10b-1.jpg\" data-id=\"1120\" class=\"wp-image-1120\" srcset=\"https:\/\/www.deesse23.fr\/wp-content\/uploads\/2024\/03\/RENNES_10b-1.jpg 2500w, https:\/\/www.deesse23.fr\/wp-content\/uploads\/2024\/03\/RENNES_10b-1-300x150.jpg 300w, https:\/\/www.deesse23.fr\/wp-content\/uploads\/2024\/03\/RENNES_10b-1-1024x512.jpg 1024w, https:\/\/www.deesse23.fr\/wp-content\/uploads\/2024\/03\/RENNES_10b-1-768x384.jpg 768w, https:\/\/www.deesse23.fr\/wp-content\/uploads\/2024\/03\/RENNES_10b-1-1536x768.jpg 1536w, https:\/\/www.deesse23.fr\/wp-content\/uploads\/2024\/03\/RENNES_10b-1-2048x1024.jpg 2048w\" sizes=\"(max-width: 2500px) 100vw, 2500px\" \/><\/div><\/div><\/a><\/figure><\/div><\/li><li class=\"kadence-blocks-gallery-item\"><div class=\"kadence-blocks-gallery-item-inner\"><figure class=\"kb-gallery-figure kb-gallery-item-has-link kadence-blocks-gallery-item-hide-caption\"><a href=\"https:\/\/www.deesse23.fr\/wp-content\/uploads\/2024\/03\/DSC_0102-1-1.jpg\" data-description=\"Equipement socio-culturel Beauregard de Rennes (35)\" class=\"kb-gallery-item-link\"   role=\"button\" aria-haspopup=\"dialog\"><div class=\"kb-gal-image-radius\" style=\"max-width:2500px;\"><div class=\"kb-gallery-image-contain kadence-blocks-gallery-intrinsic\" style=\"padding-bottom:66%;\"><img decoding=\"async\" src=\"https:\/\/www.deesse23.fr\/wp-content\/uploads\/2024\/03\/DSC_0102-1-1.jpg\" width=\"2500\" height=\"1672\" alt=\"\" data-full-image=\"https:\/\/www.deesse23.fr\/wp-content\/uploads\/2024\/03\/DSC_0102-1-1.jpg\" data-light-image=\"https:\/\/www.deesse23.fr\/wp-content\/uploads\/2024\/03\/DSC_0102-1-1.jpg\" data-id=\"1116\" class=\"wp-image-1116\" srcset=\"https:\/\/www.deesse23.fr\/wp-content\/uploads\/2024\/03\/DSC_0102-1-1.jpg 2500w, https:\/\/www.deesse23.fr\/wp-content\/uploads\/2024\/03\/DSC_0102-1-1-300x201.jpg 300w, https:\/\/www.deesse23.fr\/wp-content\/uploads\/2024\/03\/DSC_0102-1-1-1024x685.jpg 1024w, https:\/\/www.deesse23.fr\/wp-content\/uploads\/2024\/03\/DSC_0102-1-1-768x514.jpg 768w, https:\/\/www.deesse23.fr\/wp-content\/uploads\/2024\/03\/DSC_0102-1-1-1536x1027.jpg 1536w, https:\/\/www.deesse23.fr\/wp-content\/uploads\/2024\/03\/DSC_0102-1-1-2048x1370.jpg 2048w\" sizes=\"(max-width: 2500px) 100vw, 2500px\" \/><\/div><\/div><\/a><\/figure><\/div><\/li><li class=\"kadence-blocks-gallery-item\"><div class=\"kadence-blocks-gallery-item-inner\"><figure class=\"kb-gallery-figure kb-gallery-item-has-link kadence-blocks-gallery-item-hide-caption\"><a href=\"https:\/\/www.deesse23.fr\/wp-content\/uploads\/2024\/03\/RENNES_09b-1.jpg\" data-description=\"Equipement socio-culturel Beauregard de Rennes (35)\" class=\"kb-gallery-item-link\"   role=\"button\" aria-haspopup=\"dialog\"><div class=\"kb-gal-image-radius\" style=\"max-width:2088px;\"><div class=\"kb-gallery-image-contain kadence-blocks-gallery-intrinsic\" style=\"padding-bottom:119%;\"><img loading=\"lazy\" decoding=\"async\" src=\"https:\/\/www.deesse23.fr\/wp-content\/uploads\/2024\/03\/RENNES_09b-1.jpg\" width=\"2088\" height=\"2500\" alt=\"\" data-full-image=\"https:\/\/www.deesse23.fr\/wp-content\/uploads\/2024\/03\/RENNES_09b-1.jpg\" data-light-image=\"https:\/\/www.deesse23.fr\/wp-content\/uploads\/2024\/03\/RENNES_09b-1.jpg\" data-id=\"1119\" class=\"wp-image-1119\" srcset=\"https:\/\/www.deesse23.fr\/wp-content\/uploads\/2024\/03\/RENNES_09b-1.jpg 2088w, https:\/\/www.deesse23.fr\/wp-content\/uploads\/2024\/03\/RENNES_09b-1-251x300.jpg 251w, https:\/\/www.deesse23.fr\/wp-content\/uploads\/2024\/03\/RENNES_09b-1-855x1024.jpg 855w, https:\/\/www.deesse23.fr\/wp-content\/uploads\/2024\/03\/RENNES_09b-1-768x920.jpg 768w, https:\/\/www.deesse23.fr\/wp-content\/uploads\/2024\/03\/RENNES_09b-1-1283x1536.jpg 1283w, https:\/\/www.deesse23.fr\/wp-content\/uploads\/2024\/03\/RENNES_09b-1-1710x2048.jpg 1710w\" sizes=\"(max-width: 2088px) 100vw, 2088px\" \/><\/div><\/div><\/a><\/figure><\/div><\/li><li class=\"kadence-blocks-gallery-item\"><div class=\"kadence-blocks-gallery-item-inner\"><figure class=\"kb-gallery-figure kb-gallery-item-has-link kadence-blocks-gallery-item-hide-caption\"><a href=\"https:\/\/www.deesse23.fr\/wp-content\/uploads\/2024\/03\/RENNES_12b-1.jpg\" data-description=\"Equipement socio-culturel Beauregard de Rennes (35)\" class=\"kb-gallery-item-link\"   role=\"button\" aria-haspopup=\"dialog\"><div class=\"kb-gal-image-radius\" style=\"max-width:1875px;\"><div class=\"kb-gallery-image-contain kadence-blocks-gallery-intrinsic\" style=\"padding-bottom:133%;\"><img loading=\"lazy\" decoding=\"async\" src=\"https:\/\/www.deesse23.fr\/wp-content\/uploads\/2024\/03\/RENNES_12b-1.jpg\" width=\"1875\" height=\"2500\" alt=\"\" data-full-image=\"https:\/\/www.deesse23.fr\/wp-content\/uploads\/2024\/03\/RENNES_12b-1.jpg\" data-light-image=\"https:\/\/www.deesse23.fr\/wp-content\/uploads\/2024\/03\/RENNES_12b-1.jpg\" data-id=\"1122\" class=\"wp-image-1122\" srcset=\"https:\/\/www.deesse23.fr\/wp-content\/uploads\/2024\/03\/RENNES_12b-1.jpg 1875w, https:\/\/www.deesse23.fr\/wp-content\/uploads\/2024\/03\/RENNES_12b-1-225x300.jpg 225w, https:\/\/www.deesse23.fr\/wp-content\/uploads\/2024\/03\/RENNES_12b-1-768x1024.jpg 768w, https:\/\/www.deesse23.fr\/wp-content\/uploads\/2024\/03\/RENNES_12b-1-1152x1536.jpg 1152w, https:\/\/www.deesse23.fr\/wp-content\/uploads\/2024\/03\/RENNES_12b-1-1536x2048.jpg 1536w\" sizes=\"(max-width: 1875px) 100vw, 1875px\" \/><\/div><\/div><\/a><\/figure><\/div><\/li><li class=\"kadence-blocks-gallery-item\"><div class=\"kadence-blocks-gallery-item-inner\"><figure class=\"kb-gallery-figure kb-gallery-item-has-link kadence-blocks-gallery-item-hide-caption\"><a href=\"https:\/\/www.deesse23.fr\/wp-content\/uploads\/2024\/03\/RENNES_06-1.jpg\" data-description=\"Equipement socio-culturel Beauregard de Rennes (35)\" class=\"kb-gallery-item-link\"   role=\"button\" aria-haspopup=\"dialog\"><div class=\"kb-gal-image-radius\" style=\"max-width:2500px;\"><div class=\"kb-gallery-image-contain kadence-blocks-gallery-intrinsic\" style=\"padding-bottom:78%;\"><img loading=\"lazy\" decoding=\"async\" src=\"https:\/\/www.deesse23.fr\/wp-content\/uploads\/2024\/03\/RENNES_06-1.jpg\" width=\"2500\" height=\"1974\" alt=\"\" data-full-image=\"https:\/\/www.deesse23.fr\/wp-content\/uploads\/2024\/03\/RENNES_06-1.jpg\" data-light-image=\"https:\/\/www.deesse23.fr\/wp-content\/uploads\/2024\/03\/RENNES_06-1.jpg\" data-id=\"1117\" class=\"wp-image-1117\" srcset=\"https:\/\/www.deesse23.fr\/wp-content\/uploads\/2024\/03\/RENNES_06-1.jpg 2500w, https:\/\/www.deesse23.fr\/wp-content\/uploads\/2024\/03\/RENNES_06-1-300x237.jpg 300w, https:\/\/www.deesse23.fr\/wp-content\/uploads\/2024\/03\/RENNES_06-1-1024x809.jpg 1024w, https:\/\/www.deesse23.fr\/wp-content\/uploads\/2024\/03\/RENNES_06-1-768x606.jpg 768w, https:\/\/www.deesse23.fr\/wp-content\/uploads\/2024\/03\/RENNES_06-1-1536x1213.jpg 1536w, https:\/\/www.deesse23.fr\/wp-content\/uploads\/2024\/03\/RENNES_06-1-2048x1617.jpg 2048w\" sizes=\"(max-width: 2500px) 100vw, 2500px\" \/><\/div><\/div><\/a><\/figure><\/div><\/li><li class=\"kadence-blocks-gallery-item\"><div class=\"kadence-blocks-gallery-item-inner\"><figure class=\"kb-gallery-figure kb-gallery-item-has-link kadence-blocks-gallery-item-hide-caption\"><a href=\"https:\/\/www.deesse23.fr\/wp-content\/uploads\/2024\/03\/RENNES_12-1.jpg\" data-description=\"Equipement socio-culturel Beauregard de Rennes (35)\" class=\"kb-gallery-item-link\"   role=\"button\" aria-haspopup=\"dialog\"><div class=\"kb-gal-image-radius\" style=\"max-width:1667px;\"><div class=\"kb-gallery-image-contain kadence-blocks-gallery-intrinsic\" style=\"padding-bottom:149%;\"><img loading=\"lazy\" decoding=\"async\" src=\"https:\/\/www.deesse23.fr\/wp-content\/uploads\/2024\/03\/RENNES_12-1.jpg\" width=\"1667\" height=\"2500\" alt=\"\" data-full-image=\"https:\/\/www.deesse23.fr\/wp-content\/uploads\/2024\/03\/RENNES_12-1.jpg\" data-light-image=\"https:\/\/www.deesse23.fr\/wp-content\/uploads\/2024\/03\/RENNES_12-1.jpg\" data-id=\"1121\" class=\"wp-image-1121\" srcset=\"https:\/\/www.deesse23.fr\/wp-content\/uploads\/2024\/03\/RENNES_12-1.jpg 1667w, https:\/\/www.deesse23.fr\/wp-content\/uploads\/2024\/03\/RENNES_12-1-200x300.jpg 200w, https:\/\/www.deesse23.fr\/wp-content\/uploads\/2024\/03\/RENNES_12-1-683x1024.jpg 683w, https:\/\/www.deesse23.fr\/wp-content\/uploads\/2024\/03\/RENNES_12-1-768x1152.jpg 768w, https:\/\/www.deesse23.fr\/wp-content\/uploads\/2024\/03\/RENNES_12-1-1024x1536.jpg 1024w, https:\/\/www.deesse23.fr\/wp-content\/uploads\/2024\/03\/RENNES_12-1-1366x2048.jpg 1366w\" sizes=\"(max-width: 1667px) 100vw, 1667px\" \/><\/div><\/div><\/a><\/figure><\/div><\/li><li class=\"kadence-blocks-gallery-item\"><div class=\"kadence-blocks-gallery-item-inner\"><figure class=\"kb-gallery-figure kb-gallery-item-has-link kadence-blocks-gallery-item-hide-caption\"><a href=\"https:\/\/www.deesse23.fr\/wp-content\/uploads\/2024\/03\/02f-plan-Niveau-0-Poles_123-1.jpg\" data-description=\"Equipement socio-culturel Beauregard de Rennes (35)\" class=\"kb-gallery-item-link\"   role=\"button\" aria-haspopup=\"dialog\"><div class=\"kb-gal-image-radius\" style=\"max-width:2500px;\"><div class=\"kb-gallery-image-contain kadence-blocks-gallery-intrinsic\" style=\"padding-bottom:70%;\"><img loading=\"lazy\" decoding=\"async\" src=\"https:\/\/www.deesse23.fr\/wp-content\/uploads\/2024\/03\/02f-plan-Niveau-0-Poles_123-1.jpg\" width=\"2500\" height=\"1767\" alt=\"\" data-full-image=\"https:\/\/www.deesse23.fr\/wp-content\/uploads\/2024\/03\/02f-plan-Niveau-0-Poles_123-1.jpg\" data-light-image=\"https:\/\/www.deesse23.fr\/wp-content\/uploads\/2024\/03\/02f-plan-Niveau-0-Poles_123-1.jpg\" data-id=\"1112\" class=\"wp-image-1112\" srcset=\"https:\/\/www.deesse23.fr\/wp-content\/uploads\/2024\/03\/02f-plan-Niveau-0-Poles_123-1.jpg 2500w, https:\/\/www.deesse23.fr\/wp-content\/uploads\/2024\/03\/02f-plan-Niveau-0-Poles_123-1-300x212.jpg 300w, https:\/\/www.deesse23.fr\/wp-content\/uploads\/2024\/03\/02f-plan-Niveau-0-Poles_123-1-1024x724.jpg 1024w, https:\/\/www.deesse23.fr\/wp-content\/uploads\/2024\/03\/02f-plan-Niveau-0-Poles_123-1-768x543.jpg 768w, https:\/\/www.deesse23.fr\/wp-content\/uploads\/2024\/03\/02f-plan-Niveau-0-Poles_123-1-1536x1086.jpg 1536w, https:\/\/www.deesse23.fr\/wp-content\/uploads\/2024\/03\/02f-plan-Niveau-0-Poles_123-1-2048x1448.jpg 2048w\" sizes=\"(max-width: 2500px) 100vw, 2500px\" \/><\/div><\/div><\/a><\/figure><\/div><\/li><li class=\"kadence-blocks-gallery-item\"><div class=\"kadence-blocks-gallery-item-inner\"><figure class=\"kb-gallery-figure kb-gallery-item-has-link kadence-blocks-gallery-item-hide-caption\"><a href=\"https:\/\/www.deesse23.fr\/wp-content\/uploads\/2024\/03\/03g-plan-Niveau-1-Poles_145terrasse-1.jpg\" data-description=\"Equipement socio-culturel Beauregard de Rennes (35)\" class=\"kb-gallery-item-link\"   role=\"button\" aria-haspopup=\"dialog\"><div class=\"kb-gal-image-radius\" style=\"max-width:2500px;\"><div class=\"kb-gallery-image-contain kadence-blocks-gallery-intrinsic\" style=\"padding-bottom:70%;\"><img loading=\"lazy\" decoding=\"async\" src=\"https:\/\/www.deesse23.fr\/wp-content\/uploads\/2024\/03\/03g-plan-Niveau-1-Poles_145terrasse-1.jpg\" width=\"2500\" height=\"1767\" alt=\"\" data-full-image=\"https:\/\/www.deesse23.fr\/wp-content\/uploads\/2024\/03\/03g-plan-Niveau-1-Poles_145terrasse-1.jpg\" data-light-image=\"https:\/\/www.deesse23.fr\/wp-content\/uploads\/2024\/03\/03g-plan-Niveau-1-Poles_145terrasse-1.jpg\" data-id=\"1113\" class=\"wp-image-1113\" srcset=\"https:\/\/www.deesse23.fr\/wp-content\/uploads\/2024\/03\/03g-plan-Niveau-1-Poles_145terrasse-1.jpg 2500w, https:\/\/www.deesse23.fr\/wp-content\/uploads\/2024\/03\/03g-plan-Niveau-1-Poles_145terrasse-1-300x212.jpg 300w, https:\/\/www.deesse23.fr\/wp-content\/uploads\/2024\/03\/03g-plan-Niveau-1-Poles_145terrasse-1-1024x724.jpg 1024w, https:\/\/www.deesse23.fr\/wp-content\/uploads\/2024\/03\/03g-plan-Niveau-1-Poles_145terrasse-1-768x543.jpg 768w, https:\/\/www.deesse23.fr\/wp-content\/uploads\/2024\/03\/03g-plan-Niveau-1-Poles_145terrasse-1-1536x1086.jpg 1536w, https:\/\/www.deesse23.fr\/wp-content\/uploads\/2024\/03\/03g-plan-Niveau-1-Poles_145terrasse-1-2048x1448.jpg 2048w\" sizes=\"(max-width: 2500px) 100vw, 2500px\" \/><\/div><\/div><\/a><\/figure><\/div><\/li><\/ul><\/div>","protected":false},"excerpt":{"rendered":"<p>Ma\u00eetrise d&rsquo;Ouvrage : Ville de RennesSurface : 1 380 m\u00b2Co\u00fbt des travaux : 2,59M\u20ac HTStatut : Livraison 2014Ma\u00eetrise d&rsquo;\u0153uvre : D\u00c9ESSE 23 architecte mandataire, Nicolas Gautron signal\u00e9tique ext\u00e9rieure, GRONTMIJ-ISATEG BE structure-fluides, BEGC cuisiniste, ITAC acoustiquePhotographie : D\u00c9ESSE 23 architectes Situ\u00e9 dans le quartier Beauregard \u00e0 Rennes, cet espace socio-culturel a pour vocation d\u2019\u00eatre un lieu&#8230;<\/p>\n","protected":false},"author":1,"featured_media":0,"parent":0,"menu_order":0,"comment_status":"closed","ping_status":"closed","template":"","meta":{"_eb_attr":"","_kadence_starter_templates_imported_post":false,"_kad_post_transparent":"","_kad_post_title":"","_kad_post_layout":"","_kad_post_sidebar_id":"","_kad_post_content_style":"","_kad_post_vertical_padding":"","_kad_post_feature":"","_kad_post_feature_position":"","_kad_post_header":false,"_kad_post_footer":false,"footnotes":""},"class_list":["post-952","page","type-page","status-publish","hentry"],"_links":{"self":[{"href":"https:\/\/www.deesse23.fr\/index.php\/wp-json\/wp\/v2\/pages\/952","targetHints":{"allow":["GET"]}}],"collection":[{"href":"https:\/\/www.deesse23.fr\/index.php\/wp-json\/wp\/v2\/pages"}],"about":[{"href":"https:\/\/www.deesse23.fr\/index.php\/wp-json\/wp\/v2\/types\/page"}],"author":[{"embeddable":true,"href":"https:\/\/www.deesse23.fr\/index.php\/wp-json\/wp\/v2\/users\/1"}],"replies":[{"embeddable":true,"href":"https:\/\/www.deesse23.fr\/index.php\/wp-json\/wp\/v2\/comments?post=952"}],"version-history":[{"count":25,"href":"https:\/\/www.deesse23.fr\/index.php\/wp-json\/wp\/v2\/pages\/952\/revisions"}],"predecessor-version":[{"id":2641,"href":"https:\/\/www.deesse23.fr\/index.php\/wp-json\/wp\/v2\/pages\/952\/revisions\/2641"}],"wp:attachment":[{"href":"https:\/\/www.deesse23.fr\/index.php\/wp-json\/wp\/v2\/media?parent=952"}],"curies":[{"name":"wp","href":"https:\/\/api.w.org\/{rel}","templated":true}]}}