{"id":714,"date":"2024-02-05T17:54:57","date_gmt":"2024-02-05T16:54:57","guid":{"rendered":"https:\/\/www.deesse23.fr\/TestWPDS\/?page_id=714"},"modified":"2026-02-16T14:10:28","modified_gmt":"2026-02-16T13:10:28","slug":"247-vannes","status":"publish","type":"page","link":"https:\/\/www.deesse23.fr\/index.php\/247-vannes\/","title":{"rendered":"247 &#8211; Vannes"},"content":{"rendered":"\n<div style=\"height:100px\" aria-hidden=\"true\" class=\"wp-block-spacer\"><\/div>\n\n\n\n<div class=\"wp-block-essential-blocks-advanced-heading  root-eb-advance-heading-lrogm\"><div class=\"eb-parent-wrapper eb-parent-eb-advance-heading-lrogm \"><div class=\"eb-advance-heading-wrapper eb-advance-heading-lrogm button-1 undefined\" data-id=\"eb-advance-heading-lrogm\"><h2 class=\"eb-ah-title\"><span class=\"first-title\">P\u00f4le restauration du lyc\u00e9e Charles de Gaulle \u00e0 Vannes (56)<\/span><\/h2><\/div><\/div><\/div>\n\n\n<style>.kb-row-layout-id714_824671-70 > .kt-row-column-wrap{align-content:start;}:where(.kb-row-layout-id714_824671-70 > .kt-row-column-wrap) > .wp-block-kadence-column{justify-content:start;}.kb-row-layout-id714_824671-70 > .kt-row-column-wrap{column-gap:var(--global-kb-gap-md, 2rem);row-gap:var(--global-kb-gap-md, 2rem);padding-top:var(--global-kb-spacing-sm, 1.5rem);padding-right:var(--global-kb-spacing-lg, 3rem);padding-bottom:var(--global-kb-spacing-sm, 1.5rem);padding-left:var(--global-kb-spacing-lg, 3rem);grid-template-columns:repeat(2, minmax(0, 1fr));}.kb-row-layout-id714_824671-70 > .kt-row-layout-overlay{opacity:0.30;}@media all and (max-width: 1024px){.kb-row-layout-id714_824671-70 > .kt-row-column-wrap{grid-template-columns:repeat(2, minmax(0, 1fr));}}@media all and (max-width: 767px){.kb-row-layout-id714_824671-70 > .kt-row-column-wrap{padding-right:0px;padding-left:0px;grid-template-columns:minmax(0, 1fr);}}<\/style><div class=\"kb-row-layout-wrap kb-row-layout-id714_824671-70 alignnone wp-block-kadence-rowlayout\"><div class=\"kt-row-column-wrap kt-has-2-columns kt-row-layout-equal kt-tab-layout-inherit kt-mobile-layout-row kt-row-valign-top\">\n<style>.kadence-column714_b7801c-38 > .kt-inside-inner-col,.kadence-column714_b7801c-38 > .kt-inside-inner-col:before{border-top-left-radius:0px;border-top-right-radius:0px;border-bottom-right-radius:0px;border-bottom-left-radius:0px;}.kadence-column714_b7801c-38 > .kt-inside-inner-col{column-gap:var(--global-kb-gap-sm, 1rem);}.kadence-column714_b7801c-38 > .kt-inside-inner-col{flex-direction:column;}.kadence-column714_b7801c-38 > .kt-inside-inner-col > .aligncenter{width:100%;}.kadence-column714_b7801c-38 > .kt-inside-inner-col:before{opacity:0.3;}.kadence-column714_b7801c-38{position:relative;}@media all and (max-width: 1024px){.kadence-column714_b7801c-38 > .kt-inside-inner-col{flex-direction:column;justify-content:center;}}@media all and (max-width: 767px){.kadence-column714_b7801c-38 > .kt-inside-inner-col{flex-direction:column;justify-content:center;}}<\/style>\n<div class=\"wp-block-kadence-column kadence-column714_b7801c-38\"><div class=\"kt-inside-inner-col\">\n<p><strong>Ma\u00eetrise d&rsquo;Ouvrage<\/strong> : R\u00e9gion Bretagne <br><strong>Surface <\/strong>: 1 300 m\u00b2<br><strong>Co\u00fbt des travaux<\/strong> : 4,14M\u20ac HT<br><strong>Statut <\/strong>: Livraison 2019<br><strong>Ma\u00eetrise d&rsquo;\u0153uvre<\/strong> : D\u00c9ESSE 23 <em>architecte mandataire<\/em>, Cr\u00e9acept <em>cuisiniste,<\/em> OTEIS Rennes <em>BE structure-fluides<\/em>, Itac <em>acoustique<\/em><br><strong>Photographie <\/strong>: D\u00c9ESSE 23 architectes<br><br><strong>D\u00e9marche environnementale <\/strong>: RT2012 ; BBC ; Toiture v\u00e9g\u00e9talis\u00e9e<br><\/p>\n<\/div><\/div>\n\n\n<style>.kadence-column714_42fc2b-e9 > .kt-inside-inner-col,.kadence-column714_42fc2b-e9 > .kt-inside-inner-col:before{border-top-left-radius:0px;border-top-right-radius:0px;border-bottom-right-radius:0px;border-bottom-left-radius:0px;}.kadence-column714_42fc2b-e9 > .kt-inside-inner-col{column-gap:var(--global-kb-gap-sm, 1rem);}.kadence-column714_42fc2b-e9 > .kt-inside-inner-col{flex-direction:column;}.kadence-column714_42fc2b-e9 > .kt-inside-inner-col > .aligncenter{width:100%;}.kadence-column714_42fc2b-e9 > .kt-inside-inner-col:before{opacity:0.3;}.kadence-column714_42fc2b-e9{position:relative;}@media all and (max-width: 1024px){.kadence-column714_42fc2b-e9 > .kt-inside-inner-col{flex-direction:column;justify-content:center;}}@media all and (max-width: 767px){.kadence-column714_42fc2b-e9 > .kt-inside-inner-col{flex-direction:column;justify-content:center;}}<\/style>\n<div class=\"wp-block-kadence-column kadence-column714_42fc2b-e9\"><div class=\"kt-inside-inner-col\">\n<p>L\u2019implantation de ce nouveau p\u00f4le restauration au sein du lyc\u00e9e <strong>profite de la pente pour s&rsquo;y ins\u00e9rer<\/strong>, afin de d\u00e9gager enti\u00e8rement la fa\u00e7ade existante de l&rsquo;\u00e9tablissement et <strong>faire dispara\u00eetre les parkings au profit du v\u00e9g\u00e9tal<\/strong>. C&rsquo;est l&rsquo;occasion de r\u00e9v\u00e9ler ce b\u00e2timent et le lyc\u00e9e depuis le quartier et profiter du projet pour retravailler les acc\u00e8s et connexions du lyc\u00e9e avec le quartier<br>Nous avons opt\u00e9 pour\u00a0un projet fort avec une \u00e9criture contemporaine et originale\u00a0qui devient <strong>un rep\u00e8re dans le quartier<\/strong>.<br>Un projet \u00e9galement inscrit dans son contexte. Par un jeu de pliages, d\u2019origami, de pentes et de toitures v\u00e9g\u00e9talis\u00e9es,\u00a0le projet se plie pour dispara\u00eetre c\u00f4t\u00e9 parvis, pour lib\u00e9rer l\u2019entr\u00e9e du lyc\u00e9e.<br>A l\u2019inverse, il se r\u00e9v\u00e8le et s\u2019impose c\u00f4t\u00e9 carrefour au sud, et <strong>gr\u00e2ce au d\u00e9nivel\u00e9 du site se soul\u00e8ve et donne aux salles de restauration un regard sur la ville et les espaces bois\u00e9s cr\u00e9\u00e9s \u00e0 proximit\u00e9<\/strong>.<\/p>\n<\/div><\/div>\n\n<\/div><\/div>\n\n\n<div style=\"height:30px\" aria-hidden=\"true\" class=\"wp-block-spacer\"><\/div>\n\n\n<style>.wp-block-kadence-advancedgallery.kb-gallery-wrap-id-714_b5c185-fb{padding-right:var(--global-kb-spacing-lg, 3rem);padding-left:var(--global-kb-spacing-lg, 3rem);}.wp-block-kadence-advancedgallery .kb-gallery-type-masonry.kb-gallery-id-714_b5c185-fb{margin:-15px;}.kb-gallery-type-masonry.kb-gallery-id-714_b5c185-fb .kadence-blocks-gallery-item{padding:15px;}.kb-gallery-id-714_b5c185-fb .kadence-blocks-gallery-item .kb-gal-image-radius, .kb-gallery-id-714_b5c185-fb .kb-slide-item .kb-gal-image-radius img{border-radius:0px 0px 0px 0px;;}@media all and (max-width: 767px){.wp-block-kadence-advancedgallery.kb-gallery-wrap-id-714_b5c185-fb{padding-right:0px;padding-left:0px;}}<\/style><div class=\"kb-gallery-wrap-id-714_b5c185-fb alignnone wp-block-kadence-advancedgallery\"><ul class=\"kb-gallery-ul kb-gallery-non-static kb-gallery-type-masonry kb-masonry-init kb-gallery-id-714_b5c185-fb kb-gallery-caption-style-bottom-hover kb-gallery-filter-none kb-gallery-magnific-init\" data-image-filter=\"none\" data-item-selector=\".kadence-blocks-gallery-item\" data-lightbox-caption=\"true\" data-columns-xxl=\"2\" data-columns-xl=\"2\" data-columns-md=\"2\" data-columns-sm=\"2\" data-columns-xs=\"1\" data-columns-ss=\"1\"><li class=\"kadence-blocks-gallery-item\"><div class=\"kadence-blocks-gallery-item-inner\"><figure class=\"kb-gallery-figure kb-gallery-item-has-link kadence-blocks-gallery-item-hide-caption\"><a href=\"https:\/\/www.deesse23.fr\/wp-content\/uploads\/2024\/02\/20190514_140417.jpg\" data-description=\"P\u00f4le restauration lyc\u00e9e Charles de Gaulle de Vannes (56)\" class=\"kb-gallery-item-link\"   role=\"button\" aria-haspopup=\"dialog\"><div class=\"kb-gal-image-radius\" style=\"max-width:1024px;\"><div class=\"kb-gallery-image-contain kadence-blocks-gallery-intrinsic\" style=\"padding-bottom:50%;\"><img fetchpriority=\"high\" decoding=\"async\" src=\"https:\/\/www.deesse23.fr\/wp-content\/uploads\/2024\/02\/20190514_140417-1024x512.jpg\" width=\"1024\" height=\"512\" alt=\"\" data-full-image=\"https:\/\/www.deesse23.fr\/wp-content\/uploads\/2024\/02\/20190514_140417.jpg\" data-light-image=\"https:\/\/www.deesse23.fr\/wp-content\/uploads\/2024\/02\/20190514_140417.jpg\" data-id=\"716\" class=\"wp-image-716\" srcset=\"https:\/\/www.deesse23.fr\/wp-content\/uploads\/2024\/02\/20190514_140417-1024x512.jpg 1024w, https:\/\/www.deesse23.fr\/wp-content\/uploads\/2024\/02\/20190514_140417-300x150.jpg 300w, https:\/\/www.deesse23.fr\/wp-content\/uploads\/2024\/02\/20190514_140417-768x384.jpg 768w, https:\/\/www.deesse23.fr\/wp-content\/uploads\/2024\/02\/20190514_140417-1536x768.jpg 1536w, https:\/\/www.deesse23.fr\/wp-content\/uploads\/2024\/02\/20190514_140417-2048x1024.jpg 2048w\" sizes=\"(max-width: 1024px) 100vw, 1024px\" \/><\/div><\/div><\/a><\/figure><\/div><\/li><li class=\"kadence-blocks-gallery-item\"><div class=\"kadence-blocks-gallery-item-inner\"><figure class=\"kb-gallery-figure kb-gallery-item-has-link kadence-blocks-gallery-item-hide-caption\"><a href=\"https:\/\/www.deesse23.fr\/wp-content\/uploads\/2024\/02\/20190430_155558.jpg\" data-description=\"P\u00f4le restauration lyc\u00e9e Charles de Gaulle de Vannes (56)\" class=\"kb-gallery-item-link\"   role=\"button\" aria-haspopup=\"dialog\"><div class=\"kb-gal-image-radius\" style=\"max-width:1024px;\"><div class=\"kb-gallery-image-contain kadence-blocks-gallery-intrinsic\" style=\"padding-bottom:75%;\"><img decoding=\"async\" src=\"https:\/\/www.deesse23.fr\/wp-content\/uploads\/2024\/02\/20190430_155558-1024x768.jpg\" width=\"1024\" height=\"768\" alt=\"\" data-full-image=\"https:\/\/www.deesse23.fr\/wp-content\/uploads\/2024\/02\/20190430_155558.jpg\" data-light-image=\"https:\/\/www.deesse23.fr\/wp-content\/uploads\/2024\/02\/20190430_155558.jpg\" data-id=\"715\" class=\"wp-image-715\" srcset=\"https:\/\/www.deesse23.fr\/wp-content\/uploads\/2024\/02\/20190430_155558-1024x768.jpg 1024w, https:\/\/www.deesse23.fr\/wp-content\/uploads\/2024\/02\/20190430_155558-300x225.jpg 300w, https:\/\/www.deesse23.fr\/wp-content\/uploads\/2024\/02\/20190430_155558-768x576.jpg 768w, https:\/\/www.deesse23.fr\/wp-content\/uploads\/2024\/02\/20190430_155558-1536x1152.jpg 1536w, https:\/\/www.deesse23.fr\/wp-content\/uploads\/2024\/02\/20190430_155558-2048x1536.jpg 2048w\" sizes=\"(max-width: 1024px) 100vw, 1024px\" \/><\/div><\/div><\/a><\/figure><\/div><\/li><li class=\"kadence-blocks-gallery-item\"><div class=\"kadence-blocks-gallery-item-inner\"><figure class=\"kb-gallery-figure kb-gallery-item-has-link kadence-blocks-gallery-item-hide-caption\"><a href=\"https:\/\/www.deesse23.fr\/wp-content\/uploads\/2024\/02\/20190702_163042.jpg\" data-description=\"P\u00f4le restauration lyc\u00e9e Charles de Gaulle de Vannes (56)\" class=\"kb-gallery-item-link\"   role=\"button\" aria-haspopup=\"dialog\"><div class=\"kb-gal-image-radius\" style=\"max-width:1024px;\"><div class=\"kb-gallery-image-contain kadence-blocks-gallery-intrinsic\" style=\"padding-bottom:75%;\"><img decoding=\"async\" src=\"https:\/\/www.deesse23.fr\/wp-content\/uploads\/2024\/02\/20190702_163042-1024x768.jpg\" width=\"1024\" height=\"768\" alt=\"\" data-full-image=\"https:\/\/www.deesse23.fr\/wp-content\/uploads\/2024\/02\/20190702_163042.jpg\" data-light-image=\"https:\/\/www.deesse23.fr\/wp-content\/uploads\/2024\/02\/20190702_163042.jpg\" data-id=\"718\" class=\"wp-image-718\" srcset=\"https:\/\/www.deesse23.fr\/wp-content\/uploads\/2024\/02\/20190702_163042-1024x768.jpg 1024w, https:\/\/www.deesse23.fr\/wp-content\/uploads\/2024\/02\/20190702_163042-300x225.jpg 300w, https:\/\/www.deesse23.fr\/wp-content\/uploads\/2024\/02\/20190702_163042-768x576.jpg 768w, https:\/\/www.deesse23.fr\/wp-content\/uploads\/2024\/02\/20190702_163042-1536x1152.jpg 1536w, https:\/\/www.deesse23.fr\/wp-content\/uploads\/2024\/02\/20190702_163042-2048x1536.jpg 2048w\" sizes=\"(max-width: 1024px) 100vw, 1024px\" \/><\/div><\/div><\/a><\/figure><\/div><\/li><li class=\"kadence-blocks-gallery-item\"><div class=\"kadence-blocks-gallery-item-inner\"><figure class=\"kb-gallery-figure kb-gallery-item-has-link kadence-blocks-gallery-item-hide-caption\"><a href=\"https:\/\/www.deesse23.fr\/wp-content\/uploads\/2024\/02\/IMG_9856.jpg\" data-description=\"P\u00f4le restauration lyc\u00e9e Charles de Gaulle de Vannes (56)\" class=\"kb-gallery-item-link\"   role=\"button\" aria-haspopup=\"dialog\"><div class=\"kb-gal-image-radius\" style=\"max-width:1024px;\"><div class=\"kb-gallery-image-contain kadence-blocks-gallery-intrinsic\" style=\"padding-bottom:50%;\"><img loading=\"lazy\" decoding=\"async\" src=\"https:\/\/www.deesse23.fr\/wp-content\/uploads\/2024\/02\/IMG_9856-1024x512.jpg\" width=\"1024\" height=\"512\" alt=\"\" data-full-image=\"https:\/\/www.deesse23.fr\/wp-content\/uploads\/2024\/02\/IMG_9856.jpg\" data-light-image=\"https:\/\/www.deesse23.fr\/wp-content\/uploads\/2024\/02\/IMG_9856.jpg\" data-id=\"719\" class=\"wp-image-719\" srcset=\"https:\/\/www.deesse23.fr\/wp-content\/uploads\/2024\/02\/IMG_9856-1024x512.jpg 1024w, https:\/\/www.deesse23.fr\/wp-content\/uploads\/2024\/02\/IMG_9856-300x150.jpg 300w, https:\/\/www.deesse23.fr\/wp-content\/uploads\/2024\/02\/IMG_9856-768x384.jpg 768w, https:\/\/www.deesse23.fr\/wp-content\/uploads\/2024\/02\/IMG_9856-1536x768.jpg 1536w, https:\/\/www.deesse23.fr\/wp-content\/uploads\/2024\/02\/IMG_9856-2048x1024.jpg 2048w\" sizes=\"(max-width: 1024px) 100vw, 1024px\" \/><\/div><\/div><\/a><\/figure><\/div><\/li><li class=\"kadence-blocks-gallery-item\"><div class=\"kadence-blocks-gallery-item-inner\"><figure class=\"kb-gallery-figure kb-gallery-item-has-link kadence-blocks-gallery-item-hide-caption\"><a href=\"https:\/\/www.deesse23.fr\/wp-content\/uploads\/2024\/02\/IMG_9858.jpg\" data-description=\"P\u00f4le restauration lyc\u00e9e Charles de Gaulle de Vannes (56)\" class=\"kb-gallery-item-link\"   role=\"button\" aria-haspopup=\"dialog\"><div class=\"kb-gal-image-radius\" style=\"max-width:1024px;\"><div class=\"kb-gallery-image-contain kadence-blocks-gallery-intrinsic\" style=\"padding-bottom:66%;\"><img loading=\"lazy\" decoding=\"async\" src=\"https:\/\/www.deesse23.fr\/wp-content\/uploads\/2024\/02\/IMG_9858-1024x683.jpg\" width=\"1024\" height=\"683\" alt=\"\" data-full-image=\"https:\/\/www.deesse23.fr\/wp-content\/uploads\/2024\/02\/IMG_9858.jpg\" data-light-image=\"https:\/\/www.deesse23.fr\/wp-content\/uploads\/2024\/02\/IMG_9858.jpg\" data-id=\"720\" class=\"wp-image-720\" srcset=\"https:\/\/www.deesse23.fr\/wp-content\/uploads\/2024\/02\/IMG_9858-1024x683.jpg 1024w, https:\/\/www.deesse23.fr\/wp-content\/uploads\/2024\/02\/IMG_9858-300x200.jpg 300w, https:\/\/www.deesse23.fr\/wp-content\/uploads\/2024\/02\/IMG_9858-768x512.jpg 768w, https:\/\/www.deesse23.fr\/wp-content\/uploads\/2024\/02\/IMG_9858-1536x1025.jpg 1536w, https:\/\/www.deesse23.fr\/wp-content\/uploads\/2024\/02\/IMG_9858-2048x1366.jpg 2048w\" sizes=\"(max-width: 1024px) 100vw, 1024px\" \/><\/div><\/div><\/a><\/figure><\/div><\/li><li class=\"kadence-blocks-gallery-item\"><div class=\"kadence-blocks-gallery-item-inner\"><figure class=\"kb-gallery-figure kb-gallery-item-has-link kadence-blocks-gallery-item-hide-caption\"><a href=\"https:\/\/www.deesse23.fr\/wp-content\/uploads\/2024\/02\/IMG_9882.jpg\" data-description=\"P\u00f4le restauration lyc\u00e9e Charles de Gaulle de Vannes (56)\" class=\"kb-gallery-item-link\"   role=\"button\" aria-haspopup=\"dialog\"><div class=\"kb-gal-image-radius\" style=\"max-width:1024px;\"><div class=\"kb-gallery-image-contain kadence-blocks-gallery-intrinsic\" style=\"padding-bottom:66%;\"><img loading=\"lazy\" decoding=\"async\" src=\"https:\/\/www.deesse23.fr\/wp-content\/uploads\/2024\/02\/IMG_9882-1024x683.jpg\" width=\"1024\" height=\"683\" alt=\"\" data-full-image=\"https:\/\/www.deesse23.fr\/wp-content\/uploads\/2024\/02\/IMG_9882.jpg\" data-light-image=\"https:\/\/www.deesse23.fr\/wp-content\/uploads\/2024\/02\/IMG_9882.jpg\" data-id=\"721\" class=\"wp-image-721\" srcset=\"https:\/\/www.deesse23.fr\/wp-content\/uploads\/2024\/02\/IMG_9882-1024x683.jpg 1024w, https:\/\/www.deesse23.fr\/wp-content\/uploads\/2024\/02\/IMG_9882-300x200.jpg 300w, https:\/\/www.deesse23.fr\/wp-content\/uploads\/2024\/02\/IMG_9882-768x512.jpg 768w, https:\/\/www.deesse23.fr\/wp-content\/uploads\/2024\/02\/IMG_9882-1536x1025.jpg 1536w, https:\/\/www.deesse23.fr\/wp-content\/uploads\/2024\/02\/IMG_9882-2048x1366.jpg 2048w\" sizes=\"(max-width: 1024px) 100vw, 1024px\" \/><\/div><\/div><\/a><\/figure><\/div><\/li><li class=\"kadence-blocks-gallery-item\"><div class=\"kadence-blocks-gallery-item-inner\"><figure class=\"kb-gallery-figure kb-gallery-item-has-link kadence-blocks-gallery-item-hide-caption\"><a href=\"https:\/\/www.deesse23.fr\/wp-content\/uploads\/2024\/02\/IMG_9892.jpg\" data-description=\"P\u00f4le restauration lyc\u00e9e Charles de Gaulle de Vannes (56)\" class=\"kb-gallery-item-link\"   role=\"button\" aria-haspopup=\"dialog\"><div class=\"kb-gal-image-radius\" style=\"max-width:1024px;\"><div class=\"kb-gallery-image-contain kadence-blocks-gallery-intrinsic\" style=\"padding-bottom:75%;\"><img loading=\"lazy\" decoding=\"async\" src=\"https:\/\/www.deesse23.fr\/wp-content\/uploads\/2024\/02\/IMG_9892-1024x768.jpg\" width=\"1024\" height=\"768\" alt=\"\" data-full-image=\"https:\/\/www.deesse23.fr\/wp-content\/uploads\/2024\/02\/IMG_9892.jpg\" data-light-image=\"https:\/\/www.deesse23.fr\/wp-content\/uploads\/2024\/02\/IMG_9892.jpg\" data-id=\"722\" class=\"wp-image-722\" srcset=\"https:\/\/www.deesse23.fr\/wp-content\/uploads\/2024\/02\/IMG_9892-1024x768.jpg 1024w, https:\/\/www.deesse23.fr\/wp-content\/uploads\/2024\/02\/IMG_9892-300x225.jpg 300w, https:\/\/www.deesse23.fr\/wp-content\/uploads\/2024\/02\/IMG_9892-768x576.jpg 768w, https:\/\/www.deesse23.fr\/wp-content\/uploads\/2024\/02\/IMG_9892-1536x1152.jpg 1536w, https:\/\/www.deesse23.fr\/wp-content\/uploads\/2024\/02\/IMG_9892-2048x1536.jpg 2048w\" sizes=\"(max-width: 1024px) 100vw, 1024px\" \/><\/div><\/div><\/a><\/figure><\/div><\/li><li class=\"kadence-blocks-gallery-item\"><div class=\"kadence-blocks-gallery-item-inner\"><figure class=\"kb-gallery-figure kb-gallery-item-has-link kadence-blocks-gallery-item-hide-caption\"><a href=\"https:\/\/www.deesse23.fr\/wp-content\/uploads\/2024\/02\/20190625_153703.jpg\" data-description=\"P\u00f4le restauration lyc\u00e9e Charles de Gaulle de Vannes (56)\" class=\"kb-gallery-item-link\"   role=\"button\" aria-haspopup=\"dialog\"><div class=\"kb-gal-image-radius\" style=\"max-width:1024px;\"><div class=\"kb-gallery-image-contain kadence-blocks-gallery-intrinsic\" style=\"padding-bottom:75%;\"><img loading=\"lazy\" decoding=\"async\" src=\"https:\/\/www.deesse23.fr\/wp-content\/uploads\/2024\/02\/20190625_153703-1024x768.jpg\" width=\"1024\" height=\"768\" alt=\"\" data-full-image=\"https:\/\/www.deesse23.fr\/wp-content\/uploads\/2024\/02\/20190625_153703.jpg\" data-light-image=\"https:\/\/www.deesse23.fr\/wp-content\/uploads\/2024\/02\/20190625_153703.jpg\" data-id=\"717\" class=\"wp-image-717\" srcset=\"https:\/\/www.deesse23.fr\/wp-content\/uploads\/2024\/02\/20190625_153703-1024x768.jpg 1024w, https:\/\/www.deesse23.fr\/wp-content\/uploads\/2024\/02\/20190625_153703-300x225.jpg 300w, https:\/\/www.deesse23.fr\/wp-content\/uploads\/2024\/02\/20190625_153703-768x576.jpg 768w, https:\/\/www.deesse23.fr\/wp-content\/uploads\/2024\/02\/20190625_153703-1536x1152.jpg 1536w, https:\/\/www.deesse23.fr\/wp-content\/uploads\/2024\/02\/20190625_153703-2048x1536.jpg 2048w\" sizes=\"(max-width: 1024px) 100vw, 1024px\" \/><\/div><\/div><\/a><\/figure><\/div><\/li><\/ul><\/div>","protected":false},"excerpt":{"rendered":"<p>Ma\u00eetrise d&rsquo;Ouvrage : R\u00e9gion Bretagne Surface : 1 300 m\u00b2Co\u00fbt des travaux : 4,14M\u20ac HTStatut : Livraison 2019Ma\u00eetrise d&rsquo;\u0153uvre : D\u00c9ESSE 23 architecte mandataire, Cr\u00e9acept cuisiniste, OTEIS Rennes BE structure-fluides, Itac acoustiquePhotographie : D\u00c9ESSE 23 architectes D\u00e9marche environnementale : RT2012 ; BBC ; Toiture v\u00e9g\u00e9talis\u00e9e L\u2019implantation de ce nouveau p\u00f4le restauration au sein du lyc\u00e9e&#8230;<\/p>\n","protected":false},"author":1,"featured_media":0,"parent":0,"menu_order":0,"comment_status":"closed","ping_status":"closed","template":"","meta":{"_eb_attr":"","_kadence_starter_templates_imported_post":false,"_kad_post_transparent":"","_kad_post_title":"","_kad_post_layout":"","_kad_post_sidebar_id":"","_kad_post_content_style":"","_kad_post_vertical_padding":"","_kad_post_feature":"","_kad_post_feature_position":"","_kad_post_header":false,"_kad_post_footer":false,"footnotes":""},"class_list":["post-714","page","type-page","status-publish","hentry"],"_links":{"self":[{"href":"https:\/\/www.deesse23.fr\/index.php\/wp-json\/wp\/v2\/pages\/714","targetHints":{"allow":["GET"]}}],"collection":[{"href":"https:\/\/www.deesse23.fr\/index.php\/wp-json\/wp\/v2\/pages"}],"about":[{"href":"https:\/\/www.deesse23.fr\/index.php\/wp-json\/wp\/v2\/types\/page"}],"author":[{"embeddable":true,"href":"https:\/\/www.deesse23.fr\/index.php\/wp-json\/wp\/v2\/users\/1"}],"replies":[{"embeddable":true,"href":"https:\/\/www.deesse23.fr\/index.php\/wp-json\/wp\/v2\/comments?post=714"}],"version-history":[{"count":18,"href":"https:\/\/www.deesse23.fr\/index.php\/wp-json\/wp\/v2\/pages\/714\/revisions"}],"predecessor-version":[{"id":2655,"href":"https:\/\/www.deesse23.fr\/index.php\/wp-json\/wp\/v2\/pages\/714\/revisions\/2655"}],"wp:attachment":[{"href":"https:\/\/www.deesse23.fr\/index.php\/wp-json\/wp\/v2\/media?parent=714"}],"curies":[{"name":"wp","href":"https:\/\/api.w.org\/{rel}","templated":true}]}}