{"id":703,"date":"2024-02-05T17:09:06","date_gmt":"2024-02-05T16:09:06","guid":{"rendered":"https:\/\/www.deesse23.fr\/TestWPDS\/?page_id=703"},"modified":"2026-02-16T12:22:41","modified_gmt":"2026-02-16T11:22:41","slug":"703-2","status":"publish","type":"page","link":"https:\/\/www.deesse23.fr\/index.php\/703-2\/","title":{"rendered":"225 &#8211; Suc\u00e9-sur-Erdre"},"content":{"rendered":"\n<div style=\"height:100px\" aria-hidden=\"true\" class=\"wp-block-spacer\"><\/div>\n\n\n\n<div class=\"wp-block-essential-blocks-advanced-heading  root-eb-advance-heading-1dewn\"><div class=\"eb-parent-wrapper eb-parent-eb-advance-heading-1dewn \"><div class=\"eb-advance-heading-wrapper eb-advance-heading-1dewn button-1 undefined\" data-id=\"eb-advance-heading-1dewn\"><h2 class=\"eb-ah-title\"><span class=\"first-title\">P\u00f4le culturel et \u00e9cole de musique \u00e0 Suc\u00e9-sur-Erdre (44)<\/span><\/h2><\/div><\/div><\/div>\n\n\n<style>.kb-row-layout-id703_14cc44-51 > .kt-row-column-wrap{align-content:start;}:where(.kb-row-layout-id703_14cc44-51 > .kt-row-column-wrap) > .wp-block-kadence-column{justify-content:start;}.kb-row-layout-id703_14cc44-51 > .kt-row-column-wrap{column-gap:var(--global-kb-gap-md, 2rem);row-gap:var(--global-kb-gap-md, 2rem);padding-top:var(--global-kb-spacing-sm, 1.5rem);padding-right:var(--global-kb-spacing-lg, 3rem);padding-bottom:var(--global-kb-spacing-sm, 1.5rem);padding-left:var(--global-kb-spacing-lg, 3rem);grid-template-columns:repeat(2, minmax(0, 1fr));}.kb-row-layout-id703_14cc44-51 > .kt-row-layout-overlay{opacity:0.30;}@media all and (max-width: 1024px){.kb-row-layout-id703_14cc44-51 > .kt-row-column-wrap{grid-template-columns:repeat(2, minmax(0, 1fr));}}@media all and (max-width: 767px){.kb-row-layout-id703_14cc44-51 > .kt-row-column-wrap{padding-right:0px;padding-left:0px;grid-template-columns:minmax(0, 1fr);}}<\/style><div class=\"kb-row-layout-wrap kb-row-layout-id703_14cc44-51 alignnone wp-block-kadence-rowlayout\"><div class=\"kt-row-column-wrap kt-has-2-columns kt-row-layout-equal kt-tab-layout-inherit kt-mobile-layout-row kt-row-valign-top\">\n<style>.kadence-column703_62d1c3-d7 > .kt-inside-inner-col,.kadence-column703_62d1c3-d7 > .kt-inside-inner-col:before{border-top-left-radius:0px;border-top-right-radius:0px;border-bottom-right-radius:0px;border-bottom-left-radius:0px;}.kadence-column703_62d1c3-d7 > .kt-inside-inner-col{column-gap:var(--global-kb-gap-sm, 1rem);}.kadence-column703_62d1c3-d7 > .kt-inside-inner-col{flex-direction:column;}.kadence-column703_62d1c3-d7 > .kt-inside-inner-col > .aligncenter{width:100%;}.kadence-column703_62d1c3-d7 > .kt-inside-inner-col:before{opacity:0.3;}.kadence-column703_62d1c3-d7{position:relative;}@media all and (max-width: 1024px){.kadence-column703_62d1c3-d7 > .kt-inside-inner-col{flex-direction:column;justify-content:center;}}@media all and (max-width: 767px){.kadence-column703_62d1c3-d7 > .kt-inside-inner-col{flex-direction:column;justify-content:center;}}<\/style>\n<div class=\"wp-block-kadence-column kadence-column703_62d1c3-d7\"><div class=\"kt-inside-inner-col\">\n<p><strong>Ma\u00eetrise d&rsquo;Ouvrage <\/strong>: Ville de Suc\u00e9-sur-Erdre<br><strong>Surface <\/strong>: 1 100 m\u00b2<br><strong>Co\u00fbt des travaux<\/strong> : 1,80M\u20ac HT<br><strong>Statut <\/strong>: Livraison 2017<br><strong>Ma\u00eetrise d&rsquo;\u0153uvre<\/strong> : D\u00c9ESSE 23 <em>architecte mandataire<\/em>, Oteis Rennes <em>BE structure-fluides<\/em>, ITAC <em>acoustique<\/em><br><strong>Photographie <\/strong>: D\u00c9ESSE 23 architectes<\/p>\n<\/div><\/div>\n\n\n<style>.kadence-column703_2c67ba-b0 > .kt-inside-inner-col,.kadence-column703_2c67ba-b0 > .kt-inside-inner-col:before{border-top-left-radius:0px;border-top-right-radius:0px;border-bottom-right-radius:0px;border-bottom-left-radius:0px;}.kadence-column703_2c67ba-b0 > .kt-inside-inner-col{column-gap:var(--global-kb-gap-sm, 1rem);}.kadence-column703_2c67ba-b0 > .kt-inside-inner-col{flex-direction:column;}.kadence-column703_2c67ba-b0 > .kt-inside-inner-col > .aligncenter{width:100%;}.kadence-column703_2c67ba-b0 > .kt-inside-inner-col:before{opacity:0.3;}.kadence-column703_2c67ba-b0{position:relative;}@media all and (max-width: 1024px){.kadence-column703_2c67ba-b0 > .kt-inside-inner-col{flex-direction:column;justify-content:center;}}@media all and (max-width: 767px){.kadence-column703_2c67ba-b0 > .kt-inside-inner-col{flex-direction:column;justify-content:center;}}<\/style>\n<div class=\"wp-block-kadence-column kadence-column703_2c67ba-b0\"><div class=\"kt-inside-inner-col\">\n<p><br><br><\/p>\n<\/div><\/div>\n\n<\/div><\/div>\n\n\n<div style=\"height:30px\" aria-hidden=\"true\" class=\"wp-block-spacer\"><\/div>\n\n\n<style>.wp-block-kadence-advancedgallery.kb-gallery-wrap-id-703_3da9d6-40{padding-right:var(--global-kb-spacing-lg, 3rem);padding-left:var(--global-kb-spacing-lg, 3rem);}.wp-block-kadence-advancedgallery .kb-gallery-type-masonry.kb-gallery-id-703_3da9d6-40{margin:-15px;}.kb-gallery-type-masonry.kb-gallery-id-703_3da9d6-40 .kadence-blocks-gallery-item{padding:15px;}.kb-gallery-id-703_3da9d6-40 .kadence-blocks-gallery-item .kb-gal-image-radius, .kb-gallery-id-703_3da9d6-40 .kb-slide-item .kb-gal-image-radius img{border-radius:0px 0px 0px 0px;;}@media all and (max-width: 767px){.wp-block-kadence-advancedgallery.kb-gallery-wrap-id-703_3da9d6-40{padding-right:0px;padding-left:0px;}}<\/style><div class=\"kb-gallery-wrap-id-703_3da9d6-40 alignnone wp-block-kadence-advancedgallery\"><ul class=\"kb-gallery-ul kb-gallery-non-static kb-gallery-type-masonry kb-masonry-init kb-gallery-id-703_3da9d6-40 kb-gallery-caption-style-bottom-hover kb-gallery-filter-none kb-gallery-magnific-init\" data-image-filter=\"none\" data-item-selector=\".kadence-blocks-gallery-item\" data-lightbox-caption=\"true\" data-columns-xxl=\"2\" data-columns-xl=\"2\" data-columns-md=\"2\" data-columns-sm=\"2\" data-columns-xs=\"1\" data-columns-ss=\"1\"><li class=\"kadence-blocks-gallery-item\"><div class=\"kadence-blocks-gallery-item-inner\"><figure class=\"kb-gallery-figure kb-gallery-item-has-link kadence-blocks-gallery-item-hide-caption\"><a href=\"https:\/\/www.deesse23.fr\/wp-content\/uploads\/2024\/03\/Suce-sur-erdre_ext-01-principale.jpg\" data-description=\"Equipement culturel de Suc\u00e9-sur-Erdre (44)\" class=\"kb-gallery-item-link\"   role=\"button\" aria-haspopup=\"dialog\"><div class=\"kb-gal-image-radius\" style=\"max-width:768px;\"><div class=\"kb-gallery-image-contain kadence-blocks-gallery-intrinsic\" style=\"padding-bottom:30%;\"><img fetchpriority=\"high\" decoding=\"async\" src=\"https:\/\/www.deesse23.fr\/wp-content\/uploads\/2024\/03\/Suce-sur-erdre_ext-01-principale-768x234.jpg\" width=\"768\" height=\"234\" alt=\"\" data-full-image=\"https:\/\/www.deesse23.fr\/wp-content\/uploads\/2024\/03\/Suce-sur-erdre_ext-01-principale.jpg\" data-light-image=\"https:\/\/www.deesse23.fr\/wp-content\/uploads\/2024\/03\/Suce-sur-erdre_ext-01-principale.jpg\" data-id=\"1134\" class=\"wp-image-1134\" srcset=\"https:\/\/www.deesse23.fr\/wp-content\/uploads\/2024\/03\/Suce-sur-erdre_ext-01-principale-768x234.jpg 768w, https:\/\/www.deesse23.fr\/wp-content\/uploads\/2024\/03\/Suce-sur-erdre_ext-01-principale-300x91.jpg 300w, https:\/\/www.deesse23.fr\/wp-content\/uploads\/2024\/03\/Suce-sur-erdre_ext-01-principale-1024x312.jpg 1024w, https:\/\/www.deesse23.fr\/wp-content\/uploads\/2024\/03\/Suce-sur-erdre_ext-01-principale-1536x468.jpg 1536w, https:\/\/www.deesse23.fr\/wp-content\/uploads\/2024\/03\/Suce-sur-erdre_ext-01-principale-2048x624.jpg 2048w\" sizes=\"(max-width: 768px) 100vw, 768px\" \/><\/div><\/div><\/a><\/figure><\/div><\/li><li class=\"kadence-blocks-gallery-item\"><div class=\"kadence-blocks-gallery-item-inner\"><figure class=\"kb-gallery-figure kb-gallery-item-has-link kadence-blocks-gallery-item-hide-caption\"><a href=\"https:\/\/www.deesse23.fr\/wp-content\/uploads\/2024\/02\/ext-04.jpg\" data-description=\"Equipement culturel de Suc\u00e9-sur-Erdre (44)\" class=\"kb-gallery-item-link\"   role=\"button\" aria-haspopup=\"dialog\"><div class=\"kb-gal-image-radius\" style=\"max-width:2500px;\"><div class=\"kb-gallery-image-contain kadence-blocks-gallery-intrinsic\" style=\"padding-bottom:64%;\"><img decoding=\"async\" src=\"https:\/\/www.deesse23.fr\/wp-content\/uploads\/2024\/02\/ext-04.jpg\" width=\"2500\" height=\"1609\" alt=\"\" data-full-image=\"https:\/\/www.deesse23.fr\/wp-content\/uploads\/2024\/02\/ext-04.jpg\" data-light-image=\"https:\/\/www.deesse23.fr\/wp-content\/uploads\/2024\/02\/ext-04.jpg\" data-id=\"704\" class=\"wp-image-704\" srcset=\"https:\/\/www.deesse23.fr\/wp-content\/uploads\/2024\/02\/ext-04.jpg 2500w, https:\/\/www.deesse23.fr\/wp-content\/uploads\/2024\/02\/ext-04-300x193.jpg 300w, https:\/\/www.deesse23.fr\/wp-content\/uploads\/2024\/02\/ext-04-1024x659.jpg 1024w, https:\/\/www.deesse23.fr\/wp-content\/uploads\/2024\/02\/ext-04-768x494.jpg 768w, https:\/\/www.deesse23.fr\/wp-content\/uploads\/2024\/02\/ext-04-1536x989.jpg 1536w, https:\/\/www.deesse23.fr\/wp-content\/uploads\/2024\/02\/ext-04-2048x1318.jpg 2048w\" sizes=\"(max-width: 2500px) 100vw, 2500px\" \/><\/div><\/div><\/a><\/figure><\/div><\/li><li class=\"kadence-blocks-gallery-item\"><div class=\"kadence-blocks-gallery-item-inner\"><figure class=\"kb-gallery-figure kb-gallery-item-has-link kadence-blocks-gallery-item-hide-caption\"><a href=\"https:\/\/www.deesse23.fr\/wp-content\/uploads\/2024\/02\/ext-10.jpg\" data-description=\"Equipement culturel de Suc\u00e9-sur-Erdre (44)\" class=\"kb-gallery-item-link\"   role=\"button\" aria-haspopup=\"dialog\"><div class=\"kb-gal-image-radius\" style=\"max-width:2500px;\"><div class=\"kb-gallery-image-contain kadence-blocks-gallery-intrinsic\" style=\"padding-bottom:56%;\"><img decoding=\"async\" src=\"https:\/\/www.deesse23.fr\/wp-content\/uploads\/2024\/02\/ext-10.jpg\" width=\"2500\" height=\"1420\" alt=\"\" data-full-image=\"https:\/\/www.deesse23.fr\/wp-content\/uploads\/2024\/02\/ext-10.jpg\" data-light-image=\"https:\/\/www.deesse23.fr\/wp-content\/uploads\/2024\/02\/ext-10.jpg\" data-id=\"706\" class=\"wp-image-706\" srcset=\"https:\/\/www.deesse23.fr\/wp-content\/uploads\/2024\/02\/ext-10.jpg 2500w, https:\/\/www.deesse23.fr\/wp-content\/uploads\/2024\/02\/ext-10-300x170.jpg 300w, https:\/\/www.deesse23.fr\/wp-content\/uploads\/2024\/02\/ext-10-1024x582.jpg 1024w, https:\/\/www.deesse23.fr\/wp-content\/uploads\/2024\/02\/ext-10-768x436.jpg 768w, https:\/\/www.deesse23.fr\/wp-content\/uploads\/2024\/02\/ext-10-1536x872.jpg 1536w, https:\/\/www.deesse23.fr\/wp-content\/uploads\/2024\/02\/ext-10-2048x1163.jpg 2048w\" sizes=\"(max-width: 2500px) 100vw, 2500px\" \/><\/div><\/div><\/a><\/figure><\/div><\/li><li class=\"kadence-blocks-gallery-item\"><div class=\"kadence-blocks-gallery-item-inner\"><figure class=\"kb-gallery-figure kb-gallery-item-has-link kadence-blocks-gallery-item-hide-caption\"><a href=\"https:\/\/www.deesse23.fr\/wp-content\/uploads\/2024\/02\/int-01b-accueil-hall.jpg\" data-description=\"Equipement culturel de Suc\u00e9-sur-Erdre (44)\" class=\"kb-gallery-item-link\"   role=\"button\" aria-haspopup=\"dialog\"><div class=\"kb-gal-image-radius\" style=\"max-width:2500px;\"><div class=\"kb-gallery-image-contain kadence-blocks-gallery-intrinsic\" style=\"padding-bottom:66%;\"><img loading=\"lazy\" decoding=\"async\" src=\"https:\/\/www.deesse23.fr\/wp-content\/uploads\/2024\/02\/int-01b-accueil-hall.jpg\" width=\"2500\" height=\"1667\" alt=\"\" data-full-image=\"https:\/\/www.deesse23.fr\/wp-content\/uploads\/2024\/02\/int-01b-accueil-hall.jpg\" data-light-image=\"https:\/\/www.deesse23.fr\/wp-content\/uploads\/2024\/02\/int-01b-accueil-hall.jpg\" data-id=\"707\" class=\"wp-image-707\" srcset=\"https:\/\/www.deesse23.fr\/wp-content\/uploads\/2024\/02\/int-01b-accueil-hall.jpg 2500w, https:\/\/www.deesse23.fr\/wp-content\/uploads\/2024\/02\/int-01b-accueil-hall-300x200.jpg 300w, https:\/\/www.deesse23.fr\/wp-content\/uploads\/2024\/02\/int-01b-accueil-hall-1024x683.jpg 1024w, https:\/\/www.deesse23.fr\/wp-content\/uploads\/2024\/02\/int-01b-accueil-hall-768x512.jpg 768w, https:\/\/www.deesse23.fr\/wp-content\/uploads\/2024\/02\/int-01b-accueil-hall-1536x1024.jpg 1536w, https:\/\/www.deesse23.fr\/wp-content\/uploads\/2024\/02\/int-01b-accueil-hall-2048x1366.jpg 2048w\" sizes=\"(max-width: 2500px) 100vw, 2500px\" \/><\/div><\/div><\/a><\/figure><\/div><\/li><li class=\"kadence-blocks-gallery-item\"><div class=\"kadence-blocks-gallery-item-inner\"><figure class=\"kb-gallery-figure kb-gallery-item-has-link kadence-blocks-gallery-item-hide-caption\"><a href=\"https:\/\/www.deesse23.fr\/wp-content\/uploads\/2024\/02\/int-02a-salle-spectacle.jpg\" data-description=\"Equipement culturel de Suc\u00e9-sur-Erdre (44)\" class=\"kb-gallery-item-link\"   role=\"button\" aria-haspopup=\"dialog\"><div class=\"kb-gal-image-radius\" style=\"max-width:2500px;\"><div class=\"kb-gallery-image-contain kadence-blocks-gallery-intrinsic\" style=\"padding-bottom:66%;\"><img loading=\"lazy\" decoding=\"async\" src=\"https:\/\/www.deesse23.fr\/wp-content\/uploads\/2024\/02\/int-02a-salle-spectacle.jpg\" width=\"2500\" height=\"1667\" alt=\"\" data-full-image=\"https:\/\/www.deesse23.fr\/wp-content\/uploads\/2024\/02\/int-02a-salle-spectacle.jpg\" data-light-image=\"https:\/\/www.deesse23.fr\/wp-content\/uploads\/2024\/02\/int-02a-salle-spectacle.jpg\" data-id=\"708\" class=\"wp-image-708\" srcset=\"https:\/\/www.deesse23.fr\/wp-content\/uploads\/2024\/02\/int-02a-salle-spectacle.jpg 2500w, https:\/\/www.deesse23.fr\/wp-content\/uploads\/2024\/02\/int-02a-salle-spectacle-300x200.jpg 300w, https:\/\/www.deesse23.fr\/wp-content\/uploads\/2024\/02\/int-02a-salle-spectacle-1024x683.jpg 1024w, https:\/\/www.deesse23.fr\/wp-content\/uploads\/2024\/02\/int-02a-salle-spectacle-768x512.jpg 768w, https:\/\/www.deesse23.fr\/wp-content\/uploads\/2024\/02\/int-02a-salle-spectacle-1536x1024.jpg 1536w, https:\/\/www.deesse23.fr\/wp-content\/uploads\/2024\/02\/int-02a-salle-spectacle-2048x1366.jpg 2048w\" sizes=\"(max-width: 2500px) 100vw, 2500px\" \/><\/div><\/div><\/a><\/figure><\/div><\/li><li class=\"kadence-blocks-gallery-item\"><div class=\"kadence-blocks-gallery-item-inner\"><figure class=\"kb-gallery-figure kb-gallery-item-has-link kadence-blocks-gallery-item-hide-caption\"><a href=\"https:\/\/www.deesse23.fr\/wp-content\/uploads\/2024\/02\/int-06-ecole-musique.jpg\" data-description=\"Equipement culturel de Suc\u00e9-sur-Erdre (44)\" class=\"kb-gallery-item-link\"   role=\"button\" aria-haspopup=\"dialog\"><div class=\"kb-gal-image-radius\" style=\"max-width:2500px;\"><div class=\"kb-gallery-image-contain kadence-blocks-gallery-intrinsic\" style=\"padding-bottom:66%;\"><img loading=\"lazy\" decoding=\"async\" src=\"https:\/\/www.deesse23.fr\/wp-content\/uploads\/2024\/02\/int-06-ecole-musique.jpg\" width=\"2500\" height=\"1660\" alt=\"\" data-full-image=\"https:\/\/www.deesse23.fr\/wp-content\/uploads\/2024\/02\/int-06-ecole-musique.jpg\" data-light-image=\"https:\/\/www.deesse23.fr\/wp-content\/uploads\/2024\/02\/int-06-ecole-musique.jpg\" data-id=\"709\" class=\"wp-image-709\" srcset=\"https:\/\/www.deesse23.fr\/wp-content\/uploads\/2024\/02\/int-06-ecole-musique.jpg 2500w, https:\/\/www.deesse23.fr\/wp-content\/uploads\/2024\/02\/int-06-ecole-musique-300x199.jpg 300w, https:\/\/www.deesse23.fr\/wp-content\/uploads\/2024\/02\/int-06-ecole-musique-1024x680.jpg 1024w, https:\/\/www.deesse23.fr\/wp-content\/uploads\/2024\/02\/int-06-ecole-musique-768x510.jpg 768w, https:\/\/www.deesse23.fr\/wp-content\/uploads\/2024\/02\/int-06-ecole-musique-1536x1020.jpg 1536w, https:\/\/www.deesse23.fr\/wp-content\/uploads\/2024\/02\/int-06-ecole-musique-2048x1360.jpg 2048w\" sizes=\"(max-width: 2500px) 100vw, 2500px\" \/><\/div><\/div><\/a><\/figure><\/div><\/li><\/ul><\/div>","protected":false},"excerpt":{"rendered":"<p>Ma\u00eetrise d&rsquo;Ouvrage : Ville de Suc\u00e9-sur-ErdreSurface : 1 100 m\u00b2Co\u00fbt des travaux : 1,80M\u20ac HTStatut : Livraison 2017Ma\u00eetrise d&rsquo;\u0153uvre : D\u00c9ESSE 23 architecte mandataire, Oteis Rennes BE structure-fluides, ITAC acoustiquePhotographie : D\u00c9ESSE 23 architectes<\/p>\n","protected":false},"author":1,"featured_media":0,"parent":0,"menu_order":0,"comment_status":"closed","ping_status":"closed","template":"","meta":{"_eb_attr":"","_kadence_starter_templates_imported_post":false,"_kad_post_transparent":"","_kad_post_title":"","_kad_post_layout":"","_kad_post_sidebar_id":"","_kad_post_content_style":"","_kad_post_vertical_padding":"","_kad_post_feature":"","_kad_post_feature_position":"","_kad_post_header":false,"_kad_post_footer":false,"footnotes":""},"class_list":["post-703","page","type-page","status-publish","hentry"],"_links":{"self":[{"href":"https:\/\/www.deesse23.fr\/index.php\/wp-json\/wp\/v2\/pages\/703","targetHints":{"allow":["GET"]}}],"collection":[{"href":"https:\/\/www.deesse23.fr\/index.php\/wp-json\/wp\/v2\/pages"}],"about":[{"href":"https:\/\/www.deesse23.fr\/index.php\/wp-json\/wp\/v2\/types\/page"}],"author":[{"embeddable":true,"href":"https:\/\/www.deesse23.fr\/index.php\/wp-json\/wp\/v2\/users\/1"}],"replies":[{"embeddable":true,"href":"https:\/\/www.deesse23.fr\/index.php\/wp-json\/wp\/v2\/comments?post=703"}],"version-history":[{"count":15,"href":"https:\/\/www.deesse23.fr\/index.php\/wp-json\/wp\/v2\/pages\/703\/revisions"}],"predecessor-version":[{"id":2640,"href":"https:\/\/www.deesse23.fr\/index.php\/wp-json\/wp\/v2\/pages\/703\/revisions\/2640"}],"wp:attachment":[{"href":"https:\/\/www.deesse23.fr\/index.php\/wp-json\/wp\/v2\/media?parent=703"}],"curies":[{"name":"wp","href":"https:\/\/api.w.org\/{rel}","templated":true}]}}