{"id":687,"date":"2024-02-05T16:49:10","date_gmt":"2024-02-05T15:49:10","guid":{"rendered":"https:\/\/www.deesse23.fr\/TestWPDS\/?page_id=687"},"modified":"2026-02-16T12:01:52","modified_gmt":"2026-02-16T11:01:52","slug":"115-reze","status":"publish","type":"page","link":"https:\/\/www.deesse23.fr\/index.php\/115-reze\/","title":{"rendered":"115 &#8211; Rez\u00e9"},"content":{"rendered":"\n<div style=\"height:100px\" aria-hidden=\"true\" class=\"wp-block-spacer\"><\/div>\n\n\n\n<div class=\"wp-block-essential-blocks-advanced-heading  root-eb-advance-heading-1s9l4\"><div class=\"eb-parent-wrapper eb-parent-eb-advance-heading-1s9l4 \"><div class=\"eb-advance-heading-wrapper eb-advance-heading-1s9l4 button-1 undefined\" data-id=\"eb-advance-heading-1s9l4\"><h2 class=\"eb-ah-title\"><span class=\"first-title\">Equipement sportif du Port au Bl\u00e9 \u00e0 Rez\u00e9 (44)<\/span><\/h2><\/div><\/div><\/div>\n\n\n<style>.kb-row-layout-id687_bacac6-f0 > .kt-row-column-wrap{align-content:start;}:where(.kb-row-layout-id687_bacac6-f0 > .kt-row-column-wrap) > .wp-block-kadence-column{justify-content:start;}.kb-row-layout-id687_bacac6-f0 > .kt-row-column-wrap{column-gap:var(--global-kb-gap-md, 2rem);row-gap:var(--global-kb-gap-md, 2rem);padding-top:var(--global-kb-spacing-sm, 1.5rem);padding-right:var(--global-kb-spacing-lg, 3rem);padding-bottom:var(--global-kb-spacing-sm, 1.5rem);padding-left:var(--global-kb-spacing-lg, 3rem);grid-template-columns:repeat(2, minmax(0, 1fr));}.kb-row-layout-id687_bacac6-f0{background-color:rgba(252,248,248,0.12);}.kb-row-layout-id687_bacac6-f0 > .kt-row-layout-overlay{opacity:0.30;}@media all and (max-width: 1024px){.kb-row-layout-id687_bacac6-f0 > .kt-row-column-wrap{grid-template-columns:repeat(2, minmax(0, 1fr));}}@media all and (max-width: 767px){.kb-row-layout-id687_bacac6-f0 > .kt-row-column-wrap{padding-right:0px;padding-left:0px;grid-template-columns:minmax(0, 1fr);}}<\/style><div class=\"kb-row-layout-wrap kb-row-layout-id687_bacac6-f0 alignnone kt-row-has-bg wp-block-kadence-rowlayout\"><div class=\"kt-row-column-wrap kt-has-2-columns kt-row-layout-equal kt-tab-layout-inherit kt-mobile-layout-row kt-row-valign-top\">\n<style>.kadence-column687_5df5d1-5a > .kt-inside-inner-col,.kadence-column687_5df5d1-5a > .kt-inside-inner-col:before{border-top-left-radius:0px;border-top-right-radius:0px;border-bottom-right-radius:0px;border-bottom-left-radius:0px;}.kadence-column687_5df5d1-5a > .kt-inside-inner-col{column-gap:var(--global-kb-gap-sm, 1rem);}.kadence-column687_5df5d1-5a > .kt-inside-inner-col{flex-direction:column;}.kadence-column687_5df5d1-5a > .kt-inside-inner-col > .aligncenter{width:100%;}.kadence-column687_5df5d1-5a > .kt-inside-inner-col:before{opacity:0.3;}.kadence-column687_5df5d1-5a{position:relative;}@media all and (max-width: 1024px){.kadence-column687_5df5d1-5a > .kt-inside-inner-col{flex-direction:column;justify-content:center;}}@media all and (max-width: 767px){.kadence-column687_5df5d1-5a > .kt-inside-inner-col{flex-direction:column;justify-content:center;}}<\/style>\n<div class=\"wp-block-kadence-column kadence-column687_5df5d1-5a\"><div class=\"kt-inside-inner-col\">\n<p><strong>Ma\u00eetre d&rsquo;Ouvrage<\/strong> : Ville de Rez\u00e9<br><strong>Surface<\/strong> : 2 236 m\u00b2<br><strong>Co\u00fbt des travaux<\/strong> : 3,90M\u20ac HT<br><strong>Statut <\/strong>: Livraison 2010<br><strong>Ma\u00eetrise d&rsquo;\u0152uvre<\/strong> : D\u00c9ESSE 23 <em>architecte mandataire<\/em>, ISATEG Rennes <em>BE structures-fluide<\/em>, ITAC <em>acoustique<\/em>, IDEEL <em>BE HQE<\/em><br><strong>Photographie<\/strong> : Patrick Miara<\/p>\n\n\n\n<p><em>Projet s\u00e9lectionn\u00e9 au Prix d\u00e9partemental d\u2019architecture d\u2019urbanisme et d\u2019am\u00e9nagement de Loire-Atlantique.<\/em><br><\/p>\n<\/div><\/div>\n\n\n<style>.kadence-column687_3abecd-f4 > .kt-inside-inner-col,.kadence-column687_3abecd-f4 > .kt-inside-inner-col:before{border-top-left-radius:0px;border-top-right-radius:0px;border-bottom-right-radius:0px;border-bottom-left-radius:0px;}.kadence-column687_3abecd-f4 > .kt-inside-inner-col{column-gap:var(--global-kb-gap-sm, 1rem);}.kadence-column687_3abecd-f4 > .kt-inside-inner-col{flex-direction:column;}.kadence-column687_3abecd-f4 > .kt-inside-inner-col > .aligncenter{width:100%;}.kadence-column687_3abecd-f4 > .kt-inside-inner-col:before{opacity:0.3;}.kadence-column687_3abecd-f4{position:relative;}@media all and (max-width: 1024px){.kadence-column687_3abecd-f4 > .kt-inside-inner-col{flex-direction:column;justify-content:center;}}@media all and (max-width: 767px){.kadence-column687_3abecd-f4 > .kt-inside-inner-col{flex-direction:column;justify-content:center;}}<\/style>\n<div class=\"wp-block-kadence-column kadence-column687_3abecd-f4\"><div class=\"kt-inside-inner-col\">\n<p><strong>Le projet vient \u00e9tablir un trait d\u2019union <\/strong>entre la place du 8 Mai, place de march\u00e9 et parking-relais pour le tramway, et le quartier du Port au Bl\u00e9.<br>Lieu de passage pour de nombreux pi\u00e9tons, utilisateurs du tramway et automobilistes en d\u00e9placement \u00e0 l\u2019\u00e9chelle de la communaut\u00e9 urbaine, la situation de cet \u00e9quipement en fait un \u00e9l\u00e9ment marquant de la ville.<br>La <strong>superposition des deux salles sportives<\/strong> et l\u2019affichage de tous les locaux annexes en fa\u00e7ade sur cinq niveaux, permet de <strong>donner au b\u00e2timent un caract\u00e8re de signal urbain et d\u2019ouverture<\/strong>, tout en lib\u00e9rant un vaste espace au sol pour <strong>cr\u00e9er un v\u00e9ritable parc urbain<\/strong>.<br>Le b\u00e2timent s\u2019accroche \u00e0 un grand mur gabion qui borde le site et d\u00e9finit ainsi deux niveaux d\u2019acc\u00e8s\u00a0: un acc\u00e8s bas bucolique ouvert sur le parc cr\u00e9\u00e9 le long du ruisseau de la Balini\u00e8re, et un acc\u00e8s haut plus urbain en liaison directe avec la place du 8 mai et le tramway.<\/p>\n<\/div><\/div>\n\n<\/div><\/div>\n\n\n<div style=\"height:30px\" aria-hidden=\"true\" class=\"wp-block-spacer\"><\/div>\n\n\n<style>.wp-block-kadence-advancedgallery.kb-gallery-wrap-id-687_5349d9-a9{padding-right:var(--global-kb-spacing-lg, 3rem);padding-left:var(--global-kb-spacing-lg, 3rem);}.wp-block-kadence-advancedgallery .kb-gallery-type-masonry.kb-gallery-id-687_5349d9-a9{margin:-15px;}.kb-gallery-type-masonry.kb-gallery-id-687_5349d9-a9 .kadence-blocks-gallery-item{padding:15px;}.kb-gallery-id-687_5349d9-a9 .kadence-blocks-gallery-item .kb-gal-image-radius, .kb-gallery-id-687_5349d9-a9 .kb-slide-item .kb-gal-image-radius img{border-radius:0px 0px 0px 0px;;}@media all and (max-width: 767px){.wp-block-kadence-advancedgallery.kb-gallery-wrap-id-687_5349d9-a9{padding-right:0px;padding-left:0px;}}<\/style><div class=\"kb-gallery-wrap-id-687_5349d9-a9 alignnone wp-block-kadence-advancedgallery\"><ul class=\"kb-gallery-ul kb-gallery-non-static kb-gallery-type-masonry kb-masonry-init kb-gallery-id-687_5349d9-a9 kb-gallery-caption-style-bottom-hover kb-gallery-filter-none kb-gallery-magnific-init\" data-image-filter=\"none\" data-item-selector=\".kadence-blocks-gallery-item\" data-lightbox-caption=\"true\" data-columns-xxl=\"2\" data-columns-xl=\"2\" data-columns-md=\"2\" data-columns-sm=\"2\" data-columns-xs=\"1\" data-columns-ss=\"1\"><li class=\"kadence-blocks-gallery-item\"><div class=\"kadence-blocks-gallery-item-inner\"><figure class=\"kb-gallery-figure kb-gallery-item-has-link kadence-blocks-gallery-item-hide-caption\"><a href=\"https:\/\/www.deesse23.fr\/wp-content\/uploads\/2024\/02\/04.jpg\" data-description=\"Complexe sportif du Port au Bl\u00e9 de Rez\u00e9 (44)\" class=\"kb-gallery-item-link\"   role=\"button\" aria-haspopup=\"dialog\"><div class=\"kb-gal-image-radius\" style=\"max-width:2500px;\"><div class=\"kb-gallery-image-contain kadence-blocks-gallery-intrinsic\" style=\"padding-bottom:66%;\"><img fetchpriority=\"high\" decoding=\"async\" src=\"https:\/\/www.deesse23.fr\/wp-content\/uploads\/2024\/02\/04.jpg\" width=\"2500\" height=\"1667\" alt=\"\" data-full-image=\"https:\/\/www.deesse23.fr\/wp-content\/uploads\/2024\/02\/04.jpg\" data-light-image=\"https:\/\/www.deesse23.fr\/wp-content\/uploads\/2024\/02\/04.jpg\" data-id=\"682\" class=\"wp-image-682\" srcset=\"https:\/\/www.deesse23.fr\/wp-content\/uploads\/2024\/02\/04.jpg 2500w, https:\/\/www.deesse23.fr\/wp-content\/uploads\/2024\/02\/04-300x200.jpg 300w, https:\/\/www.deesse23.fr\/wp-content\/uploads\/2024\/02\/04-1024x683.jpg 1024w, https:\/\/www.deesse23.fr\/wp-content\/uploads\/2024\/02\/04-768x512.jpg 768w, https:\/\/www.deesse23.fr\/wp-content\/uploads\/2024\/02\/04-1536x1024.jpg 1536w, https:\/\/www.deesse23.fr\/wp-content\/uploads\/2024\/02\/04-2048x1366.jpg 2048w\" sizes=\"(max-width: 2500px) 100vw, 2500px\" \/><\/div><\/div><\/a><\/figure><\/div><\/li><li class=\"kadence-blocks-gallery-item\"><div class=\"kadence-blocks-gallery-item-inner\"><figure class=\"kb-gallery-figure kb-gallery-item-has-link kadence-blocks-gallery-item-hide-caption\"><a href=\"https:\/\/www.deesse23.fr\/wp-content\/uploads\/2024\/02\/12-scaled.jpg\" data-description=\"Complexe sportif du Port au Bl\u00e9 de Rez\u00e9 (44)\" class=\"kb-gallery-item-link\"   role=\"button\" aria-haspopup=\"dialog\"><div class=\"kb-gal-image-radius\" style=\"max-width:2560px;\"><div class=\"kb-gallery-image-contain kadence-blocks-gallery-intrinsic\" style=\"padding-bottom:66%;\"><img decoding=\"async\" src=\"https:\/\/www.deesse23.fr\/wp-content\/uploads\/2024\/02\/12-scaled.jpg\" width=\"2560\" height=\"1707\" alt=\"\" data-full-image=\"https:\/\/www.deesse23.fr\/wp-content\/uploads\/2024\/02\/12-scaled.jpg\" data-light-image=\"https:\/\/www.deesse23.fr\/wp-content\/uploads\/2024\/02\/12-scaled.jpg\" data-id=\"692\" class=\"wp-image-692\" srcset=\"https:\/\/www.deesse23.fr\/wp-content\/uploads\/2024\/02\/12-scaled.jpg 2560w, https:\/\/www.deesse23.fr\/wp-content\/uploads\/2024\/02\/12-300x200.jpg 300w, https:\/\/www.deesse23.fr\/wp-content\/uploads\/2024\/02\/12-1024x683.jpg 1024w, https:\/\/www.deesse23.fr\/wp-content\/uploads\/2024\/02\/12-768x512.jpg 768w, https:\/\/www.deesse23.fr\/wp-content\/uploads\/2024\/02\/12-1536x1024.jpg 1536w, https:\/\/www.deesse23.fr\/wp-content\/uploads\/2024\/02\/12-2048x1365.jpg 2048w\" sizes=\"(max-width: 2560px) 100vw, 2560px\" \/><\/div><\/div><\/a><\/figure><\/div><\/li><li class=\"kadence-blocks-gallery-item\"><div class=\"kadence-blocks-gallery-item-inner\"><figure class=\"kb-gallery-figure kb-gallery-item-has-link kadence-blocks-gallery-item-hide-caption\"><a href=\"https:\/\/www.deesse23.fr\/wp-content\/uploads\/2024\/02\/08.jpg\" data-description=\"Complexe sportif du Port au Bl\u00e9 de Rez\u00e9 (44)\" class=\"kb-gallery-item-link\"   role=\"button\" aria-haspopup=\"dialog\"><div class=\"kb-gal-image-radius\" style=\"max-width:1667px;\"><div class=\"kb-gallery-image-contain kadence-blocks-gallery-intrinsic\" style=\"padding-bottom:149%;\"><img decoding=\"async\" src=\"https:\/\/www.deesse23.fr\/wp-content\/uploads\/2024\/02\/08.jpg\" width=\"1667\" height=\"2500\" alt=\"\" data-full-image=\"https:\/\/www.deesse23.fr\/wp-content\/uploads\/2024\/02\/08.jpg\" data-light-image=\"https:\/\/www.deesse23.fr\/wp-content\/uploads\/2024\/02\/08.jpg\" data-id=\"690\" class=\"wp-image-690\" srcset=\"https:\/\/www.deesse23.fr\/wp-content\/uploads\/2024\/02\/08.jpg 1667w, https:\/\/www.deesse23.fr\/wp-content\/uploads\/2024\/02\/08-200x300.jpg 200w, https:\/\/www.deesse23.fr\/wp-content\/uploads\/2024\/02\/08-683x1024.jpg 683w, https:\/\/www.deesse23.fr\/wp-content\/uploads\/2024\/02\/08-768x1152.jpg 768w, https:\/\/www.deesse23.fr\/wp-content\/uploads\/2024\/02\/08-1024x1536.jpg 1024w, https:\/\/www.deesse23.fr\/wp-content\/uploads\/2024\/02\/08-1366x2048.jpg 1366w\" sizes=\"(max-width: 1667px) 100vw, 1667px\" \/><\/div><\/div><\/a><\/figure><\/div><\/li><li class=\"kadence-blocks-gallery-item\"><div class=\"kadence-blocks-gallery-item-inner\"><figure class=\"kb-gallery-figure kb-gallery-item-has-link kadence-blocks-gallery-item-hide-caption\"><a href=\"https:\/\/www.deesse23.fr\/wp-content\/uploads\/2024\/02\/03.jpg\" data-description=\"Complexe sportif du Port au Bl\u00e9 de Rez\u00e9 (44)\" class=\"kb-gallery-item-link\"   role=\"button\" aria-haspopup=\"dialog\"><div class=\"kb-gal-image-radius\" style=\"max-width:2500px;\"><div class=\"kb-gallery-image-contain kadence-blocks-gallery-intrinsic\" style=\"padding-bottom:66%;\"><img loading=\"lazy\" decoding=\"async\" src=\"https:\/\/www.deesse23.fr\/wp-content\/uploads\/2024\/02\/03.jpg\" width=\"2500\" height=\"1667\" alt=\"\" data-full-image=\"https:\/\/www.deesse23.fr\/wp-content\/uploads\/2024\/02\/03.jpg\" data-light-image=\"https:\/\/www.deesse23.fr\/wp-content\/uploads\/2024\/02\/03.jpg\" data-id=\"688\" class=\"wp-image-688\" srcset=\"https:\/\/www.deesse23.fr\/wp-content\/uploads\/2024\/02\/03.jpg 2500w, https:\/\/www.deesse23.fr\/wp-content\/uploads\/2024\/02\/03-300x200.jpg 300w, https:\/\/www.deesse23.fr\/wp-content\/uploads\/2024\/02\/03-1024x683.jpg 1024w, https:\/\/www.deesse23.fr\/wp-content\/uploads\/2024\/02\/03-768x512.jpg 768w, https:\/\/www.deesse23.fr\/wp-content\/uploads\/2024\/02\/03-1536x1024.jpg 1536w, https:\/\/www.deesse23.fr\/wp-content\/uploads\/2024\/02\/03-2048x1366.jpg 2048w\" sizes=\"(max-width: 2500px) 100vw, 2500px\" \/><\/div><\/div><\/a><\/figure><\/div><\/li><li class=\"kadence-blocks-gallery-item\"><div class=\"kadence-blocks-gallery-item-inner\"><figure class=\"kb-gallery-figure kb-gallery-item-has-link kadence-blocks-gallery-item-hide-caption\"><a href=\"https:\/\/www.deesse23.fr\/wp-content\/uploads\/2024\/02\/13.jpg\" data-description=\"Complexe sportif du Port au Bl\u00e9 de Rez\u00e9 (44)\" class=\"kb-gallery-item-link\"   role=\"button\" aria-haspopup=\"dialog\"><div class=\"kb-gal-image-radius\" style=\"max-width:2500px;\"><div class=\"kb-gallery-image-contain kadence-blocks-gallery-intrinsic\" style=\"padding-bottom:66%;\"><img loading=\"lazy\" decoding=\"async\" src=\"https:\/\/www.deesse23.fr\/wp-content\/uploads\/2024\/02\/13.jpg\" width=\"2500\" height=\"1667\" alt=\"\" data-full-image=\"https:\/\/www.deesse23.fr\/wp-content\/uploads\/2024\/02\/13.jpg\" data-light-image=\"https:\/\/www.deesse23.fr\/wp-content\/uploads\/2024\/02\/13.jpg\" data-id=\"693\" class=\"wp-image-693\" srcset=\"https:\/\/www.deesse23.fr\/wp-content\/uploads\/2024\/02\/13.jpg 2500w, https:\/\/www.deesse23.fr\/wp-content\/uploads\/2024\/02\/13-300x200.jpg 300w, https:\/\/www.deesse23.fr\/wp-content\/uploads\/2024\/02\/13-1024x683.jpg 1024w, https:\/\/www.deesse23.fr\/wp-content\/uploads\/2024\/02\/13-768x512.jpg 768w, https:\/\/www.deesse23.fr\/wp-content\/uploads\/2024\/02\/13-1536x1024.jpg 1536w, https:\/\/www.deesse23.fr\/wp-content\/uploads\/2024\/02\/13-2048x1366.jpg 2048w\" sizes=\"(max-width: 2500px) 100vw, 2500px\" \/><\/div><\/div><\/a><\/figure><\/div><\/li><li class=\"kadence-blocks-gallery-item\"><div class=\"kadence-blocks-gallery-item-inner\"><figure class=\"kb-gallery-figure kb-gallery-item-has-link kadence-blocks-gallery-item-hide-caption\"><a href=\"https:\/\/www.deesse23.fr\/wp-content\/uploads\/2024\/02\/15.jpg\" data-description=\"Complexe sportif du Port au Bl\u00e9 de Rez\u00e9 (44)\" class=\"kb-gallery-item-link\"   role=\"button\" aria-haspopup=\"dialog\"><div class=\"kb-gal-image-radius\" style=\"max-width:2500px;\"><div class=\"kb-gallery-image-contain kadence-blocks-gallery-intrinsic\" style=\"padding-bottom:66%;\"><img loading=\"lazy\" decoding=\"async\" src=\"https:\/\/www.deesse23.fr\/wp-content\/uploads\/2024\/02\/15.jpg\" width=\"2500\" height=\"1667\" alt=\"\" data-full-image=\"https:\/\/www.deesse23.fr\/wp-content\/uploads\/2024\/02\/15.jpg\" data-light-image=\"https:\/\/www.deesse23.fr\/wp-content\/uploads\/2024\/02\/15.jpg\" data-id=\"695\" class=\"wp-image-695\" srcset=\"https:\/\/www.deesse23.fr\/wp-content\/uploads\/2024\/02\/15.jpg 2500w, https:\/\/www.deesse23.fr\/wp-content\/uploads\/2024\/02\/15-300x200.jpg 300w, https:\/\/www.deesse23.fr\/wp-content\/uploads\/2024\/02\/15-1024x683.jpg 1024w, https:\/\/www.deesse23.fr\/wp-content\/uploads\/2024\/02\/15-768x512.jpg 768w, https:\/\/www.deesse23.fr\/wp-content\/uploads\/2024\/02\/15-1536x1024.jpg 1536w, https:\/\/www.deesse23.fr\/wp-content\/uploads\/2024\/02\/15-2048x1366.jpg 2048w\" sizes=\"(max-width: 2500px) 100vw, 2500px\" \/><\/div><\/div><\/a><\/figure><\/div><\/li><li class=\"kadence-blocks-gallery-item\"><div class=\"kadence-blocks-gallery-item-inner\"><figure class=\"kb-gallery-figure kb-gallery-item-has-link kadence-blocks-gallery-item-hide-caption\"><a href=\"https:\/\/www.deesse23.fr\/wp-content\/uploads\/2024\/02\/16.jpg\" data-description=\"Complexe sportif du Port au Bl\u00e9 de Rez\u00e9 (44)\" class=\"kb-gallery-item-link\"   role=\"button\" aria-haspopup=\"dialog\"><div class=\"kb-gal-image-radius\" style=\"max-width:2500px;\"><div class=\"kb-gallery-image-contain kadence-blocks-gallery-intrinsic\" style=\"padding-bottom:66%;\"><img loading=\"lazy\" decoding=\"async\" src=\"https:\/\/www.deesse23.fr\/wp-content\/uploads\/2024\/02\/16.jpg\" width=\"2500\" height=\"1667\" alt=\"\" data-full-image=\"https:\/\/www.deesse23.fr\/wp-content\/uploads\/2024\/02\/16.jpg\" data-light-image=\"https:\/\/www.deesse23.fr\/wp-content\/uploads\/2024\/02\/16.jpg\" data-id=\"696\" class=\"wp-image-696\" srcset=\"https:\/\/www.deesse23.fr\/wp-content\/uploads\/2024\/02\/16.jpg 2500w, https:\/\/www.deesse23.fr\/wp-content\/uploads\/2024\/02\/16-300x200.jpg 300w, https:\/\/www.deesse23.fr\/wp-content\/uploads\/2024\/02\/16-1024x683.jpg 1024w, https:\/\/www.deesse23.fr\/wp-content\/uploads\/2024\/02\/16-768x512.jpg 768w, https:\/\/www.deesse23.fr\/wp-content\/uploads\/2024\/02\/16-1536x1024.jpg 1536w, https:\/\/www.deesse23.fr\/wp-content\/uploads\/2024\/02\/16-2048x1366.jpg 2048w\" sizes=\"(max-width: 2500px) 100vw, 2500px\" \/><\/div><\/div><\/a><\/figure><\/div><\/li><li class=\"kadence-blocks-gallery-item\"><div class=\"kadence-blocks-gallery-item-inner\"><figure class=\"kb-gallery-figure kb-gallery-item-has-link kadence-blocks-gallery-item-hide-caption\"><a href=\"https:\/\/www.deesse23.fr\/wp-content\/uploads\/2024\/02\/07.jpg\" data-description=\"Complexe sportif du Port au Bl\u00e9 de Rez\u00e9 (44)\" class=\"kb-gallery-item-link\"   role=\"button\" aria-haspopup=\"dialog\"><div class=\"kb-gal-image-radius\" style=\"max-width:1667px;\"><div class=\"kb-gallery-image-contain kadence-blocks-gallery-intrinsic\" style=\"padding-bottom:149%;\"><img loading=\"lazy\" decoding=\"async\" src=\"https:\/\/www.deesse23.fr\/wp-content\/uploads\/2024\/02\/07.jpg\" width=\"1667\" height=\"2500\" alt=\"\" data-full-image=\"https:\/\/www.deesse23.fr\/wp-content\/uploads\/2024\/02\/07.jpg\" data-light-image=\"https:\/\/www.deesse23.fr\/wp-content\/uploads\/2024\/02\/07.jpg\" data-id=\"689\" class=\"wp-image-689\" srcset=\"https:\/\/www.deesse23.fr\/wp-content\/uploads\/2024\/02\/07.jpg 1667w, https:\/\/www.deesse23.fr\/wp-content\/uploads\/2024\/02\/07-200x300.jpg 200w, https:\/\/www.deesse23.fr\/wp-content\/uploads\/2024\/02\/07-683x1024.jpg 683w, https:\/\/www.deesse23.fr\/wp-content\/uploads\/2024\/02\/07-768x1152.jpg 768w, https:\/\/www.deesse23.fr\/wp-content\/uploads\/2024\/02\/07-1024x1536.jpg 1024w, https:\/\/www.deesse23.fr\/wp-content\/uploads\/2024\/02\/07-1366x2048.jpg 1366w\" sizes=\"(max-width: 1667px) 100vw, 1667px\" \/><\/div><\/div><\/a><\/figure><\/div><\/li><li class=\"kadence-blocks-gallery-item\"><div class=\"kadence-blocks-gallery-item-inner\"><figure class=\"kb-gallery-figure kb-gallery-item-has-link kadence-blocks-gallery-item-hide-caption\"><a href=\"https:\/\/www.deesse23.fr\/wp-content\/uploads\/2024\/03\/09-2.jpg\" data-description=\"Complexe sportif du Port au Bl\u00e9 de Rez\u00e9 (44)\" class=\"kb-gallery-item-link\"   role=\"button\" aria-haspopup=\"dialog\"><div class=\"kb-gal-image-radius\" style=\"max-width:2500px;\"><div class=\"kb-gallery-image-contain kadence-blocks-gallery-intrinsic\" style=\"padding-bottom:66%;\"><img loading=\"lazy\" decoding=\"async\" src=\"https:\/\/www.deesse23.fr\/wp-content\/uploads\/2024\/03\/09-2.jpg\" width=\"2500\" height=\"1667\" alt=\"\" data-full-image=\"https:\/\/www.deesse23.fr\/wp-content\/uploads\/2024\/03\/09-2.jpg\" data-light-image=\"https:\/\/www.deesse23.fr\/wp-content\/uploads\/2024\/03\/09-2.jpg\" data-id=\"1244\" class=\"wp-image-1244\" srcset=\"https:\/\/www.deesse23.fr\/wp-content\/uploads\/2024\/03\/09-2.jpg 2500w, https:\/\/www.deesse23.fr\/wp-content\/uploads\/2024\/03\/09-2-300x200.jpg 300w, https:\/\/www.deesse23.fr\/wp-content\/uploads\/2024\/03\/09-2-1024x683.jpg 1024w, https:\/\/www.deesse23.fr\/wp-content\/uploads\/2024\/03\/09-2-768x512.jpg 768w, https:\/\/www.deesse23.fr\/wp-content\/uploads\/2024\/03\/09-2-1536x1024.jpg 1536w, https:\/\/www.deesse23.fr\/wp-content\/uploads\/2024\/03\/09-2-2048x1366.jpg 2048w\" sizes=\"(max-width: 2500px) 100vw, 2500px\" \/><\/div><\/div><\/a><\/figure><\/div><\/li><li class=\"kadence-blocks-gallery-item\"><div class=\"kadence-blocks-gallery-item-inner\"><figure class=\"kb-gallery-figure kb-gallery-item-has-link kadence-blocks-gallery-item-hide-caption\"><a href=\"https:\/\/www.deesse23.fr\/wp-content\/uploads\/2024\/02\/10.jpg\" data-description=\"Complexe sportif du Port au Bl\u00e9 de Rez\u00e9 (44)\" class=\"kb-gallery-item-link\"   role=\"button\" aria-haspopup=\"dialog\"><div class=\"kb-gal-image-radius\" style=\"max-width:1667px;\"><div class=\"kb-gallery-image-contain kadence-blocks-gallery-intrinsic\" style=\"padding-bottom:149%;\"><img loading=\"lazy\" decoding=\"async\" src=\"https:\/\/www.deesse23.fr\/wp-content\/uploads\/2024\/02\/10.jpg\" width=\"1667\" height=\"2500\" alt=\"\" data-full-image=\"https:\/\/www.deesse23.fr\/wp-content\/uploads\/2024\/02\/10.jpg\" data-light-image=\"https:\/\/www.deesse23.fr\/wp-content\/uploads\/2024\/02\/10.jpg\" data-id=\"691\" class=\"wp-image-691\" srcset=\"https:\/\/www.deesse23.fr\/wp-content\/uploads\/2024\/02\/10.jpg 1667w, https:\/\/www.deesse23.fr\/wp-content\/uploads\/2024\/02\/10-200x300.jpg 200w, https:\/\/www.deesse23.fr\/wp-content\/uploads\/2024\/02\/10-683x1024.jpg 683w, https:\/\/www.deesse23.fr\/wp-content\/uploads\/2024\/02\/10-768x1152.jpg 768w, https:\/\/www.deesse23.fr\/wp-content\/uploads\/2024\/02\/10-1024x1536.jpg 1024w, https:\/\/www.deesse23.fr\/wp-content\/uploads\/2024\/02\/10-1366x2048.jpg 1366w\" sizes=\"(max-width: 1667px) 100vw, 1667px\" \/><\/div><\/div><\/a><\/figure><\/div><\/li><\/ul><\/div>","protected":false},"excerpt":{"rendered":"<p>Ma\u00eetre d&rsquo;Ouvrage : Ville de Rez\u00e9Surface : 2 236 m\u00b2Co\u00fbt des travaux : 3,90M\u20ac HTStatut : Livraison 2010Ma\u00eetrise d&rsquo;\u0152uvre : D\u00c9ESSE 23 architecte mandataire, ISATEG Rennes BE structures-fluide, ITAC acoustique, IDEEL BE HQEPhotographie : Patrick Miara Projet s\u00e9lectionn\u00e9 au Prix d\u00e9partemental d\u2019architecture d\u2019urbanisme et d\u2019am\u00e9nagement de Loire-Atlantique. Le projet vient \u00e9tablir un trait d\u2019union entre&#8230;<\/p>\n","protected":false},"author":1,"featured_media":0,"parent":0,"menu_order":0,"comment_status":"closed","ping_status":"closed","template":"","meta":{"_eb_attr":"","_kadence_starter_templates_imported_post":false,"_kad_post_transparent":"","_kad_post_title":"","_kad_post_layout":"","_kad_post_sidebar_id":"","_kad_post_content_style":"","_kad_post_vertical_padding":"","_kad_post_feature":"","_kad_post_feature_position":"","_kad_post_header":false,"_kad_post_footer":false,"footnotes":""},"class_list":["post-687","page","type-page","status-publish","hentry"],"_links":{"self":[{"href":"https:\/\/www.deesse23.fr\/index.php\/wp-json\/wp\/v2\/pages\/687","targetHints":{"allow":["GET"]}}],"collection":[{"href":"https:\/\/www.deesse23.fr\/index.php\/wp-json\/wp\/v2\/pages"}],"about":[{"href":"https:\/\/www.deesse23.fr\/index.php\/wp-json\/wp\/v2\/types\/page"}],"author":[{"embeddable":true,"href":"https:\/\/www.deesse23.fr\/index.php\/wp-json\/wp\/v2\/users\/1"}],"replies":[{"embeddable":true,"href":"https:\/\/www.deesse23.fr\/index.php\/wp-json\/wp\/v2\/comments?post=687"}],"version-history":[{"count":20,"href":"https:\/\/www.deesse23.fr\/index.php\/wp-json\/wp\/v2\/pages\/687\/revisions"}],"predecessor-version":[{"id":2628,"href":"https:\/\/www.deesse23.fr\/index.php\/wp-json\/wp\/v2\/pages\/687\/revisions\/2628"}],"wp:attachment":[{"href":"https:\/\/www.deesse23.fr\/index.php\/wp-json\/wp\/v2\/media?parent=687"}],"curies":[{"name":"wp","href":"https:\/\/api.w.org\/{rel}","templated":true}]}}