{"id":528,"date":"2024-02-07T18:15:31","date_gmt":"2024-02-07T17:15:31","guid":{"rendered":"https:\/\/www.deesse23.fr\/TestWPDS\/?page_id=528"},"modified":"2026-02-16T15:19:48","modified_gmt":"2026-02-16T14:19:48","slug":"301-tours","status":"publish","type":"page","link":"https:\/\/www.deesse23.fr\/index.php\/301-tours\/","title":{"rendered":"301 &#8211; Tours"},"content":{"rendered":"\n<div class=\"wp-block-group\"><div class=\"wp-block-group__inner-container is-layout-constrained wp-block-group-is-layout-constrained\">\n<div style=\"height:100px\" aria-hidden=\"true\" class=\"wp-block-spacer\"><\/div>\n\n\n\n<div class=\"wp-block-essential-blocks-advanced-heading  root-eb-advance-heading-bdamy\"><div class=\"eb-parent-wrapper eb-parent-eb-advance-heading-bdamy \"><div class=\"eb-advance-heading-wrapper eb-advance-heading-bdamy button-1 undefined\" data-id=\"eb-advance-heading-bdamy\"><h2 class=\"eb-ah-title\"><span class=\"first-title\">P\u00f4le Rugby \u00e0 Tours (37)<\/span><\/h2><\/div><\/div><\/div>\n\n\n<style>.kb-row-layout-id528_006abf-a6 > .kt-row-column-wrap{align-content:start;}:where(.kb-row-layout-id528_006abf-a6 > .kt-row-column-wrap) > .wp-block-kadence-column{justify-content:start;}.kb-row-layout-id528_006abf-a6 > .kt-row-column-wrap{column-gap:var(--global-kb-gap-md, 2rem);row-gap:var(--global-kb-gap-md, 2rem);padding-top:var(--global-kb-spacing-sm, 1.5rem);padding-right:var(--global-kb-spacing-lg, 3rem);padding-bottom:var(--global-kb-spacing-sm, 1.5rem);padding-left:var(--global-kb-spacing-lg, 3rem);grid-template-columns:repeat(2, minmax(0, 1fr));}.kb-row-layout-id528_006abf-a6 > .kt-row-layout-overlay{opacity:0.30;}@media all and (max-width: 1024px){.kb-row-layout-id528_006abf-a6 > .kt-row-column-wrap{grid-template-columns:repeat(2, minmax(0, 1fr));}}@media all and (max-width: 767px){.kb-row-layout-id528_006abf-a6 > .kt-row-column-wrap{padding-right:0px;padding-left:0px;grid-template-columns:minmax(0, 1fr);}}<\/style><div class=\"kb-row-layout-wrap kb-row-layout-id528_006abf-a6 alignnone wp-block-kadence-rowlayout\"><div class=\"kt-row-column-wrap kt-has-2-columns kt-row-layout-equal kt-tab-layout-inherit kt-mobile-layout-row kt-row-valign-top\">\n<style>.kadence-column528_93867b-9a > .kt-inside-inner-col,.kadence-column528_93867b-9a > .kt-inside-inner-col:before{border-top-left-radius:0px;border-top-right-radius:0px;border-bottom-right-radius:0px;border-bottom-left-radius:0px;}.kadence-column528_93867b-9a > .kt-inside-inner-col{column-gap:var(--global-kb-gap-sm, 1rem);}.kadence-column528_93867b-9a > .kt-inside-inner-col{flex-direction:column;}.kadence-column528_93867b-9a > .kt-inside-inner-col > .aligncenter{width:100%;}.kadence-column528_93867b-9a > .kt-inside-inner-col:before{opacity:0.3;}.kadence-column528_93867b-9a{position:relative;}@media all and (max-width: 1024px){.kadence-column528_93867b-9a > .kt-inside-inner-col{flex-direction:column;justify-content:center;}}@media all and (max-width: 767px){.kadence-column528_93867b-9a > .kt-inside-inner-col{flex-direction:column;justify-content:center;}}<\/style>\n<div class=\"wp-block-kadence-column kadence-column528_93867b-9a\"><div class=\"kt-inside-inner-col\">\n<p id=\"block-7ce46297-959b-4160-b627-e6422076107b\"><strong>Ma\u00eetre d&rsquo;Ouvrage : <\/strong>Ville de Tours<br><strong>Surface plancher : <\/strong>1 076 m\u00b2<br><strong>Co\u00fbt travaux : <\/strong>1,83M\u20ac HT<br><strong>Statut du projet : <\/strong>Livraison 2023<br><strong>Ma\u00eetrise d&rsquo;\u0152uvre : <\/strong>D\u00c9ESSE 23 <em>architecte mandataire<\/em>, Oteis Rennes <em>BE structure-fluides<\/em>, CdLP <em>\u00e9conomiste<\/em><br><strong>Photographie : <\/strong>D\u00c9ESSE 23 architectes<br><br><strong>D\u00e9marche environnementale : <\/strong>BBC ; RT2012 ; E3C1<\/p>\n<\/div><\/div>\n\n\n<style>.kadence-column528_2a04ac-53 > .kt-inside-inner-col,.kadence-column528_2a04ac-53 > .kt-inside-inner-col:before{border-top-left-radius:0px;border-top-right-radius:0px;border-bottom-right-radius:0px;border-bottom-left-radius:0px;}.kadence-column528_2a04ac-53 > .kt-inside-inner-col{column-gap:var(--global-kb-gap-sm, 1rem);}.kadence-column528_2a04ac-53 > .kt-inside-inner-col{flex-direction:column;}.kadence-column528_2a04ac-53 > .kt-inside-inner-col > .aligncenter{width:100%;}.kadence-column528_2a04ac-53 > .kt-inside-inner-col:before{opacity:0.3;}.kadence-column528_2a04ac-53{position:relative;}@media all and (max-width: 1024px){.kadence-column528_2a04ac-53 > .kt-inside-inner-col{flex-direction:column;justify-content:center;}}@media all and (max-width: 767px){.kadence-column528_2a04ac-53 > .kt-inside-inner-col{flex-direction:column;justify-content:center;}}<\/style>\n<div class=\"wp-block-kadence-column kadence-column528_2a04ac-53\"><div class=\"kt-inside-inner-col\">\n<p>Situ\u00e9 au Nord-Est de la ville de Tours, ce nouvel \u00e9quipement s&rsquo;implante au sein du stade de la Chambrerie, o\u00f9 se trouvent trois terrains de jeux destin\u00e9s au Rugby et au Football Am\u00e9ricain.<br>L&rsquo;intervention consiste \u00e0 <strong>int\u00e9grer un p\u00f4le rugby<\/strong>\u00a0accueillant vestiaires, bureaux et une grande salle de musculation au sein du site sportif, ainsi qu&rsquo;<strong>articuler et relier ce p\u00f4le d&rsquo;entrainement avec l\u2019ensemble des \u00e9quipements existants<\/strong> et futurs \u00e0 proximit\u00e9, en anticipant les interventions futures\u00a0: nouvelle tribune, terrain de jeux compl\u00e9mentaire, liaisons douces et stationnements v\u00e9hicules.<br>Ce b\u00e2timent marque sa pr\u00e9sence comme <strong>un nouveau signal<\/strong> pour le stade de la Chambrerie. Signal d&rsquo;autant plus fort que sa vocation premi\u00e8re a \u00e9t\u00e9 d&rsquo;accueillir l&rsquo;\u00e9quipe d&rsquo;Irlande de rugby et servir de base arri\u00e8re pour cette \u00e9quipe lors de la coupe du monde de rugby 2023.<\/p>\n<\/div><\/div>\n\n<\/div><\/div>\n\n\n<div style=\"height:30px\" aria-hidden=\"true\" class=\"wp-block-spacer\"><\/div>\n\n\n<style>.wp-block-kadence-advancedgallery.kb-gallery-wrap-id-528_3e4df3-33{padding-right:var(--global-kb-spacing-lg, 3rem);padding-left:var(--global-kb-spacing-lg, 3rem);}.wp-block-kadence-advancedgallery .kb-gallery-type-masonry.kb-gallery-id-528_3e4df3-33{margin:-15px;}.kb-gallery-type-masonry.kb-gallery-id-528_3e4df3-33 .kadence-blocks-gallery-item{padding:15px;}.kb-gallery-id-528_3e4df3-33 .kadence-blocks-gallery-item .kb-gal-image-radius, .kb-gallery-id-528_3e4df3-33 .kb-slide-item .kb-gal-image-radius img{border-radius:0px 0px 0px 0px;;}@media all and (max-width: 767px){.wp-block-kadence-advancedgallery.kb-gallery-wrap-id-528_3e4df3-33{padding-right:0px;padding-left:0px;}}<\/style><div class=\"kb-gallery-wrap-id-528_3e4df3-33 alignnone wp-block-kadence-advancedgallery\"><ul class=\"kb-gallery-ul kb-gallery-non-static kb-gallery-type-masonry kb-masonry-init kb-gallery-id-528_3e4df3-33 kb-gallery-caption-style-bottom-hover kb-gallery-filter-none kb-gallery-magnific-init\" data-image-filter=\"none\" data-item-selector=\".kadence-blocks-gallery-item\" data-lightbox-caption=\"true\" data-columns-xxl=\"2\" data-columns-xl=\"2\" data-columns-md=\"2\" data-columns-sm=\"2\" data-columns-xs=\"1\" data-columns-ss=\"1\"><li class=\"kadence-blocks-gallery-item\"><div class=\"kadence-blocks-gallery-item-inner\"><figure class=\"kb-gallery-figure kb-gallery-item-has-link kadence-blocks-gallery-item-hide-caption\"><a href=\"https:\/\/www.deesse23.fr\/wp-content\/uploads\/2024\/02\/01.jpg\" data-description=\"Vestiaires et locaux sportifs du stade de la Chambrerie de Tours (37)\" class=\"kb-gallery-item-link\"   role=\"button\" aria-haspopup=\"dialog\"><div class=\"kb-gal-image-radius\" style=\"max-width:2500px;\"><div class=\"kb-gallery-image-contain kadence-blocks-gallery-intrinsic\" style=\"padding-bottom:56%;\"><img fetchpriority=\"high\" decoding=\"async\" src=\"https:\/\/www.deesse23.fr\/wp-content\/uploads\/2024\/02\/01.jpg\" width=\"2500\" height=\"1406\" alt=\"\" data-full-image=\"https:\/\/www.deesse23.fr\/wp-content\/uploads\/2024\/02\/01.jpg\" data-light-image=\"https:\/\/www.deesse23.fr\/wp-content\/uploads\/2024\/02\/01.jpg\" data-id=\"900\" class=\"wp-image-900\" srcset=\"https:\/\/www.deesse23.fr\/wp-content\/uploads\/2024\/02\/01.jpg 2500w, https:\/\/www.deesse23.fr\/wp-content\/uploads\/2024\/02\/01-300x169.jpg 300w, https:\/\/www.deesse23.fr\/wp-content\/uploads\/2024\/02\/01-1024x576.jpg 1024w, https:\/\/www.deesse23.fr\/wp-content\/uploads\/2024\/02\/01-768x432.jpg 768w, https:\/\/www.deesse23.fr\/wp-content\/uploads\/2024\/02\/01-1536x864.jpg 1536w, https:\/\/www.deesse23.fr\/wp-content\/uploads\/2024\/02\/01-2048x1152.jpg 2048w\" sizes=\"(max-width: 2500px) 100vw, 2500px\" \/><\/div><\/div><\/a><\/figure><\/div><\/li><li class=\"kadence-blocks-gallery-item\"><div class=\"kadence-blocks-gallery-item-inner\"><figure class=\"kb-gallery-figure kb-gallery-item-has-link kadence-blocks-gallery-item-hide-caption\"><a href=\"https:\/\/www.deesse23.fr\/wp-content\/uploads\/2024\/02\/20230525_091841.jpg\" data-description=\"Vestiaires et locaux sportifs du stade de la Chambrerie de Tours (37)\" class=\"kb-gallery-item-link\"   role=\"button\" aria-haspopup=\"dialog\"><div class=\"kb-gal-image-radius\" style=\"max-width:2500px;\"><div class=\"kb-gallery-image-contain kadence-blocks-gallery-intrinsic\" style=\"padding-bottom:34%;\"><img decoding=\"async\" src=\"https:\/\/www.deesse23.fr\/wp-content\/uploads\/2024\/02\/20230525_091841.jpg\" width=\"2500\" height=\"869\" alt=\"\" data-full-image=\"https:\/\/www.deesse23.fr\/wp-content\/uploads\/2024\/02\/20230525_091841.jpg\" data-light-image=\"https:\/\/www.deesse23.fr\/wp-content\/uploads\/2024\/02\/20230525_091841.jpg\" data-id=\"903\" class=\"wp-image-903\" srcset=\"https:\/\/www.deesse23.fr\/wp-content\/uploads\/2024\/02\/20230525_091841.jpg 2500w, https:\/\/www.deesse23.fr\/wp-content\/uploads\/2024\/02\/20230525_091841-300x104.jpg 300w, https:\/\/www.deesse23.fr\/wp-content\/uploads\/2024\/02\/20230525_091841-1024x356.jpg 1024w, https:\/\/www.deesse23.fr\/wp-content\/uploads\/2024\/02\/20230525_091841-768x267.jpg 768w, https:\/\/www.deesse23.fr\/wp-content\/uploads\/2024\/02\/20230525_091841-1536x534.jpg 1536w, https:\/\/www.deesse23.fr\/wp-content\/uploads\/2024\/02\/20230525_091841-2048x712.jpg 2048w\" sizes=\"(max-width: 2500px) 100vw, 2500px\" \/><\/div><\/div><\/a><\/figure><\/div><\/li><li class=\"kadence-blocks-gallery-item\"><div class=\"kadence-blocks-gallery-item-inner\"><figure class=\"kb-gallery-figure kb-gallery-item-has-link kadence-blocks-gallery-item-hide-caption\"><a href=\"https:\/\/www.deesse23.fr\/wp-content\/uploads\/2024\/02\/02.jpg\" data-description=\"Vestiaires et locaux sportifs du stade de la Chambrerie de Tours (37)\" class=\"kb-gallery-item-link\"   role=\"button\" aria-haspopup=\"dialog\"><div class=\"kb-gal-image-radius\" style=\"max-width:2500px;\"><div class=\"kb-gallery-image-contain kadence-blocks-gallery-intrinsic\" style=\"padding-bottom:75%;\"><img decoding=\"async\" src=\"https:\/\/www.deesse23.fr\/wp-content\/uploads\/2024\/02\/02.jpg\" width=\"2500\" height=\"1875\" alt=\"\" data-full-image=\"https:\/\/www.deesse23.fr\/wp-content\/uploads\/2024\/02\/02.jpg\" data-light-image=\"https:\/\/www.deesse23.fr\/wp-content\/uploads\/2024\/02\/02.jpg\" data-id=\"902\" class=\"wp-image-902\" srcset=\"https:\/\/www.deesse23.fr\/wp-content\/uploads\/2024\/02\/02.jpg 2500w, https:\/\/www.deesse23.fr\/wp-content\/uploads\/2024\/02\/02-300x225.jpg 300w, https:\/\/www.deesse23.fr\/wp-content\/uploads\/2024\/02\/02-1024x768.jpg 1024w, https:\/\/www.deesse23.fr\/wp-content\/uploads\/2024\/02\/02-768x576.jpg 768w, https:\/\/www.deesse23.fr\/wp-content\/uploads\/2024\/02\/02-1536x1152.jpg 1536w, https:\/\/www.deesse23.fr\/wp-content\/uploads\/2024\/02\/02-2048x1536.jpg 2048w\" sizes=\"(max-width: 2500px) 100vw, 2500px\" \/><\/div><\/div><\/a><\/figure><\/div><\/li><li class=\"kadence-blocks-gallery-item\"><div class=\"kadence-blocks-gallery-item-inner\"><figure class=\"kb-gallery-figure kb-gallery-item-has-link kadence-blocks-gallery-item-hide-caption\"><a href=\"https:\/\/www.deesse23.fr\/wp-content\/uploads\/2024\/02\/01-Equipe_Irland-projet.jpg\" data-description=\"Ireland Rugby Gym Session, Stade de la Chambrerie, Tours, France 1\/9\/2023 \nThe Ireland Squad during the gym session \nMandatory Credit \u00a9INPHO\/Dan Sheridan\" class=\"kb-gallery-item-link\"   role=\"button\" aria-haspopup=\"dialog\"><div class=\"kb-gal-image-radius\" style=\"max-width:2500px;\"><div class=\"kb-gallery-image-contain kadence-blocks-gallery-intrinsic\" style=\"padding-bottom:66%;\"><img loading=\"lazy\" decoding=\"async\" src=\"https:\/\/www.deesse23.fr\/wp-content\/uploads\/2024\/02\/01-Equipe_Irland-projet.jpg\" width=\"2500\" height=\"1667\" alt=\"\" data-full-image=\"https:\/\/www.deesse23.fr\/wp-content\/uploads\/2024\/02\/01-Equipe_Irland-projet.jpg\" data-light-image=\"https:\/\/www.deesse23.fr\/wp-content\/uploads\/2024\/02\/01-Equipe_Irland-projet.jpg\" data-id=\"901\" class=\"wp-image-901\" srcset=\"https:\/\/www.deesse23.fr\/wp-content\/uploads\/2024\/02\/01-Equipe_Irland-projet.jpg 2500w, https:\/\/www.deesse23.fr\/wp-content\/uploads\/2024\/02\/01-Equipe_Irland-projet-300x200.jpg 300w, https:\/\/www.deesse23.fr\/wp-content\/uploads\/2024\/02\/01-Equipe_Irland-projet-1024x683.jpg 1024w, https:\/\/www.deesse23.fr\/wp-content\/uploads\/2024\/02\/01-Equipe_Irland-projet-768x512.jpg 768w, https:\/\/www.deesse23.fr\/wp-content\/uploads\/2024\/02\/01-Equipe_Irland-projet-1536x1024.jpg 1536w, https:\/\/www.deesse23.fr\/wp-content\/uploads\/2024\/02\/01-Equipe_Irland-projet-2048x1366.jpg 2048w\" sizes=\"(max-width: 2500px) 100vw, 2500px\" \/><\/div><\/div><\/a><\/figure><\/div><\/li><li class=\"kadence-blocks-gallery-item\"><div class=\"kadence-blocks-gallery-item-inner\"><figure class=\"kb-gallery-figure kb-gallery-item-has-link kadence-blocks-gallery-item-hide-caption\"><a href=\"https:\/\/www.deesse23.fr\/wp-content\/uploads\/2024\/02\/20230525_092056.jpg\" data-description=\"Vestiaires et locaux sportifs du stade de la Chambrerie de Tours (37)\" class=\"kb-gallery-item-link\"   role=\"button\" aria-haspopup=\"dialog\"><div class=\"kb-gal-image-radius\" style=\"max-width:2500px;\"><div class=\"kb-gallery-image-contain kadence-blocks-gallery-intrinsic\" style=\"padding-bottom:45%;\"><img loading=\"lazy\" decoding=\"async\" src=\"https:\/\/www.deesse23.fr\/wp-content\/uploads\/2024\/02\/20230525_092056.jpg\" width=\"2500\" height=\"1125\" alt=\"\" data-full-image=\"https:\/\/www.deesse23.fr\/wp-content\/uploads\/2024\/02\/20230525_092056.jpg\" data-light-image=\"https:\/\/www.deesse23.fr\/wp-content\/uploads\/2024\/02\/20230525_092056.jpg\" data-id=\"905\" class=\"wp-image-905\" srcset=\"https:\/\/www.deesse23.fr\/wp-content\/uploads\/2024\/02\/20230525_092056.jpg 2500w, https:\/\/www.deesse23.fr\/wp-content\/uploads\/2024\/02\/20230525_092056-300x135.jpg 300w, https:\/\/www.deesse23.fr\/wp-content\/uploads\/2024\/02\/20230525_092056-1024x461.jpg 1024w, https:\/\/www.deesse23.fr\/wp-content\/uploads\/2024\/02\/20230525_092056-768x346.jpg 768w, https:\/\/www.deesse23.fr\/wp-content\/uploads\/2024\/02\/20230525_092056-1536x691.jpg 1536w, https:\/\/www.deesse23.fr\/wp-content\/uploads\/2024\/02\/20230525_092056-2048x922.jpg 2048w\" sizes=\"(max-width: 2500px) 100vw, 2500px\" \/><\/div><\/div><\/a><\/figure><\/div><\/li><li class=\"kadence-blocks-gallery-item\"><div class=\"kadence-blocks-gallery-item-inner\"><figure class=\"kb-gallery-figure kb-gallery-item-has-link kadence-blocks-gallery-item-hide-caption\"><a href=\"https:\/\/www.deesse23.fr\/wp-content\/uploads\/2024\/02\/20230721_112534.jpg\" data-description=\"Vestiaires et locaux sportifs du stade de la Chambrerie de Tours (37)\" class=\"kb-gallery-item-link\"   role=\"button\" aria-haspopup=\"dialog\"><div class=\"kb-gal-image-radius\" style=\"max-width:2500px;\"><div class=\"kb-gallery-image-contain kadence-blocks-gallery-intrinsic\" style=\"padding-bottom:56%;\"><img loading=\"lazy\" decoding=\"async\" src=\"https:\/\/www.deesse23.fr\/wp-content\/uploads\/2024\/02\/20230721_112534.jpg\" width=\"2500\" height=\"1406\" alt=\"\" data-full-image=\"https:\/\/www.deesse23.fr\/wp-content\/uploads\/2024\/02\/20230721_112534.jpg\" data-light-image=\"https:\/\/www.deesse23.fr\/wp-content\/uploads\/2024\/02\/20230721_112534.jpg\" data-id=\"907\" class=\"wp-image-907\" srcset=\"https:\/\/www.deesse23.fr\/wp-content\/uploads\/2024\/02\/20230721_112534.jpg 2500w, https:\/\/www.deesse23.fr\/wp-content\/uploads\/2024\/02\/20230721_112534-300x169.jpg 300w, https:\/\/www.deesse23.fr\/wp-content\/uploads\/2024\/02\/20230721_112534-1024x576.jpg 1024w, https:\/\/www.deesse23.fr\/wp-content\/uploads\/2024\/02\/20230721_112534-768x432.jpg 768w, https:\/\/www.deesse23.fr\/wp-content\/uploads\/2024\/02\/20230721_112534-1536x864.jpg 1536w, https:\/\/www.deesse23.fr\/wp-content\/uploads\/2024\/02\/20230721_112534-2048x1152.jpg 2048w\" sizes=\"(max-width: 2500px) 100vw, 2500px\" \/><\/div><\/div><\/a><\/figure><\/div><\/li><li class=\"kadence-blocks-gallery-item\"><div class=\"kadence-blocks-gallery-item-inner\"><figure class=\"kb-gallery-figure kb-gallery-item-has-link kadence-blocks-gallery-item-hide-caption\"><a href=\"https:\/\/www.deesse23.fr\/wp-content\/uploads\/2024\/02\/IMG-20230830-WA0002.jpg\" data-description=\"Vestiaires et locaux sportifs du stade de la Chambrerie de Tours (37)\" class=\"kb-gallery-item-link\"   role=\"button\" aria-haspopup=\"dialog\"><div class=\"kb-gal-image-radius\" style=\"max-width:2500px;\"><div class=\"kb-gallery-image-contain kadence-blocks-gallery-intrinsic\" style=\"padding-bottom:75%;\"><img loading=\"lazy\" decoding=\"async\" src=\"https:\/\/www.deesse23.fr\/wp-content\/uploads\/2024\/02\/IMG-20230830-WA0002.jpg\" width=\"2500\" height=\"1875\" alt=\"\" data-full-image=\"https:\/\/www.deesse23.fr\/wp-content\/uploads\/2024\/02\/IMG-20230830-WA0002.jpg\" data-light-image=\"https:\/\/www.deesse23.fr\/wp-content\/uploads\/2024\/02\/IMG-20230830-WA0002.jpg\" data-id=\"908\" class=\"wp-image-908\" srcset=\"https:\/\/www.deesse23.fr\/wp-content\/uploads\/2024\/02\/IMG-20230830-WA0002.jpg 2500w, https:\/\/www.deesse23.fr\/wp-content\/uploads\/2024\/02\/IMG-20230830-WA0002-300x225.jpg 300w, https:\/\/www.deesse23.fr\/wp-content\/uploads\/2024\/02\/IMG-20230830-WA0002-1024x768.jpg 1024w, https:\/\/www.deesse23.fr\/wp-content\/uploads\/2024\/02\/IMG-20230830-WA0002-768x576.jpg 768w, https:\/\/www.deesse23.fr\/wp-content\/uploads\/2024\/02\/IMG-20230830-WA0002-1536x1152.jpg 1536w, https:\/\/www.deesse23.fr\/wp-content\/uploads\/2024\/02\/IMG-20230830-WA0002-2048x1536.jpg 2048w\" sizes=\"(max-width: 2500px) 100vw, 2500px\" \/><\/div><\/div><\/a><\/figure><\/div><\/li><li class=\"kadence-blocks-gallery-item\"><div class=\"kadence-blocks-gallery-item-inner\"><figure class=\"kb-gallery-figure kb-gallery-item-has-link kadence-blocks-gallery-item-hide-caption\"><a href=\"https:\/\/www.deesse23.fr\/wp-content\/uploads\/2024\/02\/20230613_162001.jpg\" data-description=\"Vestiaires et locaux sportifs du stade de la Chambrerie de Tours (37)\" class=\"kb-gallery-item-link\"   role=\"button\" aria-haspopup=\"dialog\"><div class=\"kb-gal-image-radius\" style=\"max-width:2500px;\"><div class=\"kb-gallery-image-contain kadence-blocks-gallery-intrinsic\" style=\"padding-bottom:42%;\"><img loading=\"lazy\" decoding=\"async\" src=\"https:\/\/www.deesse23.fr\/wp-content\/uploads\/2024\/02\/20230613_162001.jpg\" width=\"2500\" height=\"1053\" alt=\"\" data-full-image=\"https:\/\/www.deesse23.fr\/wp-content\/uploads\/2024\/02\/20230613_162001.jpg\" data-light-image=\"https:\/\/www.deesse23.fr\/wp-content\/uploads\/2024\/02\/20230613_162001.jpg\" data-id=\"906\" class=\"wp-image-906\" srcset=\"https:\/\/www.deesse23.fr\/wp-content\/uploads\/2024\/02\/20230613_162001.jpg 2500w, https:\/\/www.deesse23.fr\/wp-content\/uploads\/2024\/02\/20230613_162001-300x126.jpg 300w, https:\/\/www.deesse23.fr\/wp-content\/uploads\/2024\/02\/20230613_162001-1024x431.jpg 1024w, https:\/\/www.deesse23.fr\/wp-content\/uploads\/2024\/02\/20230613_162001-768x323.jpg 768w, https:\/\/www.deesse23.fr\/wp-content\/uploads\/2024\/02\/20230613_162001-1536x647.jpg 1536w, https:\/\/www.deesse23.fr\/wp-content\/uploads\/2024\/02\/20230613_162001-2048x863.jpg 2048w\" sizes=\"(max-width: 2500px) 100vw, 2500px\" \/><\/div><\/div><\/a><\/figure><\/div><\/li><\/ul><\/div><\/div><\/div>\n","protected":false},"excerpt":{"rendered":"<p>Ma\u00eetre d&rsquo;Ouvrage : Ville de ToursSurface plancher : 1 076 m\u00b2Co\u00fbt travaux : 1,83M\u20ac HTStatut du projet : Livraison 2023Ma\u00eetrise d&rsquo;\u0152uvre : D\u00c9ESSE 23 architecte mandataire, Oteis Rennes BE structure-fluides, CdLP \u00e9conomistePhotographie : D\u00c9ESSE 23 architectes D\u00e9marche environnementale : BBC ; RT2012 ; E3C1 Situ\u00e9 au Nord-Est de la ville de Tours, ce nouvel \u00e9quipement&#8230;<\/p>\n","protected":false},"author":1,"featured_media":0,"parent":0,"menu_order":0,"comment_status":"closed","ping_status":"closed","template":"","meta":{"_eb_attr":"","_kadence_starter_templates_imported_post":false,"_kad_post_transparent":"","_kad_post_title":"","_kad_post_layout":"","_kad_post_sidebar_id":"","_kad_post_content_style":"","_kad_post_vertical_padding":"","_kad_post_feature":"","_kad_post_feature_position":"","_kad_post_header":false,"_kad_post_footer":false,"footnotes":""},"class_list":["post-528","page","type-page","status-publish","hentry"],"_links":{"self":[{"href":"https:\/\/www.deesse23.fr\/index.php\/wp-json\/wp\/v2\/pages\/528","targetHints":{"allow":["GET"]}}],"collection":[{"href":"https:\/\/www.deesse23.fr\/index.php\/wp-json\/wp\/v2\/pages"}],"about":[{"href":"https:\/\/www.deesse23.fr\/index.php\/wp-json\/wp\/v2\/types\/page"}],"author":[{"embeddable":true,"href":"https:\/\/www.deesse23.fr\/index.php\/wp-json\/wp\/v2\/users\/1"}],"replies":[{"embeddable":true,"href":"https:\/\/www.deesse23.fr\/index.php\/wp-json\/wp\/v2\/comments?post=528"}],"version-history":[{"count":18,"href":"https:\/\/www.deesse23.fr\/index.php\/wp-json\/wp\/v2\/pages\/528\/revisions"}],"predecessor-version":[{"id":2678,"href":"https:\/\/www.deesse23.fr\/index.php\/wp-json\/wp\/v2\/pages\/528\/revisions\/2678"}],"wp:attachment":[{"href":"https:\/\/www.deesse23.fr\/index.php\/wp-json\/wp\/v2\/media?parent=528"}],"curies":[{"name":"wp","href":"https:\/\/api.w.org\/{rel}","templated":true}]}}