{"id":467,"date":"2024-01-30T15:04:51","date_gmt":"2024-01-30T14:04:51","guid":{"rendered":"https:\/\/www.deesse23.fr\/TestWPDS\/?page_id=467"},"modified":"2026-02-16T15:47:50","modified_gmt":"2026-02-16T14:47:50","slug":"332-bauge-en-anjou","status":"publish","type":"page","link":"https:\/\/www.deesse23.fr\/index.php\/332-bauge-en-anjou\/","title":{"rendered":"332 &#8211; Baug\u00e9-en-Anjou"},"content":{"rendered":"\n<div style=\"height:100px\" aria-hidden=\"true\" class=\"wp-block-spacer\"><\/div>\n\n\n\n<div class=\"wp-block-essential-blocks-advanced-heading  root-eb-advance-heading-s6qxi\"><div class=\"eb-parent-wrapper eb-parent-eb-advance-heading-s6qxi \"><div class=\"eb-advance-heading-wrapper eb-advance-heading-s6qxi button-1 undefined\" data-id=\"eb-advance-heading-s6qxi\"><h2 class=\"eb-ah-title\"><span class=\"first-title\">Cuisine centrale \u00e0 Baug\u00e9-en-Anjou (49)<\/span><\/h2><\/div><\/div><\/div>\n\n\n<style>.kb-row-layout-id467_b37a42-1b > .kt-row-column-wrap{align-content:start;}:where(.kb-row-layout-id467_b37a42-1b > .kt-row-column-wrap) > .wp-block-kadence-column{justify-content:start;}.kb-row-layout-id467_b37a42-1b > .kt-row-column-wrap{column-gap:var(--global-kb-gap-md, 2rem);row-gap:var(--global-kb-gap-md, 2rem);padding-top:var(--global-kb-spacing-sm, 1.5rem);padding-right:var(--global-kb-spacing-lg, 3rem);padding-bottom:var(--global-kb-spacing-sm, 1.5rem);padding-left:var(--global-kb-spacing-lg, 3rem);grid-template-columns:repeat(2, minmax(0, 1fr));}.kb-row-layout-id467_b37a42-1b > .kt-row-layout-overlay{opacity:0.30;}@media all and (max-width: 1024px){.kb-row-layout-id467_b37a42-1b > .kt-row-column-wrap{grid-template-columns:repeat(2, minmax(0, 1fr));}}@media all and (max-width: 767px){.kb-row-layout-id467_b37a42-1b > .kt-row-column-wrap{padding-right:0px;padding-left:0px;grid-template-columns:minmax(0, 1fr);}}<\/style><div class=\"kb-row-layout-wrap kb-row-layout-id467_b37a42-1b alignnone wp-block-kadence-rowlayout\"><div class=\"kt-row-column-wrap kt-has-2-columns kt-row-layout-equal kt-tab-layout-inherit kt-mobile-layout-row kt-row-valign-top\">\n<style>.kadence-column467_d4eb47-4e > .kt-inside-inner-col,.kadence-column467_d4eb47-4e > .kt-inside-inner-col:before{border-top-left-radius:0px;border-top-right-radius:0px;border-bottom-right-radius:0px;border-bottom-left-radius:0px;}.kadence-column467_d4eb47-4e > .kt-inside-inner-col{column-gap:var(--global-kb-gap-sm, 1rem);}.kadence-column467_d4eb47-4e > .kt-inside-inner-col{flex-direction:column;}.kadence-column467_d4eb47-4e > .kt-inside-inner-col > .aligncenter{width:100%;}.kadence-column467_d4eb47-4e > .kt-inside-inner-col:before{opacity:0.3;}.kadence-column467_d4eb47-4e{position:relative;}@media all and (max-width: 1024px){.kadence-column467_d4eb47-4e > .kt-inside-inner-col{flex-direction:column;justify-content:center;}}@media all and (max-width: 767px){.kadence-column467_d4eb47-4e > .kt-inside-inner-col{flex-direction:column;justify-content:center;}}<\/style>\n<div class=\"wp-block-kadence-column kadence-column467_d4eb47-4e\"><div class=\"kt-inside-inner-col\">\n<p><strong>Ma\u00eetrise d&rsquo;Ouvrage<\/strong> : Commune de Baug\u00e9 en Anjou<br><strong>Surface<\/strong> : 970 m\u00b2<br><strong>Budget pr\u00e9visionnel <\/strong>: 2,40M\u20ac HT<br><strong>Statut du projet : <\/strong>Etudes en cours &#8211; Laur\u00e9at 2024<br><strong>Ma\u00eetrise d&rsquo;\u0152uvre : <\/strong>D\u00c9ESSE 23 <em>architecte mandataire<\/em>, OTEIS <em>BE structure-fluides<\/em>, BEGC <em>cuisiniste<\/em>, ITAC <em>acoustique<\/em>, SOLER IDE <em>BE HQE<\/em>, CdLP <em>\u00e9conomiste<\/em><br><strong>Perspective : <\/strong>D\u00c9ESSE 23 architectes<br><br><strong>D\u00e9marche environnementale : <\/strong>RT2020 ; E3C1 ; Label LUCIE ; R\u00e9cup\u00e9ration des eaux pluviales ; Panneaux photovolta\u00efques ; Strat\u00e9gie Nationale Bas Carbone ; Objectif autoconsommation<\/p>\n<\/div><\/div>\n\n\n<style>.kadence-column467_5cd37c-cc > .kt-inside-inner-col,.kadence-column467_5cd37c-cc > .kt-inside-inner-col:before{border-top-left-radius:0px;border-top-right-radius:0px;border-bottom-right-radius:0px;border-bottom-left-radius:0px;}.kadence-column467_5cd37c-cc > .kt-inside-inner-col{column-gap:var(--global-kb-gap-sm, 1rem);}.kadence-column467_5cd37c-cc > .kt-inside-inner-col{flex-direction:column;}.kadence-column467_5cd37c-cc > .kt-inside-inner-col > .aligncenter{width:100%;}.kadence-column467_5cd37c-cc > .kt-inside-inner-col:before{opacity:0.3;}.kadence-column467_5cd37c-cc{position:relative;}@media all and (max-width: 1024px){.kadence-column467_5cd37c-cc > .kt-inside-inner-col{flex-direction:column;justify-content:center;}}@media all and (max-width: 767px){.kadence-column467_5cd37c-cc > .kt-inside-inner-col{flex-direction:column;justify-content:center;}}<\/style>\n<div class=\"wp-block-kadence-column kadence-column467_5cd37c-cc\"><div class=\"kt-inside-inner-col\">\n<p>L\u2019objectif de ce projet est avant tout de proposer une cuisine centrale performante, un <strong>lieu fonctionnel, ergonomique, pens\u00e9 pour la qualit\u00e9 de travail du personnel<\/strong>. La recherche de compacit\u00e9 se traduit par la rigueur d\u2019un plan et une parfaite correspondance des volumes aux usages.<br>Les acc\u00e8s clairement identifi\u00e9s permettent une s\u00e9paration des flux, livraison\/exp\u00e9dition vers la cour de service, liaison pi\u00e9tonne pour les usagers et personnels formateurs.<br><strong>Projet unitaire et \u00e9l\u00e9gant<\/strong> : Les mouvements de toiture et creux de fa\u00e7ades sont au service du fonctionnement, ils permettent de cr\u00e9er des espaces libres pour la technique (CTA\/pl\u00e9num) et des espaces ext\u00e9rieurs prot\u00e9g\u00e9s (exp\u00e9dition\/r\u00e9ception, accueil, d\u00e9ambulation). L\u2019usage principalement technique d\u2019une cuisine, induit une formalisation architecturale que nous cherchons \u00e0 \u00abmagnifier\u00bb par une \u00e9criture forte et la mise en valeur de <strong>mat\u00e9riaux nobles et respectueux de l\u2019environnement<\/strong>. Cet \u00e9quipement est en phase avec les enjeux \u00e9cologiques et environnementaux actuels, son architecture accompagne la volont\u00e9 de transition alimentaire, transition qui passe par<strong> l\u2019\u00e9ducation du \u00ab bien mang\u00e9 \u00bb (P.A.R.)<\/strong>, sensibilis\u00e9 au go\u00fbt, \u00e0 l\u2019origine des produits et la mise-en valeur des savoir-faire locaux, autant dans l\u2019assiette que dans la fa\u00e7on de construire son environnement.<\/p>\n<\/div><\/div>\n\n<\/div><\/div>\n\n\n<div style=\"height:30px\" aria-hidden=\"true\" class=\"wp-block-spacer\"><\/div>\n\n\n<style>.wp-block-kadence-advancedgallery.kb-gallery-wrap-id-467_c0832e-fe{padding-right:var(--global-kb-spacing-lg, 3rem);padding-left:var(--global-kb-spacing-lg, 3rem);}.wp-block-kadence-advancedgallery .kb-gallery-type-masonry.kb-gallery-id-467_c0832e-fe{margin:-15px;}.kb-gallery-type-masonry.kb-gallery-id-467_c0832e-fe .kadence-blocks-gallery-item{padding:15px;}.kb-gallery-id-467_c0832e-fe .kadence-blocks-gallery-item .kb-gal-image-radius, .kb-gallery-id-467_c0832e-fe .kb-slide-item .kb-gal-image-radius img{border-radius:0px 0px 0px 0px;;}@media all and (max-width: 767px){.wp-block-kadence-advancedgallery.kb-gallery-wrap-id-467_c0832e-fe{padding-right:0px;padding-left:0px;}}<\/style><div class=\"kb-gallery-wrap-id-467_c0832e-fe alignnone wp-block-kadence-advancedgallery\"><ul class=\"kb-gallery-ul kb-gallery-non-static kb-gallery-type-masonry kb-masonry-init kb-gallery-id-467_c0832e-fe kb-gallery-caption-style-bottom-hover kb-gallery-filter-none kb-gallery-magnific-init\" data-image-filter=\"none\" data-item-selector=\".kadence-blocks-gallery-item\" data-lightbox-caption=\"true\" data-columns-xxl=\"2\" data-columns-xl=\"2\" data-columns-md=\"2\" data-columns-sm=\"2\" data-columns-xs=\"1\" data-columns-ss=\"1\"><li class=\"kadence-blocks-gallery-item\"><div class=\"kadence-blocks-gallery-item-inner\"><figure class=\"kb-gallery-figure kb-gallery-item-has-link kadence-blocks-gallery-item-hide-caption\"><a href=\"https:\/\/www.deesse23.fr\/wp-content\/uploads\/2024\/01\/332a-Perspective_EXT-FINALE.jpg\" data-description=\"Cuisine Centrale de Baug\u00e9-en-Anjou (49)\" class=\"kb-gallery-item-link\"   role=\"button\" aria-haspopup=\"dialog\"><div class=\"kb-gal-image-radius\" style=\"max-width:2500px;\"><div class=\"kb-gallery-image-contain kadence-blocks-gallery-intrinsic\" style=\"padding-bottom:41%;\"><img fetchpriority=\"high\" decoding=\"async\" src=\"https:\/\/www.deesse23.fr\/wp-content\/uploads\/2024\/01\/332a-Perspective_EXT-FINALE.jpg\" width=\"2500\" height=\"1049\" alt=\"\" data-full-image=\"https:\/\/www.deesse23.fr\/wp-content\/uploads\/2024\/01\/332a-Perspective_EXT-FINALE.jpg\" data-light-image=\"https:\/\/www.deesse23.fr\/wp-content\/uploads\/2024\/01\/332a-Perspective_EXT-FINALE.jpg\" data-id=\"469\" class=\"wp-image-469\" srcset=\"https:\/\/www.deesse23.fr\/wp-content\/uploads\/2024\/01\/332a-Perspective_EXT-FINALE.jpg 2500w, https:\/\/www.deesse23.fr\/wp-content\/uploads\/2024\/01\/332a-Perspective_EXT-FINALE-300x126.jpg 300w, https:\/\/www.deesse23.fr\/wp-content\/uploads\/2024\/01\/332a-Perspective_EXT-FINALE-1024x430.jpg 1024w, https:\/\/www.deesse23.fr\/wp-content\/uploads\/2024\/01\/332a-Perspective_EXT-FINALE-768x322.jpg 768w, https:\/\/www.deesse23.fr\/wp-content\/uploads\/2024\/01\/332a-Perspective_EXT-FINALE-1536x645.jpg 1536w, https:\/\/www.deesse23.fr\/wp-content\/uploads\/2024\/01\/332a-Perspective_EXT-FINALE-2048x859.jpg 2048w\" sizes=\"(max-width: 2500px) 100vw, 2500px\" \/><\/div><\/div><\/a><\/figure><\/div><\/li><li class=\"kadence-blocks-gallery-item\"><div class=\"kadence-blocks-gallery-item-inner\"><figure class=\"kb-gallery-figure kb-gallery-item-has-link kadence-blocks-gallery-item-hide-caption\"><a href=\"https:\/\/www.deesse23.fr\/wp-content\/uploads\/2024\/01\/332a-plan-masse.jpg\" data-description=\"Cuisine Centrale de Baug\u00e9-en-Anjou (49)\" class=\"kb-gallery-item-link\"   role=\"button\" aria-haspopup=\"dialog\"><div class=\"kb-gal-image-radius\" style=\"max-width:2500px;\"><div class=\"kb-gallery-image-contain kadence-blocks-gallery-intrinsic\" style=\"padding-bottom:70%;\"><img decoding=\"async\" src=\"https:\/\/www.deesse23.fr\/wp-content\/uploads\/2024\/01\/332a-plan-masse.jpg\" width=\"2500\" height=\"1767\" alt=\"\" data-full-image=\"https:\/\/www.deesse23.fr\/wp-content\/uploads\/2024\/01\/332a-plan-masse.jpg\" data-light-image=\"https:\/\/www.deesse23.fr\/wp-content\/uploads\/2024\/01\/332a-plan-masse.jpg\" data-id=\"470\" class=\"wp-image-470\" srcset=\"https:\/\/www.deesse23.fr\/wp-content\/uploads\/2024\/01\/332a-plan-masse.jpg 2500w, https:\/\/www.deesse23.fr\/wp-content\/uploads\/2024\/01\/332a-plan-masse-300x212.jpg 300w, https:\/\/www.deesse23.fr\/wp-content\/uploads\/2024\/01\/332a-plan-masse-1024x724.jpg 1024w, https:\/\/www.deesse23.fr\/wp-content\/uploads\/2024\/01\/332a-plan-masse-768x543.jpg 768w, https:\/\/www.deesse23.fr\/wp-content\/uploads\/2024\/01\/332a-plan-masse-1536x1086.jpg 1536w, https:\/\/www.deesse23.fr\/wp-content\/uploads\/2024\/01\/332a-plan-masse-2048x1448.jpg 2048w\" sizes=\"(max-width: 2500px) 100vw, 2500px\" \/><\/div><\/div><\/a><\/figure><\/div><\/li><li class=\"kadence-blocks-gallery-item\"><div class=\"kadence-blocks-gallery-item-inner\"><figure class=\"kb-gallery-figure kb-gallery-item-has-link kadence-blocks-gallery-item-hide-caption\"><a href=\"https:\/\/www.deesse23.fr\/wp-content\/uploads\/2025\/03\/332-Perspective-2-entree-scaled.jpg\" data-description=\"Cuisine Centrale de Baug\u00e9-en-Anjou (49)\" class=\"kb-gallery-item-link\"   role=\"button\" aria-haspopup=\"dialog\"><div class=\"kb-gal-image-radius\" style=\"max-width:2560px;\"><div class=\"kb-gallery-image-contain kadence-blocks-gallery-intrinsic\" style=\"padding-bottom:56%;\"><img decoding=\"async\" src=\"https:\/\/www.deesse23.fr\/wp-content\/uploads\/2025\/03\/332-Perspective-2-entree-scaled.jpg\" width=\"2560\" height=\"1440\" alt=\"\" data-full-image=\"https:\/\/www.deesse23.fr\/wp-content\/uploads\/2025\/03\/332-Perspective-2-entree-scaled.jpg\" data-light-image=\"https:\/\/www.deesse23.fr\/wp-content\/uploads\/2025\/03\/332-Perspective-2-entree-scaled.jpg\" data-id=\"2161\" class=\"wp-image-2161\" srcset=\"https:\/\/www.deesse23.fr\/wp-content\/uploads\/2025\/03\/332-Perspective-2-entree-scaled.jpg 2560w, https:\/\/www.deesse23.fr\/wp-content\/uploads\/2025\/03\/332-Perspective-2-entree-300x169.jpg 300w, https:\/\/www.deesse23.fr\/wp-content\/uploads\/2025\/03\/332-Perspective-2-entree-1024x576.jpg 1024w, https:\/\/www.deesse23.fr\/wp-content\/uploads\/2025\/03\/332-Perspective-2-entree-768x432.jpg 768w, https:\/\/www.deesse23.fr\/wp-content\/uploads\/2025\/03\/332-Perspective-2-entree-50x28.jpg 50w, https:\/\/www.deesse23.fr\/wp-content\/uploads\/2025\/03\/332-Perspective-2-entree-1600x900.jpg 1600w, https:\/\/www.deesse23.fr\/wp-content\/uploads\/2025\/03\/332-Perspective-2-entree-1536x864.jpg 1536w, https:\/\/www.deesse23.fr\/wp-content\/uploads\/2025\/03\/332-Perspective-2-entree-2048x1152.jpg 2048w\" sizes=\"(max-width: 2560px) 100vw, 2560px\" \/><\/div><\/div><\/a><\/figure><\/div><\/li><li class=\"kadence-blocks-gallery-item\"><div class=\"kadence-blocks-gallery-item-inner\"><figure class=\"kb-gallery-figure kb-gallery-item-has-link kadence-blocks-gallery-item-hide-caption\"><a href=\"https:\/\/www.deesse23.fr\/wp-content\/uploads\/2024\/01\/332-Facades.jpg\" data-description=\"Cuisine Centrale de Baug\u00e9-en-Anjou (49)\" class=\"kb-gallery-item-link\"   role=\"button\" aria-haspopup=\"dialog\"><div class=\"kb-gal-image-radius\" style=\"max-width:2500px;\"><div class=\"kb-gallery-image-contain kadence-blocks-gallery-intrinsic\" style=\"padding-bottom:70%;\"><img loading=\"lazy\" decoding=\"async\" src=\"https:\/\/www.deesse23.fr\/wp-content\/uploads\/2024\/01\/332-Facades.jpg\" width=\"2500\" height=\"1768\" alt=\"\" data-full-image=\"https:\/\/www.deesse23.fr\/wp-content\/uploads\/2024\/01\/332-Facades.jpg\" data-light-image=\"https:\/\/www.deesse23.fr\/wp-content\/uploads\/2024\/01\/332-Facades.jpg\" data-id=\"471\" class=\"wp-image-471\" srcset=\"https:\/\/www.deesse23.fr\/wp-content\/uploads\/2024\/01\/332-Facades.jpg 2500w, https:\/\/www.deesse23.fr\/wp-content\/uploads\/2024\/01\/332-Facades-300x212.jpg 300w, https:\/\/www.deesse23.fr\/wp-content\/uploads\/2024\/01\/332-Facades-1024x724.jpg 1024w, https:\/\/www.deesse23.fr\/wp-content\/uploads\/2024\/01\/332-Facades-768x543.jpg 768w, https:\/\/www.deesse23.fr\/wp-content\/uploads\/2024\/01\/332-Facades-1536x1086.jpg 1536w, https:\/\/www.deesse23.fr\/wp-content\/uploads\/2024\/01\/332-Facades-2048x1448.jpg 2048w\" sizes=\"(max-width: 2500px) 100vw, 2500px\" \/><\/div><\/div><\/a><\/figure><\/div><\/li><li class=\"kadence-blocks-gallery-item\"><div class=\"kadence-blocks-gallery-item-inner\"><figure class=\"kb-gallery-figure kb-gallery-item-has-link kadence-blocks-gallery-item-hide-caption\"><a href=\"https:\/\/www.deesse23.fr\/wp-content\/uploads\/2024\/01\/332a-coupe.jpg\" data-description=\"Cuisine Centrale de Baug\u00e9-en-Anjou (49)\" class=\"kb-gallery-item-link\"   role=\"button\" aria-haspopup=\"dialog\"><div class=\"kb-gal-image-radius\" style=\"max-width:2500px;\"><div class=\"kb-gallery-image-contain kadence-blocks-gallery-intrinsic\" style=\"padding-bottom:70%;\"><img loading=\"lazy\" decoding=\"async\" src=\"https:\/\/www.deesse23.fr\/wp-content\/uploads\/2024\/01\/332a-coupe.jpg\" width=\"2500\" height=\"1767\" alt=\"\" data-full-image=\"https:\/\/www.deesse23.fr\/wp-content\/uploads\/2024\/01\/332a-coupe.jpg\" data-light-image=\"https:\/\/www.deesse23.fr\/wp-content\/uploads\/2024\/01\/332a-coupe.jpg\" data-id=\"468\" class=\"wp-image-468\" srcset=\"https:\/\/www.deesse23.fr\/wp-content\/uploads\/2024\/01\/332a-coupe.jpg 2500w, https:\/\/www.deesse23.fr\/wp-content\/uploads\/2024\/01\/332a-coupe-300x212.jpg 300w, https:\/\/www.deesse23.fr\/wp-content\/uploads\/2024\/01\/332a-coupe-1024x724.jpg 1024w, https:\/\/www.deesse23.fr\/wp-content\/uploads\/2024\/01\/332a-coupe-768x543.jpg 768w, https:\/\/www.deesse23.fr\/wp-content\/uploads\/2024\/01\/332a-coupe-1536x1086.jpg 1536w, https:\/\/www.deesse23.fr\/wp-content\/uploads\/2024\/01\/332a-coupe-2048x1448.jpg 2048w\" sizes=\"(max-width: 2500px) 100vw, 2500px\" \/><\/div><\/div><\/a><\/figure><\/div><\/li><\/ul><\/div>","protected":false},"excerpt":{"rendered":"<p>Ma\u00eetrise d&rsquo;Ouvrage : Commune de Baug\u00e9 en AnjouSurface : 970 m\u00b2Budget pr\u00e9visionnel : 2,40M\u20ac HTStatut du projet : Etudes en cours &#8211; Laur\u00e9at 2024Ma\u00eetrise d&rsquo;\u0152uvre : D\u00c9ESSE 23 architecte mandataire, OTEIS BE structure-fluides, BEGC cuisiniste, ITAC acoustique, SOLER IDE BE HQE, CdLP \u00e9conomistePerspective : D\u00c9ESSE 23 architectes D\u00e9marche environnementale : RT2020 ; E3C1 ; Label&#8230;<\/p>\n","protected":false},"author":1,"featured_media":0,"parent":0,"menu_order":0,"comment_status":"closed","ping_status":"closed","template":"","meta":{"_eb_attr":"","_kadence_starter_templates_imported_post":false,"_kad_post_transparent":"","_kad_post_title":"","_kad_post_layout":"","_kad_post_sidebar_id":"","_kad_post_content_style":"","_kad_post_vertical_padding":"","_kad_post_feature":"","_kad_post_feature_position":"","_kad_post_header":false,"_kad_post_footer":false,"footnotes":""},"class_list":["post-467","page","type-page","status-publish","hentry"],"_links":{"self":[{"href":"https:\/\/www.deesse23.fr\/index.php\/wp-json\/wp\/v2\/pages\/467","targetHints":{"allow":["GET"]}}],"collection":[{"href":"https:\/\/www.deesse23.fr\/index.php\/wp-json\/wp\/v2\/pages"}],"about":[{"href":"https:\/\/www.deesse23.fr\/index.php\/wp-json\/wp\/v2\/types\/page"}],"author":[{"embeddable":true,"href":"https:\/\/www.deesse23.fr\/index.php\/wp-json\/wp\/v2\/users\/1"}],"replies":[{"embeddable":true,"href":"https:\/\/www.deesse23.fr\/index.php\/wp-json\/wp\/v2\/comments?post=467"}],"version-history":[{"count":23,"href":"https:\/\/www.deesse23.fr\/index.php\/wp-json\/wp\/v2\/pages\/467\/revisions"}],"predecessor-version":[{"id":2692,"href":"https:\/\/www.deesse23.fr\/index.php\/wp-json\/wp\/v2\/pages\/467\/revisions\/2692"}],"wp:attachment":[{"href":"https:\/\/www.deesse23.fr\/index.php\/wp-json\/wp\/v2\/media?parent=467"}],"curies":[{"name":"wp","href":"https:\/\/api.w.org\/{rel}","templated":true}]}}