{"id":2856,"date":"2026-02-23T12:09:18","date_gmt":"2026-02-23T11:09:18","guid":{"rendered":"https:\/\/www.deesse23.fr\/?page_id=2856"},"modified":"2026-02-23T12:42:29","modified_gmt":"2026-02-23T11:42:29","slug":"342-concarneau","status":"publish","type":"page","link":"https:\/\/www.deesse23.fr\/index.php\/342-concarneau\/","title":{"rendered":"342 &#8211; Concarneau"},"content":{"rendered":"\n<div style=\"height:100px\" aria-hidden=\"true\" class=\"wp-block-spacer\"><\/div>\n\n\n\n<div class=\"wp-block-essential-blocks-advanced-heading  root-eb-advance-heading-7pg2t\"><div class=\"eb-parent-wrapper eb-parent-eb-advance-heading-7pg2t \"><div class=\"eb-advance-heading-wrapper eb-advance-heading-7pg2t button-1 undefined\" data-id=\"eb-advance-heading-7pg2t\"><h1 class=\"eb-ah-title\"><span class=\"first-title\">Coll\u00e8ge de Porzou \u00e0 Concarneau (29)<\/span><\/h1><\/div><\/div><\/div>\n\n\n<style>.kb-row-layout-id2856_01156a-65 > .kt-row-column-wrap{align-content:start;}:where(.kb-row-layout-id2856_01156a-65 > .kt-row-column-wrap) > .wp-block-kadence-column{justify-content:start;}.kb-row-layout-id2856_01156a-65 > .kt-row-column-wrap{column-gap:var(--global-kb-gap-md, 2rem);row-gap:var(--global-kb-gap-md, 2rem);padding-top:var(--global-kb-spacing-sm, 1.5rem);padding-right:var(--global-kb-spacing-lg, 3rem);padding-bottom:var(--global-kb-spacing-sm, 1.5rem);padding-left:var(--global-kb-spacing-lg, 3rem);grid-template-columns:repeat(2, minmax(0, 1fr));}.kb-row-layout-id2856_01156a-65 > .kt-row-layout-overlay{opacity:0.30;}@media all and (max-width: 1024px){.kb-row-layout-id2856_01156a-65 > .kt-row-column-wrap{grid-template-columns:repeat(2, minmax(0, 1fr));}}@media all and (max-width: 767px){.kb-row-layout-id2856_01156a-65 > .kt-row-column-wrap{grid-template-columns:minmax(0, 1fr);}}<\/style><div class=\"kb-row-layout-wrap kb-row-layout-id2856_01156a-65 alignnone wp-block-kadence-rowlayout\"><div class=\"kt-row-column-wrap kt-has-2-columns kt-row-layout-equal kt-tab-layout-inherit kt-mobile-layout-row kt-row-valign-top\">\n<style>.kadence-column2856_866803-1b > .kt-inside-inner-col,.kadence-column2856_866803-1b > .kt-inside-inner-col:before{border-top-left-radius:0px;border-top-right-radius:0px;border-bottom-right-radius:0px;border-bottom-left-radius:0px;}.kadence-column2856_866803-1b > .kt-inside-inner-col{column-gap:var(--global-kb-gap-sm, 1rem);}.kadence-column2856_866803-1b > .kt-inside-inner-col{flex-direction:column;}.kadence-column2856_866803-1b > .kt-inside-inner-col > .aligncenter{width:100%;}.kadence-column2856_866803-1b > .kt-inside-inner-col:before{opacity:0.3;}.kadence-column2856_866803-1b{position:relative;}@media all and (max-width: 1024px){.kadence-column2856_866803-1b > .kt-inside-inner-col{flex-direction:column;justify-content:center;}}@media all and (max-width: 767px){.kadence-column2856_866803-1b > .kt-inside-inner-col{flex-direction:column;justify-content:center;}}<\/style>\n<div class=\"wp-block-kadence-column kadence-column2856_866803-1b\"><div class=\"kt-inside-inner-col\">\n<p><strong>Ma\u00eetre d&rsquo;Ouvrage : <\/strong>Conseil D\u00e9partementale du Finist\u00e8re (29)<br><strong>Surface plancher : <\/strong>611 m\u00b2 de r\u00e9habilitation<br><strong>Co\u00fbt travaux : <\/strong>2,23M\u20ac HT<br><strong>Statut du projet :<\/strong> Chantier en cours<br><strong>Ma\u00eetrise d&rsquo;\u0152uvre : <\/strong>D\u00c9ESSE 23 <em>architecte mandataire<\/em>, OTEIS Rennes <em>BE structure-fluides<\/em>, KEGIN<em> BE cuisine<\/em>, ITAC <em>acoustique<\/em>, CdLP<em> \u00e9conomiste<\/em><br><strong>Perspective : <\/strong>D\u00c9ESSE 23 architectes<br><br><strong>D\u00e9marche environnementale<\/strong> : RT existant \u00e9l\u00e9ments par \u00e9l\u00e9ments ; D\u00e9min\u00e9ralisation de la cour<\/p>\n<\/div><\/div>\n\n\n<style>.kadence-column2856_2e3c3f-96 > .kt-inside-inner-col,.kadence-column2856_2e3c3f-96 > .kt-inside-inner-col:before{border-top-left-radius:0px;border-top-right-radius:0px;border-bottom-right-radius:0px;border-bottom-left-radius:0px;}.kadence-column2856_2e3c3f-96 > .kt-inside-inner-col{column-gap:var(--global-kb-gap-sm, 1rem);}.kadence-column2856_2e3c3f-96 > .kt-inside-inner-col{flex-direction:column;}.kadence-column2856_2e3c3f-96 > .kt-inside-inner-col > .aligncenter{width:100%;}.kadence-column2856_2e3c3f-96 > .kt-inside-inner-col:before{opacity:0.3;}.kadence-column2856_2e3c3f-96{position:relative;}@media all and (max-width: 1024px){.kadence-column2856_2e3c3f-96 > .kt-inside-inner-col{flex-direction:column;justify-content:center;}}@media all and (max-width: 767px){.kadence-column2856_2e3c3f-96 > .kt-inside-inner-col{flex-direction:column;justify-content:center;}}<\/style>\n<div class=\"wp-block-kadence-column kadence-column2856_2e3c3f-96\"><div class=\"kt-inside-inner-col\">\n<p>Le Conseil D\u00e9partemental du Finist\u00e8re dans le cadre d\u2019un programme de r\u00e9habilitation sur plusieurs de ses coll\u00e8ges, souhaite restructurer le b\u00e2timent B restauration et la cour du coll\u00e8ge. Pour la restauration, l\u2019objectif des travaux est multiple. La cuisine est ancienne et demande une remise \u00e0 niveau fonctionnelle en respect avec les nouvelles normes. L\u2019op\u00e9ration va ainsi r\u00e9organiser tout le process d\u2019organisation dans le respect du principe de marche ne avant et celui de s\u00e9paration des t\u00e2ches. Par ailleurs, les repas ne seront plus r\u00e9alis\u00e9s sur place, la production sera remplac\u00e9e par une liaison chaude directe depuis une nouvelle unit\u00e9 de production culinaire. Le service des repas va lui aussi \u00e9voluer vers une distribution de type \u00ab\u2009self-participatif\u2009\u00bb afin de faciliter le passage, gagner en fluidit\u00e9 et limiter le gaspillage alimentaire. Pour la cour, le principal objectif de l\u2019op\u00e9ration sera de renaturaliser l\u2019espace. Actuellement, marqu\u00e9e par une min\u00e9ralit\u00e9 dominante, la cours n\u2019est pas tr\u00e8s bien per\u00e7ue par l\u2019ensemble des \u00e9l\u00e8ves. Elle offre peut de diversit\u00e9 d\u2019espaces. L\u2019objectif de l\u2019op\u00e9ration sur la cour sera de redensifier la cour par le v\u00e9g\u00e9tal. De nouveaux espaces verts seront am\u00e9nag\u00e9s, proposant des lieux de calmes, de d\u00e9bats, de parcours ludiques, jardins th\u00e9matiques, p\u00e9dagogiques, sans oublier un espace plus dynamique et sportif.<\/p>\n<\/div><\/div>\n\n<\/div><\/div>\n\n\n<div style=\"height:30px\" aria-hidden=\"true\" class=\"wp-block-spacer\"><\/div>\n\n\n<style>.wp-block-kadence-advancedgallery.kb-gallery-wrap-id-2856_6241f9-38{padding-right:var(--global-kb-spacing-lg, 3rem);padding-left:var(--global-kb-spacing-lg, 3rem);}.wp-block-kadence-advancedgallery .kb-gallery-type-masonry.kb-gallery-id-2856_6241f9-38{margin:-25px;}.kb-gallery-type-masonry.kb-gallery-id-2856_6241f9-38 .kadence-blocks-gallery-item{padding:25px;}.kb-gallery-id-2856_6241f9-38 .kadence-blocks-gallery-item .kb-gal-image-radius, .kb-gallery-id-2856_6241f9-38 .kb-slide-item .kb-gal-image-radius img{border-radius:0px 0px 0px 0px;;}<\/style><div class=\"kb-gallery-wrap-id-2856_6241f9-38 alignnone wp-block-kadence-advancedgallery\"><ul class=\"kb-gallery-ul kb-gallery-non-static kb-gallery-type-masonry kb-masonry-init kb-gallery-id-2856_6241f9-38 kb-gallery-caption-style-bottom-hover kb-gallery-filter-none kb-gallery-magnific-init\" data-image-filter=\"none\" data-item-selector=\".kadence-blocks-gallery-item\" data-lightbox-caption=\"true\" data-columns-xxl=\"1\" data-columns-xl=\"1\" data-columns-md=\"1\" data-columns-sm=\"1\" data-columns-xs=\"1\" data-columns-ss=\"1\"><li class=\"kadence-blocks-gallery-item\"><div class=\"kadence-blocks-gallery-item-inner\"><figure class=\"kb-gallery-figure kb-gallery-item-has-link kadence-blocks-gallery-item-hide-caption\"><a href=\"https:\/\/www.deesse23.fr\/wp-content\/uploads\/2026\/02\/342c-PERS-COURT-Image30-1.jpg\" data-description=\"Coll\u00e8ge Porzou de Concarneau (29)\" class=\"kb-gallery-item-link\"   role=\"button\" aria-haspopup=\"dialog\"><div class=\"kb-gal-image-radius\" style=\"max-width:2500px;\"><div class=\"kb-gallery-image-contain kadence-blocks-gallery-intrinsic\" style=\"padding-bottom:56%;\"><img fetchpriority=\"high\" decoding=\"async\" src=\"https:\/\/www.deesse23.fr\/wp-content\/uploads\/2026\/02\/342c-PERS-COURT-Image30-1.jpg\" width=\"2500\" height=\"1406\" alt=\"\" data-full-image=\"https:\/\/www.deesse23.fr\/wp-content\/uploads\/2026\/02\/342c-PERS-COURT-Image30-1.jpg\" data-light-image=\"https:\/\/www.deesse23.fr\/wp-content\/uploads\/2026\/02\/342c-PERS-COURT-Image30-1.jpg\" data-id=\"2861\" class=\"wp-image-2861\" srcset=\"https:\/\/www.deesse23.fr\/wp-content\/uploads\/2026\/02\/342c-PERS-COURT-Image30-1.jpg 2500w, https:\/\/www.deesse23.fr\/wp-content\/uploads\/2026\/02\/342c-PERS-COURT-Image30-1-300x169.jpg 300w, https:\/\/www.deesse23.fr\/wp-content\/uploads\/2026\/02\/342c-PERS-COURT-Image30-1-1024x576.jpg 1024w, https:\/\/www.deesse23.fr\/wp-content\/uploads\/2026\/02\/342c-PERS-COURT-Image30-1-768x432.jpg 768w, https:\/\/www.deesse23.fr\/wp-content\/uploads\/2026\/02\/342c-PERS-COURT-Image30-1-50x28.jpg 50w, https:\/\/www.deesse23.fr\/wp-content\/uploads\/2026\/02\/342c-PERS-COURT-Image30-1-1600x900.jpg 1600w, https:\/\/www.deesse23.fr\/wp-content\/uploads\/2026\/02\/342c-PERS-COURT-Image30-1-1536x864.jpg 1536w, https:\/\/www.deesse23.fr\/wp-content\/uploads\/2026\/02\/342c-PERS-COURT-Image30-1-2048x1152.jpg 2048w\" sizes=\"(max-width: 2500px) 100vw, 2500px\" \/><\/div><\/div><\/a><\/figure><\/div><\/li><li class=\"kadence-blocks-gallery-item\"><div class=\"kadence-blocks-gallery-item-inner\"><figure class=\"kb-gallery-figure kb-gallery-item-has-link kadence-blocks-gallery-item-hide-caption\"><a href=\"https:\/\/www.deesse23.fr\/wp-content\/uploads\/2026\/02\/Plan-masse-PROJET-scaled.jpg\" data-description=\"Coll\u00e8ge Porzou de Concarneau (29)\" class=\"kb-gallery-item-link\"   role=\"button\" aria-haspopup=\"dialog\"><div class=\"kb-gal-image-radius\" style=\"max-width:2560px;\"><div class=\"kb-gallery-image-contain kadence-blocks-gallery-intrinsic\" style=\"padding-bottom:70%;\"><img decoding=\"async\" src=\"https:\/\/www.deesse23.fr\/wp-content\/uploads\/2026\/02\/Plan-masse-PROJET-scaled.jpg\" width=\"2560\" height=\"1810\" alt=\"\" data-full-image=\"https:\/\/www.deesse23.fr\/wp-content\/uploads\/2026\/02\/Plan-masse-PROJET-scaled.jpg\" data-light-image=\"https:\/\/www.deesse23.fr\/wp-content\/uploads\/2026\/02\/Plan-masse-PROJET-scaled.jpg\" data-id=\"2864\" class=\"wp-image-2864\" srcset=\"https:\/\/www.deesse23.fr\/wp-content\/uploads\/2026\/02\/Plan-masse-PROJET-scaled.jpg 2560w, https:\/\/www.deesse23.fr\/wp-content\/uploads\/2026\/02\/Plan-masse-PROJET-300x212.jpg 300w, https:\/\/www.deesse23.fr\/wp-content\/uploads\/2026\/02\/Plan-masse-PROJET-1024x724.jpg 1024w, https:\/\/www.deesse23.fr\/wp-content\/uploads\/2026\/02\/Plan-masse-PROJET-768x543.jpg 768w, https:\/\/www.deesse23.fr\/wp-content\/uploads\/2026\/02\/Plan-masse-PROJET-50x35.jpg 50w, https:\/\/www.deesse23.fr\/wp-content\/uploads\/2026\/02\/Plan-masse-PROJET-1600x1131.jpg 1600w, https:\/\/www.deesse23.fr\/wp-content\/uploads\/2026\/02\/Plan-masse-PROJET-1536x1086.jpg 1536w, https:\/\/www.deesse23.fr\/wp-content\/uploads\/2026\/02\/Plan-masse-PROJET-2048x1448.jpg 2048w\" sizes=\"(max-width: 2560px) 100vw, 2560px\" \/><\/div><\/div><\/a><\/figure><\/div><\/li><li class=\"kadence-blocks-gallery-item\"><div class=\"kadence-blocks-gallery-item-inner\"><figure class=\"kb-gallery-figure kb-gallery-item-has-link kadence-blocks-gallery-item-hide-caption\"><a href=\"https:\/\/www.deesse23.fr\/wp-content\/uploads\/2026\/02\/Axo_Paysage-1-scaled.jpg\" data-description=\"Coll\u00e8ge Porzou de Concarneau (29)\" class=\"kb-gallery-item-link\"   role=\"button\" aria-haspopup=\"dialog\"><div class=\"kb-gal-image-radius\" style=\"max-width:2560px;\"><div class=\"kb-gallery-image-contain kadence-blocks-gallery-intrinsic\" style=\"padding-bottom:64%;\"><img decoding=\"async\" src=\"https:\/\/www.deesse23.fr\/wp-content\/uploads\/2026\/02\/Axo_Paysage-1-scaled.jpg\" width=\"2560\" height=\"1662\" alt=\"\" data-full-image=\"https:\/\/www.deesse23.fr\/wp-content\/uploads\/2026\/02\/Axo_Paysage-1-scaled.jpg\" data-light-image=\"https:\/\/www.deesse23.fr\/wp-content\/uploads\/2026\/02\/Axo_Paysage-1-scaled.jpg\" data-id=\"2866\" class=\"wp-image-2866\" srcset=\"https:\/\/www.deesse23.fr\/wp-content\/uploads\/2026\/02\/Axo_Paysage-1-scaled.jpg 2560w, https:\/\/www.deesse23.fr\/wp-content\/uploads\/2026\/02\/Axo_Paysage-1-300x195.jpg 300w, https:\/\/www.deesse23.fr\/wp-content\/uploads\/2026\/02\/Axo_Paysage-1-1024x665.jpg 1024w, https:\/\/www.deesse23.fr\/wp-content\/uploads\/2026\/02\/Axo_Paysage-1-768x498.jpg 768w, https:\/\/www.deesse23.fr\/wp-content\/uploads\/2026\/02\/Axo_Paysage-1-50x32.jpg 50w, https:\/\/www.deesse23.fr\/wp-content\/uploads\/2026\/02\/Axo_Paysage-1-1600x1038.jpg 1600w, https:\/\/www.deesse23.fr\/wp-content\/uploads\/2026\/02\/Axo_Paysage-1-1536x997.jpg 1536w, https:\/\/www.deesse23.fr\/wp-content\/uploads\/2026\/02\/Axo_Paysage-1-2048x1329.jpg 2048w\" sizes=\"(max-width: 2560px) 100vw, 2560px\" \/><\/div><\/div><\/a><\/figure><\/div><\/li><li class=\"kadence-blocks-gallery-item\"><div class=\"kadence-blocks-gallery-item-inner\"><figure class=\"kb-gallery-figure kb-gallery-item-has-link kadence-blocks-gallery-item-hide-caption\"><a href=\"https:\/\/www.deesse23.fr\/wp-content\/uploads\/2026\/02\/Facades-Bat.-B-et-C-1-scaled.jpg\" data-description=\"Coll\u00e8ge Porzou de Concarneau (29)\" class=\"kb-gallery-item-link\"   role=\"button\" aria-haspopup=\"dialog\"><div class=\"kb-gal-image-radius\" style=\"max-width:2560px;\"><div class=\"kb-gallery-image-contain kadence-blocks-gallery-intrinsic\" style=\"padding-bottom:59%;\"><img loading=\"lazy\" decoding=\"async\" src=\"https:\/\/www.deesse23.fr\/wp-content\/uploads\/2026\/02\/Facades-Bat.-B-et-C-1-scaled.jpg\" width=\"2560\" height=\"1533\" alt=\"\" data-full-image=\"https:\/\/www.deesse23.fr\/wp-content\/uploads\/2026\/02\/Facades-Bat.-B-et-C-1-scaled.jpg\" data-light-image=\"https:\/\/www.deesse23.fr\/wp-content\/uploads\/2026\/02\/Facades-Bat.-B-et-C-1-scaled.jpg\" data-id=\"2867\" class=\"wp-image-2867\" srcset=\"https:\/\/www.deesse23.fr\/wp-content\/uploads\/2026\/02\/Facades-Bat.-B-et-C-1-scaled.jpg 2560w, https:\/\/www.deesse23.fr\/wp-content\/uploads\/2026\/02\/Facades-Bat.-B-et-C-1-300x180.jpg 300w, https:\/\/www.deesse23.fr\/wp-content\/uploads\/2026\/02\/Facades-Bat.-B-et-C-1-1024x613.jpg 1024w, https:\/\/www.deesse23.fr\/wp-content\/uploads\/2026\/02\/Facades-Bat.-B-et-C-1-768x460.jpg 768w, https:\/\/www.deesse23.fr\/wp-content\/uploads\/2026\/02\/Facades-Bat.-B-et-C-1-50x30.jpg 50w, https:\/\/www.deesse23.fr\/wp-content\/uploads\/2026\/02\/Facades-Bat.-B-et-C-1-1600x958.jpg 1600w, https:\/\/www.deesse23.fr\/wp-content\/uploads\/2026\/02\/Facades-Bat.-B-et-C-1-1536x920.jpg 1536w, https:\/\/www.deesse23.fr\/wp-content\/uploads\/2026\/02\/Facades-Bat.-B-et-C-1-2048x1226.jpg 2048w\" sizes=\"(max-width: 2560px) 100vw, 2560px\" \/><\/div><\/div><\/a><\/figure><\/div><\/li><\/ul><\/div>","protected":false},"excerpt":{"rendered":"<p>Ma\u00eetre d&rsquo;Ouvrage : Conseil D\u00e9partementale du Finist\u00e8re (29)Surface plancher : 611 m\u00b2 de r\u00e9habilitationCo\u00fbt travaux : 2,23M\u20ac HTStatut du projet : Chantier en coursMa\u00eetrise d&rsquo;\u0152uvre : D\u00c9ESSE 23 architecte mandataire, OTEIS Rennes BE structure-fluides, KEGIN BE cuisine, ITAC acoustique, CdLP \u00e9conomistePerspective : D\u00c9ESSE 23 architectes D\u00e9marche environnementale : RT existant \u00e9l\u00e9ments par \u00e9l\u00e9ments ; D\u00e9min\u00e9ralisation&#8230;<\/p>\n","protected":false},"author":1,"featured_media":2861,"parent":0,"menu_order":0,"comment_status":"closed","ping_status":"closed","template":"","meta":{"_eb_attr":"","_kadence_starter_templates_imported_post":false,"_kad_post_transparent":"","_kad_post_title":"","_kad_post_layout":"","_kad_post_sidebar_id":"","_kad_post_content_style":"","_kad_post_vertical_padding":"","_kad_post_feature":"","_kad_post_feature_position":"","_kad_post_header":false,"_kad_post_footer":false,"footnotes":""},"class_list":["post-2856","page","type-page","status-publish","has-post-thumbnail","hentry"],"_links":{"self":[{"href":"https:\/\/www.deesse23.fr\/index.php\/wp-json\/wp\/v2\/pages\/2856","targetHints":{"allow":["GET"]}}],"collection":[{"href":"https:\/\/www.deesse23.fr\/index.php\/wp-json\/wp\/v2\/pages"}],"about":[{"href":"https:\/\/www.deesse23.fr\/index.php\/wp-json\/wp\/v2\/types\/page"}],"author":[{"embeddable":true,"href":"https:\/\/www.deesse23.fr\/index.php\/wp-json\/wp\/v2\/users\/1"}],"replies":[{"embeddable":true,"href":"https:\/\/www.deesse23.fr\/index.php\/wp-json\/wp\/v2\/comments?post=2856"}],"version-history":[{"count":4,"href":"https:\/\/www.deesse23.fr\/index.php\/wp-json\/wp\/v2\/pages\/2856\/revisions"}],"predecessor-version":[{"id":2880,"href":"https:\/\/www.deesse23.fr\/index.php\/wp-json\/wp\/v2\/pages\/2856\/revisions\/2880"}],"wp:featuredmedia":[{"embeddable":true,"href":"https:\/\/www.deesse23.fr\/index.php\/wp-json\/wp\/v2\/media\/2861"}],"wp:attachment":[{"href":"https:\/\/www.deesse23.fr\/index.php\/wp-json\/wp\/v2\/media?parent=2856"}],"curies":[{"name":"wp","href":"https:\/\/api.w.org\/{rel}","templated":true}]}}