{"id":2763,"date":"2026-02-16T18:14:01","date_gmt":"2026-02-16T17:14:01","guid":{"rendered":"https:\/\/www.deesse23.fr\/?page_id=2763"},"modified":"2026-02-16T18:18:17","modified_gmt":"2026-02-16T17:18:17","slug":"290-reze","status":"publish","type":"page","link":"https:\/\/www.deesse23.fr\/index.php\/290-reze\/","title":{"rendered":"290 &#8211; Rez\u00e9"},"content":{"rendered":"\n<div style=\"height:100px\" aria-hidden=\"true\" class=\"wp-block-spacer\"><\/div>\n\n\n\n<div class=\"wp-block-essential-blocks-advanced-heading  root-eb-advance-heading-6b2vd\"><div class=\"eb-parent-wrapper eb-parent-eb-advance-heading-6b2vd \"><div class=\"eb-advance-heading-wrapper eb-advance-heading-6b2vd button-1 undefined\" data-id=\"eb-advance-heading-6b2vd\"><h1 class=\"eb-ah-title\"><span class=\"first-title\">Centre d&rsquo;Incendie et de Secours de Rez\u00e9 (44)<\/span><\/h1><\/div><\/div><\/div>\n\n\n<style>.kb-row-layout-id2763_42c9a9-21 > .kt-row-column-wrap{align-content:start;}:where(.kb-row-layout-id2763_42c9a9-21 > .kt-row-column-wrap) > .wp-block-kadence-column{justify-content:start;}.kb-row-layout-id2763_42c9a9-21 > .kt-row-column-wrap{column-gap:var(--global-kb-gap-md, 2rem);row-gap:var(--global-kb-gap-md, 2rem);padding-top:var(--global-kb-spacing-sm, 1.5rem);padding-right:var(--global-kb-spacing-lg, 3rem);padding-bottom:var(--global-kb-spacing-sm, 1.5rem);padding-left:var(--global-kb-spacing-lg, 3rem);grid-template-columns:repeat(2, minmax(0, 1fr));}.kb-row-layout-id2763_42c9a9-21 > .kt-row-layout-overlay{opacity:0.30;}@media all and (max-width: 1024px){.kb-row-layout-id2763_42c9a9-21 > .kt-row-column-wrap{grid-template-columns:repeat(2, minmax(0, 1fr));}}@media all and (max-width: 767px){.kb-row-layout-id2763_42c9a9-21 > .kt-row-column-wrap{grid-template-columns:minmax(0, 1fr);}}<\/style><div class=\"kb-row-layout-wrap kb-row-layout-id2763_42c9a9-21 alignnone wp-block-kadence-rowlayout\"><div class=\"kt-row-column-wrap kt-has-2-columns kt-row-layout-equal kt-tab-layout-inherit kt-mobile-layout-row kt-row-valign-top\">\n<style>.kadence-column2763_94933a-69 > .kt-inside-inner-col,.kadence-column2763_94933a-69 > .kt-inside-inner-col:before{border-top-left-radius:0px;border-top-right-radius:0px;border-bottom-right-radius:0px;border-bottom-left-radius:0px;}.kadence-column2763_94933a-69 > .kt-inside-inner-col{column-gap:var(--global-kb-gap-sm, 1rem);}.kadence-column2763_94933a-69 > .kt-inside-inner-col{flex-direction:column;}.kadence-column2763_94933a-69 > .kt-inside-inner-col > .aligncenter{width:100%;}.kadence-column2763_94933a-69 > .kt-inside-inner-col:before{opacity:0.3;}.kadence-column2763_94933a-69{position:relative;}@media all and (max-width: 1024px){.kadence-column2763_94933a-69 > .kt-inside-inner-col{flex-direction:column;justify-content:center;}}@media all and (max-width: 767px){.kadence-column2763_94933a-69 > .kt-inside-inner-col{flex-direction:column;justify-content:center;}}<\/style>\n<div class=\"wp-block-kadence-column kadence-column2763_94933a-69\"><div class=\"kt-inside-inner-col\">\n<p><strong>Ma\u00eetre d&rsquo;Ouvrage : <\/strong>SDIS 44<br><strong>Surface plancher : <\/strong>2 993 m\u00b2 de r\u00e9habilitation et 389 m\u00b2 d&rsquo;extension<br><strong>Co\u00fbt travaux : <\/strong>5,29M\u20ac HT<br><strong>Statut du projet :<\/strong> Chantier en cours<br><strong>Ma\u00eetrise d&rsquo;\u0152uvre : <\/strong>D\u00c9ESSE 23 <em>architecte mandataire<\/em>, OTEIS Nantes <em>BE structure-fluides<\/em>, CdLP <em>\u00e9conomiste<\/em>, ITAC <em>acoustique<\/em><br><strong>Perspective : <\/strong>D\u00c9ESSE 23 architectes<br><br><strong>D\u00e9marche environnementale<\/strong> : RT2012 pour l&rsquo;extension ; RT R\u00e9novation Globale pour la r\u00e9habilitation ; Certificat Economie d&rsquo;Energie ; Ventilation double flux ; R\u00e9emploi des appareils sanitaires<\/p>\n<\/div><\/div>\n\n\n<style>.kadence-column2763_3c8382-46 > .kt-inside-inner-col,.kadence-column2763_3c8382-46 > .kt-inside-inner-col:before{border-top-left-radius:0px;border-top-right-radius:0px;border-bottom-right-radius:0px;border-bottom-left-radius:0px;}.kadence-column2763_3c8382-46 > .kt-inside-inner-col{column-gap:var(--global-kb-gap-sm, 1rem);}.kadence-column2763_3c8382-46 > .kt-inside-inner-col{flex-direction:column;}.kadence-column2763_3c8382-46 > .kt-inside-inner-col > .aligncenter{width:100%;}.kadence-column2763_3c8382-46 > .kt-inside-inner-col:before{opacity:0.3;}.kadence-column2763_3c8382-46{position:relative;}@media all and (max-width: 1024px){.kadence-column2763_3c8382-46 > .kt-inside-inner-col{flex-direction:column;justify-content:center;}}@media all and (max-width: 767px){.kadence-column2763_3c8382-46 > .kt-inside-inner-col{flex-direction:column;justify-content:center;}}<\/style>\n<div class=\"wp-block-kadence-column kadence-column2763_3c8382-46\"><div class=\"kt-inside-inner-col\">\n<p>Le site s\u2019int\u00e8gre dans le projet d\u2019am\u00e9nagement de Pirmil &#8211; Les Isles qui place la renaturation et la valeur paysag\u00e8re des bords de Loire au c\u0153ur de sa d\u00e9marche, notamment en zone inondable.<br>Le centre de secours se distingue par son mur en brique rouge, <strong>\u00e9pine dorsale structurant les espaces<\/strong> (administration\/h\u00e9bergement au Sud, locaux op\u00e9rationnels et gymnase au Nord). Les mat\u00e9riaux bruts (brique, b\u00e9ton, vitrage) caract\u00e9risent le site. <br><strong>Le SDIS 44 engage une op\u00e9ration d&rsquo;extension-r\u00e9habilitation <\/strong>pour <strong>adapter les locaux<\/strong> aux nouvelles exigences fonctionnelles des sapeurs-pompiers et <strong>am\u00e9liorer la performance thermique<\/strong> du b\u00e2timent existant.<br>L&rsquo;objectif est d&rsquo;<strong>offrir un cadre fonctionnel, durable et int\u00e9gr\u00e9 \u00e0 son environnemen<\/strong>t, tout en r\u00e9pondant aux missions op\u00e9rationnelles du SDIS 44.<\/p>\n<\/div><\/div>\n\n<\/div><\/div>\n\n\n<div style=\"height:30px\" aria-hidden=\"true\" class=\"wp-block-spacer\"><\/div>\n\n\n<style>.wp-block-kadence-advancedgallery .kb-gallery-type-masonry.kb-gallery-id-2763_da8549-97{margin:-15px;}.kb-gallery-type-masonry.kb-gallery-id-2763_da8549-97 .kadence-blocks-gallery-item{padding:15px;}.kb-gallery-id-2763_da8549-97 .kadence-blocks-gallery-item .kb-gal-image-radius, .kb-gallery-id-2763_da8549-97 .kb-slide-item .kb-gal-image-radius img{border-radius:0px 0px 0px 0px;;}<\/style><div class=\"kb-gallery-wrap-id-2763_da8549-97 alignnone wp-block-kadence-advancedgallery\"><ul class=\"kb-gallery-ul kb-gallery-non-static kb-gallery-type-masonry kb-masonry-init kb-gallery-id-2763_da8549-97 kb-gallery-caption-style-bottom-hover kb-gallery-filter-none kb-gallery-magnific-init\" data-image-filter=\"none\" data-item-selector=\".kadence-blocks-gallery-item\" data-lightbox-caption=\"true\" data-columns-xxl=\"1\" data-columns-xl=\"1\" data-columns-md=\"1\" data-columns-sm=\"1\" data-columns-xs=\"1\" data-columns-ss=\"1\"><li class=\"kadence-blocks-gallery-item\"><div class=\"kadence-blocks-gallery-item-inner\"><figure class=\"kb-gallery-figure kb-gallery-item-has-link kadence-blocks-gallery-item-hide-caption\"><a href=\"https:\/\/www.deesse23.fr\/wp-content\/uploads\/2026\/02\/290-Perspective_SDIS-Reze-scaled.jpg\" data-description=\"Centre Incendie et de Secours de Rez\u00e9 (44)\" class=\"kb-gallery-item-link\"   role=\"button\" aria-haspopup=\"dialog\"><div class=\"kb-gal-image-radius\" style=\"max-width:1024px;\"><div class=\"kb-gallery-image-contain kadence-blocks-gallery-intrinsic\" style=\"padding-bottom:67%;\"><img fetchpriority=\"high\" decoding=\"async\" src=\"https:\/\/www.deesse23.fr\/wp-content\/uploads\/2026\/02\/290-Perspective_SDIS-Reze-1024x693.jpg\" width=\"1024\" height=\"693\" alt=\"\" data-full-image=\"https:\/\/www.deesse23.fr\/wp-content\/uploads\/2026\/02\/290-Perspective_SDIS-Reze-scaled.jpg\" data-light-image=\"https:\/\/www.deesse23.fr\/wp-content\/uploads\/2026\/02\/290-Perspective_SDIS-Reze-scaled.jpg\" data-id=\"2765\" class=\"wp-image-2765\" srcset=\"https:\/\/www.deesse23.fr\/wp-content\/uploads\/2026\/02\/290-Perspective_SDIS-Reze-1024x693.jpg 1024w, https:\/\/www.deesse23.fr\/wp-content\/uploads\/2026\/02\/290-Perspective_SDIS-Reze-300x203.jpg 300w, https:\/\/www.deesse23.fr\/wp-content\/uploads\/2026\/02\/290-Perspective_SDIS-Reze-768x519.jpg 768w, https:\/\/www.deesse23.fr\/wp-content\/uploads\/2026\/02\/290-Perspective_SDIS-Reze-50x34.jpg 50w, https:\/\/www.deesse23.fr\/wp-content\/uploads\/2026\/02\/290-Perspective_SDIS-Reze-1600x1082.jpg 1600w, https:\/\/www.deesse23.fr\/wp-content\/uploads\/2026\/02\/290-Perspective_SDIS-Reze-1536x1039.jpg 1536w, https:\/\/www.deesse23.fr\/wp-content\/uploads\/2026\/02\/290-Perspective_SDIS-Reze-2048x1385.jpg 2048w\" sizes=\"(max-width: 1024px) 100vw, 1024px\" \/><\/div><\/div><\/a><\/figure><\/div><\/li><li class=\"kadence-blocks-gallery-item\"><div class=\"kadence-blocks-gallery-item-inner\"><figure class=\"kb-gallery-figure kb-gallery-item-has-link kadence-blocks-gallery-item-hide-caption\"><a href=\"https:\/\/www.deesse23.fr\/wp-content\/uploads\/2026\/02\/plan-masse-500-PC-scaled.jpg\" data-description=\"Centre Incendie et de Secours de Rez\u00e9 (44)\" class=\"kb-gallery-item-link\"   role=\"button\" aria-haspopup=\"dialog\"><div class=\"kb-gal-image-radius\" style=\"max-width:1024px;\"><div class=\"kb-gallery-image-contain kadence-blocks-gallery-intrinsic\" style=\"padding-bottom:73%;\"><img decoding=\"async\" src=\"https:\/\/www.deesse23.fr\/wp-content\/uploads\/2026\/02\/plan-masse-500-PC-1024x748.jpg\" width=\"1024\" height=\"748\" alt=\"\" data-full-image=\"https:\/\/www.deesse23.fr\/wp-content\/uploads\/2026\/02\/plan-masse-500-PC-scaled.jpg\" data-light-image=\"https:\/\/www.deesse23.fr\/wp-content\/uploads\/2026\/02\/plan-masse-500-PC-scaled.jpg\" data-id=\"2767\" class=\"wp-image-2767\" srcset=\"https:\/\/www.deesse23.fr\/wp-content\/uploads\/2026\/02\/plan-masse-500-PC-1024x748.jpg 1024w, https:\/\/www.deesse23.fr\/wp-content\/uploads\/2026\/02\/plan-masse-500-PC-300x219.jpg 300w, https:\/\/www.deesse23.fr\/wp-content\/uploads\/2026\/02\/plan-masse-500-PC-768x561.jpg 768w, https:\/\/www.deesse23.fr\/wp-content\/uploads\/2026\/02\/plan-masse-500-PC-50x37.jpg 50w, https:\/\/www.deesse23.fr\/wp-content\/uploads\/2026\/02\/plan-masse-500-PC-1600x1169.jpg 1600w, https:\/\/www.deesse23.fr\/wp-content\/uploads\/2026\/02\/plan-masse-500-PC-1536x1122.jpg 1536w, https:\/\/www.deesse23.fr\/wp-content\/uploads\/2026\/02\/plan-masse-500-PC-2048x1496.jpg 2048w\" sizes=\"(max-width: 1024px) 100vw, 1024px\" \/><\/div><\/div><\/a><\/figure><\/div><\/li><li class=\"kadence-blocks-gallery-item\"><div class=\"kadence-blocks-gallery-item-inner\"><figure class=\"kb-gallery-figure kb-gallery-item-has-link kadence-blocks-gallery-item-hide-caption\"><a href=\"https:\/\/www.deesse23.fr\/wp-content\/uploads\/2026\/02\/290-axono-ENSEMBLE.jpg\" data-description=\"Centre Incendie et de Secours de Rez\u00e9 (44)\" class=\"kb-gallery-item-link\"   role=\"button\" aria-haspopup=\"dialog\"><div class=\"kb-gal-image-radius\" style=\"max-width:1024px;\"><div class=\"kb-gallery-image-contain kadence-blocks-gallery-intrinsic\" style=\"padding-bottom:53%;\"><img decoding=\"async\" src=\"https:\/\/www.deesse23.fr\/wp-content\/uploads\/2026\/02\/290-axono-ENSEMBLE-1024x547.jpg\" width=\"1024\" height=\"547\" alt=\"\" data-full-image=\"https:\/\/www.deesse23.fr\/wp-content\/uploads\/2026\/02\/290-axono-ENSEMBLE.jpg\" data-light-image=\"https:\/\/www.deesse23.fr\/wp-content\/uploads\/2026\/02\/290-axono-ENSEMBLE.jpg\" data-id=\"2764\" class=\"wp-image-2764\" srcset=\"https:\/\/www.deesse23.fr\/wp-content\/uploads\/2026\/02\/290-axono-ENSEMBLE-1024x547.jpg 1024w, https:\/\/www.deesse23.fr\/wp-content\/uploads\/2026\/02\/290-axono-ENSEMBLE-300x160.jpg 300w, https:\/\/www.deesse23.fr\/wp-content\/uploads\/2026\/02\/290-axono-ENSEMBLE-768x410.jpg 768w, https:\/\/www.deesse23.fr\/wp-content\/uploads\/2026\/02\/290-axono-ENSEMBLE-50x27.jpg 50w, https:\/\/www.deesse23.fr\/wp-content\/uploads\/2026\/02\/290-axono-ENSEMBLE.jpg 1181w\" sizes=\"(max-width: 1024px) 100vw, 1024px\" \/><\/div><\/div><\/a><\/figure><\/div><\/li><li class=\"kadence-blocks-gallery-item\"><div class=\"kadence-blocks-gallery-item-inner\"><figure class=\"kb-gallery-figure kb-gallery-item-has-link kadence-blocks-gallery-item-hide-caption\"><a href=\"https:\/\/www.deesse23.fr\/wp-content\/uploads\/2026\/02\/Facades_7-scaled.jpg\" data-description=\"Centre Incendie et de Secours de Rez\u00e9 (44)\" class=\"kb-gallery-item-link\"   role=\"button\" aria-haspopup=\"dialog\"><div class=\"kb-gal-image-radius\" style=\"max-width:1024px;\"><div class=\"kb-gallery-image-contain kadence-blocks-gallery-intrinsic\" style=\"padding-bottom:70%;\"><img loading=\"lazy\" decoding=\"async\" src=\"https:\/\/www.deesse23.fr\/wp-content\/uploads\/2026\/02\/Facades_7-1024x724.jpg\" width=\"1024\" height=\"724\" alt=\"\" data-full-image=\"https:\/\/www.deesse23.fr\/wp-content\/uploads\/2026\/02\/Facades_7-scaled.jpg\" data-light-image=\"https:\/\/www.deesse23.fr\/wp-content\/uploads\/2026\/02\/Facades_7-scaled.jpg\" data-id=\"2766\" class=\"wp-image-2766\" srcset=\"https:\/\/www.deesse23.fr\/wp-content\/uploads\/2026\/02\/Facades_7-1024x724.jpg 1024w, https:\/\/www.deesse23.fr\/wp-content\/uploads\/2026\/02\/Facades_7-300x212.jpg 300w, https:\/\/www.deesse23.fr\/wp-content\/uploads\/2026\/02\/Facades_7-768x543.jpg 768w, https:\/\/www.deesse23.fr\/wp-content\/uploads\/2026\/02\/Facades_7-50x35.jpg 50w\" sizes=\"(max-width: 1024px) 100vw, 1024px\" \/><\/div><\/div><\/a><\/figure><\/div><\/li><\/ul><\/div>","protected":false},"excerpt":{"rendered":"<p>Ma\u00eetre d&rsquo;Ouvrage : SDIS 44Surface plancher : 2 993 m\u00b2 de r\u00e9habilitation et 389 m\u00b2 d&rsquo;extensionCo\u00fbt travaux : 5,29M\u20ac HTStatut du projet : Chantier en coursMa\u00eetrise d&rsquo;\u0152uvre : D\u00c9ESSE 23 architecte mandataire, OTEIS Nantes BE structure-fluides, CdLP \u00e9conomiste, ITAC acoustiquePerspective : D\u00c9ESSE 23 architectes D\u00e9marche environnementale : RT2012 pour l&rsquo;extension ; RT R\u00e9novation Globale pour&#8230;<\/p>\n","protected":false},"author":1,"featured_media":2765,"parent":0,"menu_order":0,"comment_status":"closed","ping_status":"closed","template":"","meta":{"_eb_attr":"","_kadence_starter_templates_imported_post":false,"_kad_post_transparent":"","_kad_post_title":"","_kad_post_layout":"","_kad_post_sidebar_id":"","_kad_post_content_style":"","_kad_post_vertical_padding":"","_kad_post_feature":"","_kad_post_feature_position":"","_kad_post_header":false,"_kad_post_footer":false,"footnotes":""},"class_list":["post-2763","page","type-page","status-publish","has-post-thumbnail","hentry"],"_links":{"self":[{"href":"https:\/\/www.deesse23.fr\/index.php\/wp-json\/wp\/v2\/pages\/2763","targetHints":{"allow":["GET"]}}],"collection":[{"href":"https:\/\/www.deesse23.fr\/index.php\/wp-json\/wp\/v2\/pages"}],"about":[{"href":"https:\/\/www.deesse23.fr\/index.php\/wp-json\/wp\/v2\/types\/page"}],"author":[{"embeddable":true,"href":"https:\/\/www.deesse23.fr\/index.php\/wp-json\/wp\/v2\/users\/1"}],"replies":[{"embeddable":true,"href":"https:\/\/www.deesse23.fr\/index.php\/wp-json\/wp\/v2\/comments?post=2763"}],"version-history":[{"count":7,"href":"https:\/\/www.deesse23.fr\/index.php\/wp-json\/wp\/v2\/pages\/2763\/revisions"}],"predecessor-version":[{"id":2775,"href":"https:\/\/www.deesse23.fr\/index.php\/wp-json\/wp\/v2\/pages\/2763\/revisions\/2775"}],"wp:featuredmedia":[{"embeddable":true,"href":"https:\/\/www.deesse23.fr\/index.php\/wp-json\/wp\/v2\/media\/2765"}],"wp:attachment":[{"href":"https:\/\/www.deesse23.fr\/index.php\/wp-json\/wp\/v2\/media?parent=2763"}],"curies":[{"name":"wp","href":"https:\/\/api.w.org\/{rel}","templated":true}]}}