{"id":2742,"date":"2026-02-16T17:41:42","date_gmt":"2026-02-16T16:41:42","guid":{"rendered":"https:\/\/www.deesse23.fr\/?page_id=2742"},"modified":"2026-02-16T17:42:01","modified_gmt":"2026-02-16T16:42:01","slug":"354-la-chataigneraie","status":"publish","type":"page","link":"https:\/\/www.deesse23.fr\/index.php\/354-la-chataigneraie\/","title":{"rendered":"354 &#8211; La Chata\u00eegneraie"},"content":{"rendered":"\n<div style=\"height:100px\" aria-hidden=\"true\" class=\"wp-block-spacer\"><\/div>\n\n\n\n<div class=\"wp-block-essential-blocks-advanced-heading  root-eb-advance-heading-syike\"><div class=\"eb-parent-wrapper eb-parent-eb-advance-heading-syike \"><div class=\"eb-advance-heading-wrapper eb-advance-heading-syike button-1 undefined\" data-id=\"eb-advance-heading-syike\"><h1 class=\"eb-ah-title\"><span class=\"first-title\">Modernisation d&rsquo;un coll\u00e8ge et construction de logements \u00e0 La Chata\u00eegneraie (85) <\/span><\/h1><\/div><\/div><\/div>\n\n\n<style>.kb-row-layout-id2742_a9bd71-4e > .kt-row-column-wrap{align-content:start;}:where(.kb-row-layout-id2742_a9bd71-4e > .kt-row-column-wrap) > .wp-block-kadence-column{justify-content:start;}.kb-row-layout-id2742_a9bd71-4e > .kt-row-column-wrap{column-gap:var(--global-kb-gap-md, 2rem);row-gap:var(--global-kb-gap-md, 2rem);padding-top:var(--global-kb-spacing-sm, 1.5rem);padding-right:var(--global-kb-spacing-lg, 3rem);padding-bottom:var(--global-kb-spacing-sm, 1.5rem);padding-left:var(--global-kb-spacing-lg, 3rem);grid-template-columns:repeat(2, minmax(0, 1fr));}.kb-row-layout-id2742_a9bd71-4e > .kt-row-layout-overlay{opacity:0.30;}@media all and (max-width: 1024px){.kb-row-layout-id2742_a9bd71-4e > .kt-row-column-wrap{grid-template-columns:repeat(2, minmax(0, 1fr));}}@media all and (max-width: 767px){.kb-row-layout-id2742_a9bd71-4e > .kt-row-column-wrap{grid-template-columns:minmax(0, 1fr);}}<\/style><div class=\"kb-row-layout-wrap kb-row-layout-id2742_a9bd71-4e alignnone wp-block-kadence-rowlayout\"><div class=\"kt-row-column-wrap kt-has-2-columns kt-row-layout-equal kt-tab-layout-inherit kt-mobile-layout-row kt-row-valign-top\">\n<style>.kadence-column2742_4709d0-a2 > .kt-inside-inner-col,.kadence-column2742_4709d0-a2 > .kt-inside-inner-col:before{border-top-left-radius:0px;border-top-right-radius:0px;border-bottom-right-radius:0px;border-bottom-left-radius:0px;}.kadence-column2742_4709d0-a2 > .kt-inside-inner-col{column-gap:var(--global-kb-gap-sm, 1rem);}.kadence-column2742_4709d0-a2 > .kt-inside-inner-col{flex-direction:column;}.kadence-column2742_4709d0-a2 > .kt-inside-inner-col > .aligncenter{width:100%;}.kadence-column2742_4709d0-a2 > .kt-inside-inner-col:before{opacity:0.3;}.kadence-column2742_4709d0-a2{position:relative;}@media all and (max-width: 1024px){.kadence-column2742_4709d0-a2 > .kt-inside-inner-col{flex-direction:column;justify-content:center;}}@media all and (max-width: 767px){.kadence-column2742_4709d0-a2 > .kt-inside-inner-col{flex-direction:column;justify-content:center;}}<\/style>\n<div class=\"wp-block-kadence-column kadence-column2742_4709d0-a2\"><div class=\"kt-inside-inner-col\">\n<p><strong>Ma\u00eetre d&rsquo;Ouvrage : <\/strong>D\u00e9partement de la Vend\u00e9e<br><strong>Surface plancher : <\/strong>3 240 m\u00b2 de r\u00e9habilitation et 240 m\u00b2 d&rsquo;extension<br><strong>Co\u00fbt travaux : <\/strong>4,84M\u20ac HT<br><strong>Statut du projet :<\/strong> ACT en cours<br><strong>Ma\u00eetrise d&rsquo;\u0152uvre : <\/strong>D\u00c9ESSE 23 <em>architecte mandataire<\/em>, Frenesis <em>architecte associ\u00e9<\/em>, Cairn Ing\u00e9nierie <em>BE structure-fluides<\/em>, Antea <em>BE amiante<\/em>, Wigwam, ECB <em>\u00e9conomiste<\/em> <br><strong>Perspective : <\/strong>D\u00c9ESSE 23 architectes<em> <\/em><br><br><strong>D\u00e9marche environnementale<\/strong> : RT existant pour le coll\u00e8ge ; RT2020 pour les logements ; Panneaux photovolta\u00efques<\/p>\n<\/div><\/div>\n\n\n<style>.kadence-column2742_019ae0-68 > .kt-inside-inner-col,.kadence-column2742_019ae0-68 > .kt-inside-inner-col:before{border-top-left-radius:0px;border-top-right-radius:0px;border-bottom-right-radius:0px;border-bottom-left-radius:0px;}.kadence-column2742_019ae0-68 > .kt-inside-inner-col{column-gap:var(--global-kb-gap-sm, 1rem);}.kadence-column2742_019ae0-68 > .kt-inside-inner-col{flex-direction:column;}.kadence-column2742_019ae0-68 > .kt-inside-inner-col > .aligncenter{width:100%;}.kadence-column2742_019ae0-68 > .kt-inside-inner-col:before{opacity:0.3;}.kadence-column2742_019ae0-68{position:relative;}@media all and (max-width: 1024px){.kadence-column2742_019ae0-68 > .kt-inside-inner-col{flex-direction:column;justify-content:center;}}@media all and (max-width: 767px){.kadence-column2742_019ae0-68 > .kt-inside-inner-col{flex-direction:column;justify-content:center;}}<\/style>\n<div class=\"wp-block-kadence-column kadence-column2742_019ae0-68\"><div class=\"kt-inside-inner-col\">\n<p>L\u2019objectif de l\u2019op\u00e9ration consiste en la modernisation du coll\u00e8ge Pierre Mend\u00e8s France \u00e0 la Ch\u00e2taigneraie avec une <strong>am\u00e9lioration thermique de l\u2019enveloppe<\/strong>, la r\u00e9fection des toitures et une r\u00e9organisation des locaux. En parall\u00e8le, les logements existants actuellement hors normes et v\u00e9tustes, seront d\u00e9molit pour \u00eatre reconstruits \u00e0 neufs.<br><strong>Le projet allie restructuration respectueuse du coll\u00e8ge et reconstruction de logements ind\u00e9pendants<\/strong>, avec une attention particuli\u00e8re port\u00e9e par un maintien de la biodiversit\u00e9 du site, par la fonctionnalit\u00e9 des flux et la qualit\u00e9 des mat\u00e9riaux.<br><em>Coll\u00e8ge\u00a0: <\/em>Conservation de l\u2019implantation des b\u00e2timents existants. Le traitement par l\u2019ext\u00e9rieur des fa\u00e7ades va participer \u00e0 <strong>redynamiser le coll\u00e8ge par une nouvelle \u00e9criture<\/strong>. Le jeu des mod\u00e9natures existantes est repris par une mise en \u0153uvre de bardages diff\u00e9renci\u00e9s (plan, fines nervures, ondulation\u2026) permettant de conserver l\u2019identit\u00e9 architecturale.<br><em>Logements\u00a0:<\/em> Le b\u00e2timent accueillant 4 logements sera d\u00e9moli. Deux nouveaux logements type individuel seront <strong>reconstruit dans un esprit plus urbain<\/strong>. L\u2019\u00e9criture sera relativement ind\u00e9pendante sans pour autant rejeter le coll\u00e8ge \u00e0 qui ils appartiennent.<\/p>\n<\/div><\/div>\n\n<\/div><\/div>\n\n\n<div style=\"height:30px\" aria-hidden=\"true\" class=\"wp-block-spacer\"><\/div>\n\n\n<style>.wp-block-kadence-advancedgallery.kb-gallery-wrap-id-2742_0727cf-1f{padding-top:var(--global-kb-spacing-sm, 1.5rem);padding-right:var(--global-kb-spacing-lg, 3rem);padding-bottom:var(--global-kb-spacing-sm, 1.5rem);padding-left:var(--global-kb-spacing-lg, 3rem);}.wp-block-kadence-advancedgallery .kb-gallery-type-masonry.kb-gallery-id-2742_0727cf-1f{margin:-15px;}.kb-gallery-type-masonry.kb-gallery-id-2742_0727cf-1f .kadence-blocks-gallery-item{padding:15px;}.kb-gallery-id-2742_0727cf-1f .kadence-blocks-gallery-item .kb-gal-image-radius, .kb-gallery-id-2742_0727cf-1f .kb-slide-item .kb-gal-image-radius img{border-radius:0px 0px 0px 0px;;}<\/style><div class=\"kb-gallery-wrap-id-2742_0727cf-1f alignnone wp-block-kadence-advancedgallery\"><ul class=\"kb-gallery-ul kb-gallery-non-static kb-gallery-type-masonry kb-masonry-init kb-gallery-id-2742_0727cf-1f kb-gallery-caption-style-bottom-hover kb-gallery-filter-none\" data-image-filter=\"none\" data-item-selector=\".kadence-blocks-gallery-item\" data-lightbox-caption=\"true\" data-columns-xxl=\"2\" data-columns-xl=\"2\" data-columns-md=\"2\" data-columns-sm=\"2\" data-columns-xs=\"1\" data-columns-ss=\"1\"><li class=\"kadence-blocks-gallery-item\" tabindex=\"0\"><div class=\"kadence-blocks-gallery-item-inner\"><figure class=\"kb-gallery-figure kadence-blocks-gallery-item-hide-caption\"><div class=\"kb-gal-image-radius\" style=\"max-width:2560px;\"><div class=\"kb-gallery-image-contain kadence-blocks-gallery-intrinsic\" style=\"padding-bottom:56%;\"><img fetchpriority=\"high\" decoding=\"async\" src=\"https:\/\/www.deesse23.fr\/wp-content\/uploads\/2026\/02\/Perspective-entree-Light-scaled.jpg\" width=\"2560\" height=\"1440\" alt=\"\" data-full-image=\"https:\/\/www.deesse23.fr\/wp-content\/uploads\/2026\/02\/Perspective-entree-Light-scaled.jpg\" data-light-image=\"https:\/\/www.deesse23.fr\/wp-content\/uploads\/2026\/02\/Perspective-entree-Light-scaled.jpg\" data-id=\"2748\" class=\"wp-image-2748\" srcset=\"https:\/\/www.deesse23.fr\/wp-content\/uploads\/2026\/02\/Perspective-entree-Light-scaled.jpg 2560w, https:\/\/www.deesse23.fr\/wp-content\/uploads\/2026\/02\/Perspective-entree-Light-300x169.jpg 300w, https:\/\/www.deesse23.fr\/wp-content\/uploads\/2026\/02\/Perspective-entree-Light-1024x576.jpg 1024w, https:\/\/www.deesse23.fr\/wp-content\/uploads\/2026\/02\/Perspective-entree-Light-768x432.jpg 768w, https:\/\/www.deesse23.fr\/wp-content\/uploads\/2026\/02\/Perspective-entree-Light-50x28.jpg 50w, https:\/\/www.deesse23.fr\/wp-content\/uploads\/2026\/02\/Perspective-entree-Light-1600x900.jpg 1600w, https:\/\/www.deesse23.fr\/wp-content\/uploads\/2026\/02\/Perspective-entree-Light-1536x864.jpg 1536w, https:\/\/www.deesse23.fr\/wp-content\/uploads\/2026\/02\/Perspective-entree-Light-2048x1152.jpg 2048w\" sizes=\"(max-width: 2560px) 100vw, 2560px\" \/><\/div><\/div><\/figure><\/div><\/li><li class=\"kadence-blocks-gallery-item\" tabindex=\"0\"><div class=\"kadence-blocks-gallery-item-inner\"><figure class=\"kb-gallery-figure kadence-blocks-gallery-item-hide-caption\"><div class=\"kb-gal-image-radius\" style=\"max-width:2560px;\"><div class=\"kb-gallery-image-contain kadence-blocks-gallery-intrinsic\" style=\"padding-bottom:56%;\"><img decoding=\"async\" src=\"https:\/\/www.deesse23.fr\/wp-content\/uploads\/2026\/02\/Perspective-cour-Light-scaled.jpg\" width=\"2560\" height=\"1440\" alt=\"\" data-full-image=\"https:\/\/www.deesse23.fr\/wp-content\/uploads\/2026\/02\/Perspective-cour-Light-scaled.jpg\" data-light-image=\"https:\/\/www.deesse23.fr\/wp-content\/uploads\/2026\/02\/Perspective-cour-Light-scaled.jpg\" data-id=\"2747\" class=\"wp-image-2747\" srcset=\"https:\/\/www.deesse23.fr\/wp-content\/uploads\/2026\/02\/Perspective-cour-Light-scaled.jpg 2560w, https:\/\/www.deesse23.fr\/wp-content\/uploads\/2026\/02\/Perspective-cour-Light-300x169.jpg 300w, https:\/\/www.deesse23.fr\/wp-content\/uploads\/2026\/02\/Perspective-cour-Light-1024x576.jpg 1024w, https:\/\/www.deesse23.fr\/wp-content\/uploads\/2026\/02\/Perspective-cour-Light-768x432.jpg 768w, https:\/\/www.deesse23.fr\/wp-content\/uploads\/2026\/02\/Perspective-cour-Light-50x28.jpg 50w, https:\/\/www.deesse23.fr\/wp-content\/uploads\/2026\/02\/Perspective-cour-Light-1600x900.jpg 1600w, https:\/\/www.deesse23.fr\/wp-content\/uploads\/2026\/02\/Perspective-cour-Light-1536x864.jpg 1536w, https:\/\/www.deesse23.fr\/wp-content\/uploads\/2026\/02\/Perspective-cour-Light-2048x1152.jpg 2048w\" sizes=\"(max-width: 2560px) 100vw, 2560px\" \/><\/div><\/div><\/figure><\/div><\/li><li class=\"kadence-blocks-gallery-item\" tabindex=\"0\"><div class=\"kadence-blocks-gallery-item-inner\"><figure class=\"kb-gallery-figure kadence-blocks-gallery-item-hide-caption\"><div class=\"kb-gal-image-radius\" style=\"max-width:2560px;\"><div class=\"kb-gallery-image-contain kadence-blocks-gallery-intrinsic\" style=\"padding-bottom:68%;\"><img decoding=\"async\" src=\"https:\/\/www.deesse23.fr\/wp-content\/uploads\/2026\/02\/01-Plan-Masse-scaled.jpg\" width=\"2560\" height=\"1749\" alt=\"\" data-full-image=\"https:\/\/www.deesse23.fr\/wp-content\/uploads\/2026\/02\/01-Plan-Masse-scaled.jpg\" data-light-image=\"https:\/\/www.deesse23.fr\/wp-content\/uploads\/2026\/02\/01-Plan-Masse-scaled.jpg\" data-id=\"2743\" class=\"wp-image-2743\" srcset=\"https:\/\/www.deesse23.fr\/wp-content\/uploads\/2026\/02\/01-Plan-Masse-scaled.jpg 2560w, https:\/\/www.deesse23.fr\/wp-content\/uploads\/2026\/02\/01-Plan-Masse-300x205.jpg 300w, https:\/\/www.deesse23.fr\/wp-content\/uploads\/2026\/02\/01-Plan-Masse-1024x699.jpg 1024w, https:\/\/www.deesse23.fr\/wp-content\/uploads\/2026\/02\/01-Plan-Masse-768x525.jpg 768w, https:\/\/www.deesse23.fr\/wp-content\/uploads\/2026\/02\/01-Plan-Masse-50x34.jpg 50w, https:\/\/www.deesse23.fr\/wp-content\/uploads\/2026\/02\/01-Plan-Masse-1600x1093.jpg 1600w, https:\/\/www.deesse23.fr\/wp-content\/uploads\/2026\/02\/01-Plan-Masse-1536x1049.jpg 1536w, https:\/\/www.deesse23.fr\/wp-content\/uploads\/2026\/02\/01-Plan-Masse-2048x1399.jpg 2048w\" sizes=\"(max-width: 2560px) 100vw, 2560px\" \/><\/div><\/div><\/figure><\/div><\/li><li class=\"kadence-blocks-gallery-item\" tabindex=\"0\"><div class=\"kadence-blocks-gallery-item-inner\"><figure class=\"kb-gallery-figure kadence-blocks-gallery-item-hide-caption\"><div class=\"kb-gal-image-radius\" style=\"max-width:2560px;\"><div class=\"kb-gallery-image-contain kadence-blocks-gallery-intrinsic\" style=\"padding-bottom:65%;\"><img loading=\"lazy\" decoding=\"async\" src=\"https:\/\/www.deesse23.fr\/wp-content\/uploads\/2026\/02\/10-Axo-V1-A3_2-scaled.jpg\" width=\"2560\" height=\"1674\" alt=\"\" data-full-image=\"https:\/\/www.deesse23.fr\/wp-content\/uploads\/2026\/02\/10-Axo-V1-A3_2-scaled.jpg\" data-light-image=\"https:\/\/www.deesse23.fr\/wp-content\/uploads\/2026\/02\/10-Axo-V1-A3_2-scaled.jpg\" data-id=\"2745\" class=\"wp-image-2745\" srcset=\"https:\/\/www.deesse23.fr\/wp-content\/uploads\/2026\/02\/10-Axo-V1-A3_2-scaled.jpg 2560w, https:\/\/www.deesse23.fr\/wp-content\/uploads\/2026\/02\/10-Axo-V1-A3_2-300x196.jpg 300w, https:\/\/www.deesse23.fr\/wp-content\/uploads\/2026\/02\/10-Axo-V1-A3_2-1024x669.jpg 1024w, https:\/\/www.deesse23.fr\/wp-content\/uploads\/2026\/02\/10-Axo-V1-A3_2-768x502.jpg 768w, https:\/\/www.deesse23.fr\/wp-content\/uploads\/2026\/02\/10-Axo-V1-A3_2-50x33.jpg 50w, https:\/\/www.deesse23.fr\/wp-content\/uploads\/2026\/02\/10-Axo-V1-A3_2-1600x1046.jpg 1600w, https:\/\/www.deesse23.fr\/wp-content\/uploads\/2026\/02\/10-Axo-V1-A3_2-1536x1004.jpg 1536w, https:\/\/www.deesse23.fr\/wp-content\/uploads\/2026\/02\/10-Axo-V1-A3_2-2048x1339.jpg 2048w\" sizes=\"(max-width: 2560px) 100vw, 2560px\" \/><\/div><\/div><\/figure><\/div><\/li><\/ul><\/div>","protected":false},"excerpt":{"rendered":"<p>Ma\u00eetre d&rsquo;Ouvrage : D\u00e9partement de la Vend\u00e9eSurface plancher : 3 240 m\u00b2 de r\u00e9habilitation et 240 m\u00b2 d&rsquo;extensionCo\u00fbt travaux : 4,84M\u20ac HTStatut du projet : ACT en coursMa\u00eetrise d&rsquo;\u0152uvre : D\u00c9ESSE 23 architecte mandataire, Frenesis architecte associ\u00e9, Cairn Ing\u00e9nierie BE structure-fluides, Antea BE amiante, Wigwam, ECB \u00e9conomiste Perspective : D\u00c9ESSE 23 architectes D\u00e9marche environnementale :&#8230;<\/p>\n","protected":false},"author":1,"featured_media":2748,"parent":0,"menu_order":0,"comment_status":"closed","ping_status":"closed","template":"","meta":{"_eb_attr":"","_kadence_starter_templates_imported_post":false,"_kad_post_transparent":"","_kad_post_title":"","_kad_post_layout":"","_kad_post_sidebar_id":"","_kad_post_content_style":"","_kad_post_vertical_padding":"","_kad_post_feature":"","_kad_post_feature_position":"","_kad_post_header":false,"_kad_post_footer":false,"footnotes":""},"class_list":["post-2742","page","type-page","status-publish","has-post-thumbnail","hentry"],"_links":{"self":[{"href":"https:\/\/www.deesse23.fr\/index.php\/wp-json\/wp\/v2\/pages\/2742","targetHints":{"allow":["GET"]}}],"collection":[{"href":"https:\/\/www.deesse23.fr\/index.php\/wp-json\/wp\/v2\/pages"}],"about":[{"href":"https:\/\/www.deesse23.fr\/index.php\/wp-json\/wp\/v2\/types\/page"}],"author":[{"embeddable":true,"href":"https:\/\/www.deesse23.fr\/index.php\/wp-json\/wp\/v2\/users\/1"}],"replies":[{"embeddable":true,"href":"https:\/\/www.deesse23.fr\/index.php\/wp-json\/wp\/v2\/comments?post=2742"}],"version-history":[{"count":2,"href":"https:\/\/www.deesse23.fr\/index.php\/wp-json\/wp\/v2\/pages\/2742\/revisions"}],"predecessor-version":[{"id":2879,"href":"https:\/\/www.deesse23.fr\/index.php\/wp-json\/wp\/v2\/pages\/2742\/revisions\/2879"}],"wp:featuredmedia":[{"embeddable":true,"href":"https:\/\/www.deesse23.fr\/index.php\/wp-json\/wp\/v2\/media\/2748"}],"wp:attachment":[{"href":"https:\/\/www.deesse23.fr\/index.php\/wp-json\/wp\/v2\/media?parent=2742"}],"curies":[{"name":"wp","href":"https:\/\/api.w.org\/{rel}","templated":true}]}}