{"id":2723,"date":"2026-02-16T17:20:07","date_gmt":"2026-02-16T16:20:07","guid":{"rendered":"https:\/\/www.deesse23.fr\/?page_id=2723"},"modified":"2026-02-16T17:20:07","modified_gmt":"2026-02-16T16:20:07","slug":"363-le-temple-de-bretagne","status":"publish","type":"page","link":"https:\/\/www.deesse23.fr\/index.php\/363-le-temple-de-bretagne\/","title":{"rendered":"363 &#8211; Le Temple-de-Bretagne"},"content":{"rendered":"\n<div style=\"height:100px\" aria-hidden=\"true\" class=\"wp-block-spacer\"><\/div>\n\n\n\n<div class=\"wp-block-essential-blocks-advanced-heading  root-eb-advance-heading-caq11\"><div class=\"eb-parent-wrapper eb-parent-eb-advance-heading-caq11 \"><div class=\"eb-advance-heading-wrapper eb-advance-heading-caq11 button-1 undefined\" data-id=\"eb-advance-heading-caq11\"><h1 class=\"eb-ah-title\"><span class=\"first-title\">Accueil p\u00e9riscolaire au Temple-de-Bretagne (44)<\/span><\/h1><\/div><\/div><\/div>\n\n\n<style>.kb-row-layout-id2723_3925e1-f2 > .kt-row-column-wrap{align-content:start;}:where(.kb-row-layout-id2723_3925e1-f2 > .kt-row-column-wrap) > .wp-block-kadence-column{justify-content:start;}.kb-row-layout-id2723_3925e1-f2 > .kt-row-column-wrap{column-gap:var(--global-kb-gap-md, 2rem);row-gap:var(--global-kb-gap-md, 2rem);padding-top:var(--global-kb-spacing-sm, 1.5rem);padding-right:var(--global-kb-spacing-lg, 3rem);padding-bottom:var(--global-kb-spacing-sm, 1.5rem);padding-left:var(--global-kb-spacing-lg, 3rem);grid-template-columns:repeat(2, minmax(0, 1fr));}.kb-row-layout-id2723_3925e1-f2 > .kt-row-layout-overlay{opacity:0.30;}@media all and (max-width: 1024px){.kb-row-layout-id2723_3925e1-f2 > .kt-row-column-wrap{grid-template-columns:repeat(2, minmax(0, 1fr));}}@media all and (max-width: 767px){.kb-row-layout-id2723_3925e1-f2 > .kt-row-column-wrap{grid-template-columns:minmax(0, 1fr);}}<\/style><div class=\"kb-row-layout-wrap kb-row-layout-id2723_3925e1-f2 alignnone wp-block-kadence-rowlayout\"><div class=\"kt-row-column-wrap kt-has-2-columns kt-row-layout-equal kt-tab-layout-inherit kt-mobile-layout-row kt-row-valign-top\">\n<style>.kadence-column2723_722eb1-2d > .kt-inside-inner-col,.kadence-column2723_722eb1-2d > .kt-inside-inner-col:before{border-top-left-radius:0px;border-top-right-radius:0px;border-bottom-right-radius:0px;border-bottom-left-radius:0px;}.kadence-column2723_722eb1-2d > .kt-inside-inner-col{column-gap:var(--global-kb-gap-sm, 1rem);}.kadence-column2723_722eb1-2d > .kt-inside-inner-col{flex-direction:column;}.kadence-column2723_722eb1-2d > .kt-inside-inner-col > .aligncenter{width:100%;}.kadence-column2723_722eb1-2d > .kt-inside-inner-col:before{opacity:0.3;}.kadence-column2723_722eb1-2d{position:relative;}@media all and (max-width: 1024px){.kadence-column2723_722eb1-2d > .kt-inside-inner-col{flex-direction:column;justify-content:center;}}@media all and (max-width: 767px){.kadence-column2723_722eb1-2d > .kt-inside-inner-col{flex-direction:column;justify-content:center;}}<\/style>\n<div class=\"wp-block-kadence-column kadence-column2723_722eb1-2d\"><div class=\"kt-inside-inner-col\">\n<p><strong>Ma\u00eetre d&rsquo;Ouvrage : <\/strong>Communaut\u00e9 de Communes Estuaire et Sillon<br><strong>Surface plancher : <\/strong>476 m\u00b2 et 300 m\u00b2 de cour paysag\u00e8re<br><strong>Co\u00fbt travaux : <\/strong>1,5M\u20ac HT<br><strong>Statut du projet :<\/strong> Etudes en cours &#8211; Phase APS<br><strong>Ma\u00eetrise d&rsquo;\u0152uvre : <\/strong>D\u00c9ESSE 23 <em>architecte mandataire<\/em>, Cairn Ing\u00e9nierie <em>BE structure-fluides<\/em>, ITAC <em>acoustique<\/em>, CdLP <em>\u00e9conomiste<\/em>, Broussaille <em>paysagiste<\/em><br><strong>Perspective : <\/strong>Spectrum<br><br><strong>D\u00e9marche environnementale<\/strong> : RE2020 seuils 2028-2031 ; MOB finition bardage bois ; Cour oasis<\/p>\n<\/div><\/div>\n\n\n<style>.kadence-column2723_d93cec-b7 > .kt-inside-inner-col,.kadence-column2723_d93cec-b7 > .kt-inside-inner-col:before{border-top-left-radius:0px;border-top-right-radius:0px;border-bottom-right-radius:0px;border-bottom-left-radius:0px;}.kadence-column2723_d93cec-b7 > .kt-inside-inner-col{column-gap:var(--global-kb-gap-sm, 1rem);}.kadence-column2723_d93cec-b7 > .kt-inside-inner-col{flex-direction:column;}.kadence-column2723_d93cec-b7 > .kt-inside-inner-col > .aligncenter{width:100%;}.kadence-column2723_d93cec-b7 > .kt-inside-inner-col:before{opacity:0.3;}.kadence-column2723_d93cec-b7{position:relative;}@media all and (max-width: 1024px){.kadence-column2723_d93cec-b7 > .kt-inside-inner-col{flex-direction:column;justify-content:center;}}@media all and (max-width: 767px){.kadence-column2723_d93cec-b7 > .kt-inside-inner-col{flex-direction:column;justify-content:center;}}<\/style>\n<div class=\"wp-block-kadence-column kadence-column2723_d93cec-b7\"><div class=\"kt-inside-inner-col\">\n<p>Des intentions fortes ont guid\u00e9 le projet\u00a0: <strong>compacit\u00e9, sobri\u00e9t\u00e9, simplicit\u00e9, fonctionnalit\u00e9<\/strong>. <br>Nous avons voulu, au travers de l\u2019\u00e9criture architecturale, faire <strong>r\u00e9f\u00e9rence \u00e0 l\u2019habitat traditionnel local<\/strong>, tout en apportant du d\u00e9tail dans le traitement des mat\u00e9riaux et leur mise en \u0153uvre. Le futur accueil p\u00e9riscolaire est envisag\u00e9 en <strong>charpente bois<\/strong> et <strong>bardage bois<\/strong> pour son aspect environnemental et renouvelable. Dans la continuit\u00e9, d\u2019une volont\u00e9 d\u2019engagement environnemental, nous projetons une isolation en laine de bois voire en paille avec enduit terre, afin de garantir une excellente inertie.<br><strong>La grande salle d\u2019activit\u00e9 tout comme l\u2019atelier bricolage s\u2019ouvrent largement sur l\u2019ext\u00e9rieur.<\/strong> Un grand ensemble vitr\u00e9 donne sur la cour, prot\u00e9g\u00e9 par un grand pr\u00e9au afin de prolonger les activit\u00e9s int\u00e9rieures vers l\u2019ext\u00e9rieur tout en \u00e9tat prot\u00e9g\u00e9 des intemp\u00e9ries ou des fortes chaleurs. L\u2019espace ext\u00e9rieur retrouve une certaine int\u00e9riorit\u00e9, encadr\u00e9 par le rangement de la cour et les palissades bois.<br><strong>La cour est largement v\u00e9g\u00e9talis\u00e9e<\/strong> en privil\u00e9giant des espaces ludiques propices \u00e0 la motricit\u00e9 libre, avec du mobilier ext\u00e9rieur type rondins de bois qui g\u00e9n\u00e8rent des parcours. En compl\u00e9ment des espaces de pleine terre ou en bacs positionn\u00e9s pour jardiner et faire des ateliers potager.<\/p>\n<\/div><\/div>\n\n<\/div><\/div>\n\n\n<div style=\"height:30px\" aria-hidden=\"true\" class=\"wp-block-spacer\"><\/div>\n\n\n<style>.wp-block-kadence-advancedgallery .kb-gallery-type-masonry.kb-gallery-id-2723_773396-bc{margin:-5px;}.kb-gallery-type-masonry.kb-gallery-id-2723_773396-bc .kadence-blocks-gallery-item{padding:5px;}.kb-gallery-id-2723_773396-bc .kadence-blocks-gallery-item .kb-gal-image-radius, .kb-gallery-id-2723_773396-bc .kb-slide-item .kb-gal-image-radius img{border-radius:0px 0px 0px 0px;;}<\/style><div class=\"kb-gallery-wrap-id-2723_773396-bc alignnone wp-block-kadence-advancedgallery\"><ul class=\"kb-gallery-ul kb-gallery-non-static kb-gallery-type-masonry kb-masonry-init kb-gallery-id-2723_773396-bc kb-gallery-caption-style-bottom-hover kb-gallery-filter-none\" data-image-filter=\"none\" data-item-selector=\".kadence-blocks-gallery-item\" data-lightbox-caption=\"true\" data-columns-xxl=\"1\" data-columns-xl=\"1\" data-columns-md=\"1\" data-columns-sm=\"1\" data-columns-xs=\"1\" data-columns-ss=\"1\"><li class=\"kadence-blocks-gallery-item\" tabindex=\"0\"><div class=\"kadence-blocks-gallery-item-inner\"><figure class=\"kb-gallery-figure kadence-blocks-gallery-item-hide-caption\"><div class=\"kb-gal-image-radius\" style=\"max-width:2560px;\"><div class=\"kb-gallery-image-contain kadence-blocks-gallery-intrinsic\" style=\"padding-bottom:50%;\"><img fetchpriority=\"high\" decoding=\"async\" src=\"https:\/\/www.deesse23.fr\/wp-content\/uploads\/2026\/02\/363-Perspective-exterieure-FINALE-1-scaled.jpg\" width=\"2560\" height=\"1280\" alt=\"\" data-full-image=\"https:\/\/www.deesse23.fr\/wp-content\/uploads\/2026\/02\/363-Perspective-exterieure-FINALE-1-scaled.jpg\" data-light-image=\"https:\/\/www.deesse23.fr\/wp-content\/uploads\/2026\/02\/363-Perspective-exterieure-FINALE-1-scaled.jpg\" data-id=\"2730\" class=\"wp-image-2730\" srcset=\"https:\/\/www.deesse23.fr\/wp-content\/uploads\/2026\/02\/363-Perspective-exterieure-FINALE-1-scaled.jpg 2560w, https:\/\/www.deesse23.fr\/wp-content\/uploads\/2026\/02\/363-Perspective-exterieure-FINALE-1-300x150.jpg 300w, https:\/\/www.deesse23.fr\/wp-content\/uploads\/2026\/02\/363-Perspective-exterieure-FINALE-1-1024x512.jpg 1024w, https:\/\/www.deesse23.fr\/wp-content\/uploads\/2026\/02\/363-Perspective-exterieure-FINALE-1-768x384.jpg 768w, https:\/\/www.deesse23.fr\/wp-content\/uploads\/2026\/02\/363-Perspective-exterieure-FINALE-1-50x25.jpg 50w, https:\/\/www.deesse23.fr\/wp-content\/uploads\/2026\/02\/363-Perspective-exterieure-FINALE-1-1600x800.jpg 1600w, https:\/\/www.deesse23.fr\/wp-content\/uploads\/2026\/02\/363-Perspective-exterieure-FINALE-1-1536x768.jpg 1536w, https:\/\/www.deesse23.fr\/wp-content\/uploads\/2026\/02\/363-Perspective-exterieure-FINALE-1-2048x1024.jpg 2048w\" sizes=\"(max-width: 2560px) 100vw, 2560px\" \/><\/div><\/div><\/figure><\/div><\/li><\/ul><\/div>\n\n\n<div style=\"height:30px\" aria-hidden=\"true\" class=\"wp-block-spacer\"><\/div>\n\n\n<style>.wp-block-kadence-advancedgallery .kb-gallery-type-masonry.kb-gallery-id-2723_431f63-f5{margin:-15px;}.kb-gallery-type-masonry.kb-gallery-id-2723_431f63-f5 .kadence-blocks-gallery-item{padding:15px;}.kb-gallery-id-2723_431f63-f5 .kadence-blocks-gallery-item .kb-gal-image-radius, .kb-gallery-id-2723_431f63-f5 .kb-slide-item .kb-gal-image-radius img{border-radius:0px 0px 0px 0px;;}<\/style><div class=\"kb-gallery-wrap-id-2723_431f63-f5 alignnone wp-block-kadence-advancedgallery\"><ul class=\"kb-gallery-ul kb-gallery-non-static kb-gallery-type-masonry kb-masonry-init kb-gallery-id-2723_431f63-f5 kb-gallery-caption-style-bottom-hover kb-gallery-filter-none\" data-image-filter=\"none\" data-item-selector=\".kadence-blocks-gallery-item\" data-lightbox-caption=\"true\" data-columns-xxl=\"2\" data-columns-xl=\"2\" data-columns-md=\"2\" data-columns-sm=\"2\" data-columns-xs=\"1\" data-columns-ss=\"1\"><li class=\"kadence-blocks-gallery-item\" tabindex=\"0\"><div class=\"kadence-blocks-gallery-item-inner\"><figure class=\"kb-gallery-figure kadence-blocks-gallery-item-hide-caption\"><div class=\"kb-gal-image-radius\" style=\"max-width:801px;\"><div class=\"kb-gallery-image-contain kadence-blocks-gallery-intrinsic\" style=\"padding-bottom:89%;\"><img decoding=\"async\" src=\"https:\/\/www.deesse23.fr\/wp-content\/uploads\/2026\/02\/Plan-masse.jpg\" width=\"801\" height=\"720\" alt=\"\" data-full-image=\"https:\/\/www.deesse23.fr\/wp-content\/uploads\/2026\/02\/Plan-masse.jpg\" data-light-image=\"https:\/\/www.deesse23.fr\/wp-content\/uploads\/2026\/02\/Plan-masse.jpg\" data-id=\"2736\" class=\"wp-image-2736\" srcset=\"https:\/\/www.deesse23.fr\/wp-content\/uploads\/2026\/02\/Plan-masse.jpg 801w, https:\/\/www.deesse23.fr\/wp-content\/uploads\/2026\/02\/Plan-masse-300x270.jpg 300w, https:\/\/www.deesse23.fr\/wp-content\/uploads\/2026\/02\/Plan-masse-768x690.jpg 768w, https:\/\/www.deesse23.fr\/wp-content\/uploads\/2026\/02\/Plan-masse-50x45.jpg 50w\" sizes=\"(max-width: 801px) 100vw, 801px\" \/><\/div><\/div><\/figure><\/div><\/li><li class=\"kadence-blocks-gallery-item\" tabindex=\"0\"><div class=\"kadence-blocks-gallery-item-inner\"><figure class=\"kb-gallery-figure kadence-blocks-gallery-item-hide-caption\"><div class=\"kb-gal-image-radius\" style=\"max-width:1027px;\"><div class=\"kb-gallery-image-contain kadence-blocks-gallery-intrinsic\" style=\"padding-bottom:65%;\"><img decoding=\"async\" src=\"https:\/\/www.deesse23.fr\/wp-content\/uploads\/2026\/02\/Axonometrie.jpg\" width=\"1027\" height=\"672\" alt=\"\" data-full-image=\"https:\/\/www.deesse23.fr\/wp-content\/uploads\/2026\/02\/Axonometrie.jpg\" data-light-image=\"https:\/\/www.deesse23.fr\/wp-content\/uploads\/2026\/02\/Axonometrie.jpg\" data-id=\"2731\" class=\"wp-image-2731\" srcset=\"https:\/\/www.deesse23.fr\/wp-content\/uploads\/2026\/02\/Axonometrie.jpg 1027w, https:\/\/www.deesse23.fr\/wp-content\/uploads\/2026\/02\/Axonometrie-300x196.jpg 300w, https:\/\/www.deesse23.fr\/wp-content\/uploads\/2026\/02\/Axonometrie-1024x670.jpg 1024w, https:\/\/www.deesse23.fr\/wp-content\/uploads\/2026\/02\/Axonometrie-768x503.jpg 768w, https:\/\/www.deesse23.fr\/wp-content\/uploads\/2026\/02\/Axonometrie-50x33.jpg 50w\" sizes=\"(max-width: 1027px) 100vw, 1027px\" \/><\/div><\/div><\/figure><\/div><\/li><li class=\"kadence-blocks-gallery-item\" tabindex=\"0\"><div class=\"kadence-blocks-gallery-item-inner\"><figure class=\"kb-gallery-figure kadence-blocks-gallery-item-hide-caption\"><div class=\"kb-gal-image-radius\" style=\"max-width:991px;\"><div class=\"kb-gallery-image-contain kadence-blocks-gallery-intrinsic\" style=\"padding-bottom:71%;\"><img loading=\"lazy\" decoding=\"async\" src=\"https:\/\/www.deesse23.fr\/wp-content\/uploads\/2026\/02\/Plan.jpg\" width=\"991\" height=\"706\" alt=\"\" data-full-image=\"https:\/\/www.deesse23.fr\/wp-content\/uploads\/2026\/02\/Plan.jpg\" data-light-image=\"https:\/\/www.deesse23.fr\/wp-content\/uploads\/2026\/02\/Plan.jpg\" data-id=\"2737\" class=\"wp-image-2737\" srcset=\"https:\/\/www.deesse23.fr\/wp-content\/uploads\/2026\/02\/Plan.jpg 991w, https:\/\/www.deesse23.fr\/wp-content\/uploads\/2026\/02\/Plan-300x214.jpg 300w, https:\/\/www.deesse23.fr\/wp-content\/uploads\/2026\/02\/Plan-768x547.jpg 768w, https:\/\/www.deesse23.fr\/wp-content\/uploads\/2026\/02\/Plan-50x36.jpg 50w\" sizes=\"(max-width: 991px) 100vw, 991px\" \/><\/div><\/div><\/figure><\/div><\/li><li class=\"kadence-blocks-gallery-item\" tabindex=\"0\"><div class=\"kadence-blocks-gallery-item-inner\"><figure class=\"kb-gallery-figure kadence-blocks-gallery-item-hide-caption\"><div class=\"kb-gal-image-radius\" style=\"max-width:568px;\"><div class=\"kb-gallery-image-contain kadence-blocks-gallery-intrinsic\" style=\"padding-bottom:56%;\"><img loading=\"lazy\" decoding=\"async\" src=\"https:\/\/www.deesse23.fr\/wp-content\/uploads\/2026\/02\/Coupes-transversales.jpg\" width=\"568\" height=\"323\" alt=\"\" data-full-image=\"https:\/\/www.deesse23.fr\/wp-content\/uploads\/2026\/02\/Coupes-transversales.jpg\" data-light-image=\"https:\/\/www.deesse23.fr\/wp-content\/uploads\/2026\/02\/Coupes-transversales.jpg\" data-id=\"2732\" class=\"wp-image-2732\" srcset=\"https:\/\/www.deesse23.fr\/wp-content\/uploads\/2026\/02\/Coupes-transversales.jpg 568w, https:\/\/www.deesse23.fr\/wp-content\/uploads\/2026\/02\/Coupes-transversales-300x171.jpg 300w, https:\/\/www.deesse23.fr\/wp-content\/uploads\/2026\/02\/Coupes-transversales-50x28.jpg 50w\" sizes=\"(max-width: 568px) 100vw, 568px\" \/><\/div><\/div><\/figure><\/div><\/li><li class=\"kadence-blocks-gallery-item\" tabindex=\"0\"><div class=\"kadence-blocks-gallery-item-inner\"><figure class=\"kb-gallery-figure kadence-blocks-gallery-item-hide-caption\"><div class=\"kb-gal-image-radius\" style=\"max-width:983px;\"><div class=\"kb-gallery-image-contain kadence-blocks-gallery-intrinsic\" style=\"padding-bottom:74%;\"><img loading=\"lazy\" decoding=\"async\" src=\"https:\/\/www.deesse23.fr\/wp-content\/uploads\/2026\/02\/Facades.jpg\" width=\"983\" height=\"728\" alt=\"\" data-full-image=\"https:\/\/www.deesse23.fr\/wp-content\/uploads\/2026\/02\/Facades.jpg\" data-light-image=\"https:\/\/www.deesse23.fr\/wp-content\/uploads\/2026\/02\/Facades.jpg\" data-id=\"2735\" class=\"wp-image-2735\" srcset=\"https:\/\/www.deesse23.fr\/wp-content\/uploads\/2026\/02\/Facades.jpg 983w, https:\/\/www.deesse23.fr\/wp-content\/uploads\/2026\/02\/Facades-300x222.jpg 300w, https:\/\/www.deesse23.fr\/wp-content\/uploads\/2026\/02\/Facades-768x569.jpg 768w, https:\/\/www.deesse23.fr\/wp-content\/uploads\/2026\/02\/Facades-50x37.jpg 50w\" sizes=\"(max-width: 983px) 100vw, 983px\" \/><\/div><\/div><\/figure><\/div><\/li><\/ul><\/div>","protected":false},"excerpt":{"rendered":"<p>Ma\u00eetre d&rsquo;Ouvrage : Communaut\u00e9 de Communes Estuaire et SillonSurface plancher : 476 m\u00b2 et 300 m\u00b2 de cour paysag\u00e8reCo\u00fbt travaux : 1,5M\u20ac HTStatut du projet : Etudes en cours &#8211; Phase APSMa\u00eetrise d&rsquo;\u0152uvre : D\u00c9ESSE 23 architecte mandataire, Cairn Ing\u00e9nierie BE structure-fluides, ITAC acoustique, CdLP \u00e9conomiste, Broussaille paysagistePerspective : Spectrum D\u00e9marche environnementale : RE2020 seuils&#8230;<\/p>\n","protected":false},"author":1,"featured_media":0,"parent":0,"menu_order":0,"comment_status":"closed","ping_status":"closed","template":"","meta":{"_eb_attr":"","_kadence_starter_templates_imported_post":false,"_kad_post_transparent":"","_kad_post_title":"","_kad_post_layout":"","_kad_post_sidebar_id":"","_kad_post_content_style":"","_kad_post_vertical_padding":"","_kad_post_feature":"","_kad_post_feature_position":"","_kad_post_header":false,"_kad_post_footer":false,"footnotes":""},"class_list":["post-2723","page","type-page","status-publish","hentry"],"_links":{"self":[{"href":"https:\/\/www.deesse23.fr\/index.php\/wp-json\/wp\/v2\/pages\/2723","targetHints":{"allow":["GET"]}}],"collection":[{"href":"https:\/\/www.deesse23.fr\/index.php\/wp-json\/wp\/v2\/pages"}],"about":[{"href":"https:\/\/www.deesse23.fr\/index.php\/wp-json\/wp\/v2\/types\/page"}],"author":[{"embeddable":true,"href":"https:\/\/www.deesse23.fr\/index.php\/wp-json\/wp\/v2\/users\/1"}],"replies":[{"embeddable":true,"href":"https:\/\/www.deesse23.fr\/index.php\/wp-json\/wp\/v2\/comments?post=2723"}],"version-history":[{"count":1,"href":"https:\/\/www.deesse23.fr\/index.php\/wp-json\/wp\/v2\/pages\/2723\/revisions"}],"predecessor-version":[{"id":2738,"href":"https:\/\/www.deesse23.fr\/index.php\/wp-json\/wp\/v2\/pages\/2723\/revisions\/2738"}],"wp:attachment":[{"href":"https:\/\/www.deesse23.fr\/index.php\/wp-json\/wp\/v2\/media?parent=2723"}],"curies":[{"name":"wp","href":"https:\/\/api.w.org\/{rel}","templated":true}]}}