{"id":2304,"date":"2025-07-03T12:38:32","date_gmt":"2025-07-03T10:38:32","guid":{"rendered":"https:\/\/www.deesse23.fr\/?page_id=2304"},"modified":"2026-02-16T16:36:19","modified_gmt":"2026-02-16T15:36:19","slug":"344-cordemais","status":"publish","type":"page","link":"https:\/\/www.deesse23.fr\/index.php\/344-cordemais\/","title":{"rendered":"344 &#8211; Cordemais"},"content":{"rendered":"\n<div style=\"height:100px\" aria-hidden=\"true\" class=\"wp-block-spacer\"><\/div>\n\n\n\n<div class=\"wp-block-essential-blocks-advanced-heading  root-eb-advance-heading-07l0k\"><div class=\"eb-parent-wrapper eb-parent-eb-advance-heading-07l0k \"><div class=\"eb-advance-heading-wrapper eb-advance-heading-07l0k button-1 undefined\" data-id=\"eb-advance-heading-07l0k\"><h1 class=\"eb-ah-title\"><span class=\"first-title\">Complexe sportif de Cordemais (44)<\/span><\/h1><\/div><\/div><\/div>\n\n\n<style>.kb-row-layout-id2304_226ee6-ec > .kt-row-column-wrap{align-content:start;}:where(.kb-row-layout-id2304_226ee6-ec > .kt-row-column-wrap) > .wp-block-kadence-column{justify-content:start;}.kb-row-layout-id2304_226ee6-ec > .kt-row-column-wrap{column-gap:var(--global-kb-gap-md, 2rem);row-gap:var(--global-kb-gap-md, 2rem);padding-top:var(--global-kb-spacing-sm, 1.5rem);padding-right:var(--global-kb-spacing-lg, 3rem);padding-bottom:var(--global-kb-spacing-sm, 1.5rem);padding-left:var(--global-kb-spacing-lg, 3rem);grid-template-columns:repeat(2, minmax(0, 1fr));}.kb-row-layout-id2304_226ee6-ec > .kt-row-layout-overlay{opacity:0.30;}@media all and (max-width: 1024px){.kb-row-layout-id2304_226ee6-ec > .kt-row-column-wrap{grid-template-columns:repeat(2, minmax(0, 1fr));}}@media all and (max-width: 767px){.kb-row-layout-id2304_226ee6-ec > .kt-row-column-wrap{grid-template-columns:minmax(0, 1fr);}}<\/style><div class=\"kb-row-layout-wrap kb-row-layout-id2304_226ee6-ec alignnone wp-block-kadence-rowlayout\"><div class=\"kt-row-column-wrap kt-has-2-columns kt-row-layout-equal kt-tab-layout-inherit kt-mobile-layout-row kt-row-valign-top\">\n<style>.kadence-column2304_71dc78-b6 > .kt-inside-inner-col,.kadence-column2304_71dc78-b6 > .kt-inside-inner-col:before{border-top-left-radius:0px;border-top-right-radius:0px;border-bottom-right-radius:0px;border-bottom-left-radius:0px;}.kadence-column2304_71dc78-b6 > .kt-inside-inner-col{column-gap:var(--global-kb-gap-sm, 1rem);}.kadence-column2304_71dc78-b6 > .kt-inside-inner-col{flex-direction:column;}.kadence-column2304_71dc78-b6 > .kt-inside-inner-col > .aligncenter{width:100%;}.kadence-column2304_71dc78-b6 > .kt-inside-inner-col:before{opacity:0.3;}.kadence-column2304_71dc78-b6{position:relative;}@media all and (max-width: 1024px){.kadence-column2304_71dc78-b6 > .kt-inside-inner-col{flex-direction:column;justify-content:center;}}@media all and (max-width: 767px){.kadence-column2304_71dc78-b6 > .kt-inside-inner-col{flex-direction:column;justify-content:center;}}<\/style>\n<div class=\"wp-block-kadence-column kadence-column2304_71dc78-b6\"><div class=\"kt-inside-inner-col\">\n<p><strong>Ma\u00eetrise d\u2019Ouvrage :&nbsp;<\/strong>Ville de Cordemais<br><strong>Surface plancher :&nbsp;<\/strong>1 380 m\u00b2 de restructuration et 1 020 m\u00b2 d&rsquo;extension<br><strong>Co\u00fbt travaux :&nbsp;<\/strong>3,06M\u20ac HT<br><strong>Statut du projet :&nbsp;<\/strong>ACT en cours<br><strong>Ma\u00eetrise d\u2019\u0152uvre :&nbsp;<\/strong>DEESSE 23 <em>architecte mandataire<\/em>, OTEIS Nantes <em>BE TCE<\/em>, ITAC <em>acoustique<\/em>, CdLP <em>\u00e9conomiste<\/em>, Broussaille <em>paysagiste<\/em><br><strong>Perspective :<\/strong> Spectrum<br><br><strong>D\u00e9marche environnementale :<\/strong> RT existant \u00e9l\u00e9ment par \u00e9l\u00e9ment pour l&rsquo;existant ; RT2012 pour les extensions ; Panneaux photovolta\u00efques ; Ventilation double flux ; MOB isolation laine de bois<\/p>\n<\/div><\/div>\n\n\n<style>.kadence-column2304_fceafe-82 > .kt-inside-inner-col,.kadence-column2304_fceafe-82 > .kt-inside-inner-col:before{border-top-left-radius:0px;border-top-right-radius:0px;border-bottom-right-radius:0px;border-bottom-left-radius:0px;}.kadence-column2304_fceafe-82 > .kt-inside-inner-col{column-gap:var(--global-kb-gap-sm, 1rem);}.kadence-column2304_fceafe-82 > .kt-inside-inner-col{flex-direction:column;}.kadence-column2304_fceafe-82 > .kt-inside-inner-col > .aligncenter{width:100%;}.kadence-column2304_fceafe-82 > .kt-inside-inner-col:before{opacity:0.3;}.kadence-column2304_fceafe-82{position:relative;}@media all and (max-width: 1024px){.kadence-column2304_fceafe-82 > .kt-inside-inner-col{flex-direction:column;justify-content:center;}}@media all and (max-width: 767px){.kadence-column2304_fceafe-82 > .kt-inside-inner-col{flex-direction:column;justify-content:center;}}<\/style>\n<div class=\"wp-block-kadence-column kadence-column2304_fceafe-82\"><div class=\"kt-inside-inner-col\">\n<p>La restructuration et l\u2019extension de la salle omnisports de Cordemais est l\u2019occasion pour nous de proposer un nouvel \u00e9quipement sportif afin de <strong>r\u00e9pondre aux probl\u00e9matiques actuelles, dont la v\u00e9tust\u00e9s des locaux sportifs<\/strong>.<br>Le projet que nous proposons vient ainsi r\u00e9pondre aux besoins d\u00e9finis dans le programme, <strong>en am\u00e9liorant les conditions d\u2019accueil et de pratique pour les occupants<\/strong>, v\u00e9ritable raison d\u2018\u00eatre de cette restructuration, mais profite \u00e9galement de ces interventions pour offrir demain aux sportifs <strong>un \u00e9quipements plus unitaire et plus accueillant <\/strong>avec une entr\u00e9e totalement remani\u00e9e et ainsi plus g\u00e9n\u00e9reuse et propice aux \u00e9changes.<br>Notre r\u00e9ponse se veut sobre et simple, dans une certaine \u00e9conomie de moyens. Afin de r\u00e9pondre au budget de l\u2019op\u00e9ration, nous proposons une transformation \/ extension, optimis\u00e9e et fonctionnelle, r\u00e9pondant au plus pr\u00e8s des attentes du programme. Ces espaces de pratique sportive s\u2019ouvrent visuellement sur des am\u00e9nagements ext\u00e9rieurs qui participent pleinement \u00e0 revaloriser l\u2019ensemble du complexe.<br>A l\u2019int\u00e9rieur comme \u00e0 l\u2019ext\u00e9rieur, c\u2019est \u00e0 travers des actions simples et sobres, fines et justes, que demain un tout nouvel \u00e9quipement pour la pratique du sport va \u00e9merger. <strong>Un projet \u00e0 l\u2019image des engagements de la ville, clair et efficace<\/strong>, r\u00e9pondant aux nouveaux besoins et aux nouvelles pratiques des habitants, sportifs comme simples promeneurs<\/p>\n<\/div><\/div>\n\n<\/div><\/div>\n\n\n<div style=\"height:30px\" aria-hidden=\"true\" class=\"wp-block-spacer\"><\/div>\n\n\n<style>.wp-block-kadence-advancedgallery.kb-gallery-wrap-id-2304_0a35d5-1c{padding-top:var(--global-kb-spacing-sm, 1.5rem);padding-right:var(--global-kb-spacing-lg, 3rem);padding-bottom:var(--global-kb-spacing-sm, 1.5rem);padding-left:var(--global-kb-spacing-lg, 3rem);}.wp-block-kadence-advancedgallery .kb-gallery-type-masonry.kb-gallery-id-2304_0a35d5-1c{margin:-7.5px;}.kb-gallery-type-masonry.kb-gallery-id-2304_0a35d5-1c .kadence-blocks-gallery-item{padding:7.5px;}.kb-gallery-id-2304_0a35d5-1c .kadence-blocks-gallery-item .kb-gal-image-radius, .kb-gallery-id-2304_0a35d5-1c .kb-slide-item .kb-gal-image-radius img{border-radius:0px 0px 0px 0px;;}<\/style><div class=\"kb-gallery-wrap-id-2304_0a35d5-1c alignnone wp-block-kadence-advancedgallery\"><ul class=\"kb-gallery-ul kb-gallery-non-static kb-gallery-type-masonry kb-masonry-init kb-gallery-id-2304_0a35d5-1c kb-gallery-caption-style-bottom-hover kb-gallery-filter-none kb-gallery-magnific-init\" data-image-filter=\"none\" data-item-selector=\".kadence-blocks-gallery-item\" data-lightbox-caption=\"true\" data-columns-xxl=\"2\" data-columns-xl=\"2\" data-columns-md=\"2\" data-columns-sm=\"2\" data-columns-xs=\"1\" data-columns-ss=\"1\"><li class=\"kadence-blocks-gallery-item\"><div class=\"kadence-blocks-gallery-item-inner\"><figure class=\"kb-gallery-figure kb-gallery-item-has-link kadence-blocks-gallery-item-hide-caption\"><a href=\"https:\/\/www.deesse23.fr\/wp-content\/uploads\/2026\/02\/344c-Perspective_entree_modifs-scaled.jpg\" data-description=\"Salle omnisport de Cordemais (44)\" class=\"kb-gallery-item-link\"   role=\"button\" aria-haspopup=\"dialog\"><div class=\"kb-gal-image-radius\" style=\"max-width:2560px;\"><div class=\"kb-gallery-image-contain kadence-blocks-gallery-intrinsic\" style=\"padding-bottom:50%;\"><img fetchpriority=\"high\" decoding=\"async\" src=\"https:\/\/www.deesse23.fr\/wp-content\/uploads\/2026\/02\/344c-Perspective_entree_modifs-scaled.jpg\" width=\"2560\" height=\"1280\" alt=\"\" data-full-image=\"https:\/\/www.deesse23.fr\/wp-content\/uploads\/2026\/02\/344c-Perspective_entree_modifs-scaled.jpg\" data-light-image=\"https:\/\/www.deesse23.fr\/wp-content\/uploads\/2026\/02\/344c-Perspective_entree_modifs-scaled.jpg\" data-id=\"2699\" class=\"wp-image-2699\" srcset=\"https:\/\/www.deesse23.fr\/wp-content\/uploads\/2026\/02\/344c-Perspective_entree_modifs-scaled.jpg 2560w, https:\/\/www.deesse23.fr\/wp-content\/uploads\/2026\/02\/344c-Perspective_entree_modifs-300x150.jpg 300w, https:\/\/www.deesse23.fr\/wp-content\/uploads\/2026\/02\/344c-Perspective_entree_modifs-1024x512.jpg 1024w, https:\/\/www.deesse23.fr\/wp-content\/uploads\/2026\/02\/344c-Perspective_entree_modifs-768x384.jpg 768w, https:\/\/www.deesse23.fr\/wp-content\/uploads\/2026\/02\/344c-Perspective_entree_modifs-50x25.jpg 50w, https:\/\/www.deesse23.fr\/wp-content\/uploads\/2026\/02\/344c-Perspective_entree_modifs-1600x800.jpg 1600w, https:\/\/www.deesse23.fr\/wp-content\/uploads\/2026\/02\/344c-Perspective_entree_modifs-1536x768.jpg 1536w, https:\/\/www.deesse23.fr\/wp-content\/uploads\/2026\/02\/344c-Perspective_entree_modifs-2048x1024.jpg 2048w\" sizes=\"(max-width: 2560px) 100vw, 2560px\" \/><\/div><\/div><\/a><\/figure><\/div><\/li><li class=\"kadence-blocks-gallery-item\"><div class=\"kadence-blocks-gallery-item-inner\"><figure class=\"kb-gallery-figure kb-gallery-item-has-link kadence-blocks-gallery-item-hide-caption\"><a href=\"https:\/\/www.deesse23.fr\/wp-content\/uploads\/2025\/07\/DEESE23_EXT-02_var01_2024\u00a9spectrum-FINAL-scaled.jpg\" data-description=\"Salle omnisport de Cordemais (44)\" class=\"kb-gallery-item-link\"   role=\"button\" aria-haspopup=\"dialog\"><div class=\"kb-gal-image-radius\" style=\"max-width:2560px;\"><div class=\"kb-gallery-image-contain kadence-blocks-gallery-intrinsic\" style=\"padding-bottom:50%;\"><img decoding=\"async\" src=\"https:\/\/www.deesse23.fr\/wp-content\/uploads\/2025\/07\/DEESE23_EXT-02_var01_2024\u00a9spectrum-FINAL-scaled.jpg\" width=\"2560\" height=\"1280\" alt=\"\" data-full-image=\"https:\/\/www.deesse23.fr\/wp-content\/uploads\/2025\/07\/DEESE23_EXT-02_var01_2024\u00a9spectrum-FINAL-scaled.jpg\" data-light-image=\"https:\/\/www.deesse23.fr\/wp-content\/uploads\/2025\/07\/DEESE23_EXT-02_var01_2024\u00a9spectrum-FINAL-scaled.jpg\" data-id=\"2313\" class=\"wp-image-2313\" srcset=\"https:\/\/www.deesse23.fr\/wp-content\/uploads\/2025\/07\/DEESE23_EXT-02_var01_2024\u00a9spectrum-FINAL-scaled.jpg 2560w, https:\/\/www.deesse23.fr\/wp-content\/uploads\/2025\/07\/DEESE23_EXT-02_var01_2024\u00a9spectrum-FINAL-300x150.jpg 300w, https:\/\/www.deesse23.fr\/wp-content\/uploads\/2025\/07\/DEESE23_EXT-02_var01_2024\u00a9spectrum-FINAL-1024x512.jpg 1024w, https:\/\/www.deesse23.fr\/wp-content\/uploads\/2025\/07\/DEESE23_EXT-02_var01_2024\u00a9spectrum-FINAL-768x384.jpg 768w, https:\/\/www.deesse23.fr\/wp-content\/uploads\/2025\/07\/DEESE23_EXT-02_var01_2024\u00a9spectrum-FINAL-50x25.jpg 50w, https:\/\/www.deesse23.fr\/wp-content\/uploads\/2025\/07\/DEESE23_EXT-02_var01_2024\u00a9spectrum-FINAL-1600x800.jpg 1600w, https:\/\/www.deesse23.fr\/wp-content\/uploads\/2025\/07\/DEESE23_EXT-02_var01_2024\u00a9spectrum-FINAL-1536x768.jpg 1536w, https:\/\/www.deesse23.fr\/wp-content\/uploads\/2025\/07\/DEESE23_EXT-02_var01_2024\u00a9spectrum-FINAL-2048x1024.jpg 2048w\" sizes=\"(max-width: 2560px) 100vw, 2560px\" \/><\/div><\/div><\/a><\/figure><\/div><\/li><li class=\"kadence-blocks-gallery-item\"><div class=\"kadence-blocks-gallery-item-inner\"><figure class=\"kb-gallery-figure kb-gallery-item-has-link kadence-blocks-gallery-item-hide-caption\"><a href=\"https:\/\/www.deesse23.fr\/wp-content\/uploads\/2025\/07\/344a-Plan-Masse-scaled.jpg\" data-description=\"Salle omnisport de Cordemais (44)\" class=\"kb-gallery-item-link\"   role=\"button\" aria-haspopup=\"dialog\"><div class=\"kb-gal-image-radius\" style=\"max-width:2560px;\"><div class=\"kb-gallery-image-contain kadence-blocks-gallery-intrinsic\" style=\"padding-bottom:85%;\"><img decoding=\"async\" src=\"https:\/\/www.deesse23.fr\/wp-content\/uploads\/2025\/07\/344a-Plan-Masse-scaled.jpg\" width=\"2560\" height=\"2181\" alt=\"\" data-full-image=\"https:\/\/www.deesse23.fr\/wp-content\/uploads\/2025\/07\/344a-Plan-Masse-scaled.jpg\" data-light-image=\"https:\/\/www.deesse23.fr\/wp-content\/uploads\/2025\/07\/344a-Plan-Masse-scaled.jpg\" data-id=\"2311\" class=\"wp-image-2311\" srcset=\"https:\/\/www.deesse23.fr\/wp-content\/uploads\/2025\/07\/344a-Plan-Masse-scaled.jpg 2560w, https:\/\/www.deesse23.fr\/wp-content\/uploads\/2025\/07\/344a-Plan-Masse-300x256.jpg 300w, https:\/\/www.deesse23.fr\/wp-content\/uploads\/2025\/07\/344a-Plan-Masse-1024x872.jpg 1024w, https:\/\/www.deesse23.fr\/wp-content\/uploads\/2025\/07\/344a-Plan-Masse-768x654.jpg 768w, https:\/\/www.deesse23.fr\/wp-content\/uploads\/2025\/07\/344a-Plan-Masse-50x43.jpg 50w, https:\/\/www.deesse23.fr\/wp-content\/uploads\/2025\/07\/344a-Plan-Masse-1600x1363.jpg 1600w, https:\/\/www.deesse23.fr\/wp-content\/uploads\/2025\/07\/344a-Plan-Masse-1536x1308.jpg 1536w, https:\/\/www.deesse23.fr\/wp-content\/uploads\/2025\/07\/344a-Plan-Masse-2048x1745.jpg 2048w\" sizes=\"(max-width: 2560px) 100vw, 2560px\" \/><\/div><\/div><\/a><\/figure><\/div><\/li><li class=\"kadence-blocks-gallery-item\"><div class=\"kadence-blocks-gallery-item-inner\"><figure class=\"kb-gallery-figure kb-gallery-item-has-link kadence-blocks-gallery-item-hide-caption\"><a href=\"https:\/\/www.deesse23.fr\/wp-content\/uploads\/2025\/07\/344a-Facade-4-scaled.jpg\" data-description=\"Salle omnisport de Cordemais (44)\" class=\"kb-gallery-item-link\"   role=\"button\" aria-haspopup=\"dialog\"><div class=\"kb-gal-image-radius\" style=\"max-width:2560px;\"><div class=\"kb-gallery-image-contain kadence-blocks-gallery-intrinsic\" style=\"padding-bottom:12%;\"><img loading=\"lazy\" decoding=\"async\" src=\"https:\/\/www.deesse23.fr\/wp-content\/uploads\/2025\/07\/344a-Facade-4-scaled.jpg\" width=\"2560\" height=\"319\" alt=\"\" data-full-image=\"https:\/\/www.deesse23.fr\/wp-content\/uploads\/2025\/07\/344a-Facade-4-scaled.jpg\" data-light-image=\"https:\/\/www.deesse23.fr\/wp-content\/uploads\/2025\/07\/344a-Facade-4-scaled.jpg\" data-id=\"2310\" class=\"wp-image-2310\" srcset=\"https:\/\/www.deesse23.fr\/wp-content\/uploads\/2025\/07\/344a-Facade-4-scaled.jpg 2560w, https:\/\/www.deesse23.fr\/wp-content\/uploads\/2025\/07\/344a-Facade-4-300x37.jpg 300w, https:\/\/www.deesse23.fr\/wp-content\/uploads\/2025\/07\/344a-Facade-4-1024x128.jpg 1024w, https:\/\/www.deesse23.fr\/wp-content\/uploads\/2025\/07\/344a-Facade-4-768x96.jpg 768w, https:\/\/www.deesse23.fr\/wp-content\/uploads\/2025\/07\/344a-Facade-4-50x6.jpg 50w, https:\/\/www.deesse23.fr\/wp-content\/uploads\/2025\/07\/344a-Facade-4-1600x199.jpg 1600w, https:\/\/www.deesse23.fr\/wp-content\/uploads\/2025\/07\/344a-Facade-4-1536x191.jpg 1536w, https:\/\/www.deesse23.fr\/wp-content\/uploads\/2025\/07\/344a-Facade-4-2048x255.jpg 2048w\" sizes=\"(max-width: 2560px) 100vw, 2560px\" \/><\/div><\/div><\/a><\/figure><\/div><\/li><li class=\"kadence-blocks-gallery-item\"><div class=\"kadence-blocks-gallery-item-inner\"><figure class=\"kb-gallery-figure kb-gallery-item-has-link kadence-blocks-gallery-item-hide-caption\"><a href=\"https:\/\/www.deesse23.fr\/wp-content\/uploads\/2025\/07\/344a-Facade-3-scaled.jpg\" data-description=\"Salle omnisport de Cordemais (44)\" class=\"kb-gallery-item-link\"   role=\"button\" aria-haspopup=\"dialog\"><div class=\"kb-gal-image-radius\" style=\"max-width:2560px;\"><div class=\"kb-gallery-image-contain kadence-blocks-gallery-intrinsic\" style=\"padding-bottom:8%;\"><img loading=\"lazy\" decoding=\"async\" src=\"https:\/\/www.deesse23.fr\/wp-content\/uploads\/2025\/07\/344a-Facade-3-scaled.jpg\" width=\"2560\" height=\"213\" alt=\"\" data-full-image=\"https:\/\/www.deesse23.fr\/wp-content\/uploads\/2025\/07\/344a-Facade-3-scaled.jpg\" data-light-image=\"https:\/\/www.deesse23.fr\/wp-content\/uploads\/2025\/07\/344a-Facade-3-scaled.jpg\" data-id=\"2309\" class=\"wp-image-2309\" srcset=\"https:\/\/www.deesse23.fr\/wp-content\/uploads\/2025\/07\/344a-Facade-3-scaled.jpg 2560w, https:\/\/www.deesse23.fr\/wp-content\/uploads\/2025\/07\/344a-Facade-3-300x25.jpg 300w, https:\/\/www.deesse23.fr\/wp-content\/uploads\/2025\/07\/344a-Facade-3-1024x85.jpg 1024w, https:\/\/www.deesse23.fr\/wp-content\/uploads\/2025\/07\/344a-Facade-3-768x64.jpg 768w, https:\/\/www.deesse23.fr\/wp-content\/uploads\/2025\/07\/344a-Facade-3-50x4.jpg 50w, https:\/\/www.deesse23.fr\/wp-content\/uploads\/2025\/07\/344a-Facade-3-1600x133.jpg 1600w, https:\/\/www.deesse23.fr\/wp-content\/uploads\/2025\/07\/344a-Facade-3-1536x128.jpg 1536w, https:\/\/www.deesse23.fr\/wp-content\/uploads\/2025\/07\/344a-Facade-3-2048x171.jpg 2048w\" sizes=\"(max-width: 2560px) 100vw, 2560px\" \/><\/div><\/div><\/a><\/figure><\/div><\/li><li class=\"kadence-blocks-gallery-item\"><div class=\"kadence-blocks-gallery-item-inner\"><figure class=\"kb-gallery-figure kb-gallery-item-has-link kadence-blocks-gallery-item-hide-caption\"><a href=\"https:\/\/www.deesse23.fr\/wp-content\/uploads\/2025\/07\/344a-Facade-2-scaled.jpg\" data-description=\"Salle omnisport de Cordemais (44)\" class=\"kb-gallery-item-link\"   role=\"button\" aria-haspopup=\"dialog\"><div class=\"kb-gal-image-radius\" style=\"max-width:2560px;\"><div class=\"kb-gallery-image-contain kadence-blocks-gallery-intrinsic\" style=\"padding-bottom:11%;\"><img loading=\"lazy\" decoding=\"async\" src=\"https:\/\/www.deesse23.fr\/wp-content\/uploads\/2025\/07\/344a-Facade-2-scaled.jpg\" width=\"2560\" height=\"307\" alt=\"\" data-full-image=\"https:\/\/www.deesse23.fr\/wp-content\/uploads\/2025\/07\/344a-Facade-2-scaled.jpg\" data-light-image=\"https:\/\/www.deesse23.fr\/wp-content\/uploads\/2025\/07\/344a-Facade-2-scaled.jpg\" data-id=\"2308\" class=\"wp-image-2308\" srcset=\"https:\/\/www.deesse23.fr\/wp-content\/uploads\/2025\/07\/344a-Facade-2-scaled.jpg 2560w, https:\/\/www.deesse23.fr\/wp-content\/uploads\/2025\/07\/344a-Facade-2-300x36.jpg 300w, https:\/\/www.deesse23.fr\/wp-content\/uploads\/2025\/07\/344a-Facade-2-1024x123.jpg 1024w, https:\/\/www.deesse23.fr\/wp-content\/uploads\/2025\/07\/344a-Facade-2-768x92.jpg 768w, https:\/\/www.deesse23.fr\/wp-content\/uploads\/2025\/07\/344a-Facade-2-50x6.jpg 50w, https:\/\/www.deesse23.fr\/wp-content\/uploads\/2025\/07\/344a-Facade-2-1600x192.jpg 1600w, https:\/\/www.deesse23.fr\/wp-content\/uploads\/2025\/07\/344a-Facade-2-1536x184.jpg 1536w, https:\/\/www.deesse23.fr\/wp-content\/uploads\/2025\/07\/344a-Facade-2-2048x246.jpg 2048w\" sizes=\"(max-width: 2560px) 100vw, 2560px\" \/><\/div><\/div><\/a><\/figure><\/div><\/li><li class=\"kadence-blocks-gallery-item\"><div class=\"kadence-blocks-gallery-item-inner\"><figure class=\"kb-gallery-figure kb-gallery-item-has-link kadence-blocks-gallery-item-hide-caption\"><a href=\"https:\/\/www.deesse23.fr\/wp-content\/uploads\/2025\/07\/344a-Facade-1-scaled.jpg\" data-description=\"Salle omnisport de Cordemais (44)\" class=\"kb-gallery-item-link\"   role=\"button\" aria-haspopup=\"dialog\"><div class=\"kb-gal-image-radius\" style=\"max-width:2560px;\"><div class=\"kb-gallery-image-contain kadence-blocks-gallery-intrinsic\" style=\"padding-bottom:9%;\"><img loading=\"lazy\" decoding=\"async\" src=\"https:\/\/www.deesse23.fr\/wp-content\/uploads\/2025\/07\/344a-Facade-1-scaled.jpg\" width=\"2560\" height=\"251\" alt=\"\" data-full-image=\"https:\/\/www.deesse23.fr\/wp-content\/uploads\/2025\/07\/344a-Facade-1-scaled.jpg\" data-light-image=\"https:\/\/www.deesse23.fr\/wp-content\/uploads\/2025\/07\/344a-Facade-1-scaled.jpg\" data-id=\"2307\" class=\"wp-image-2307\" srcset=\"https:\/\/www.deesse23.fr\/wp-content\/uploads\/2025\/07\/344a-Facade-1-scaled.jpg 2560w, https:\/\/www.deesse23.fr\/wp-content\/uploads\/2025\/07\/344a-Facade-1-300x29.jpg 300w, https:\/\/www.deesse23.fr\/wp-content\/uploads\/2025\/07\/344a-Facade-1-1024x101.jpg 1024w, https:\/\/www.deesse23.fr\/wp-content\/uploads\/2025\/07\/344a-Facade-1-768x75.jpg 768w, https:\/\/www.deesse23.fr\/wp-content\/uploads\/2025\/07\/344a-Facade-1-50x5.jpg 50w, https:\/\/www.deesse23.fr\/wp-content\/uploads\/2025\/07\/344a-Facade-1-1600x157.jpg 1600w, https:\/\/www.deesse23.fr\/wp-content\/uploads\/2025\/07\/344a-Facade-1-1536x151.jpg 1536w, https:\/\/www.deesse23.fr\/wp-content\/uploads\/2025\/07\/344a-Facade-1-2048x201.jpg 2048w\" sizes=\"(max-width: 2560px) 100vw, 2560px\" \/><\/div><\/div><\/a><\/figure><\/div><\/li><li class=\"kadence-blocks-gallery-item\"><div class=\"kadence-blocks-gallery-item-inner\"><figure class=\"kb-gallery-figure kb-gallery-item-has-link kadence-blocks-gallery-item-hide-caption\"><a href=\"https:\/\/www.deesse23.fr\/wp-content\/uploads\/2025\/07\/344a-Coupes-2-scaled.jpg\" data-description=\"Salle omnisport de Cordemais (44)\" class=\"kb-gallery-item-link\"   role=\"button\" aria-haspopup=\"dialog\"><div class=\"kb-gal-image-radius\" style=\"max-width:2560px;\"><div class=\"kb-gallery-image-contain kadence-blocks-gallery-intrinsic\" style=\"padding-bottom:12%;\"><img loading=\"lazy\" decoding=\"async\" src=\"https:\/\/www.deesse23.fr\/wp-content\/uploads\/2025\/07\/344a-Coupes-2-scaled.jpg\" width=\"2560\" height=\"331\" alt=\"\" data-full-image=\"https:\/\/www.deesse23.fr\/wp-content\/uploads\/2025\/07\/344a-Coupes-2-scaled.jpg\" data-light-image=\"https:\/\/www.deesse23.fr\/wp-content\/uploads\/2025\/07\/344a-Coupes-2-scaled.jpg\" data-id=\"2306\" class=\"wp-image-2306\" srcset=\"https:\/\/www.deesse23.fr\/wp-content\/uploads\/2025\/07\/344a-Coupes-2-scaled.jpg 2560w, https:\/\/www.deesse23.fr\/wp-content\/uploads\/2025\/07\/344a-Coupes-2-300x39.jpg 300w, https:\/\/www.deesse23.fr\/wp-content\/uploads\/2025\/07\/344a-Coupes-2-1024x132.jpg 1024w, https:\/\/www.deesse23.fr\/wp-content\/uploads\/2025\/07\/344a-Coupes-2-768x99.jpg 768w, https:\/\/www.deesse23.fr\/wp-content\/uploads\/2025\/07\/344a-Coupes-2-50x6.jpg 50w, https:\/\/www.deesse23.fr\/wp-content\/uploads\/2025\/07\/344a-Coupes-2-1600x207.jpg 1600w, https:\/\/www.deesse23.fr\/wp-content\/uploads\/2025\/07\/344a-Coupes-2-1536x198.jpg 1536w, https:\/\/www.deesse23.fr\/wp-content\/uploads\/2025\/07\/344a-Coupes-2-2048x265.jpg 2048w\" sizes=\"(max-width: 2560px) 100vw, 2560px\" \/><\/div><\/div><\/a><\/figure><\/div><\/li><li class=\"kadence-blocks-gallery-item\"><div class=\"kadence-blocks-gallery-item-inner\"><figure class=\"kb-gallery-figure kb-gallery-item-has-link kadence-blocks-gallery-item-hide-caption\"><a href=\"https:\/\/www.deesse23.fr\/wp-content\/uploads\/2025\/07\/344a-Coupes-1-scaled.jpg\" data-description=\"Salle omnisport de Cordemais (44)\" class=\"kb-gallery-item-link\"   role=\"button\" aria-haspopup=\"dialog\"><div class=\"kb-gal-image-radius\" style=\"max-width:2560px;\"><div class=\"kb-gallery-image-contain kadence-blocks-gallery-intrinsic\" style=\"padding-bottom:9%;\"><img loading=\"lazy\" decoding=\"async\" src=\"https:\/\/www.deesse23.fr\/wp-content\/uploads\/2025\/07\/344a-Coupes-1-scaled.jpg\" width=\"2560\" height=\"250\" alt=\"\" data-full-image=\"https:\/\/www.deesse23.fr\/wp-content\/uploads\/2025\/07\/344a-Coupes-1-scaled.jpg\" data-light-image=\"https:\/\/www.deesse23.fr\/wp-content\/uploads\/2025\/07\/344a-Coupes-1-scaled.jpg\" data-id=\"2305\" class=\"wp-image-2305\" srcset=\"https:\/\/www.deesse23.fr\/wp-content\/uploads\/2025\/07\/344a-Coupes-1-scaled.jpg 2560w, https:\/\/www.deesse23.fr\/wp-content\/uploads\/2025\/07\/344a-Coupes-1-300x29.jpg 300w, https:\/\/www.deesse23.fr\/wp-content\/uploads\/2025\/07\/344a-Coupes-1-1024x100.jpg 1024w, https:\/\/www.deesse23.fr\/wp-content\/uploads\/2025\/07\/344a-Coupes-1-768x75.jpg 768w, https:\/\/www.deesse23.fr\/wp-content\/uploads\/2025\/07\/344a-Coupes-1-50x5.jpg 50w, https:\/\/www.deesse23.fr\/wp-content\/uploads\/2025\/07\/344a-Coupes-1-1600x156.jpg 1600w, https:\/\/www.deesse23.fr\/wp-content\/uploads\/2025\/07\/344a-Coupes-1-1536x150.jpg 1536w, https:\/\/www.deesse23.fr\/wp-content\/uploads\/2025\/07\/344a-Coupes-1-2048x200.jpg 2048w\" sizes=\"(max-width: 2560px) 100vw, 2560px\" \/><\/div><\/div><\/a><\/figure><\/div><\/li><\/ul><\/div>","protected":false},"excerpt":{"rendered":"<p>Ma\u00eetrise d\u2019Ouvrage :&nbsp;Ville de CordemaisSurface plancher :&nbsp;1 380 m\u00b2 de restructuration et 1 020 m\u00b2 d&rsquo;extensionCo\u00fbt travaux :&nbsp;3,06M\u20ac HTStatut du projet :&nbsp;ACT en coursMa\u00eetrise d\u2019\u0152uvre :&nbsp;DEESSE 23 architecte mandataire, OTEIS Nantes BE TCE, ITAC acoustique, CdLP \u00e9conomiste, Broussaille paysagistePerspective : Spectrum D\u00e9marche environnementale : RT existant \u00e9l\u00e9ment par \u00e9l\u00e9ment pour l&rsquo;existant ; RT2012 pour les&#8230;<\/p>\n","protected":false},"author":1,"featured_media":2699,"parent":0,"menu_order":0,"comment_status":"closed","ping_status":"closed","template":"","meta":{"_eb_attr":"","_kadence_starter_templates_imported_post":false,"_kad_post_transparent":"","_kad_post_title":"","_kad_post_layout":"","_kad_post_sidebar_id":"","_kad_post_content_style":"","_kad_post_vertical_padding":"","_kad_post_feature":"","_kad_post_feature_position":"","_kad_post_header":false,"_kad_post_footer":false,"footnotes":""},"class_list":["post-2304","page","type-page","status-publish","has-post-thumbnail","hentry"],"_links":{"self":[{"href":"https:\/\/www.deesse23.fr\/index.php\/wp-json\/wp\/v2\/pages\/2304","targetHints":{"allow":["GET"]}}],"collection":[{"href":"https:\/\/www.deesse23.fr\/index.php\/wp-json\/wp\/v2\/pages"}],"about":[{"href":"https:\/\/www.deesse23.fr\/index.php\/wp-json\/wp\/v2\/types\/page"}],"author":[{"embeddable":true,"href":"https:\/\/www.deesse23.fr\/index.php\/wp-json\/wp\/v2\/users\/1"}],"replies":[{"embeddable":true,"href":"https:\/\/www.deesse23.fr\/index.php\/wp-json\/wp\/v2\/comments?post=2304"}],"version-history":[{"count":10,"href":"https:\/\/www.deesse23.fr\/index.php\/wp-json\/wp\/v2\/pages\/2304\/revisions"}],"predecessor-version":[{"id":2741,"href":"https:\/\/www.deesse23.fr\/index.php\/wp-json\/wp\/v2\/pages\/2304\/revisions\/2741"}],"wp:featuredmedia":[{"embeddable":true,"href":"https:\/\/www.deesse23.fr\/index.php\/wp-json\/wp\/v2\/media\/2699"}],"wp:attachment":[{"href":"https:\/\/www.deesse23.fr\/index.php\/wp-json\/wp\/v2\/media?parent=2304"}],"curies":[{"name":"wp","href":"https:\/\/api.w.org\/{rel}","templated":true}]}}