{"id":2276,"date":"2025-07-03T11:57:49","date_gmt":"2025-07-03T09:57:49","guid":{"rendered":"https:\/\/www.deesse23.fr\/?page_id=2276"},"modified":"2026-02-16T11:32:18","modified_gmt":"2026-02-16T10:32:18","slug":"346-reze","status":"publish","type":"page","link":"https:\/\/www.deesse23.fr\/index.php\/346-reze\/","title":{"rendered":"346 &#8211; Rez\u00e9"},"content":{"rendered":"\n<div style=\"height:30px\" aria-hidden=\"true\" class=\"wp-block-spacer\"><\/div>\n\n\n\n<div class=\"wp-block-essential-blocks-advanced-heading  root-eb-advance-heading-hlrnv\"><div class=\"eb-parent-wrapper eb-parent-eb-advance-heading-hlrnv \"><div class=\"eb-advance-heading-wrapper eb-advance-heading-hlrnv button-1 undefined\" data-id=\"eb-advance-heading-hlrnv\"><h2 class=\"eb-ah-title\"><span class=\"first-title\">Cuisine centrale \u00e0 Rez\u00e9 (44)<\/span><\/h2><\/div><\/div><\/div>\n\n\n<style>.kb-row-layout-id2276_b760a2-2a > .kt-row-column-wrap{align-content:start;}:where(.kb-row-layout-id2276_b760a2-2a > .kt-row-column-wrap) > .wp-block-kadence-column{justify-content:start;}.kb-row-layout-id2276_b760a2-2a > .kt-row-column-wrap{column-gap:var(--global-kb-gap-md, 2rem);row-gap:var(--global-kb-gap-md, 2rem);padding-top:var(--global-kb-spacing-sm, 1.5rem);padding-right:var(--global-kb-spacing-lg, 3rem);padding-bottom:var(--global-kb-spacing-sm, 1.5rem);padding-left:var(--global-kb-spacing-lg, 3rem);grid-template-columns:repeat(2, minmax(0, 1fr));}.kb-row-layout-id2276_b760a2-2a > .kt-row-layout-overlay{opacity:0.30;}@media all and (max-width: 1024px){.kb-row-layout-id2276_b760a2-2a > .kt-row-column-wrap{grid-template-columns:repeat(2, minmax(0, 1fr));}}@media all and (max-width: 767px){.kb-row-layout-id2276_b760a2-2a > .kt-row-column-wrap{grid-template-columns:minmax(0, 1fr);}}<\/style><div class=\"kb-row-layout-wrap kb-row-layout-id2276_b760a2-2a alignnone wp-block-kadence-rowlayout\"><div class=\"kt-row-column-wrap kt-has-2-columns kt-row-layout-equal kt-tab-layout-inherit kt-mobile-layout-row kt-row-valign-top\">\n<style>.kadence-column2276_179eb4-cc > .kt-inside-inner-col,.kadence-column2276_179eb4-cc > .kt-inside-inner-col:before{border-top-left-radius:0px;border-top-right-radius:0px;border-bottom-right-radius:0px;border-bottom-left-radius:0px;}.kadence-column2276_179eb4-cc > .kt-inside-inner-col{column-gap:var(--global-kb-gap-sm, 1rem);}.kadence-column2276_179eb4-cc > .kt-inside-inner-col{flex-direction:column;}.kadence-column2276_179eb4-cc > .kt-inside-inner-col > .aligncenter{width:100%;}.kadence-column2276_179eb4-cc > .kt-inside-inner-col:before{opacity:0.3;}.kadence-column2276_179eb4-cc{position:relative;}@media all and (max-width: 1024px){.kadence-column2276_179eb4-cc > .kt-inside-inner-col{flex-direction:column;justify-content:center;}}@media all and (max-width: 767px){.kadence-column2276_179eb4-cc > .kt-inside-inner-col{flex-direction:column;justify-content:center;}}<\/style>\n<div class=\"wp-block-kadence-column kadence-column2276_179eb4-cc\"><div class=\"kt-inside-inner-col\">\n<p><strong>Ma\u00eetrise d\u2019Ouvrage :\u00a0<\/strong>Ville de Rez\u00e9<br><strong>Surface plancher :\u00a0<\/strong>2 071 m\u00b2<br><strong>Co\u00fbt travaux :\u00a0<\/strong>6,37M\u20ac HT<br><strong>Statut du projet :\u00a0<\/strong>Laur\u00e9at 2025 &#8211; Phase APD<br><strong>Ma\u00eetrise d\u2019\u0152uvre :\u00a0<\/strong>ALT 127 <em>architecte mandataire<\/em>, DEESSE 23 <em>architecte associ\u00e9<\/em>, OTEIS <em>BE structure-fluides<\/em>, CdLP <em>\u00e9conomiste<\/em>, BEGC <em>cuisiniste<\/em>, ITAC <em>acoustique<\/em>, SOLER IDE <em>BE HQE<\/em>, Z\u00e9phyr <em>paysagiste<\/em><br><strong>Perspective :<\/strong> ALT 127<br><br><strong>D\u00e9marche environnementale :<\/strong> RT2020 ; Niveau E3C1 ; MOB finition bardage bois pour l&rsquo;\u00e9tage ; B\u00e9ton bas carbone pour le rez-de-chauss\u00e9e<\/p>\n<\/div><\/div>\n\n\n<style>.kadence-column2276_bd252f-0f > .kt-inside-inner-col,.kadence-column2276_bd252f-0f > .kt-inside-inner-col:before{border-top-left-radius:0px;border-top-right-radius:0px;border-bottom-right-radius:0px;border-bottom-left-radius:0px;}.kadence-column2276_bd252f-0f > .kt-inside-inner-col{column-gap:var(--global-kb-gap-sm, 1rem);}.kadence-column2276_bd252f-0f > .kt-inside-inner-col{flex-direction:column;}.kadence-column2276_bd252f-0f > .kt-inside-inner-col > .aligncenter{width:100%;}.kadence-column2276_bd252f-0f > .kt-inside-inner-col:before{opacity:0.3;}.kadence-column2276_bd252f-0f{position:relative;}@media all and (max-width: 1024px){.kadence-column2276_bd252f-0f > .kt-inside-inner-col{flex-direction:column;justify-content:center;}}@media all and (max-width: 767px){.kadence-column2276_bd252f-0f > .kt-inside-inner-col{flex-direction:column;justify-content:center;}}<\/style>\n<div class=\"wp-block-kadence-column kadence-column2276_bd252f-0f\"><div class=\"kt-inside-inner-col\">\n<p>L\u2019architecture du projet est dict\u00e9e par un objectif de <strong>sobri\u00e9t\u00e9<\/strong> et d\u2019<strong>int\u00e9gration urbaine et paysag\u00e8re<\/strong>, avec le souhait de conf\u00e9rer \u00e0 ce nouveau b\u00e2timent une justesse fonctionnelle, \u00e9conomique, esth\u00e9tique et environnementale. <br>Nous avons cherch\u00e9 \u00e0 <strong>r\u00e9duire au strict minimum l&rsquo;imperm\u00e9abilisation des sols<\/strong>, en travaillant une forte compacit\u00e9 de l\u2019ensemble, avec un b\u00e2timent sur 2 niveaux et une cour de service optimis\u00e9e et \u00e0 la juste \u00e9chelle, et ainsi lib\u00e9rer au maximum les espaces au sol p\u00e9riph\u00e9riques au b\u00e2timent qui seront largement plant\u00e9s et accompagn\u00e9s d\u2019une noue v\u00e9g\u00e9talis\u00e9e et arbor\u00e9e. Une vraie gestion des eaux pluviales est ainsi int\u00e9gr\u00e9e au sein de la parcelle, en continuit\u00e9 de la haie bocag\u00e8re existante au Nord-Ouest du site.<br>Nous avons eu \u00e0 c\u0153ur de conf\u00e9rer aux espaces du projet une Haute Qualit\u00e9 d\u2019Usage, des <strong>espaces ergonomiques<\/strong>, <strong>chaleureux<\/strong>, avec un <strong>apport g\u00e9n\u00e9reux de lumi\u00e8re naturelle<\/strong> et un traitement acoustique optimum. Un \u00e9quipement ouvert sur la ville, plac\u00e9 sous le signe d\u2019une p\u00e9dagogie bienveillante et d\u2019<strong>une forte qualit\u00e9 environnementale \u00e0 l\u2019int\u00e9rieur comme \u00e0 l\u2019ext\u00e9rieur<\/strong>.<\/p>\n<\/div><\/div>\n\n<\/div><\/div>\n\n\n<div style=\"height:30px\" aria-hidden=\"true\" class=\"wp-block-spacer\"><\/div>\n\n\n<style>.wp-block-kadence-advancedgallery.kb-gallery-wrap-id-2276_6c746f-a8{padding-top:var(--global-kb-spacing-sm, 1.5rem);padding-right:var(--global-kb-spacing-lg, 3rem);padding-bottom:var(--global-kb-spacing-sm, 1.5rem);padding-left:var(--global-kb-spacing-lg, 3rem);}.wp-block-kadence-advancedgallery .kb-gallery-type-masonry.kb-gallery-id-2276_6c746f-a8{margin:-5px;}.kb-gallery-type-masonry.kb-gallery-id-2276_6c746f-a8 .kadence-blocks-gallery-item{padding:5px;}.kb-gallery-id-2276_6c746f-a8 .kadence-blocks-gallery-item .kb-gal-image-radius, .kb-gallery-id-2276_6c746f-a8 .kb-slide-item .kb-gal-image-radius img{border-radius:0px 0px 0px 0px;;}<\/style><div class=\"kb-gallery-wrap-id-2276_6c746f-a8 alignnone wp-block-kadence-advancedgallery\"><ul class=\"kb-gallery-ul kb-gallery-non-static kb-gallery-type-masonry kb-masonry-init kb-gallery-id-2276_6c746f-a8 kb-gallery-caption-style-bottom-hover kb-gallery-filter-none kb-gallery-magnific-init\" data-image-filter=\"none\" data-item-selector=\".kadence-blocks-gallery-item\" data-lightbox-caption=\"true\" data-columns-xxl=\"1\" data-columns-xl=\"1\" data-columns-md=\"1\" data-columns-sm=\"1\" data-columns-xs=\"1\" data-columns-ss=\"1\"><li class=\"kadence-blocks-gallery-item\"><div class=\"kadence-blocks-gallery-item-inner\"><figure class=\"kb-gallery-figure kb-gallery-item-has-link kadence-blocks-gallery-item-hide-caption\"><a href=\"https:\/\/www.deesse23.fr\/wp-content\/uploads\/2025\/07\/346a-PERSPECTIVE-EXTERIEURE-V2-1-scaled.jpg\" data-description=\"Cuisine centrale de Rez\u00e9 (44)\" class=\"kb-gallery-item-link\"   role=\"button\" aria-haspopup=\"dialog\"><div class=\"kb-gal-image-radius\" style=\"max-width:2560px;\"><div class=\"kb-gallery-image-contain kadence-blocks-gallery-intrinsic\" style=\"padding-bottom:45%;\"><img fetchpriority=\"high\" decoding=\"async\" src=\"https:\/\/www.deesse23.fr\/wp-content\/uploads\/2025\/07\/346a-PERSPECTIVE-EXTERIEURE-V2-1-scaled.jpg\" width=\"2560\" height=\"1152\" alt=\"\" data-full-image=\"https:\/\/www.deesse23.fr\/wp-content\/uploads\/2025\/07\/346a-PERSPECTIVE-EXTERIEURE-V2-1-scaled.jpg\" data-light-image=\"https:\/\/www.deesse23.fr\/wp-content\/uploads\/2025\/07\/346a-PERSPECTIVE-EXTERIEURE-V2-1-scaled.jpg\" data-id=\"2286\" class=\"wp-image-2286\" srcset=\"https:\/\/www.deesse23.fr\/wp-content\/uploads\/2025\/07\/346a-PERSPECTIVE-EXTERIEURE-V2-1-scaled.jpg 2560w, https:\/\/www.deesse23.fr\/wp-content\/uploads\/2025\/07\/346a-PERSPECTIVE-EXTERIEURE-V2-1-300x135.jpg 300w, https:\/\/www.deesse23.fr\/wp-content\/uploads\/2025\/07\/346a-PERSPECTIVE-EXTERIEURE-V2-1-1024x461.jpg 1024w, https:\/\/www.deesse23.fr\/wp-content\/uploads\/2025\/07\/346a-PERSPECTIVE-EXTERIEURE-V2-1-768x346.jpg 768w, https:\/\/www.deesse23.fr\/wp-content\/uploads\/2025\/07\/346a-PERSPECTIVE-EXTERIEURE-V2-1-50x23.jpg 50w, https:\/\/www.deesse23.fr\/wp-content\/uploads\/2025\/07\/346a-PERSPECTIVE-EXTERIEURE-V2-1-1600x720.jpg 1600w\" sizes=\"(max-width: 2560px) 100vw, 2560px\" \/><\/div><\/div><\/a><\/figure><\/div><\/li><li class=\"kadence-blocks-gallery-item\"><div class=\"kadence-blocks-gallery-item-inner\"><figure class=\"kb-gallery-figure kb-gallery-item-has-link kadence-blocks-gallery-item-hide-caption\"><a href=\"https:\/\/www.deesse23.fr\/wp-content\/uploads\/2026\/02\/Perspective-aerienne-scaled.jpg\" data-description=\"Cuisine centrale de Rez\u00e9 (44)\" class=\"kb-gallery-item-link\"   role=\"button\" aria-haspopup=\"dialog\"><div class=\"kb-gal-image-radius\" style=\"max-width:2560px;\"><div class=\"kb-gallery-image-contain kadence-blocks-gallery-intrinsic\" style=\"padding-bottom:44%;\"><img decoding=\"async\" src=\"https:\/\/www.deesse23.fr\/wp-content\/uploads\/2026\/02\/Perspective-aerienne-scaled.jpg\" width=\"2560\" height=\"1149\" alt=\"\" data-full-image=\"https:\/\/www.deesse23.fr\/wp-content\/uploads\/2026\/02\/Perspective-aerienne-scaled.jpg\" data-light-image=\"https:\/\/www.deesse23.fr\/wp-content\/uploads\/2026\/02\/Perspective-aerienne-scaled.jpg\" data-id=\"2611\" class=\"wp-image-2611\" srcset=\"https:\/\/www.deesse23.fr\/wp-content\/uploads\/2026\/02\/Perspective-aerienne-scaled.jpg 2560w, https:\/\/www.deesse23.fr\/wp-content\/uploads\/2026\/02\/Perspective-aerienne-300x135.jpg 300w, https:\/\/www.deesse23.fr\/wp-content\/uploads\/2026\/02\/Perspective-aerienne-1024x460.jpg 1024w, https:\/\/www.deesse23.fr\/wp-content\/uploads\/2026\/02\/Perspective-aerienne-768x345.jpg 768w, https:\/\/www.deesse23.fr\/wp-content\/uploads\/2026\/02\/Perspective-aerienne-50x22.jpg 50w, https:\/\/www.deesse23.fr\/wp-content\/uploads\/2026\/02\/Perspective-aerienne-1600x718.jpg 1600w, https:\/\/www.deesse23.fr\/wp-content\/uploads\/2026\/02\/Perspective-aerienne-1536x689.jpg 1536w, https:\/\/www.deesse23.fr\/wp-content\/uploads\/2026\/02\/Perspective-aerienne-2048x919.jpg 2048w\" sizes=\"(max-width: 2560px) 100vw, 2560px\" \/><\/div><\/div><\/a><\/figure><\/div><\/li><li class=\"kadence-blocks-gallery-item\"><div class=\"kadence-blocks-gallery-item-inner\"><figure class=\"kb-gallery-figure kb-gallery-item-has-link kadence-blocks-gallery-item-hide-caption\"><a href=\"https:\/\/www.deesse23.fr\/wp-content\/uploads\/2025\/07\/346a-Plan-Masse-1-scaled.jpg\" data-description=\"Cuisine centrale de Rez\u00e9 (44)\" class=\"kb-gallery-item-link\"   role=\"button\" aria-haspopup=\"dialog\"><div class=\"kb-gal-image-radius\" style=\"max-width:2560px;\"><div class=\"kb-gallery-image-contain kadence-blocks-gallery-intrinsic\" style=\"padding-bottom:50%;\"><img decoding=\"async\" src=\"https:\/\/www.deesse23.fr\/wp-content\/uploads\/2025\/07\/346a-Plan-Masse-1-scaled.jpg\" width=\"2560\" height=\"1281\" alt=\"\" data-full-image=\"https:\/\/www.deesse23.fr\/wp-content\/uploads\/2025\/07\/346a-Plan-Masse-1-scaled.jpg\" data-light-image=\"https:\/\/www.deesse23.fr\/wp-content\/uploads\/2025\/07\/346a-Plan-Masse-1-scaled.jpg\" data-id=\"2287\" class=\"wp-image-2287\" srcset=\"https:\/\/www.deesse23.fr\/wp-content\/uploads\/2025\/07\/346a-Plan-Masse-1-scaled.jpg 2560w, https:\/\/www.deesse23.fr\/wp-content\/uploads\/2025\/07\/346a-Plan-Masse-1-300x150.jpg 300w, https:\/\/www.deesse23.fr\/wp-content\/uploads\/2025\/07\/346a-Plan-Masse-1-1024x512.jpg 1024w, https:\/\/www.deesse23.fr\/wp-content\/uploads\/2025\/07\/346a-Plan-Masse-1-768x384.jpg 768w, https:\/\/www.deesse23.fr\/wp-content\/uploads\/2025\/07\/346a-Plan-Masse-1-50x25.jpg 50w, https:\/\/www.deesse23.fr\/wp-content\/uploads\/2025\/07\/346a-Plan-Masse-1-1600x800.jpg 1600w, https:\/\/www.deesse23.fr\/wp-content\/uploads\/2025\/07\/346a-Plan-Masse-1-1536x768.jpg 1536w, https:\/\/www.deesse23.fr\/wp-content\/uploads\/2025\/07\/346a-Plan-Masse-1-2048x1024.jpg 2048w\" sizes=\"(max-width: 2560px) 100vw, 2560px\" \/><\/div><\/div><\/a><\/figure><\/div><\/li><li class=\"kadence-blocks-gallery-item\"><div class=\"kadence-blocks-gallery-item-inner\"><figure class=\"kb-gallery-figure kb-gallery-item-has-link kadence-blocks-gallery-item-hide-caption\"><a href=\"https:\/\/www.deesse23.fr\/wp-content\/uploads\/2025\/07\/Carnet-A3_5-1-scaled.jpg\" data-description=\"Cuisine centrale de Rez\u00e9 (44)\" class=\"kb-gallery-item-link\"   role=\"button\" aria-haspopup=\"dialog\"><div class=\"kb-gal-image-radius\" style=\"max-width:2560px;\"><div class=\"kb-gallery-image-contain kadence-blocks-gallery-intrinsic\" style=\"padding-bottom:70%;\"><img loading=\"lazy\" decoding=\"async\" src=\"https:\/\/www.deesse23.fr\/wp-content\/uploads\/2025\/07\/Carnet-A3_5-1-scaled.jpg\" width=\"2560\" height=\"1810\" alt=\"\" data-full-image=\"https:\/\/www.deesse23.fr\/wp-content\/uploads\/2025\/07\/Carnet-A3_5-1-scaled.jpg\" data-light-image=\"https:\/\/www.deesse23.fr\/wp-content\/uploads\/2025\/07\/Carnet-A3_5-1-scaled.jpg\" data-id=\"2288\" class=\"wp-image-2288\" srcset=\"https:\/\/www.deesse23.fr\/wp-content\/uploads\/2025\/07\/Carnet-A3_5-1-scaled.jpg 2560w, https:\/\/www.deesse23.fr\/wp-content\/uploads\/2025\/07\/Carnet-A3_5-1-300x212.jpg 300w, https:\/\/www.deesse23.fr\/wp-content\/uploads\/2025\/07\/Carnet-A3_5-1-1024x724.jpg 1024w, https:\/\/www.deesse23.fr\/wp-content\/uploads\/2025\/07\/Carnet-A3_5-1-768x543.jpg 768w, https:\/\/www.deesse23.fr\/wp-content\/uploads\/2025\/07\/Carnet-A3_5-1-50x35.jpg 50w, https:\/\/www.deesse23.fr\/wp-content\/uploads\/2025\/07\/Carnet-A3_5-1-1600x1131.jpg 1600w, https:\/\/www.deesse23.fr\/wp-content\/uploads\/2025\/07\/Carnet-A3_5-1-1536x1086.jpg 1536w, https:\/\/www.deesse23.fr\/wp-content\/uploads\/2025\/07\/Carnet-A3_5-1-2048x1448.jpg 2048w\" sizes=\"(max-width: 2560px) 100vw, 2560px\" \/><\/div><\/div><\/a><\/figure><\/div><\/li><li class=\"kadence-blocks-gallery-item\"><div class=\"kadence-blocks-gallery-item-inner\"><figure class=\"kb-gallery-figure kb-gallery-item-has-link kadence-blocks-gallery-item-hide-caption\"><a href=\"https:\/\/www.deesse23.fr\/wp-content\/uploads\/2025\/07\/Elevation-sud-ouest-modifiee-1-scaled.jpg\" data-description=\"Cuisine centrale de Rez\u00e9 (44)\" class=\"kb-gallery-item-link\"   role=\"button\" aria-haspopup=\"dialog\"><div class=\"kb-gal-image-radius\" style=\"max-width:2560px;\"><div class=\"kb-gallery-image-contain kadence-blocks-gallery-intrinsic\" style=\"padding-bottom:22%;\"><img loading=\"lazy\" decoding=\"async\" src=\"https:\/\/www.deesse23.fr\/wp-content\/uploads\/2025\/07\/Elevation-sud-ouest-modifiee-1-scaled.jpg\" width=\"2560\" height=\"573\" alt=\"\" data-full-image=\"https:\/\/www.deesse23.fr\/wp-content\/uploads\/2025\/07\/Elevation-sud-ouest-modifiee-1-scaled.jpg\" data-light-image=\"https:\/\/www.deesse23.fr\/wp-content\/uploads\/2025\/07\/Elevation-sud-ouest-modifiee-1-scaled.jpg\" data-id=\"2292\" class=\"wp-image-2292\" srcset=\"https:\/\/www.deesse23.fr\/wp-content\/uploads\/2025\/07\/Elevation-sud-ouest-modifiee-1-scaled.jpg 2560w, https:\/\/www.deesse23.fr\/wp-content\/uploads\/2025\/07\/Elevation-sud-ouest-modifiee-1-300x67.jpg 300w, https:\/\/www.deesse23.fr\/wp-content\/uploads\/2025\/07\/Elevation-sud-ouest-modifiee-1-1024x229.jpg 1024w, https:\/\/www.deesse23.fr\/wp-content\/uploads\/2025\/07\/Elevation-sud-ouest-modifiee-1-768x172.jpg 768w, https:\/\/www.deesse23.fr\/wp-content\/uploads\/2025\/07\/Elevation-sud-ouest-modifiee-1-50x11.jpg 50w, https:\/\/www.deesse23.fr\/wp-content\/uploads\/2025\/07\/Elevation-sud-ouest-modifiee-1-1600x358.jpg 1600w, https:\/\/www.deesse23.fr\/wp-content\/uploads\/2025\/07\/Elevation-sud-ouest-modifiee-1-1536x344.jpg 1536w, https:\/\/www.deesse23.fr\/wp-content\/uploads\/2025\/07\/Elevation-sud-ouest-modifiee-1-2048x458.jpg 2048w\" sizes=\"(max-width: 2560px) 100vw, 2560px\" \/><\/div><\/div><\/a><\/figure><\/div><\/li><li class=\"kadence-blocks-gallery-item\"><div class=\"kadence-blocks-gallery-item-inner\"><figure class=\"kb-gallery-figure kb-gallery-item-has-link kadence-blocks-gallery-item-hide-caption\"><a href=\"https:\/\/www.deesse23.fr\/wp-content\/uploads\/2025\/07\/Elevation-sud-est-modifiee-1-scaled.jpg\" data-description=\"Cuisine centrale de Rez\u00e9 (44)\" class=\"kb-gallery-item-link\"   role=\"button\" aria-haspopup=\"dialog\"><div class=\"kb-gal-image-radius\" style=\"max-width:2560px;\"><div class=\"kb-gallery-image-contain kadence-blocks-gallery-intrinsic\" style=\"padding-bottom:29%;\"><img loading=\"lazy\" decoding=\"async\" src=\"https:\/\/www.deesse23.fr\/wp-content\/uploads\/2025\/07\/Elevation-sud-est-modifiee-1-scaled.jpg\" width=\"2560\" height=\"749\" alt=\"\" data-full-image=\"https:\/\/www.deesse23.fr\/wp-content\/uploads\/2025\/07\/Elevation-sud-est-modifiee-1-scaled.jpg\" data-light-image=\"https:\/\/www.deesse23.fr\/wp-content\/uploads\/2025\/07\/Elevation-sud-est-modifiee-1-scaled.jpg\" data-id=\"2291\" class=\"wp-image-2291\" srcset=\"https:\/\/www.deesse23.fr\/wp-content\/uploads\/2025\/07\/Elevation-sud-est-modifiee-1-scaled.jpg 2560w, https:\/\/www.deesse23.fr\/wp-content\/uploads\/2025\/07\/Elevation-sud-est-modifiee-1-300x88.jpg 300w, https:\/\/www.deesse23.fr\/wp-content\/uploads\/2025\/07\/Elevation-sud-est-modifiee-1-1024x300.jpg 1024w, https:\/\/www.deesse23.fr\/wp-content\/uploads\/2025\/07\/Elevation-sud-est-modifiee-1-768x225.jpg 768w, https:\/\/www.deesse23.fr\/wp-content\/uploads\/2025\/07\/Elevation-sud-est-modifiee-1-50x15.jpg 50w, https:\/\/www.deesse23.fr\/wp-content\/uploads\/2025\/07\/Elevation-sud-est-modifiee-1-1600x468.jpg 1600w, https:\/\/www.deesse23.fr\/wp-content\/uploads\/2025\/07\/Elevation-sud-est-modifiee-1-1536x450.jpg 1536w, https:\/\/www.deesse23.fr\/wp-content\/uploads\/2025\/07\/Elevation-sud-est-modifiee-1-2048x599.jpg 2048w\" sizes=\"(max-width: 2560px) 100vw, 2560px\" \/><\/div><\/div><\/a><\/figure><\/div><\/li><li class=\"kadence-blocks-gallery-item\"><div class=\"kadence-blocks-gallery-item-inner\"><figure class=\"kb-gallery-figure kb-gallery-item-has-link kadence-blocks-gallery-item-hide-caption\"><a href=\"https:\/\/www.deesse23.fr\/wp-content\/uploads\/2025\/07\/Elevation-nord-ouest-modifiee-1-scaled.jpg\" data-description=\"Cuisine centrale de Rez\u00e9 (44)\" class=\"kb-gallery-item-link\"   role=\"button\" aria-haspopup=\"dialog\"><div class=\"kb-gal-image-radius\" style=\"max-width:2560px;\"><div class=\"kb-gallery-image-contain kadence-blocks-gallery-intrinsic\" style=\"padding-bottom:14%;\"><img loading=\"lazy\" decoding=\"async\" src=\"https:\/\/www.deesse23.fr\/wp-content\/uploads\/2025\/07\/Elevation-nord-ouest-modifiee-1-scaled.jpg\" width=\"2560\" height=\"378\" alt=\"\" data-full-image=\"https:\/\/www.deesse23.fr\/wp-content\/uploads\/2025\/07\/Elevation-nord-ouest-modifiee-1-scaled.jpg\" data-light-image=\"https:\/\/www.deesse23.fr\/wp-content\/uploads\/2025\/07\/Elevation-nord-ouest-modifiee-1-scaled.jpg\" data-id=\"2290\" class=\"wp-image-2290\" srcset=\"https:\/\/www.deesse23.fr\/wp-content\/uploads\/2025\/07\/Elevation-nord-ouest-modifiee-1-scaled.jpg 2560w, https:\/\/www.deesse23.fr\/wp-content\/uploads\/2025\/07\/Elevation-nord-ouest-modifiee-1-300x44.jpg 300w, https:\/\/www.deesse23.fr\/wp-content\/uploads\/2025\/07\/Elevation-nord-ouest-modifiee-1-1024x151.jpg 1024w, https:\/\/www.deesse23.fr\/wp-content\/uploads\/2025\/07\/Elevation-nord-ouest-modifiee-1-768x114.jpg 768w, https:\/\/www.deesse23.fr\/wp-content\/uploads\/2025\/07\/Elevation-nord-ouest-modifiee-1-50x7.jpg 50w, https:\/\/www.deesse23.fr\/wp-content\/uploads\/2025\/07\/Elevation-nord-ouest-modifiee-1-1600x236.jpg 1600w, https:\/\/www.deesse23.fr\/wp-content\/uploads\/2025\/07\/Elevation-nord-ouest-modifiee-1-1536x227.jpg 1536w, https:\/\/www.deesse23.fr\/wp-content\/uploads\/2025\/07\/Elevation-nord-ouest-modifiee-1-2048x303.jpg 2048w\" sizes=\"(max-width: 2560px) 100vw, 2560px\" \/><\/div><\/div><\/a><\/figure><\/div><\/li><li class=\"kadence-blocks-gallery-item\"><div class=\"kadence-blocks-gallery-item-inner\"><figure class=\"kb-gallery-figure kb-gallery-item-has-link kadence-blocks-gallery-item-hide-caption\"><a href=\"https:\/\/www.deesse23.fr\/wp-content\/uploads\/2025\/07\/Elevation-nord-est-modifiee-1-scaled.jpg\" data-description=\"Cuisine centrale de Rez\u00e9 (44)\" class=\"kb-gallery-item-link\"   role=\"button\" aria-haspopup=\"dialog\"><div class=\"kb-gal-image-radius\" style=\"max-width:2560px;\"><div class=\"kb-gallery-image-contain kadence-blocks-gallery-intrinsic\" style=\"padding-bottom:17%;\"><img loading=\"lazy\" decoding=\"async\" src=\"https:\/\/www.deesse23.fr\/wp-content\/uploads\/2025\/07\/Elevation-nord-est-modifiee-1-scaled.jpg\" width=\"2560\" height=\"446\" alt=\"\" data-full-image=\"https:\/\/www.deesse23.fr\/wp-content\/uploads\/2025\/07\/Elevation-nord-est-modifiee-1-scaled.jpg\" data-light-image=\"https:\/\/www.deesse23.fr\/wp-content\/uploads\/2025\/07\/Elevation-nord-est-modifiee-1-scaled.jpg\" data-id=\"2289\" class=\"wp-image-2289\" srcset=\"https:\/\/www.deesse23.fr\/wp-content\/uploads\/2025\/07\/Elevation-nord-est-modifiee-1-scaled.jpg 2560w, https:\/\/www.deesse23.fr\/wp-content\/uploads\/2025\/07\/Elevation-nord-est-modifiee-1-300x52.jpg 300w, https:\/\/www.deesse23.fr\/wp-content\/uploads\/2025\/07\/Elevation-nord-est-modifiee-1-1024x178.jpg 1024w, https:\/\/www.deesse23.fr\/wp-content\/uploads\/2025\/07\/Elevation-nord-est-modifiee-1-768x134.jpg 768w, https:\/\/www.deesse23.fr\/wp-content\/uploads\/2025\/07\/Elevation-nord-est-modifiee-1-50x9.jpg 50w, https:\/\/www.deesse23.fr\/wp-content\/uploads\/2025\/07\/Elevation-nord-est-modifiee-1-1600x279.jpg 1600w, https:\/\/www.deesse23.fr\/wp-content\/uploads\/2025\/07\/Elevation-nord-est-modifiee-1-1536x268.jpg 1536w, https:\/\/www.deesse23.fr\/wp-content\/uploads\/2025\/07\/Elevation-nord-est-modifiee-1-2048x357.jpg 2048w\" sizes=\"(max-width: 2560px) 100vw, 2560px\" \/><\/div><\/div><\/a><\/figure><\/div><\/li><li class=\"kadence-blocks-gallery-item\"><div class=\"kadence-blocks-gallery-item-inner\"><figure class=\"kb-gallery-figure kb-gallery-item-has-link kadence-blocks-gallery-item-hide-caption\"><a href=\"https:\/\/www.deesse23.fr\/wp-content\/uploads\/2026\/02\/Perspective-interieure-scaled.jpg\" data-description=\"Cuisine centrale de Rez\u00e9 (44)\" class=\"kb-gallery-item-link\"   role=\"button\" aria-haspopup=\"dialog\"><div class=\"kb-gal-image-radius\" style=\"max-width:2560px;\"><div class=\"kb-gallery-image-contain kadence-blocks-gallery-intrinsic\" style=\"padding-bottom:60%;\"><img loading=\"lazy\" decoding=\"async\" src=\"https:\/\/www.deesse23.fr\/wp-content\/uploads\/2026\/02\/Perspective-interieure-scaled.jpg\" width=\"2560\" height=\"1555\" alt=\"\" data-full-image=\"https:\/\/www.deesse23.fr\/wp-content\/uploads\/2026\/02\/Perspective-interieure-scaled.jpg\" data-light-image=\"https:\/\/www.deesse23.fr\/wp-content\/uploads\/2026\/02\/Perspective-interieure-scaled.jpg\" data-id=\"2610\" class=\"wp-image-2610\" srcset=\"https:\/\/www.deesse23.fr\/wp-content\/uploads\/2026\/02\/Perspective-interieure-scaled.jpg 2560w, https:\/\/www.deesse23.fr\/wp-content\/uploads\/2026\/02\/Perspective-interieure-300x182.jpg 300w, https:\/\/www.deesse23.fr\/wp-content\/uploads\/2026\/02\/Perspective-interieure-1024x622.jpg 1024w, https:\/\/www.deesse23.fr\/wp-content\/uploads\/2026\/02\/Perspective-interieure-768x467.jpg 768w, https:\/\/www.deesse23.fr\/wp-content\/uploads\/2026\/02\/Perspective-interieure-50x30.jpg 50w, https:\/\/www.deesse23.fr\/wp-content\/uploads\/2026\/02\/Perspective-interieure-1600x972.jpg 1600w, https:\/\/www.deesse23.fr\/wp-content\/uploads\/2026\/02\/Perspective-interieure-1536x933.jpg 1536w, https:\/\/www.deesse23.fr\/wp-content\/uploads\/2026\/02\/Perspective-interieure-2048x1244.jpg 2048w\" sizes=\"(max-width: 2560px) 100vw, 2560px\" \/><\/div><\/div><\/a><\/figure><\/div><\/li><\/ul><\/div>","protected":false},"excerpt":{"rendered":"<p>Ma\u00eetrise d\u2019Ouvrage :\u00a0Ville de Rez\u00e9Surface plancher :\u00a02 071 m\u00b2Co\u00fbt travaux :\u00a06,37M\u20ac HTStatut du projet :\u00a0Laur\u00e9at 2025 &#8211; Phase APDMa\u00eetrise d\u2019\u0152uvre :\u00a0ALT 127 architecte mandataire, DEESSE 23 architecte associ\u00e9, OTEIS BE structure-fluides, CdLP \u00e9conomiste, BEGC cuisiniste, ITAC acoustique, SOLER IDE BE HQE, Z\u00e9phyr paysagistePerspective : ALT 127 D\u00e9marche environnementale : RT2020 ; Niveau E3C1 ; MOB&#8230;<\/p>\n","protected":false},"author":1,"featured_media":0,"parent":0,"menu_order":0,"comment_status":"closed","ping_status":"closed","template":"","meta":{"_eb_attr":"","_kadence_starter_templates_imported_post":false,"_kad_post_transparent":"","_kad_post_title":"","_kad_post_layout":"","_kad_post_sidebar_id":"","_kad_post_content_style":"","_kad_post_vertical_padding":"","_kad_post_feature":"","_kad_post_feature_position":"","_kad_post_header":false,"_kad_post_footer":false,"footnotes":""},"class_list":["post-2276","page","type-page","status-publish","hentry"],"_links":{"self":[{"href":"https:\/\/www.deesse23.fr\/index.php\/wp-json\/wp\/v2\/pages\/2276","targetHints":{"allow":["GET"]}}],"collection":[{"href":"https:\/\/www.deesse23.fr\/index.php\/wp-json\/wp\/v2\/pages"}],"about":[{"href":"https:\/\/www.deesse23.fr\/index.php\/wp-json\/wp\/v2\/types\/page"}],"author":[{"embeddable":true,"href":"https:\/\/www.deesse23.fr\/index.php\/wp-json\/wp\/v2\/users\/1"}],"replies":[{"embeddable":true,"href":"https:\/\/www.deesse23.fr\/index.php\/wp-json\/wp\/v2\/comments?post=2276"}],"version-history":[{"count":7,"href":"https:\/\/www.deesse23.fr\/index.php\/wp-json\/wp\/v2\/pages\/2276\/revisions"}],"predecessor-version":[{"id":2619,"href":"https:\/\/www.deesse23.fr\/index.php\/wp-json\/wp\/v2\/pages\/2276\/revisions\/2619"}],"wp:attachment":[{"href":"https:\/\/www.deesse23.fr\/index.php\/wp-json\/wp\/v2\/media?parent=2276"}],"curies":[{"name":"wp","href":"https:\/\/api.w.org\/{rel}","templated":true}]}}