{"id":2210,"date":"2025-07-02T16:00:31","date_gmt":"2025-07-02T14:00:31","guid":{"rendered":"https:\/\/www.deesse23.fr\/?page_id=2210"},"modified":"2026-02-16T15:55:11","modified_gmt":"2026-02-16T14:55:11","slug":"343-vallet","status":"publish","type":"page","link":"https:\/\/www.deesse23.fr\/index.php\/343-vallet\/","title":{"rendered":"343 &#8211; Vallet"},"content":{"rendered":"\n<div style=\"height:100px\" aria-hidden=\"true\" class=\"wp-block-spacer\"><\/div>\n\n\n\n<div class=\"wp-block-essential-blocks-advanced-heading  root-eb-advance-heading-2uwp6\"><div class=\"eb-parent-wrapper eb-parent-eb-advance-heading-2uwp6 \"><div class=\"eb-advance-heading-wrapper eb-advance-heading-2uwp6 button-1 undefined\" data-id=\"eb-advance-heading-2uwp6\"><h2 class=\"eb-ah-title\"><span class=\"first-title\">Complexe sportif des Dorices \u00e0 Vallet (44)<\/span><\/h2><\/div><\/div><\/div>\n\n\n<style>.kb-row-layout-id2210_428530-bb > .kt-row-column-wrap{align-content:start;}:where(.kb-row-layout-id2210_428530-bb > .kt-row-column-wrap) > .wp-block-kadence-column{justify-content:start;}.kb-row-layout-id2210_428530-bb > .kt-row-column-wrap{column-gap:var(--global-kb-gap-md, 2rem);row-gap:var(--global-kb-gap-md, 2rem);padding-top:var(--global-kb-spacing-sm, 1.5rem);padding-right:var(--global-kb-spacing-lg, 3rem);padding-bottom:var(--global-kb-spacing-sm, 1.5rem);padding-left:var(--global-kb-spacing-lg, 3rem);grid-template-columns:repeat(2, minmax(0, 1fr));}.kb-row-layout-id2210_428530-bb > .kt-row-layout-overlay{opacity:0.30;}@media all and (max-width: 1024px){.kb-row-layout-id2210_428530-bb > .kt-row-column-wrap{grid-template-columns:repeat(2, minmax(0, 1fr));}}@media all and (max-width: 767px){.kb-row-layout-id2210_428530-bb > .kt-row-column-wrap{grid-template-columns:minmax(0, 1fr);}}<\/style><div class=\"kb-row-layout-wrap kb-row-layout-id2210_428530-bb alignnone wp-block-kadence-rowlayout\"><div class=\"kt-row-column-wrap kt-has-2-columns kt-row-layout-equal kt-tab-layout-inherit kt-mobile-layout-row kt-row-valign-top\">\n<style>.kadence-column2210_80338e-13 > .kt-inside-inner-col,.kadence-column2210_80338e-13 > .kt-inside-inner-col:before{border-top-left-radius:0px;border-top-right-radius:0px;border-bottom-right-radius:0px;border-bottom-left-radius:0px;}.kadence-column2210_80338e-13 > .kt-inside-inner-col{column-gap:var(--global-kb-gap-sm, 1rem);}.kadence-column2210_80338e-13 > .kt-inside-inner-col{flex-direction:column;}.kadence-column2210_80338e-13 > .kt-inside-inner-col > .aligncenter{width:100%;}.kadence-column2210_80338e-13 > .kt-inside-inner-col:before{opacity:0.3;}.kadence-column2210_80338e-13{position:relative;}@media all and (max-width: 1024px){.kadence-column2210_80338e-13 > .kt-inside-inner-col{flex-direction:column;justify-content:center;}}@media all and (max-width: 767px){.kadence-column2210_80338e-13 > .kt-inside-inner-col{flex-direction:column;justify-content:center;}}<\/style>\n<div class=\"wp-block-kadence-column kadence-column2210_80338e-13\"><div class=\"kt-inside-inner-col\">\n<p><strong>Ma\u00eetrise d&rsquo;Ouvrage<\/strong> : Ville de Vallet<br><strong>Surface<\/strong> : 2 024 m\u00b2 de r\u00e9habilitation et 2 444 m\u00b2 d&rsquo;extension<br><strong>Co\u00fbt travaux <\/strong>: 4,7M\u20ac HT<br><strong>Statut <\/strong>: Chantier en cours<br><strong>Ma\u00eetrise d\u2019\u0153uvre <\/strong>: D\u00c9ESSE 23 <em>architecte<\/em>, ALM ALLAIN <em>entreprise g\u00e9n\u00e9rale mandataire<\/em>, Cairn Ing\u00e9nierie <em>BE TCE<\/em><br><strong>Perspective <\/strong>: Spectrum<br><br><strong>D\u00e9marche environnementale <\/strong>: RT existant \u00e9l\u00e9ment par \u00e9l\u00e9ment ; E3C1 ; Enveloppe thermique optimale ; Ventilation double flux ; Salles multisports et tennis non chauff\u00e9es ; R\u00e9cup\u00e9ration des eaux pluviales ; Panneaux photovolta\u00efques en autoconsommation <\/p>\n<\/div><\/div>\n\n\n<style>.kadence-column2210_17a800-12 > .kt-inside-inner-col,.kadence-column2210_17a800-12 > .kt-inside-inner-col:before{border-top-left-radius:0px;border-top-right-radius:0px;border-bottom-right-radius:0px;border-bottom-left-radius:0px;}.kadence-column2210_17a800-12 > .kt-inside-inner-col{column-gap:var(--global-kb-gap-sm, 1rem);}.kadence-column2210_17a800-12 > .kt-inside-inner-col{flex-direction:column;}.kadence-column2210_17a800-12 > .kt-inside-inner-col > .aligncenter{width:100%;}.kadence-column2210_17a800-12 > .kt-inside-inner-col:before{opacity:0.3;}.kadence-column2210_17a800-12{position:relative;}@media all and (max-width: 1024px){.kadence-column2210_17a800-12 > .kt-inside-inner-col{flex-direction:column;justify-content:center;}}@media all and (max-width: 767px){.kadence-column2210_17a800-12 > .kt-inside-inner-col{flex-direction:column;justify-content:center;}}<\/style>\n<div class=\"wp-block-kadence-column kadence-column2210_17a800-12\"><div class=\"kt-inside-inner-col\">\n<p>Le site des Dorices \u00e0 Vallet est le regroupement de nombreuses activit\u00e9s sportives, associatives dans un cadre idyllique. Le lieu est d\u00e9j\u00e0 install\u00e9 dans les habitudes de la population. Le parc bois\u00e9, les plaines sportives et festives, le parcours sportif, sa proximit\u00e9 avec le centre-ville en font un lieu particulier et usit\u00e9 de tous. N\u00e9anmoins, le complexe sportif est compos\u00e9 aujourd\u2019hui de diff\u00e9rents espaces sportifs dat\u00e9s, mais surtout peu connect\u00e9s entre eux et manquants d\u2019une centralit\u00e9, acc\u00e8s peu visible au Nord pour les sports collectifs, porte d\u00e9rob\u00e9e pour l\u2019escrime et terrains de tennis au Sud. <\/p>\n\n\n\n<p>L\u2019implantation des nouveaux espaces au Sud des salles existantes permet de <strong>reconnecter entre elles les activit\u00e9s<\/strong> et de <strong>cr\u00e9er un lieu f\u00e9d\u00e9rateur entre usagers<\/strong>. Un espace commun, un lieu de rencontre, le \u00ab Tiers-lieu \u00bb, va s\u2019ins\u00e9rer entre les salles existantes et la future salle de tennis. Lieu de convivialit\u00e9, il attire le public par une transparence traversante depuis le parvis entre le parc\/la ville et les am\u00e9nagements sportifs ext\u00e9rieurs \u00e0 l\u2019arri\u00e8re du complexe.<\/p>\n<\/div><\/div>\n\n<\/div><\/div>\n\n\n<div style=\"height:30px\" aria-hidden=\"true\" class=\"wp-block-spacer\"><\/div>\n\n\n<style>.wp-block-kadence-advancedgallery.kb-gallery-wrap-id-2210_26ef94-9d{padding-top:var(--global-kb-spacing-sm, 1.5rem);padding-right:var(--global-kb-spacing-lg, 3rem);padding-bottom:var(--global-kb-spacing-sm, 1.5rem);padding-left:var(--global-kb-spacing-lg, 3rem);}.wp-block-kadence-advancedgallery .kb-gallery-type-grid.kb-gallery-id-2210_26ef94-9d{margin:-15px;}.kb-gallery-type-grid.kb-gallery-id-2210_26ef94-9d .kadence-blocks-gallery-item{padding:15px;}.kb-gallery-id-2210_26ef94-9d .kadence-blocks-gallery-item .kb-gal-image-radius, .kb-gallery-id-2210_26ef94-9d .kb-slide-item .kb-gal-image-radius img{border-radius:0px 0px 0px 0px;;}<\/style><div class=\"kb-gallery-wrap-id-2210_26ef94-9d alignnone wp-block-kadence-advancedgallery\"><ul class=\"kb-gallery-ul kb-gallery-non-static kb-gallery-type-grid kb-gallery-id-2210_26ef94-9d kb-gallery-caption-style-bottom-hover kb-gallery-filter-none kb-gallery-magnific-init\" data-image-filter=\"none\" data-item-selector=\".kadence-blocks-gallery-item\" data-lightbox-caption=\"true\" data-columns-xxl=\"2\" data-columns-xl=\"2\" data-columns-md=\"2\" data-columns-sm=\"2\" data-columns-xs=\"1\" data-columns-ss=\"1\"><li class=\"kadence-blocks-gallery-item\"><div class=\"kadence-blocks-gallery-item-inner\"><figure class=\"kb-gallery-figure kb-gallery-item-has-link kadence-blocks-gallery-item-hide-caption\"><a href=\"https:\/\/www.deesse23.fr\/wp-content\/uploads\/2026\/02\/DEESSE23-Vallet-exterieur_2024\u00a9spectrummodif-DS23-scaled.jpg\" data-description=\"Complexe sportif des Dorices de Vallet (44)\" class=\"kb-gallery-item-link\"   role=\"button\" aria-haspopup=\"dialog\"><div class=\"kb-gal-image-radius\"><div class=\"kb-gallery-image-contain kadence-blocks-gallery-intrinsic kb-gallery-image-ratio-land169 kb-has-image-ratio-land169\" ><img fetchpriority=\"high\" decoding=\"async\" src=\"https:\/\/www.deesse23.fr\/wp-content\/uploads\/2026\/02\/DEESSE23-Vallet-exterieur_2024\u00a9spectrummodif-DS23-2048x1229.jpg\" width=\"2048\" height=\"1229\" alt=\"\" data-full-image=\"https:\/\/www.deesse23.fr\/wp-content\/uploads\/2026\/02\/DEESSE23-Vallet-exterieur_2024\u00a9spectrummodif-DS23-scaled.jpg\" data-light-image=\"https:\/\/www.deesse23.fr\/wp-content\/uploads\/2026\/02\/DEESSE23-Vallet-exterieur_2024\u00a9spectrummodif-DS23-scaled.jpg\" data-id=\"2603\" class=\"wp-image-2603\" srcset=\"https:\/\/www.deesse23.fr\/wp-content\/uploads\/2026\/02\/DEESSE23-Vallet-exterieur_2024\u00a9spectrummodif-DS23-2048x1229.jpg 2048w, https:\/\/www.deesse23.fr\/wp-content\/uploads\/2026\/02\/DEESSE23-Vallet-exterieur_2024\u00a9spectrummodif-DS23-300x180.jpg 300w, https:\/\/www.deesse23.fr\/wp-content\/uploads\/2026\/02\/DEESSE23-Vallet-exterieur_2024\u00a9spectrummodif-DS23-1024x614.jpg 1024w, https:\/\/www.deesse23.fr\/wp-content\/uploads\/2026\/02\/DEESSE23-Vallet-exterieur_2024\u00a9spectrummodif-DS23-768x461.jpg 768w, https:\/\/www.deesse23.fr\/wp-content\/uploads\/2026\/02\/DEESSE23-Vallet-exterieur_2024\u00a9spectrummodif-DS23-50x30.jpg 50w, https:\/\/www.deesse23.fr\/wp-content\/uploads\/2026\/02\/DEESSE23-Vallet-exterieur_2024\u00a9spectrummodif-DS23-1600x960.jpg 1600w, https:\/\/www.deesse23.fr\/wp-content\/uploads\/2026\/02\/DEESSE23-Vallet-exterieur_2024\u00a9spectrummodif-DS23-1536x922.jpg 1536w\" sizes=\"(max-width: 2048px) 100vw, 2048px\" \/><\/div><\/div><\/a><\/figure><\/div><\/li><li class=\"kadence-blocks-gallery-item\"><div class=\"kadence-blocks-gallery-item-inner\"><figure class=\"kb-gallery-figure kb-gallery-item-has-link kadence-blocks-gallery-item-hide-caption\"><a href=\"https:\/\/www.deesse23.fr\/wp-content\/uploads\/2026\/02\/01-plan-masse-1000e-2-scaled.jpg\" data-description=\"Complexe sportif des Dorices de Vallet (44)\" class=\"kb-gallery-item-link\"   role=\"button\" aria-haspopup=\"dialog\"><div class=\"kb-gal-image-radius\"><div class=\"kb-gallery-image-contain kadence-blocks-gallery-intrinsic kb-gallery-image-ratio-land169 kb-has-image-ratio-land169\" ><img decoding=\"async\" src=\"https:\/\/www.deesse23.fr\/wp-content\/uploads\/2026\/02\/01-plan-masse-1000e-2-scaled.jpg\" width=\"2560\" height=\"1499\" alt=\"\" data-full-image=\"https:\/\/www.deesse23.fr\/wp-content\/uploads\/2026\/02\/01-plan-masse-1000e-2-scaled.jpg\" data-light-image=\"https:\/\/www.deesse23.fr\/wp-content\/uploads\/2026\/02\/01-plan-masse-1000e-2-scaled.jpg\" data-id=\"2590\" class=\"wp-image-2590\" srcset=\"https:\/\/www.deesse23.fr\/wp-content\/uploads\/2026\/02\/01-plan-masse-1000e-2-scaled.jpg 2560w, https:\/\/www.deesse23.fr\/wp-content\/uploads\/2026\/02\/01-plan-masse-1000e-2-300x176.jpg 300w, https:\/\/www.deesse23.fr\/wp-content\/uploads\/2026\/02\/01-plan-masse-1000e-2-1024x599.jpg 1024w, https:\/\/www.deesse23.fr\/wp-content\/uploads\/2026\/02\/01-plan-masse-1000e-2-768x450.jpg 768w, https:\/\/www.deesse23.fr\/wp-content\/uploads\/2026\/02\/01-plan-masse-1000e-2-50x29.jpg 50w, https:\/\/www.deesse23.fr\/wp-content\/uploads\/2026\/02\/01-plan-masse-1000e-2-1600x937.jpg 1600w, https:\/\/www.deesse23.fr\/wp-content\/uploads\/2026\/02\/01-plan-masse-1000e-2-1536x899.jpg 1536w, https:\/\/www.deesse23.fr\/wp-content\/uploads\/2026\/02\/01-plan-masse-1000e-2-2048x1199.jpg 2048w\" sizes=\"(max-width: 2560px) 100vw, 2560px\" \/><\/div><\/div><\/a><\/figure><\/div><\/li><li class=\"kadence-blocks-gallery-item\"><div class=\"kadence-blocks-gallery-item-inner\"><figure class=\"kb-gallery-figure kb-gallery-item-has-link kadence-blocks-gallery-item-hide-caption\"><a href=\"https:\/\/www.deesse23.fr\/wp-content\/uploads\/2026\/02\/04-plan-N0-scaled.jpg\" data-description=\"Complexe sportif des Dorices de Vallet (44)\" class=\"kb-gallery-item-link\"   role=\"button\" aria-haspopup=\"dialog\"><div class=\"kb-gal-image-radius\"><div class=\"kb-gallery-image-contain kadence-blocks-gallery-intrinsic kb-gallery-image-ratio-land169 kb-has-image-ratio-land169\" ><img decoding=\"async\" src=\"https:\/\/www.deesse23.fr\/wp-content\/uploads\/2026\/02\/04-plan-N0-scaled.jpg\" width=\"2560\" height=\"1249\" alt=\"\" data-full-image=\"https:\/\/www.deesse23.fr\/wp-content\/uploads\/2026\/02\/04-plan-N0-scaled.jpg\" data-light-image=\"https:\/\/www.deesse23.fr\/wp-content\/uploads\/2026\/02\/04-plan-N0-scaled.jpg\" data-id=\"2591\" class=\"wp-image-2591\" srcset=\"https:\/\/www.deesse23.fr\/wp-content\/uploads\/2026\/02\/04-plan-N0-scaled.jpg 2560w, https:\/\/www.deesse23.fr\/wp-content\/uploads\/2026\/02\/04-plan-N0-300x146.jpg 300w, https:\/\/www.deesse23.fr\/wp-content\/uploads\/2026\/02\/04-plan-N0-1024x500.jpg 1024w, https:\/\/www.deesse23.fr\/wp-content\/uploads\/2026\/02\/04-plan-N0-768x375.jpg 768w, https:\/\/www.deesse23.fr\/wp-content\/uploads\/2026\/02\/04-plan-N0-50x24.jpg 50w, https:\/\/www.deesse23.fr\/wp-content\/uploads\/2026\/02\/04-plan-N0-1600x781.jpg 1600w, https:\/\/www.deesse23.fr\/wp-content\/uploads\/2026\/02\/04-plan-N0-1536x750.jpg 1536w, https:\/\/www.deesse23.fr\/wp-content\/uploads\/2026\/02\/04-plan-N0-2048x1000.jpg 2048w\" sizes=\"(max-width: 2560px) 100vw, 2560px\" \/><\/div><\/div><\/a><\/figure><\/div><\/li><li class=\"kadence-blocks-gallery-item\"><div class=\"kadence-blocks-gallery-item-inner\"><figure class=\"kb-gallery-figure kb-gallery-item-has-link kadence-blocks-gallery-item-hide-caption\"><a href=\"https:\/\/www.deesse23.fr\/wp-content\/uploads\/2026\/02\/Perspective-aerienne-existant_neuf-scaled.jpg\" data-description=\"Complexe sportif des Dorices de Vallet (44)\" class=\"kb-gallery-item-link\"   role=\"button\" aria-haspopup=\"dialog\"><div class=\"kb-gal-image-radius\"><div class=\"kb-gallery-image-contain kadence-blocks-gallery-intrinsic kb-gallery-image-ratio-land169 kb-has-image-ratio-land169\" ><img loading=\"lazy\" decoding=\"async\" src=\"https:\/\/www.deesse23.fr\/wp-content\/uploads\/2026\/02\/Perspective-aerienne-existant_neuf-scaled.jpg\" width=\"2560\" height=\"1440\" alt=\"\" data-full-image=\"https:\/\/www.deesse23.fr\/wp-content\/uploads\/2026\/02\/Perspective-aerienne-existant_neuf-scaled.jpg\" data-light-image=\"https:\/\/www.deesse23.fr\/wp-content\/uploads\/2026\/02\/Perspective-aerienne-existant_neuf-scaled.jpg\" data-id=\"2606\" class=\"wp-image-2606\" srcset=\"https:\/\/www.deesse23.fr\/wp-content\/uploads\/2026\/02\/Perspective-aerienne-existant_neuf-scaled.jpg 2560w, https:\/\/www.deesse23.fr\/wp-content\/uploads\/2026\/02\/Perspective-aerienne-existant_neuf-300x169.jpg 300w, https:\/\/www.deesse23.fr\/wp-content\/uploads\/2026\/02\/Perspective-aerienne-existant_neuf-1024x576.jpg 1024w, https:\/\/www.deesse23.fr\/wp-content\/uploads\/2026\/02\/Perspective-aerienne-existant_neuf-768x432.jpg 768w, https:\/\/www.deesse23.fr\/wp-content\/uploads\/2026\/02\/Perspective-aerienne-existant_neuf-50x28.jpg 50w, https:\/\/www.deesse23.fr\/wp-content\/uploads\/2026\/02\/Perspective-aerienne-existant_neuf-1600x900.jpg 1600w, https:\/\/www.deesse23.fr\/wp-content\/uploads\/2026\/02\/Perspective-aerienne-existant_neuf-1536x864.jpg 1536w, https:\/\/www.deesse23.fr\/wp-content\/uploads\/2026\/02\/Perspective-aerienne-existant_neuf-2048x1152.jpg 2048w\" sizes=\"(max-width: 2560px) 100vw, 2560px\" \/><\/div><\/div><\/a><\/figure><\/div><\/li><li class=\"kadence-blocks-gallery-item\"><div class=\"kadence-blocks-gallery-item-inner\"><figure class=\"kb-gallery-figure kb-gallery-item-has-link kadence-blocks-gallery-item-hide-caption\"><a href=\"https:\/\/www.deesse23.fr\/wp-content\/uploads\/2026\/02\/05-Facades-scaled.jpg\" data-description=\"Complexe sportif des Dorices de Vallet (44)\" class=\"kb-gallery-item-link\"   role=\"button\" aria-haspopup=\"dialog\"><div class=\"kb-gal-image-radius\"><div class=\"kb-gallery-image-contain kadence-blocks-gallery-intrinsic kb-gallery-image-ratio-land169 kb-has-image-ratio-land169\" ><img loading=\"lazy\" decoding=\"async\" src=\"https:\/\/www.deesse23.fr\/wp-content\/uploads\/2026\/02\/05-Facades-scaled.jpg\" width=\"2560\" height=\"976\" alt=\"\" data-full-image=\"https:\/\/www.deesse23.fr\/wp-content\/uploads\/2026\/02\/05-Facades-scaled.jpg\" data-light-image=\"https:\/\/www.deesse23.fr\/wp-content\/uploads\/2026\/02\/05-Facades-scaled.jpg\" data-id=\"2592\" class=\"wp-image-2592\" srcset=\"https:\/\/www.deesse23.fr\/wp-content\/uploads\/2026\/02\/05-Facades-scaled.jpg 2560w, https:\/\/www.deesse23.fr\/wp-content\/uploads\/2026\/02\/05-Facades-300x114.jpg 300w, https:\/\/www.deesse23.fr\/wp-content\/uploads\/2026\/02\/05-Facades-1024x390.jpg 1024w, https:\/\/www.deesse23.fr\/wp-content\/uploads\/2026\/02\/05-Facades-768x293.jpg 768w, https:\/\/www.deesse23.fr\/wp-content\/uploads\/2026\/02\/05-Facades-50x19.jpg 50w, https:\/\/www.deesse23.fr\/wp-content\/uploads\/2026\/02\/05-Facades-1600x610.jpg 1600w\" sizes=\"(max-width: 2560px) 100vw, 2560px\" \/><\/div><\/div><\/a><\/figure><\/div><\/li><li class=\"kadence-blocks-gallery-item\"><div class=\"kadence-blocks-gallery-item-inner\"><figure class=\"kb-gallery-figure kb-gallery-item-has-link kadence-blocks-gallery-item-hide-caption\"><a href=\"https:\/\/www.deesse23.fr\/wp-content\/uploads\/2026\/02\/DEESSE23-Vallet-int_salle-tennis_2024\u00a9spectrummodif-DS23-scaled.jpg\" data-description=\"Complexe sportif des Dorices de Vallet (44)\" class=\"kb-gallery-item-link\"   role=\"button\" aria-haspopup=\"dialog\"><div class=\"kb-gal-image-radius\"><div class=\"kb-gallery-image-contain kadence-blocks-gallery-intrinsic kb-gallery-image-ratio-land169 kb-has-image-ratio-land169\" ><img loading=\"lazy\" decoding=\"async\" src=\"https:\/\/www.deesse23.fr\/wp-content\/uploads\/2026\/02\/DEESSE23-Vallet-int_salle-tennis_2024\u00a9spectrummodif-DS23-scaled.jpg\" width=\"2560\" height=\"1536\" alt=\"\" data-full-image=\"https:\/\/www.deesse23.fr\/wp-content\/uploads\/2026\/02\/DEESSE23-Vallet-int_salle-tennis_2024\u00a9spectrummodif-DS23-scaled.jpg\" data-light-image=\"https:\/\/www.deesse23.fr\/wp-content\/uploads\/2026\/02\/DEESSE23-Vallet-int_salle-tennis_2024\u00a9spectrummodif-DS23-scaled.jpg\" data-id=\"2604\" class=\"wp-image-2604\" srcset=\"https:\/\/www.deesse23.fr\/wp-content\/uploads\/2026\/02\/DEESSE23-Vallet-int_salle-tennis_2024\u00a9spectrummodif-DS23-scaled.jpg 2560w, https:\/\/www.deesse23.fr\/wp-content\/uploads\/2026\/02\/DEESSE23-Vallet-int_salle-tennis_2024\u00a9spectrummodif-DS23-300x180.jpg 300w, https:\/\/www.deesse23.fr\/wp-content\/uploads\/2026\/02\/DEESSE23-Vallet-int_salle-tennis_2024\u00a9spectrummodif-DS23-1024x614.jpg 1024w, https:\/\/www.deesse23.fr\/wp-content\/uploads\/2026\/02\/DEESSE23-Vallet-int_salle-tennis_2024\u00a9spectrummodif-DS23-768x461.jpg 768w, https:\/\/www.deesse23.fr\/wp-content\/uploads\/2026\/02\/DEESSE23-Vallet-int_salle-tennis_2024\u00a9spectrummodif-DS23-50x30.jpg 50w, https:\/\/www.deesse23.fr\/wp-content\/uploads\/2026\/02\/DEESSE23-Vallet-int_salle-tennis_2024\u00a9spectrummodif-DS23-1600x960.jpg 1600w, https:\/\/www.deesse23.fr\/wp-content\/uploads\/2026\/02\/DEESSE23-Vallet-int_salle-tennis_2024\u00a9spectrummodif-DS23-1536x922.jpg 1536w, https:\/\/www.deesse23.fr\/wp-content\/uploads\/2026\/02\/DEESSE23-Vallet-int_salle-tennis_2024\u00a9spectrummodif-DS23-2048x1229.jpg 2048w\" sizes=\"(max-width: 2560px) 100vw, 2560px\" \/><\/div><\/div><\/a><\/figure><\/div><\/li><li class=\"kadence-blocks-gallery-item\"><div class=\"kadence-blocks-gallery-item-inner\"><figure class=\"kb-gallery-figure kb-gallery-item-has-link kadence-blocks-gallery-item-hide-caption\"><a href=\"https:\/\/www.deesse23.fr\/wp-content\/uploads\/2026\/02\/DEESSE23-Vallet-int-basket-escrime_2024\u00a9spectrummodif-DS23-scaled.jpg\" data-description=\"Complexe sportif des Dorices de Vallet (44)\" class=\"kb-gallery-item-link\"   role=\"button\" aria-haspopup=\"dialog\"><div class=\"kb-gal-image-radius\"><div class=\"kb-gallery-image-contain kadence-blocks-gallery-intrinsic kb-gallery-image-ratio-land169 kb-has-image-ratio-land169\" ><img loading=\"lazy\" decoding=\"async\" src=\"https:\/\/www.deesse23.fr\/wp-content\/uploads\/2026\/02\/DEESSE23-Vallet-int-basket-escrime_2024\u00a9spectrummodif-DS23-scaled.jpg\" width=\"2560\" height=\"1536\" alt=\"\" data-full-image=\"https:\/\/www.deesse23.fr\/wp-content\/uploads\/2026\/02\/DEESSE23-Vallet-int-basket-escrime_2024\u00a9spectrummodif-DS23-scaled.jpg\" data-light-image=\"https:\/\/www.deesse23.fr\/wp-content\/uploads\/2026\/02\/DEESSE23-Vallet-int-basket-escrime_2024\u00a9spectrummodif-DS23-scaled.jpg\" data-id=\"2605\" class=\"wp-image-2605\" srcset=\"https:\/\/www.deesse23.fr\/wp-content\/uploads\/2026\/02\/DEESSE23-Vallet-int-basket-escrime_2024\u00a9spectrummodif-DS23-scaled.jpg 2560w, https:\/\/www.deesse23.fr\/wp-content\/uploads\/2026\/02\/DEESSE23-Vallet-int-basket-escrime_2024\u00a9spectrummodif-DS23-300x180.jpg 300w, https:\/\/www.deesse23.fr\/wp-content\/uploads\/2026\/02\/DEESSE23-Vallet-int-basket-escrime_2024\u00a9spectrummodif-DS23-1024x614.jpg 1024w, https:\/\/www.deesse23.fr\/wp-content\/uploads\/2026\/02\/DEESSE23-Vallet-int-basket-escrime_2024\u00a9spectrummodif-DS23-768x461.jpg 768w, https:\/\/www.deesse23.fr\/wp-content\/uploads\/2026\/02\/DEESSE23-Vallet-int-basket-escrime_2024\u00a9spectrummodif-DS23-50x30.jpg 50w, https:\/\/www.deesse23.fr\/wp-content\/uploads\/2026\/02\/DEESSE23-Vallet-int-basket-escrime_2024\u00a9spectrummodif-DS23-1600x960.jpg 1600w, https:\/\/www.deesse23.fr\/wp-content\/uploads\/2026\/02\/DEESSE23-Vallet-int-basket-escrime_2024\u00a9spectrummodif-DS23-1536x922.jpg 1536w, https:\/\/www.deesse23.fr\/wp-content\/uploads\/2026\/02\/DEESSE23-Vallet-int-basket-escrime_2024\u00a9spectrummodif-DS23-2048x1229.jpg 2048w\" sizes=\"(max-width: 2560px) 100vw, 2560px\" \/><\/div><\/div><\/a><\/figure><\/div><\/li><\/ul><\/div>","protected":false},"excerpt":{"rendered":"<p>Ma\u00eetrise d&rsquo;Ouvrage : Ville de ValletSurface : 2 024 m\u00b2 de r\u00e9habilitation et 2 444 m\u00b2 d&rsquo;extensionCo\u00fbt travaux : 4,7M\u20ac HTStatut : Chantier en coursMa\u00eetrise d\u2019\u0153uvre : D\u00c9ESSE 23 architecte, ALM ALLAIN entreprise g\u00e9n\u00e9rale mandataire, Cairn Ing\u00e9nierie BE TCEPerspective : Spectrum D\u00e9marche environnementale : RT existant \u00e9l\u00e9ment par \u00e9l\u00e9ment ; E3C1 ; Enveloppe thermique optimale&#8230;<\/p>\n","protected":false},"author":1,"featured_media":0,"parent":0,"menu_order":0,"comment_status":"closed","ping_status":"closed","template":"","meta":{"_eb_attr":"","_kadence_starter_templates_imported_post":false,"_kad_post_transparent":"","_kad_post_title":"","_kad_post_layout":"","_kad_post_sidebar_id":"","_kad_post_content_style":"","_kad_post_vertical_padding":"","_kad_post_feature":"","_kad_post_feature_position":"","_kad_post_header":false,"_kad_post_footer":false,"footnotes":""},"class_list":["post-2210","page","type-page","status-publish","hentry"],"_links":{"self":[{"href":"https:\/\/www.deesse23.fr\/index.php\/wp-json\/wp\/v2\/pages\/2210","targetHints":{"allow":["GET"]}}],"collection":[{"href":"https:\/\/www.deesse23.fr\/index.php\/wp-json\/wp\/v2\/pages"}],"about":[{"href":"https:\/\/www.deesse23.fr\/index.php\/wp-json\/wp\/v2\/types\/page"}],"author":[{"embeddable":true,"href":"https:\/\/www.deesse23.fr\/index.php\/wp-json\/wp\/v2\/users\/1"}],"replies":[{"embeddable":true,"href":"https:\/\/www.deesse23.fr\/index.php\/wp-json\/wp\/v2\/comments?post=2210"}],"version-history":[{"count":16,"href":"https:\/\/www.deesse23.fr\/index.php\/wp-json\/wp\/v2\/pages\/2210\/revisions"}],"predecessor-version":[{"id":2696,"href":"https:\/\/www.deesse23.fr\/index.php\/wp-json\/wp\/v2\/pages\/2210\/revisions\/2696"}],"wp:attachment":[{"href":"https:\/\/www.deesse23.fr\/index.php\/wp-json\/wp\/v2\/media?parent=2210"}],"curies":[{"name":"wp","href":"https:\/\/api.w.org\/{rel}","templated":true}]}}