{"id":1019,"date":"2024-03-25T16:59:32","date_gmt":"2024-03-25T15:59:32","guid":{"rendered":"https:\/\/www.deesse23.fr\/TestWPDS\/?page_id=1019"},"modified":"2026-02-16T12:04:40","modified_gmt":"2026-02-16T11:04:40","slug":"149-frossay","status":"publish","type":"page","link":"https:\/\/www.deesse23.fr\/index.php\/149-frossay\/","title":{"rendered":"149 &#8211; Frossay"},"content":{"rendered":"<style>.wp-block-kadence-spacer.kt-block-spacer-1019_d591d2-ca .kt-block-spacer{height:100px;}.wp-block-kadence-spacer.kt-block-spacer-1019_d591d2-ca .kt-divider{border-top-width:1px;height:1px;border-top-color:#eee;width:80%;border-top-style:solid;}<\/style>\n<div class=\"wp-block-kadence-spacer aligncenter kt-block-spacer-1019_d591d2-ca\"><div class=\"kt-block-spacer kt-block-spacer-halign-center\"><hr class=\"kt-divider\"\/><\/div><\/div>\n\n\n\n<div class=\"wp-block-essential-blocks-advanced-heading  root-eb-advance-heading-8iopl\"><div class=\"eb-parent-wrapper eb-parent-eb-advance-heading-8iopl \"><div class=\"eb-advance-heading-wrapper eb-advance-heading-8iopl button-1 undefined\" data-id=\"eb-advance-heading-8iopl\"><h2 class=\"eb-ah-title\"><span class=\"first-title\">P\u00f4le \u00e9cotouristique \u00e0 Frossay (44)<\/span><\/h2><\/div><\/div><\/div>\n\n\n<style>.kb-row-layout-id1019_caf1df-ef > .kt-row-column-wrap{align-content:start;}:where(.kb-row-layout-id1019_caf1df-ef > .kt-row-column-wrap) > .wp-block-kadence-column{justify-content:start;}.kb-row-layout-id1019_caf1df-ef > .kt-row-column-wrap{column-gap:var(--global-kb-gap-md, 2rem);row-gap:var(--global-kb-gap-md, 2rem);padding-top:var(--global-kb-spacing-sm, 1.5rem);padding-right:var(--global-kb-spacing-lg, 3rem);padding-bottom:var(--global-kb-spacing-sm, 1.5rem);padding-left:var(--global-kb-spacing-lg, 3rem);grid-template-columns:repeat(2, minmax(0, 1fr));}.kb-row-layout-id1019_caf1df-ef > .kt-row-layout-overlay{opacity:0.30;}@media all and (max-width: 1024px){.kb-row-layout-id1019_caf1df-ef > .kt-row-column-wrap{grid-template-columns:repeat(2, minmax(0, 1fr));}}@media all and (max-width: 767px){.kb-row-layout-id1019_caf1df-ef > .kt-row-column-wrap{padding-right:0px;padding-left:0px;grid-template-columns:minmax(0, 1fr);}}<\/style><div class=\"kb-row-layout-wrap kb-row-layout-id1019_caf1df-ef alignnone wp-block-kadence-rowlayout\"><div class=\"kt-row-column-wrap kt-has-2-columns kt-row-layout-equal kt-tab-layout-inherit kt-mobile-layout-row kt-row-valign-top\">\n<style>.kadence-column1019_8c764f-b1 > .kt-inside-inner-col,.kadence-column1019_8c764f-b1 > .kt-inside-inner-col:before{border-top-left-radius:0px;border-top-right-radius:0px;border-bottom-right-radius:0px;border-bottom-left-radius:0px;}.kadence-column1019_8c764f-b1 > .kt-inside-inner-col{column-gap:var(--global-kb-gap-sm, 1rem);}.kadence-column1019_8c764f-b1 > .kt-inside-inner-col{flex-direction:column;}.kadence-column1019_8c764f-b1 > .kt-inside-inner-col > .aligncenter{width:100%;}.kadence-column1019_8c764f-b1 > .kt-inside-inner-col:before{opacity:0.3;}.kadence-column1019_8c764f-b1{position:relative;}@media all and (max-width: 1024px){.kadence-column1019_8c764f-b1 > .kt-inside-inner-col{flex-direction:column;justify-content:center;}}@media all and (max-width: 767px){.kadence-column1019_8c764f-b1 > .kt-inside-inner-col{flex-direction:column;justify-content:center;}}<\/style>\n<div class=\"wp-block-kadence-column kadence-column1019_8c764f-b1\"><div class=\"kt-inside-inner-col\">\n<p><strong>Ma\u00eetrise d\u2019Ouvrage<\/strong>\u00a0: Communaut\u00e9 de communes du Sud Estuaire<br><strong>Surface\u00a0<\/strong>: 1 895 m\u00b2<br><strong>Co\u00fbt des travaux<\/strong>\u00a0: 2,68M\u20ac HT<br><strong>Statut\u00a0<\/strong>: Livraison 2010<br><strong>Ma\u00eetrise d\u2019\u0152uvre<\/strong>\u00a0:<em>\u00a0<\/em>D\u00c9ESSE 23 <em>architecte mandataire<\/em>, Oteis Rennes <em>BE structure-fluides<\/em> <br><strong>Photographie<\/strong> : Patrick Miara<\/p>\n\n\n\n<p><em>Projet s\u00e9lectionn\u00e9 au Prix d\u00e9partemental d\u2019architecture d\u2019urbanisme et d\u2019am\u00e9nagement de Loire-Atlantique.<\/em><\/p>\n<\/div><\/div>\n\n\n<style>.kadence-column1019_93f199-66 > .kt-inside-inner-col,.kadence-column1019_93f199-66 > .kt-inside-inner-col:before{border-top-left-radius:0px;border-top-right-radius:0px;border-bottom-right-radius:0px;border-bottom-left-radius:0px;}.kadence-column1019_93f199-66 > .kt-inside-inner-col{column-gap:var(--global-kb-gap-sm, 1rem);}.kadence-column1019_93f199-66 > .kt-inside-inner-col{flex-direction:column;}.kadence-column1019_93f199-66 > .kt-inside-inner-col > .aligncenter{width:100%;}.kadence-column1019_93f199-66 > .kt-inside-inner-col:before{opacity:0.3;}.kadence-column1019_93f199-66{position:relative;}@media all and (max-width: 1024px){.kadence-column1019_93f199-66 > .kt-inside-inner-col{flex-direction:column;justify-content:center;}}@media all and (max-width: 767px){.kadence-column1019_93f199-66 > .kt-inside-inner-col{flex-direction:column;justify-content:center;}}<\/style>\n<div class=\"wp-block-kadence-column kadence-column1019_93f199-66\"><div class=\"kt-inside-inner-col\">\n<p>Ce <strong>p\u00f4le \u00e9cotouristique<\/strong> se situe au c\u0153ur d\u2019un contexte paysager fort, en <strong>bordure du canal de la Martini\u00e8re<\/strong> au c\u0153ur de l&rsquo;estuaire entre Nantes et St Nazaire.<br>La pr\u00e9sence de l\u2019eau, d&rsquo;une faune et flore exceptionnelles nous am\u00e8nent \u00e0 penser un projet en int\u00e9gration, <strong>en dialogue permanent avec son environnement<\/strong>.<br>Il prend ainsi la forme d&rsquo;une ligne tendue orient\u00e9e vers le canal, mat\u00e9rialis\u00e9e par une toiture unique \u00e0 faible pente qui vient int\u00e9grer et prot\u00e9ger l\u2019ensemble des espaces et ainsi contenir le projet.\u00a0Elle permet le <strong>regroupement de plusieurs \u00e9quipements au sein d\u2019un seul et m\u00eame projet<\/strong> tout en offrant un sentiment de l\u00e9g\u00e8ret\u00e9.<br>Les diff\u00e9rents espaces semblent se glisser sous cet abri qui oriente le projet vers le canal, raison d\u2019\u00eatre de cet \u00e9quipement.<br>Le prolongement de cette toiture en voile translucide offre un espace couvert ext\u00e9rieur g\u00e9n\u00e9reux qui r\u00e9duit la limite entre les activit\u00e9s int\u00e9rieures et ext\u00e9rieures, rend les relations entre les espaces cr\u00e9es et la nature environnante plus harmonieuses.<\/p>\n<\/div><\/div>\n\n<\/div><\/div>\n\n<style>.wp-block-kadence-advancedgallery.kb-gallery-wrap-id-1019_f4126f-9b{padding-right:var(--global-kb-spacing-lg, 3rem);padding-left:var(--global-kb-spacing-lg, 3rem);}.wp-block-kadence-advancedgallery .kb-gallery-type-masonry.kb-gallery-id-1019_f4126f-9b{margin:-15px;}.kb-gallery-type-masonry.kb-gallery-id-1019_f4126f-9b .kadence-blocks-gallery-item{padding:15px;}.kb-gallery-id-1019_f4126f-9b .kadence-blocks-gallery-item .kb-gal-image-radius, .kb-gallery-id-1019_f4126f-9b .kb-slide-item .kb-gal-image-radius img{border-radius:0px 0px 0px 0px;;}@media all and (max-width: 767px){.wp-block-kadence-advancedgallery.kb-gallery-wrap-id-1019_f4126f-9b{padding-right:0px;padding-left:0px;}}<\/style><div class=\"kb-gallery-wrap-id-1019_f4126f-9b alignnone wp-block-kadence-advancedgallery\"><ul class=\"kb-gallery-ul kb-gallery-non-static kb-gallery-type-masonry kb-masonry-init kb-gallery-id-1019_f4126f-9b kb-gallery-caption-style-bottom-hover kb-gallery-filter-none kb-gallery-magnific-init\" data-image-filter=\"none\" data-item-selector=\".kadence-blocks-gallery-item\" data-lightbox-caption=\"true\" data-columns-xxl=\"2\" data-columns-xl=\"2\" data-columns-md=\"2\" data-columns-sm=\"2\" data-columns-xs=\"1\" data-columns-ss=\"1\"><li class=\"kadence-blocks-gallery-item\"><div class=\"kadence-blocks-gallery-item-inner\"><figure class=\"kb-gallery-figure kb-gallery-item-has-link kadence-blocks-gallery-item-hide-caption\"><a href=\"https:\/\/www.deesse23.fr\/wp-content\/uploads\/2024\/03\/01-1.jpg\" data-description=\"P\u00f4le \u00e9cotouristique de Frossay (44)\" class=\"kb-gallery-item-link\"   role=\"button\" aria-haspopup=\"dialog\"><div class=\"kb-gal-image-radius\" style=\"max-width:2500px;\"><div class=\"kb-gallery-image-contain kadence-blocks-gallery-intrinsic\" style=\"padding-bottom:59%;\"><img fetchpriority=\"high\" decoding=\"async\" src=\"https:\/\/www.deesse23.fr\/wp-content\/uploads\/2024\/03\/01-1.jpg\" width=\"2500\" height=\"1496\" alt=\"\" data-full-image=\"https:\/\/www.deesse23.fr\/wp-content\/uploads\/2024\/03\/01-1.jpg\" data-light-image=\"https:\/\/www.deesse23.fr\/wp-content\/uploads\/2024\/03\/01-1.jpg\" data-id=\"1086\" class=\"wp-image-1086\" srcset=\"https:\/\/www.deesse23.fr\/wp-content\/uploads\/2024\/03\/01-1.jpg 2500w, https:\/\/www.deesse23.fr\/wp-content\/uploads\/2024\/03\/01-1-300x180.jpg 300w, https:\/\/www.deesse23.fr\/wp-content\/uploads\/2024\/03\/01-1-1024x613.jpg 1024w, https:\/\/www.deesse23.fr\/wp-content\/uploads\/2024\/03\/01-1-768x460.jpg 768w, https:\/\/www.deesse23.fr\/wp-content\/uploads\/2024\/03\/01-1-1536x919.jpg 1536w, https:\/\/www.deesse23.fr\/wp-content\/uploads\/2024\/03\/01-1-2048x1226.jpg 2048w\" sizes=\"(max-width: 2500px) 100vw, 2500px\" \/><\/div><\/div><\/a><\/figure><\/div><\/li><li class=\"kadence-blocks-gallery-item\"><div class=\"kadence-blocks-gallery-item-inner\"><figure class=\"kb-gallery-figure kb-gallery-item-has-link kadence-blocks-gallery-item-hide-caption\"><a href=\"https:\/\/www.deesse23.fr\/wp-content\/uploads\/2024\/03\/05-1.jpg\" data-description=\"P\u00f4le \u00e9cotouristique de Frossay (44)\" class=\"kb-gallery-item-link\"   role=\"button\" aria-haspopup=\"dialog\"><div class=\"kb-gal-image-radius\" style=\"max-width:2500px;\"><div class=\"kb-gallery-image-contain kadence-blocks-gallery-intrinsic\" style=\"padding-bottom:66%;\"><img decoding=\"async\" src=\"https:\/\/www.deesse23.fr\/wp-content\/uploads\/2024\/03\/05-1.jpg\" width=\"2500\" height=\"1667\" alt=\"\" data-full-image=\"https:\/\/www.deesse23.fr\/wp-content\/uploads\/2024\/03\/05-1.jpg\" data-light-image=\"https:\/\/www.deesse23.fr\/wp-content\/uploads\/2024\/03\/05-1.jpg\" data-id=\"1087\" class=\"wp-image-1087\" srcset=\"https:\/\/www.deesse23.fr\/wp-content\/uploads\/2024\/03\/05-1.jpg 2500w, https:\/\/www.deesse23.fr\/wp-content\/uploads\/2024\/03\/05-1-300x200.jpg 300w, https:\/\/www.deesse23.fr\/wp-content\/uploads\/2024\/03\/05-1-1024x683.jpg 1024w, https:\/\/www.deesse23.fr\/wp-content\/uploads\/2024\/03\/05-1-768x512.jpg 768w, https:\/\/www.deesse23.fr\/wp-content\/uploads\/2024\/03\/05-1-1536x1024.jpg 1536w, https:\/\/www.deesse23.fr\/wp-content\/uploads\/2024\/03\/05-1-2048x1366.jpg 2048w\" sizes=\"(max-width: 2500px) 100vw, 2500px\" \/><\/div><\/div><\/a><\/figure><\/div><\/li><li class=\"kadence-blocks-gallery-item\"><div class=\"kadence-blocks-gallery-item-inner\"><figure class=\"kb-gallery-figure kb-gallery-item-has-link kadence-blocks-gallery-item-hide-caption\"><a href=\"https:\/\/www.deesse23.fr\/wp-content\/uploads\/2024\/03\/07-1.jpg\" data-description=\"P\u00f4le \u00e9cotouristique de Frossay (44)\" class=\"kb-gallery-item-link\"   role=\"button\" aria-haspopup=\"dialog\"><div class=\"kb-gal-image-radius\" style=\"max-width:2500px;\"><div class=\"kb-gallery-image-contain kadence-blocks-gallery-intrinsic\" style=\"padding-bottom:66%;\"><img decoding=\"async\" src=\"https:\/\/www.deesse23.fr\/wp-content\/uploads\/2024\/03\/07-1.jpg\" width=\"2500\" height=\"1667\" alt=\"\" data-full-image=\"https:\/\/www.deesse23.fr\/wp-content\/uploads\/2024\/03\/07-1.jpg\" data-light-image=\"https:\/\/www.deesse23.fr\/wp-content\/uploads\/2024\/03\/07-1.jpg\" data-id=\"1089\" class=\"wp-image-1089\" srcset=\"https:\/\/www.deesse23.fr\/wp-content\/uploads\/2024\/03\/07-1.jpg 2500w, https:\/\/www.deesse23.fr\/wp-content\/uploads\/2024\/03\/07-1-300x200.jpg 300w, https:\/\/www.deesse23.fr\/wp-content\/uploads\/2024\/03\/07-1-1024x683.jpg 1024w, https:\/\/www.deesse23.fr\/wp-content\/uploads\/2024\/03\/07-1-768x512.jpg 768w, https:\/\/www.deesse23.fr\/wp-content\/uploads\/2024\/03\/07-1-1536x1024.jpg 1536w, https:\/\/www.deesse23.fr\/wp-content\/uploads\/2024\/03\/07-1-2048x1366.jpg 2048w\" sizes=\"(max-width: 2500px) 100vw, 2500px\" \/><\/div><\/div><\/a><\/figure><\/div><\/li><li class=\"kadence-blocks-gallery-item\"><div class=\"kadence-blocks-gallery-item-inner\"><figure class=\"kb-gallery-figure kb-gallery-item-has-link kadence-blocks-gallery-item-hide-caption\"><a href=\"https:\/\/www.deesse23.fr\/wp-content\/uploads\/2024\/03\/09-1.jpg\" data-description=\"P\u00f4le \u00e9cotouristique de Frossay (44)\" class=\"kb-gallery-item-link\"   role=\"button\" aria-haspopup=\"dialog\"><div class=\"kb-gal-image-radius\" style=\"max-width:2500px;\"><div class=\"kb-gallery-image-contain kadence-blocks-gallery-intrinsic\" style=\"padding-bottom:66%;\"><img loading=\"lazy\" decoding=\"async\" src=\"https:\/\/www.deesse23.fr\/wp-content\/uploads\/2024\/03\/09-1.jpg\" width=\"2500\" height=\"1667\" alt=\"\" data-full-image=\"https:\/\/www.deesse23.fr\/wp-content\/uploads\/2024\/03\/09-1.jpg\" data-light-image=\"https:\/\/www.deesse23.fr\/wp-content\/uploads\/2024\/03\/09-1.jpg\" data-id=\"1090\" class=\"wp-image-1090\" srcset=\"https:\/\/www.deesse23.fr\/wp-content\/uploads\/2024\/03\/09-1.jpg 2500w, https:\/\/www.deesse23.fr\/wp-content\/uploads\/2024\/03\/09-1-300x200.jpg 300w, https:\/\/www.deesse23.fr\/wp-content\/uploads\/2024\/03\/09-1-1024x683.jpg 1024w, https:\/\/www.deesse23.fr\/wp-content\/uploads\/2024\/03\/09-1-768x512.jpg 768w, https:\/\/www.deesse23.fr\/wp-content\/uploads\/2024\/03\/09-1-1536x1024.jpg 1536w, https:\/\/www.deesse23.fr\/wp-content\/uploads\/2024\/03\/09-1-2048x1366.jpg 2048w\" sizes=\"(max-width: 2500px) 100vw, 2500px\" \/><\/div><\/div><\/a><\/figure><\/div><\/li><li class=\"kadence-blocks-gallery-item\"><div class=\"kadence-blocks-gallery-item-inner\"><figure class=\"kb-gallery-figure kb-gallery-item-has-link kadence-blocks-gallery-item-hide-caption\"><a href=\"https:\/\/www.deesse23.fr\/wp-content\/uploads\/2024\/03\/10-1.jpg\" data-description=\"P\u00f4le \u00e9cotouristique de Frossay (44)\" class=\"kb-gallery-item-link\"   role=\"button\" aria-haspopup=\"dialog\"><div class=\"kb-gal-image-radius\" style=\"max-width:2500px;\"><div class=\"kb-gallery-image-contain kadence-blocks-gallery-intrinsic\" style=\"padding-bottom:66%;\"><img loading=\"lazy\" decoding=\"async\" src=\"https:\/\/www.deesse23.fr\/wp-content\/uploads\/2024\/03\/10-1.jpg\" width=\"2500\" height=\"1667\" alt=\"\" data-full-image=\"https:\/\/www.deesse23.fr\/wp-content\/uploads\/2024\/03\/10-1.jpg\" data-light-image=\"https:\/\/www.deesse23.fr\/wp-content\/uploads\/2024\/03\/10-1.jpg\" data-id=\"1091\" class=\"wp-image-1091\" srcset=\"https:\/\/www.deesse23.fr\/wp-content\/uploads\/2024\/03\/10-1.jpg 2500w, https:\/\/www.deesse23.fr\/wp-content\/uploads\/2024\/03\/10-1-300x200.jpg 300w, https:\/\/www.deesse23.fr\/wp-content\/uploads\/2024\/03\/10-1-1024x683.jpg 1024w, https:\/\/www.deesse23.fr\/wp-content\/uploads\/2024\/03\/10-1-768x512.jpg 768w, https:\/\/www.deesse23.fr\/wp-content\/uploads\/2024\/03\/10-1-1536x1024.jpg 1536w, https:\/\/www.deesse23.fr\/wp-content\/uploads\/2024\/03\/10-1-2048x1366.jpg 2048w\" sizes=\"(max-width: 2500px) 100vw, 2500px\" \/><\/div><\/div><\/a><\/figure><\/div><\/li><li class=\"kadence-blocks-gallery-item\"><div class=\"kadence-blocks-gallery-item-inner\"><figure class=\"kb-gallery-figure kb-gallery-item-has-link kadence-blocks-gallery-item-hide-caption\"><a href=\"https:\/\/www.deesse23.fr\/wp-content\/uploads\/2024\/03\/11-1.jpg\" data-description=\"P\u00f4le \u00e9cotouristique de Frossay (44)\" class=\"kb-gallery-item-link\"   role=\"button\" aria-haspopup=\"dialog\"><div class=\"kb-gal-image-radius\" style=\"max-width:2500px;\"><div class=\"kb-gallery-image-contain kadence-blocks-gallery-intrinsic\" style=\"padding-bottom:66%;\"><img loading=\"lazy\" decoding=\"async\" src=\"https:\/\/www.deesse23.fr\/wp-content\/uploads\/2024\/03\/11-1.jpg\" width=\"2500\" height=\"1667\" alt=\"\" data-full-image=\"https:\/\/www.deesse23.fr\/wp-content\/uploads\/2024\/03\/11-1.jpg\" data-light-image=\"https:\/\/www.deesse23.fr\/wp-content\/uploads\/2024\/03\/11-1.jpg\" data-id=\"1092\" class=\"wp-image-1092\" srcset=\"https:\/\/www.deesse23.fr\/wp-content\/uploads\/2024\/03\/11-1.jpg 2500w, https:\/\/www.deesse23.fr\/wp-content\/uploads\/2024\/03\/11-1-300x200.jpg 300w, https:\/\/www.deesse23.fr\/wp-content\/uploads\/2024\/03\/11-1-1024x683.jpg 1024w, https:\/\/www.deesse23.fr\/wp-content\/uploads\/2024\/03\/11-1-768x512.jpg 768w, https:\/\/www.deesse23.fr\/wp-content\/uploads\/2024\/03\/11-1-1536x1024.jpg 1536w, https:\/\/www.deesse23.fr\/wp-content\/uploads\/2024\/03\/11-1-2048x1366.jpg 2048w\" sizes=\"(max-width: 2500px) 100vw, 2500px\" \/><\/div><\/div><\/a><\/figure><\/div><\/li><li class=\"kadence-blocks-gallery-item\"><div class=\"kadence-blocks-gallery-item-inner\"><figure class=\"kb-gallery-figure kb-gallery-item-has-link kadence-blocks-gallery-item-hide-caption\"><a href=\"https:\/\/www.deesse23.fr\/wp-content\/uploads\/2024\/03\/12-1.jpg\" data-description=\"P\u00f4le \u00e9cotouristique de Frossay (44)\" class=\"kb-gallery-item-link\"   role=\"button\" aria-haspopup=\"dialog\"><div class=\"kb-gal-image-radius\" style=\"max-width:2500px;\"><div class=\"kb-gallery-image-contain kadence-blocks-gallery-intrinsic\" style=\"padding-bottom:66%;\"><img loading=\"lazy\" decoding=\"async\" src=\"https:\/\/www.deesse23.fr\/wp-content\/uploads\/2024\/03\/12-1.jpg\" width=\"2500\" height=\"1667\" alt=\"\" data-full-image=\"https:\/\/www.deesse23.fr\/wp-content\/uploads\/2024\/03\/12-1.jpg\" data-light-image=\"https:\/\/www.deesse23.fr\/wp-content\/uploads\/2024\/03\/12-1.jpg\" data-id=\"1093\" class=\"wp-image-1093\" srcset=\"https:\/\/www.deesse23.fr\/wp-content\/uploads\/2024\/03\/12-1.jpg 2500w, https:\/\/www.deesse23.fr\/wp-content\/uploads\/2024\/03\/12-1-300x200.jpg 300w, https:\/\/www.deesse23.fr\/wp-content\/uploads\/2024\/03\/12-1-1024x683.jpg 1024w, https:\/\/www.deesse23.fr\/wp-content\/uploads\/2024\/03\/12-1-768x512.jpg 768w, https:\/\/www.deesse23.fr\/wp-content\/uploads\/2024\/03\/12-1-1536x1024.jpg 1536w, https:\/\/www.deesse23.fr\/wp-content\/uploads\/2024\/03\/12-1-2048x1366.jpg 2048w\" sizes=\"(max-width: 2500px) 100vw, 2500px\" \/><\/div><\/div><\/a><\/figure><\/div><\/li><li class=\"kadence-blocks-gallery-item\"><div class=\"kadence-blocks-gallery-item-inner\"><figure class=\"kb-gallery-figure kb-gallery-item-has-link kadence-blocks-gallery-item-hide-caption\"><a href=\"https:\/\/www.deesse23.fr\/wp-content\/uploads\/2024\/03\/13-1.jpg\" data-description=\"P\u00f4le \u00e9cotouristique de Frossay (44)\" class=\"kb-gallery-item-link\"   role=\"button\" aria-haspopup=\"dialog\"><div class=\"kb-gal-image-radius\" style=\"max-width:2500px;\"><div class=\"kb-gallery-image-contain kadence-blocks-gallery-intrinsic\" style=\"padding-bottom:66%;\"><img loading=\"lazy\" decoding=\"async\" src=\"https:\/\/www.deesse23.fr\/wp-content\/uploads\/2024\/03\/13-1.jpg\" width=\"2500\" height=\"1667\" alt=\"\" data-full-image=\"https:\/\/www.deesse23.fr\/wp-content\/uploads\/2024\/03\/13-1.jpg\" data-light-image=\"https:\/\/www.deesse23.fr\/wp-content\/uploads\/2024\/03\/13-1.jpg\" data-id=\"1094\" class=\"wp-image-1094\" srcset=\"https:\/\/www.deesse23.fr\/wp-content\/uploads\/2024\/03\/13-1.jpg 2500w, https:\/\/www.deesse23.fr\/wp-content\/uploads\/2024\/03\/13-1-300x200.jpg 300w, https:\/\/www.deesse23.fr\/wp-content\/uploads\/2024\/03\/13-1-1024x683.jpg 1024w, https:\/\/www.deesse23.fr\/wp-content\/uploads\/2024\/03\/13-1-768x512.jpg 768w, https:\/\/www.deesse23.fr\/wp-content\/uploads\/2024\/03\/13-1-1536x1024.jpg 1536w, https:\/\/www.deesse23.fr\/wp-content\/uploads\/2024\/03\/13-1-2048x1366.jpg 2048w\" sizes=\"(max-width: 2500px) 100vw, 2500px\" \/><\/div><\/div><\/a><\/figure><\/div><\/li><li class=\"kadence-blocks-gallery-item\"><div class=\"kadence-blocks-gallery-item-inner\"><figure class=\"kb-gallery-figure kb-gallery-item-has-link kadence-blocks-gallery-item-hide-caption\"><a href=\"https:\/\/www.deesse23.fr\/wp-content\/uploads\/2024\/03\/15-1.jpg\" data-description=\"P\u00f4le \u00e9cotouristique de Frossay (44)\" class=\"kb-gallery-item-link\"   role=\"button\" aria-haspopup=\"dialog\"><div class=\"kb-gal-image-radius\" style=\"max-width:2500px;\"><div class=\"kb-gallery-image-contain kadence-blocks-gallery-intrinsic\" style=\"padding-bottom:66%;\"><img loading=\"lazy\" decoding=\"async\" src=\"https:\/\/www.deesse23.fr\/wp-content\/uploads\/2024\/03\/15-1.jpg\" width=\"2500\" height=\"1667\" alt=\"\" data-full-image=\"https:\/\/www.deesse23.fr\/wp-content\/uploads\/2024\/03\/15-1.jpg\" data-light-image=\"https:\/\/www.deesse23.fr\/wp-content\/uploads\/2024\/03\/15-1.jpg\" data-id=\"1095\" class=\"wp-image-1095\" srcset=\"https:\/\/www.deesse23.fr\/wp-content\/uploads\/2024\/03\/15-1.jpg 2500w, https:\/\/www.deesse23.fr\/wp-content\/uploads\/2024\/03\/15-1-300x200.jpg 300w, https:\/\/www.deesse23.fr\/wp-content\/uploads\/2024\/03\/15-1-1024x683.jpg 1024w, https:\/\/www.deesse23.fr\/wp-content\/uploads\/2024\/03\/15-1-768x512.jpg 768w, https:\/\/www.deesse23.fr\/wp-content\/uploads\/2024\/03\/15-1-1536x1024.jpg 1536w, https:\/\/www.deesse23.fr\/wp-content\/uploads\/2024\/03\/15-1-2048x1366.jpg 2048w\" sizes=\"(max-width: 2500px) 100vw, 2500px\" \/><\/div><\/div><\/a><\/figure><\/div><\/li><li class=\"kadence-blocks-gallery-item\"><div class=\"kadence-blocks-gallery-item-inner\"><figure class=\"kb-gallery-figure kb-gallery-item-has-link kadence-blocks-gallery-item-hide-caption\"><a href=\"https:\/\/www.deesse23.fr\/wp-content\/uploads\/2024\/03\/16-1.jpg\" data-description=\"P\u00f4le \u00e9cotouristique de Frossay (44)\" class=\"kb-gallery-item-link\"   role=\"button\" aria-haspopup=\"dialog\"><div class=\"kb-gal-image-radius\" style=\"max-width:2500px;\"><div class=\"kb-gallery-image-contain kadence-blocks-gallery-intrinsic\" style=\"padding-bottom:66%;\"><img loading=\"lazy\" decoding=\"async\" src=\"https:\/\/www.deesse23.fr\/wp-content\/uploads\/2024\/03\/16-1.jpg\" width=\"2500\" height=\"1667\" alt=\"\" data-full-image=\"https:\/\/www.deesse23.fr\/wp-content\/uploads\/2024\/03\/16-1.jpg\" data-light-image=\"https:\/\/www.deesse23.fr\/wp-content\/uploads\/2024\/03\/16-1.jpg\" data-id=\"1096\" class=\"wp-image-1096\" srcset=\"https:\/\/www.deesse23.fr\/wp-content\/uploads\/2024\/03\/16-1.jpg 2500w, https:\/\/www.deesse23.fr\/wp-content\/uploads\/2024\/03\/16-1-300x200.jpg 300w, https:\/\/www.deesse23.fr\/wp-content\/uploads\/2024\/03\/16-1-1024x683.jpg 1024w, https:\/\/www.deesse23.fr\/wp-content\/uploads\/2024\/03\/16-1-768x512.jpg 768w, https:\/\/www.deesse23.fr\/wp-content\/uploads\/2024\/03\/16-1-1536x1024.jpg 1536w, https:\/\/www.deesse23.fr\/wp-content\/uploads\/2024\/03\/16-1-2048x1366.jpg 2048w\" sizes=\"(max-width: 2500px) 100vw, 2500px\" \/><\/div><\/div><\/a><\/figure><\/div><\/li><li class=\"kadence-blocks-gallery-item\"><div class=\"kadence-blocks-gallery-item-inner\"><figure class=\"kb-gallery-figure kb-gallery-item-has-link kadence-blocks-gallery-item-hide-caption\"><a href=\"https:\/\/www.deesse23.fr\/wp-content\/uploads\/2024\/03\/06-1.jpg\" data-description=\"P\u00f4le \u00e9cotouristique de Frossay (44)\" class=\"kb-gallery-item-link\"   role=\"button\" aria-haspopup=\"dialog\"><div class=\"kb-gal-image-radius\" style=\"max-width:2500px;\"><div class=\"kb-gallery-image-contain kadence-blocks-gallery-intrinsic\" style=\"padding-bottom:66%;\"><img loading=\"lazy\" decoding=\"async\" src=\"https:\/\/www.deesse23.fr\/wp-content\/uploads\/2024\/03\/06-1.jpg\" width=\"2500\" height=\"1667\" alt=\"\" data-full-image=\"https:\/\/www.deesse23.fr\/wp-content\/uploads\/2024\/03\/06-1.jpg\" data-light-image=\"https:\/\/www.deesse23.fr\/wp-content\/uploads\/2024\/03\/06-1.jpg\" data-id=\"1088\" class=\"wp-image-1088\" srcset=\"https:\/\/www.deesse23.fr\/wp-content\/uploads\/2024\/03\/06-1.jpg 2500w, https:\/\/www.deesse23.fr\/wp-content\/uploads\/2024\/03\/06-1-300x200.jpg 300w, https:\/\/www.deesse23.fr\/wp-content\/uploads\/2024\/03\/06-1-1024x683.jpg 1024w, https:\/\/www.deesse23.fr\/wp-content\/uploads\/2024\/03\/06-1-768x512.jpg 768w, https:\/\/www.deesse23.fr\/wp-content\/uploads\/2024\/03\/06-1-1536x1024.jpg 1536w, https:\/\/www.deesse23.fr\/wp-content\/uploads\/2024\/03\/06-1-2048x1366.jpg 2048w\" sizes=\"(max-width: 2500px) 100vw, 2500px\" \/><\/div><\/div><\/a><\/figure><\/div><\/li><\/ul><\/div>","protected":false},"excerpt":{"rendered":"<p>Ma\u00eetrise d\u2019Ouvrage\u00a0: Communaut\u00e9 de communes du Sud EstuaireSurface\u00a0: 1 895 m\u00b2Co\u00fbt des travaux\u00a0: 2,68M\u20ac HTStatut\u00a0: Livraison 2010Ma\u00eetrise d\u2019\u0152uvre\u00a0:\u00a0D\u00c9ESSE 23 architecte mandataire, Oteis Rennes BE structure-fluides Photographie : Patrick Miara Projet s\u00e9lectionn\u00e9 au Prix d\u00e9partemental d\u2019architecture d\u2019urbanisme et d\u2019am\u00e9nagement de Loire-Atlantique. Ce p\u00f4le \u00e9cotouristique se situe au c\u0153ur d\u2019un contexte paysager fort, en bordure du canal&#8230;<\/p>\n","protected":false},"author":1,"featured_media":0,"parent":0,"menu_order":0,"comment_status":"closed","ping_status":"closed","template":"","meta":{"_eb_attr":"","_kadence_starter_templates_imported_post":false,"_kad_post_transparent":"","_kad_post_title":"","_kad_post_layout":"","_kad_post_sidebar_id":"","_kad_post_content_style":"","_kad_post_vertical_padding":"","_kad_post_feature":"","_kad_post_feature_position":"","_kad_post_header":false,"_kad_post_footer":false,"footnotes":""},"class_list":["post-1019","page","type-page","status-publish","hentry"],"_links":{"self":[{"href":"https:\/\/www.deesse23.fr\/index.php\/wp-json\/wp\/v2\/pages\/1019","targetHints":{"allow":["GET"]}}],"collection":[{"href":"https:\/\/www.deesse23.fr\/index.php\/wp-json\/wp\/v2\/pages"}],"about":[{"href":"https:\/\/www.deesse23.fr\/index.php\/wp-json\/wp\/v2\/types\/page"}],"author":[{"embeddable":true,"href":"https:\/\/www.deesse23.fr\/index.php\/wp-json\/wp\/v2\/users\/1"}],"replies":[{"embeddable":true,"href":"https:\/\/www.deesse23.fr\/index.php\/wp-json\/wp\/v2\/comments?post=1019"}],"version-history":[{"count":14,"href":"https:\/\/www.deesse23.fr\/index.php\/wp-json\/wp\/v2\/pages\/1019\/revisions"}],"predecessor-version":[{"id":2630,"href":"https:\/\/www.deesse23.fr\/index.php\/wp-json\/wp\/v2\/pages\/1019\/revisions\/2630"}],"wp:attachment":[{"href":"https:\/\/www.deesse23.fr\/index.php\/wp-json\/wp\/v2\/media?parent=1019"}],"curies":[{"name":"wp","href":"https:\/\/api.w.org\/{rel}","templated":true}]}}